{"id":425274,"date":"2025-09-30T14:05:09","date_gmt":"2025-09-30T13:05:09","guid":{"rendered":"https:\/\/www.moskito.cz\/produkt\/coltello-pieghevole-medford-micro-praetorian-mk008std-01tm-tfcf-bn\/"},"modified":"2025-10-01T07:46:14","modified_gmt":"2025-10-01T06:46:14","slug":"coltello-pieghevole-medford-micro-praetorian-mk008std-01tm-tfcf-bn","status":"publish","type":"product","link":"https:\/\/www.moskito.cz\/it\/produkt\/coltello-pieghevole-medford-micro-praetorian-mk008std-01tm-tfcf-bn\/","title":{"rendered":"Coltello pieghevole Medford Micro Praetorian MK008STD-01TM-TFCF-BN"},"content":{"rendered":"<p>Medford Micro Praetorian T MK008STD-01TM-TFCF-BN \u2013 Potenza compatta in un formato elegante<\/p>\n<p>Quando si prende in mano per la prima volta il Medford Micro Praetorian T MK008STD-01TM-TFCF-BN, si ha subito la sensazione di avere tra le mani un coltello che unisce precisione, robustezza ed eccellenza tecnica americane in un formato compatto. Questo modello \u00e8 dotato di una lama in acciaio S45VN di alta qualit\u00e0, un&#8217;impugnatura in titanio con finitura burattata e componenti FLM, che garantiscono non solo prestazioni eccellenti, ma anche un&#8217;estetica accattivante. La lama Drop Point conferisce al coltello un&#8217;usabilit\u00e0 universale e una lunga durata, ideale per i compiti pi\u00f9 impegnativi.  <\/p>\n<p>Ogni dettaglio di questo coltello, dalla forma della lama alla finitura dell&#8217;impugnatura fino alla ferramenta, \u00e8 meticolosamente realizzato, rendendo il Micro Praetorian T non solo uno strumento, ma anche un&#8217;aggiunta visivamente sorprendente alla collezione per collezionisti e utenti attivi. <\/p>\n<p>Questo coltello \u00e8 progettato per chi cerca uno strumento forte, preciso e affidabile: robusto, elegante e tuttavia durevole.<\/p>\n<p>\ud83d\udd27 Specifiche tecniche<br \/>\n Valore del parametro<br \/>\n Lunghezza totale (aperto) circa 19,5 cm (7,7&#8243;)<br \/>\n Lunghezza lama circa 7,4 cm (2,9\u2033)<br \/>\n Spessore della lama circa 0,16\u2033 (~4,1 mm)<br \/>\n Materiale della lama CPM-S45VN: acciaio inossidabile di alta qualit\u00e0, durevole e affilatura duratura<br \/>\n Tipo di lama Drop Point: versatile e precisa per le attivit\u00e0 quotidiane e pi\u00f9 impegnative<br \/>\n Superficie della lama con finitura burattata: aspetto durevole e attraente<br \/>\n Manico Titan Tumbled: resistente, leggero, visivamente attraente<br \/>\n Hardware FLM: un accessorio durevole e pratico<br \/>\n Lucchetto Framelock in titanio: robusto e affidabile<br \/>\n Peso circa 5,2 oz (\u2248 147 g)<\/p>\n<h3 data-start=\"2279\" data-end=\"2298\">\u2705 Principali vantaggi<\/h3>\n<ul data-start=\"2300\" data-end=\"2705\">\n<li data-start=\"2300\" data-end=\"2374\">\n<p data-start=\"2302\" data-end=\"2374\"><strong data-start=\"2302\" data-end=\"2325\">Acciaio S45VN di alta qualit\u00e0<\/strong> : resistente all&#8217;usura, affilatura duratura.<\/p>\n<\/li>\n<li data-start=\"2375\" data-end=\"2467\">\n<p data-start=\"2377\" data-end=\"2467\"><strong data-start=\"2377\" data-end=\"2405\">Manico in titanio burattato<\/strong> : leggero, altamente resistente e con una superficie esteticamente gradevole.<\/p>\n<\/li>\n<li data-start=\"2468\" data-end=\"2549\">\n<p data-start=\"2470\" data-end=\"2549\"><strong data-start=\"2470\" data-end=\"2490\">Lama Drop Point<\/strong> : versatile e precisa per le attivit\u00e0 quotidiane e pi\u00f9 impegnative.<\/p>\n<\/li>\n<li data-start=\"2550\" data-end=\"2627\">\n<p data-start=\"2552\" data-end=\"2627\"><strong data-start=\"2552\" data-end=\"2568\">Hardware FLM<\/strong> : un accessorio pratico e durevole che migliora la funzionalit\u00e0 del coltello.<\/p>\n<\/li>\n<li data-start=\"2628\" data-end=\"2705\">\n<p data-start=\"2630\" data-end=\"2705\"><strong data-start=\"2630\" data-end=\"2661\">Design compatto e robusto<\/strong> : ideale per collezionisti e utenti attivi.<\/p>\n<\/li>\n<\/ul>\n<hr data-start=\"2707\" data-end=\"2710\">\n<h3 data-start=\"2712\" data-end=\"2732\">\u26a0\ufe0f Possibili restrizioni<\/h3>\n<ul data-start=\"2734\" data-end=\"3009\">\n<li data-start=\"2734\" data-end=\"2815\">\n<p data-start=\"2736\" data-end=\"2815\"><strong data-start=\"2736\" data-end=\"2753\">Prezzo elevato<\/strong> : riflette l&#8217;utilizzo di materiali di alta qualit\u00e0 e la precisa lavorazione artigianale.<\/p>\n<\/li>\n<li data-start=\"2816\" data-end=\"2918\">\n<p data-start=\"2818\" data-end=\"2918\"><strong data-start=\"2818\" data-end=\"2840\">Non adatto per lavori di precisione<\/strong> : la lama Drop Point \u00e8 pensata per un uso generico, non per tagli di precisione.<\/p>\n<\/li>\n<li data-start=\"2919\" data-end=\"3009\">\n<p data-start=\"2921\" data-end=\"3009\"><strong data-start=\"2921\" data-end=\"2954\">La superficie dell&#8217;impugnatura richiede cura<\/strong> : proteggere gli elementi in titanio e l&#8217;hardware da un&#8217;abrasione eccessiva.<\/p>\n<\/li>\n<\/ul>\n<hr data-start=\"3011\" data-end=\"3014\">\n<h3 data-start=\"3016\" data-end=\"3037\">\ud83d\udee0\ufe0f Manutenzione e cura<\/h3>\n<ul data-start=\"3039\" data-end=\"3448\">\n<li data-start=\"3039\" data-end=\"3110\">\n<p data-start=\"3041\" data-end=\"3110\">Pulire regolarmente la lama con un panno asciutto per mantenerla lucida e pulita.<\/p>\n<\/li>\n<li data-start=\"3111\" data-end=\"3191\">\n<p data-start=\"3113\" data-end=\"3191\">Lubrificare gli elementi hardware e la serratura con olio di qualit\u00e0 per un&#8217;affidabilit\u00e0 a lungo termine.<\/p>\n<\/li>\n<li data-start=\"3192\" data-end=\"3284\">\n<p data-start=\"3194\" data-end=\"3284\">Il manico in titanio deve essere pulito solo delicatamente: la superficie \u00e8 resistente, ma \u00e8 importante proteggerla dagli sfregamenti violenti.<\/p>\n<\/li>\n<li data-start=\"3285\" data-end=\"3448\">\n<p data-start=\"3287\" data-end=\"3448\">Per la manutenzione della lama, consigliamo il sistema di affilatura completo Spyderco Tri-Angle Sharpmaker 204MF, ideale per gli acciai moderni pi\u00f9 duri. \ud83d\uded2 Acquistalo comodamente su Moskito.cz. <\/p>\n<\/li>\n<\/ul>\n<hr data-start=\"3450\" data-end=\"3453\">\n<h3 data-start=\"3455\" data-end=\"3476\">\ud83c\udfaf Consigliato per<\/h3>\n<ul data-start=\"3478\" data-end=\"3756\">\n<li data-start=\"3478\" data-end=\"3543\">\n<p data-start=\"3480\" data-end=\"3543\">Appassionati di persiane robuste e tecniche dal design americano.<\/p>\n<\/li>\n<li data-start=\"3544\" data-end=\"3616\">\n<p data-start=\"3546\" data-end=\"3616\">Collezionisti che desiderano un modello distintivo e di alta qualit\u00e0 con una lama versatile.<\/p>\n<\/li>\n<li data-start=\"3617\" data-end=\"3691\">\n<p data-start=\"3619\" data-end=\"3691\">Utenti che cercano una combinazione di potenza, affidabilit\u00e0 e precisione costruttiva.<\/p>\n<\/li>\n<li data-start=\"3692\" data-end=\"3756\">\n<p data-start=\"3694\" data-end=\"3756\">Amanti del design moderno e tecnico con un&#8217;identit\u00e0 visiva.<\/p>\n<\/li>\n<\/ul>\n<hr data-start=\"3758\" data-end=\"3761\">\n<h3 data-start=\"3763\" data-end=\"3788\">\u2b50 Valutazione finale<\/h3>\n<p data-start=\"3790\" data-end=\"4125\">Il Medford Micro Praetorian T MK008STD-01TM-TFCF-BN \u00e8 la combinazione ideale di potenza, precisione e qualit\u00e0 americana in un formato compatto. Questo coltello offrir\u00e0 affidabilit\u00e0, robustezza e un carattere che i collezionisti e gli utenti pi\u00f9 attivi apprezzeranno. Se cercate uno strumento robusto, preciso e durevole con una lama versatile, il Micro Praetorian T \u00e8 la scelta ideale.  <\/p>\n<div class=\"_tableContainer_1rjym_1\">\n<div class=\"group _tableWrapper_1rjym_13 flex w-fit flex-col-reverse\" tabindex=\"-1\"><\/div>\n<\/div>\n","protected":false},"excerpt":{"rendered":"<p><strong>Se cercate uno strumento robusto, preciso e durevole con una lama universale, il Micro Praetorian T \u00e8 la scelta giusta.<\/strong><\/p>\n<p> <strong>Spedizione gratuita.<\/strong><\/p>\n","protected":false},"featured_media":425255,"comment_status":"open","ping_status":"closed","template":"","meta":[],"pwb-brand":[4017],"product_brand":[],"product_cat":[3749,3745],"product_tag":[],"class_list":{"0":"post-425274","1":"product","2":"type-product","3":"status-publish","4":"has-post-thumbnail","6":"pwb-brand-medford-it","7":"product_cat-coltelli-di-chiusura","8":"product_cat-coltelli","10":"first","11":"outofstock","12":"taxable","13":"shipping-taxable","14":"purchasable","15":"product-type-simple"},"brands":[{"id":4017,"name":"Medford","slug":"medford-it"}],"_links":{"self":[{"href":"https:\/\/www.moskito.cz\/it\/wp-json\/wp\/v2\/product\/425274","targetHints":{"allow":["GET"]}}],"collection":[{"href":"https:\/\/www.moskito.cz\/it\/wp-json\/wp\/v2\/product"}],"about":[{"href":"https:\/\/www.moskito.cz\/it\/wp-json\/wp\/v2\/types\/product"}],"replies":[{"embeddable":true,"href":"https:\/\/www.moskito.cz\/it\/wp-json\/wp\/v2\/comments?post=425274"}],"wp:featuredmedia":[{"embeddable":true,"href":"https:\/\/www.moskito.cz\/it\/wp-json\/wp\/v2\/media\/425255"}],"wp:attachment":[{"href":"https:\/\/www.moskito.cz\/it\/wp-json\/wp\/v2\/media?parent=425274"}],"wp:term":[{"taxonomy":"pwb-brand","embeddable":true,"href":"https:\/\/www.moskito.cz\/it\/wp-json\/wp\/v2\/pwb-brand?post=425274"},{"taxonomy":"product_brand","embeddable":true,"href":"https:\/\/www.moskito.cz\/it\/wp-json\/wp\/v2\/product_brand?post=425274"},{"taxonomy":"product_cat","embeddable":true,"href":"https:\/\/www.moskito.cz\/it\/wp-json\/wp\/v2\/product_cat?post=425274"},{"taxonomy":"product_tag","embeddable":true,"href":"https:\/\/www.moskito.cz\/it\/wp-json\/wp\/v2\/product_tag?post=425274"}],"curies":[{"name":"wp","href":"https:\/\/api.w.org\/{rel}","templated":true}]}}