{"id":425323,"date":"2025-10-01T09:06:24","date_gmt":"2025-10-01T08:06:24","guid":{"rendered":"https:\/\/www.moskito.cz\/produkt\/coltello-pieghevole-medford-slim-midi-mk201spt-30pv-t1c1-bn\/"},"modified":"2025-10-01T09:35:21","modified_gmt":"2025-10-01T08:35:21","slug":"coltello-pieghevole-medford-slim-midi-mk201spt-30pv-t1c1-bn","status":"publish","type":"product","link":"https:\/\/www.moskito.cz\/it\/produkt\/coltello-pieghevole-medford-slim-midi-mk201spt-30pv-t1c1-bn\/","title":{"rendered":"Coltello pieghevole Medford Slim Midi MK201SPT-30PV-T1C1-BN"},"content":{"rendered":"<p>Medford Slim Midi MK201SPT-30PV-T1C1-BN \u2013 Eleganza in un profilo sottile con piena potenza<\/p>\n<p>Il Medford Slim Midi MK201SPT-30PV-T1C1-BN \u00e8 un esempio di come un coltello pieghevole possa essere allo stesso tempo discreto e resistente senza compromessi. Questo modello combina l&#8217;iconico design Medford con un profilo pi\u00f9 sottile, rendendolo comodo da portare ogni giorno senza perdere la sua leggendaria robustezza. <\/p>\n<p>La lama \u00e8 realizzata in acciaio inossidabile americano CPM-S35VN di alta qualit\u00e0 con rivestimento PVD per un&#8217;eccezionale resistenza all&#8217;usura e un&#8217;eccellente tenuta del filo. L&#8217;impugnatura in titanio con finitura bronzo, completa di parti metalliche e protezione per le dita in PVD, conferisce al coltello una resistenza visiva e un&#8217;ergonomia perfetta. La forma della lama Tanto ne enfatizza il carattere tattico e offre la massima penetrazione anche in condizioni difficili.  <\/p>\n<p>Lo Slim Midi \u00e8 un coltello pensato per chi desidera portare in tasca un autentico pezzo di precisione della coltelleria americana: pi\u00f9 leggero, pi\u00f9 elegante, ma comunque incredibilmente resistente.<\/p>\n<p>\ud83d\udd27 Specifiche tecniche<br \/>\n Valore del parametro<br \/>\n Lunghezza totale (aperto) circa 21,6 cm (8,5&#8243;)<br \/>\n Lunghezza lama circa 9,5 cm (3,75&#8243;)<br \/>\n Spessore della lama circa 0,125\u2033 (~3,2 mm)<br \/>\n Materiale della lama CPM-S35VN: acciaio inossidabile di alta qualit\u00e0, un&#8217;ottima combinazione di tenacit\u00e0 e durata<br \/>\n Tipo di lama Tanto: massima penetrazione, resistenza della punta<br \/>\n Superficie della lama PVD: aspetto elegante, durevole e discreto<br \/>\n Manico in titanio \u2013 finitura bronzo, leggero ed estremamente resistente<br \/>\n Hardware PVD: resistente ai danni, migliora l&#8217;aspetto premium<br \/>\n Lucchetto Framelock in titanio: robusto e affidabile<br \/>\n Peso circa 136 g (4,8 oz)<\/p>\n<h2 data-start=\"1725\" data-end=\"1743\">\u2705 Principali vantaggi<\/h2>\n<ul data-start=\"1745\" data-end=\"2199\">\n<li data-start=\"1745\" data-end=\"1853\">\n<p data-start=\"1747\" data-end=\"1853\"><strong data-start=\"1747\" data-end=\"1774\">Acciaio CPM-S35VN di alta qualit\u00e0<\/strong> : eccellente tenuta del filo, tenacit\u00e0 e affilatura pi\u00f9 semplice rispetto a S90V\/S110V.<\/p>\n<\/li>\n<li data-start=\"1854\" data-end=\"1933\">\n<p data-start=\"1856\" data-end=\"1933\"><strong data-start=\"1856\" data-end=\"1894\">Manico in titanio con finitura bronzo<\/strong> : elegante, leggero, estremamente resistente.<\/p>\n<\/li>\n<li data-start=\"1934\" data-end=\"2026\">\n<p data-start=\"1936\" data-end=\"2026\"><strong data-start=\"1936\" data-end=\"1967\">Hardware e protezione per le dita in PVD<\/strong> : funzionali, esteticamente accattivanti e che aumentano la durata del coltello.<\/p>\n<\/li>\n<li data-start=\"2027\" data-end=\"2106\">\n<p data-start=\"2029\" data-end=\"2106\"><strong data-start=\"2029\" data-end=\"2044\">Lama Tanto<\/strong> : ideale per compiti penetranti e impegnativi, di natura tattica.<\/p>\n<\/li>\n<li data-start=\"2107\" data-end=\"2199\">\n<p data-start=\"2109\" data-end=\"2199\"><strong data-start=\"2109\" data-end=\"2129\">Profilo pi\u00f9 sottile<\/strong> : si adatta meglio alla tasca, mantenendo la robustezza Medford.<\/p>\n<\/li>\n<\/ul>\n<hr data-start=\"2201\" data-end=\"2204\">\n<h2 data-start=\"2206\" data-end=\"2225\">\u26a0\ufe0f Possibili restrizioni<\/h2>\n<ul data-start=\"2227\" data-end=\"2485\">\n<li data-start=\"2227\" data-end=\"2301\">\n<p data-start=\"2229\" data-end=\"2301\"><strong data-start=\"2229\" data-end=\"2243\">Prezzo pi\u00f9 alto<\/strong> : corrisponde alla produzione artigianale americana e ai materiali utilizzati.<\/p>\n<\/li>\n<li data-start=\"2302\" data-end=\"2403\">\n<p data-start=\"2304\" data-end=\"2403\"><strong data-start=\"2304\" data-end=\"2319\">Lama Tanto<\/strong> : ottima per uso tattico e perforante, meno adatta per la cucina e per tagli fini.<\/p>\n<\/li>\n<li data-start=\"2404\" data-end=\"2485\">\n<p data-start=\"2406\" data-end=\"2485\"><strong data-start=\"2406\" data-end=\"2426\">Manico in titanio<\/strong> : durevole, ma pu\u00f2 graffiarsi pi\u00f9 facilmente, richiede cura.<\/p>\n<\/li>\n<\/ul>\n<hr data-start=\"2487\" data-end=\"2490\">\n<h2 data-start=\"2492\" data-end=\"2512\">\ud83d\udee0\ufe0f Manutenzione e cura<\/h2>\n<ul data-start=\"2514\" data-end=\"2932\">\n<li data-start=\"2514\" data-end=\"2577\">\n<p data-start=\"2516\" data-end=\"2577\">Dopo l&#8217;uso, pulire la lama con un panno asciutto e mantenerla pulita.<\/p>\n<\/li>\n<li data-start=\"2578\" data-end=\"2636\">\n<p data-start=\"2580\" data-end=\"2636\">Lubrificare regolarmente il giunto del coltello e il bloccaggio con olio di buona qualit\u00e0.<\/p>\n<\/li>\n<li data-start=\"2637\" data-end=\"2707\">\n<p data-start=\"2639\" data-end=\"2707\">Pulire l&#8217;impugnatura in titanio con un panno morbido, proteggendola da forti attriti.<\/p>\n<\/li>\n<li data-start=\"2708\" data-end=\"2932\">\n<p data-start=\"2710\" data-end=\"2932\">Per mantenere il filo, consigliamo <strong data-start=\"2741\" data-end=\"2834\"><br \/>\n  <a class=\"decorated-link\" href=\"https:\/\/www.moskito.cz\/it\/\" target=\"_new\" rel=\"noopener\" data-start=\"2743\" data-end=\"2832\">il sistema di affilatura completo Spyderco Tri-Angle Sharpmaker 204MF<\/a><br \/>\n<\/strong><\/p>\n<\/li>\n<li data-start=\"2708\" data-end=\"2932\">\n<h2 data-start=\"2939\" data-end=\"2959\">\ud83c\udfaf Consigliato per<\/h2>\n<ul data-start=\"2961\" data-end=\"3216\">\n<li data-start=\"2961\" data-end=\"3027\">\n<p data-start=\"2963\" data-end=\"3027\">Utenti che desiderano un dispositivo pi\u00f9 sottile ma comunque robusto.<\/p>\n<\/li>\n<li data-start=\"3028\" data-end=\"3093\">\n<p data-start=\"3030\" data-end=\"3093\">Appassionati di design tattico moderno con un forte carisma.<\/p>\n<\/li>\n<li data-start=\"3094\" data-end=\"3153\">\n<p data-start=\"3096\" data-end=\"3153\">Collezionisti alla ricerca di un modello di lusso di origine americana.<\/p>\n<\/li>\n<li data-start=\"3154\" data-end=\"3216\">\n<p data-start=\"3156\" data-end=\"3216\">Abbigliamento quotidiano con particolare attenzione alle prestazioni, alla durata e all&#8217;eleganza.<\/p>\n<\/li>\n<\/ul>\n<hr data-start=\"3218\" data-end=\"3221\">\n<h2 data-start=\"3223\" data-end=\"3247\">\u2b50 Valutazione finale<\/h2>\n<p data-start=\"3249\" data-end=\"3518\"><strong data-start=\"3249\" data-end=\"3292\">Il Medford Slim Midi MK201SPT-30PV-T1C1-BN<\/strong> incarna l&#8217;essenza del marchio Medford: forza, precisione e durata americane, questa volta in un design pi\u00f9 elegante e pratico. Grazie al suo profilo sottile, \u00e8 comodo da indossare, ma offre prestazioni senza compromessi durante il lavoro. <\/p>\n<p data-start=\"3520\" data-end=\"3700\">Se cercate un coltello che unisca <strong data-start=\"3558\" data-end=\"3658\">il carattere tattico di una lama Tanto, l&#8217;eleganza di un&#8217;impugnatura in titanio e l&#8217;affidabilit\u00e0 della produzione artigianale americana<\/strong> , lo Slim Midi \u00e8 una scelta che non vi deluder\u00e0.<\/p>\n<\/li>\n<\/ul>\n<div class=\"_tableContainer_1rjym_1\">\n<div class=\"group _tableWrapper_1rjym_13 flex w-fit flex-col-reverse\" tabindex=\"-1\"><\/div>\n<\/div>\n","protected":false},"excerpt":{"rendered":"<p><strong>Se cercate un coltello che unisca il carattere tattico di una lama Tanto, l&#8217;eleganza di un&#8217;impugnatura in titanio e l&#8217;affidabilit\u00e0 della produzione artigianale americana, lo Slim Midi \u00e8 una scelta che non vi deluder\u00e0.<\/strong><\/p>\n<p> <strong>Spedizione gratuita.<\/strong><\/p>\n","protected":false},"featured_media":425282,"comment_status":"open","ping_status":"closed","template":"","meta":[],"pwb-brand":[4017],"product_brand":[],"product_cat":[3749,3745],"product_tag":[],"class_list":{"0":"post-425323","1":"product","2":"type-product","3":"status-publish","4":"has-post-thumbnail","6":"pwb-brand-medford-it","7":"product_cat-coltelli-di-chiusura","8":"product_cat-coltelli","10":"first","11":"instock","12":"taxable","13":"shipping-taxable","14":"purchasable","15":"product-type-simple"},"brands":[{"id":4017,"name":"Medford","slug":"medford-it"}],"_links":{"self":[{"href":"https:\/\/www.moskito.cz\/it\/wp-json\/wp\/v2\/product\/425323","targetHints":{"allow":["GET"]}}],"collection":[{"href":"https:\/\/www.moskito.cz\/it\/wp-json\/wp\/v2\/product"}],"about":[{"href":"https:\/\/www.moskito.cz\/it\/wp-json\/wp\/v2\/types\/product"}],"replies":[{"embeddable":true,"href":"https:\/\/www.moskito.cz\/it\/wp-json\/wp\/v2\/comments?post=425323"}],"wp:featuredmedia":[{"embeddable":true,"href":"https:\/\/www.moskito.cz\/it\/wp-json\/wp\/v2\/media\/425282"}],"wp:attachment":[{"href":"https:\/\/www.moskito.cz\/it\/wp-json\/wp\/v2\/media?parent=425323"}],"wp:term":[{"taxonomy":"pwb-brand","embeddable":true,"href":"https:\/\/www.moskito.cz\/it\/wp-json\/wp\/v2\/pwb-brand?post=425323"},{"taxonomy":"product_brand","embeddable":true,"href":"https:\/\/www.moskito.cz\/it\/wp-json\/wp\/v2\/product_brand?post=425323"},{"taxonomy":"product_cat","embeddable":true,"href":"https:\/\/www.moskito.cz\/it\/wp-json\/wp\/v2\/product_cat?post=425323"},{"taxonomy":"product_tag","embeddable":true,"href":"https:\/\/www.moskito.cz\/it\/wp-json\/wp\/v2\/product_tag?post=425323"}],"curies":[{"name":"wp","href":"https:\/\/api.w.org\/{rel}","templated":true}]}}