{"id":426760,"date":"2024-09-25T20:32:32","date_gmt":"2024-09-25T19:32:32","guid":{"rendered":"https:\/\/www.moskito.cz\/produkt\/coltello-pieghevole-microtech-msi-stonewashed-210t-10pmbk\/"},"modified":"2025-11-24T09:50:40","modified_gmt":"2025-11-24T08:50:40","slug":"coltello-pieghevole-microtech-msi-stonewashed-210t-10pmbk","status":"publish","type":"product","link":"https:\/\/www.moskito.cz\/it\/produkt\/coltello-pieghevole-microtech-msi-stonewashed-210t-10pmbk\/","title":{"rendered":"Coltello pieghevole Microtech MSI Stonewashed 210T-10PMBK"},"content":{"rendered":"<p>&nbsp;<\/p>\n<h1 data-start=\"126\" data-end=\"184\"><strong data-start=\"128\" data-end=\"182\">Coltello pieghevole Microtech MSI Stonewashed 210T-10PMBK<\/strong><\/h1>\n<p data-start=\"186\" data-end=\"628\">Microtech MSI Stonewashed 210T-10PMBK \u00e8 un coltello chiudibile di alta gamma di Microtech, che combina materiali di alta qualit\u00e0, tecnologia innovativa e lavorazione di precisione. Questo modello \u00e8 dotato di un meccanismo di bloccaggio <strong data-start=\"412\" data-end=\"426\">Atlas Lock<\/strong> , che garantisce estrema resistenza e affidabilit\u00e0 nell&#8217;uso. Con una lama realizzata in **M39 <strong data-start=\"502\" data-end=\"510\">M390<\/strong> , uno dei migliori acciai sul mercato, eccellente resistenza all&#8217;usura e affilatura duratura.  <\/p>\n<p data-start=\"630\" data-end=\"770\">Si tratta di un modello esclusivo, <strong data-start=\"665\" data-end=\"687\">non comunemente disponibile<\/strong> , che lo rende non solo uno strumento pratico, ma anche un oggetto da collezione molto apprezzato.<\/p>\n<hr data-start=\"772\" data-end=\"775\">\n<h2 data-start=\"777\" data-end=\"807\"><strong data-start=\"780\" data-end=\"805\">\ud83d\udd39 Caratteristiche principali<\/strong><\/h2>\n<p data-start=\"809\" data-end=\"1086\">\ud83d\udd2a <strong data-start=\"812\" data-end=\"822\">Lama:<\/strong><br data-start=\"822\" data-end=\"825\"> Realizzato in <strong data-start=\"836\" data-end=\"844\">M390<\/strong> , <strong data-start=\"853\" data-end=\"879\">un acciaio inossidabile verniciato a polvere<\/strong> noto per la sua <strong data-start=\"891\" data-end=\"924\">estrema durezza (60-62 HRC)<\/strong> , resistenza alla corrosione e un&#8217;eccezionale tenuta del filo. Queste propriet\u00e0 lo rendono ideale per un uso intensivo e una lunga durata senza necessit\u00e0 di affilatura frequente. <\/p>\n<p data-start=\"1088\" data-end=\"1216\">\ud83d\udccf <strong data-start=\"1091\" data-end=\"1108\">Lunghezza della lama:<\/strong><br data-start=\"1108\" data-end=\"1111\"> <strong data-start=\"1111\" data-end=\"1121\">9,2 cm<\/strong> : una dimensione universale che offre un eccellente equilibrio tra compattezza e funzionalit\u00e0.<\/p>\n<p data-start=\"1218\" data-end=\"1325\">\ud83d\udccf <strong data-start=\"1221\" data-end=\"1239\">Lunghezza totale:<\/strong><br data-start=\"1239\" data-end=\"1242\"> <strong data-start=\"1242\" data-end=\"1253\">22,8 cm<\/strong> : lunghezza sufficiente per una presa salda e sicura in qualsiasi applicazione.<\/p>\n<p data-start=\"1327\" data-end=\"1438\">\ud83d\udcaa <strong data-start=\"1330\" data-end=\"1350\">Spessore della lama:<\/strong><br data-start=\"1350\" data-end=\"1353\"> <strong data-start=\"1353\" data-end=\"1361\">4 mm<\/strong> \u2013 costruzione robusta che garantisce elevata resistenza e durata durante il lavoro.<\/p>\n<p data-start=\"1440\" data-end=\"1610\">\u2699\ufe0f <strong data-start=\"1443\" data-end=\"1471\">Finitura della lama:<\/strong><br data-start=\"1471\" data-end=\"1474\"> <strong data-start=\"1474\" data-end=\"1489\">Stonewashed<\/strong> \u2013 durevole <strong data-start=\"1535\" data-end=\"1573\">, riduce al minimo la visibilit\u00e0 dei graffi<\/strong> e aumenta il valore estetico del coltello.<\/p>\n<p data-start=\"1612\" data-end=\"1772\">\ud83c\udfa8 <strong data-start=\"1615\" data-end=\"1627\">Maniglia:<\/strong><br data-start=\"1627\" data-end=\"1630\"> Realizzato in <strong data-start=\"1641\" data-end=\"1685\">materiale polimerico resistente e leggero,<\/strong> con <strong data-start=\"1688\" data-end=\"1715\">una consistenza antiscivolo<\/strong> che garantisce una presa salda.<\/p>\n<p data-start=\"1774\" data-end=\"1863\">\u2696\ufe0f <strong data-start=\"1777\" data-end=\"1790\">Peso:<\/strong><br data-start=\"1790\" data-end=\"1793\"> <strong data-start=\"1793\" data-end=\"1802\">130 g<\/strong> : equilibrio ottimale tra robustezza e comfort.<\/p>\n<p data-start=\"1865\" data-end=\"2025\">\ud83d\udee1 <strong data-start=\"1868\" data-end=\"1884\">Meccanismo:<\/strong><br data-start=\"1884\" data-end=\"1887\"> <strong data-start=\"1887\" data-end=\"1901\">Atlas Lock<\/strong> : un innovativo sistema di bloccaggio che <strong data-start=\"1938\" data-end=\"1977\">impedisce la chiusura accidentale della lama,<\/strong> consentendo al contempo un controllo fluido e semplice.<\/p>\n<p data-start=\"2027\" data-end=\"2140\">\ud83d\udd17 <strong data-start=\"2030\" data-end=\"2044\">Apertura:<\/strong><br data-start=\"2044\" data-end=\"2047\"> Apertura con una sola mano tramite <strong data-start=\"2074\" data-end=\"2096\">un perno bifacciale<\/strong> sulla lama, ideale sia per destrimani che per mancini.<\/p>\n<p data-start=\"2142\" data-end=\"2198\">\ud83d\udce6 <strong data-start=\"2145\" data-end=\"2157\">Caso:<\/strong><br data-start=\"2157\" data-end=\"2160\"> Questo modello non \u00e8 conservato con una custodia.<\/p>\n<p data-start=\"2200\" data-end=\"2311\">\ud83d\udccc <strong data-start=\"2203\" data-end=\"2222\">Clip di trasporto:<\/strong><br data-start=\"2222\" data-end=\"2225\"> S\u00ec, <strong data-start=\"2231\" data-end=\"2267\">clip da tasca profonda a doppia faccia<\/strong> che consente un trasporto comodo e nascosto.<\/p>\n<p data-start=\"2313\" data-end=\"2449\">\ud83c\uddfa\ud83c\uddf8 <strong data-start=\"2318\" data-end=\"2337\">Prodotto negli USA:<\/strong><br data-start=\"2337\" data-end=\"2340\"> Tutti i componenti e l&#8217;assemblaggio avvengono esclusivamente negli <strong data-start=\"2387\" data-end=\"2394\">USA<\/strong> , il che garantisce una qualit\u00e0 di prima classe e una produzione precisa.<\/p>\n<hr data-start=\"2451\" data-end=\"2454\">\n<h2 data-start=\"2456\" data-end=\"2475\"><strong data-start=\"2459\" data-end=\"2473\">\ud83c\udfaf Usa<\/strong><\/h2>\n<p data-start=\"2477\" data-end=\"2669\">\u2705 <strong data-start=\"2479\" data-end=\"2499\">Tattico<\/strong><br data-start=\"2499\" data-end=\"2502\"> L&#8217;apertura rapida, <strong data-start=\"2507\" data-end=\"2567\">la struttura durevole e la chiusura sicura<\/strong> rendono questo modello ideale per l&#8217;uso professionale, tra cui <strong data-start=\"2626\" data-end=\"2666\">polizia, militari e servizi di emergenza<\/strong> .<\/p>\n<p data-start=\"2671\" data-end=\"2840\">\u2705 <strong data-start=\"2673\" data-end=\"2695\">Oggetto da collezione<\/strong><br data-start=\"2695\" data-end=\"2698\"> La produzione esclusiva e la disponibilit\u00e0 limitata lo rendono un coltello molto apprezzato dai collezionisti. <strong data-start=\"2785\" data-end=\"2837\">La sua scarsa reperibilit\u00e0 ne aumenta il valore<\/strong> .<\/p>\n<p data-start=\"2842\" data-end=\"3002\">\u2705 <strong data-start=\"2844\" data-end=\"2871\">Da portare tutti i giorni (EDC)<\/strong><br data-start=\"2871\" data-end=\"2874\"> Le dimensioni compatte, il peso ridotto e la resistenza all&#8217;usura rendono questo coltello <strong data-start=\"2957\" data-end=\"2999\">la scelta perfetta per l&#8217;uso quotidiano<\/strong> .<\/p>\n<p data-start=\"3004\" data-end=\"3152\">\u2705 <strong data-start=\"3006\" data-end=\"3029\">All&#8217;aperto e campeggio<\/strong><br data-start=\"3029\" data-end=\"3032\"> La struttura solida e l&#8217;elevata durevolezza dei materiali ne consentono l&#8217;uso nelle <strong data-start=\"3098\" data-end=\"3149\">attivit\u00e0 all&#8217;aperto, nel bushcraft e nel campeggio<\/strong> .<\/p>\n<hr data-start=\"3154\" data-end=\"3157\">\n<h2 data-start=\"3159\" data-end=\"3188\"><strong data-start=\"3162\" data-end=\"3186\">\ud83d\udee0 Manutenzione e rettifica<\/strong><\/h2>\n<p data-start=\"3190\" data-end=\"3449\">\ud83e\uddfc <strong data-start=\"3193\" data-end=\"3204\">Manutenzione:<\/strong><br data-start=\"3204\" data-end=\"3207\"> \u2714\ufe0f Dopo ogni utilizzo, pulire la lama con un panno asciutto o leggermente umido.<br data-start=\"3275\" data-end=\"3278\"> \u2714\ufe0f Applicare uno strato sottile di olio per proteggere dalla corrosione.<br data-start=\"3334\" data-end=\"3337\"> \u2714\ufe0f Conservare in un luogo asciutto, lontano da umidit\u00e0 estrema.<br data-start=\"3389\" data-end=\"3392\"> \u2714\ufe0f Lubrificare regolarmente il meccanismo per un funzionamento regolare.<\/p>\n<p data-start=\"3451\" data-end=\"3657\">\ud83d\udd2a <strong data-start=\"3454\" data-end=\"3467\">Rettifica:<\/strong><br data-start=\"3467\" data-end=\"3470\"> \u2714\ufe0f Per ottenere un filo migliore, utilizzare temperamatite diamantate o in ceramica.<br data-start=\"3537\" data-end=\"3540\"> \u2714\ufe0f Angolo di affilatura consigliato: <strong data-start=\"3569\" data-end=\"3580\">20\u00b0\u201325\u00b0<\/strong> per massime prestazioni di taglio.<br data-start=\"3607\" data-end=\"3610\"> \u2714\ufe0f Mantieni la nitidezza cambiando regolarmente lama.<\/p>\n<hr data-start=\"3659\" data-end=\"3662\">\n<h2 data-start=\"3664\" data-end=\"3693\"><strong data-start=\"3667\" data-end=\"3691\">\ud83d\udc4d Vantaggi e svantaggi<\/strong><\/h2>\n<p data-start=\"3695\" data-end=\"4095\">\u2705 <strong data-start=\"3697\" data-end=\"3730\">Meccanismo Atlas Lock durevole<\/strong> : un sistema di bloccaggio estremamente sicuro e affidabile.<br data-start=\"3777\" data-end=\"3780\"> \u2705 <strong data-start=\"3782\" data-end=\"3811\">Acciaio M390 di alta qualit\u00e0<\/strong> : affilatura duratura ed estrema resistenza.<br data-start=\"3856\" data-end=\"3859\"> \u2705 <strong data-start=\"3861\" data-end=\"3884\">Impugnatura ergonomica<\/strong> : comoda da impugnare e leggera.<br data-start=\"3920\" data-end=\"3923\"> \u2705 <strong data-start=\"3925\" data-end=\"3940\">Esclusivit\u00e0<\/strong> : questo modello <strong data-start=\"3955\" data-end=\"3978\">non \u00e8 comunemente disponibile<\/strong> , il che ne aumenta il valore.<br data-start=\"4005\" data-end=\"4008\"> \u2705 <strong data-start=\"4010\" data-end=\"4039\">Apertura rapida e semplice<\/strong> : utilizzo con una sola mano grazie al pratico perno sulla lama.<\/p>\n<p data-start=\"4097\" data-end=\"4240\">\u274c <strong data-start=\"4099\" data-end=\"4113\">Prezzo pi\u00f9 elevato<\/strong> : corrisponde alla qualit\u00e0 dei materiali utilizzati e alla lavorazione precisa.<br data-start=\"4177\" data-end=\"4180\"> \u274c <strong data-start=\"4182\" data-end=\"4197\">Senza fodero<\/strong> : il coltello non \u00e8 incluso nel fodero protettivo.<\/p>\n<hr data-start=\"4242\" data-end=\"4245\">\n<h2 data-start=\"4247\" data-end=\"4264\"><strong data-start=\"4250\" data-end=\"4262\">\ud83d\udd1a Conclusion<\/strong><\/h2>\n<p data-start=\"4266\" data-end=\"4556\"><strong data-start=\"4266\" data-end=\"4307\">Microtech MSI Stonewashed 210T-10PMBK<\/strong> \u00e8 un coltello chiudibile eccezionale, caratterizzato da una lavorazione precisa, materiali di qualit\u00e0 e un meccanismo sicuro. Grazie alle sue <strong data-start=\"4432\" data-end=\"4489\">dimensioni universali, all&#8217;elevata durata e all&#8217;esclusivit\u00e0,<\/strong> \u00e8 un&#8217;ottima scelta per collezionisti, professionisti e semplici utenti. <\/p>\n<p data-start=\"4558\" data-end=\"4692\">Questo modello <strong data-start=\"4570\" data-end=\"4592\">non \u00e8 comunemente disponibile<\/strong> , il che lo rende <strong data-start=\"4609\" data-end=\"4628\">un pezzo unico<\/strong> per chiunque cerchi un coltello non solo pratico ma anche esclusivo.<\/p>\n<p data-start=\"4694\" data-end=\"4844\">\ud83d\udd12 <strong data-start=\"4697\" data-end=\"4717\">Garanzia a vita<\/strong> : prova di qualit\u00e0 e durata.<br data-start=\"4746\" data-end=\"4749\"> \ud83d\ude9a <strong data-start=\"4752\" data-end=\"4770\">Spedizione gratuita<\/strong> : ordina ora e ricevi questo modello unico senza ulteriori indugi<\/p>\n<p data-start=\"4846\" data-end=\"4920\">\ud83d\uded2 <strong data-start=\"4849\" data-end=\"4918\">Ordina subito e aggiungi questo coltello esclusivo alla tua collezione!<\/strong><\/p>\n<p><iframe title=\"Microtech Combat Troodon Torture Test\" width=\"800\" height=\"450\" src=\"https:\/\/www.youtube.com\/embed\/xE9TeOFYEjg?feature=oembed\" frameborder=\"0\" allow=\"accelerometer; autoplay; clipboard-write; encrypted-media; gyroscope; picture-in-picture; web-share\" referrerpolicy=\"strict-origin-when-cross-origin\" allowfullscreen><\/iframe><\/p>\n<p>&nbsp;<\/p>\n","protected":false},"excerpt":{"rendered":"<p><strong>Microtech MSI Stonewashed 210T-10PMBK \u00e8 un coltello chiudibile eccezionale, caratterizzato da una lavorazione precisa, materiali di qualit\u00e0 e un meccanismo sicuro. Grazie alle sue dimensioni universali, all&#8217;elevata durata e all&#8217;esclusivit\u00e0, \u00e8 un&#8217;ottima scelta per collezionisti, professionisti e semplici utenti. <\/strong><\/p>\n<p><strong>\ud83d\udce6 Ordina ora e ottieni la spedizione gratuita \ud83d\ude9a<\/strong><\/p>\n","protected":false},"featured_media":359924,"comment_status":"open","ping_status":"closed","template":"","meta":[],"pwb-brand":[3753],"product_brand":[],"product_cat":[3749,3745],"product_tag":[],"class_list":{"0":"post-426760","1":"product","2":"type-product","3":"status-publish","4":"has-post-thumbnail","6":"pwb-brand-microtecnologia-it","7":"product_cat-coltelli-di-chiusura","8":"product_cat-coltelli","10":"first","11":"outofstock","12":"taxable","13":"shipping-taxable","14":"purchasable","15":"product-type-simple"},"brands":[{"id":3753,"name":"Microtecnologia","slug":"microtecnologia-it"}],"_links":{"self":[{"href":"https:\/\/www.moskito.cz\/it\/wp-json\/wp\/v2\/product\/426760","targetHints":{"allow":["GET"]}}],"collection":[{"href":"https:\/\/www.moskito.cz\/it\/wp-json\/wp\/v2\/product"}],"about":[{"href":"https:\/\/www.moskito.cz\/it\/wp-json\/wp\/v2\/types\/product"}],"replies":[{"embeddable":true,"href":"https:\/\/www.moskito.cz\/it\/wp-json\/wp\/v2\/comments?post=426760"}],"wp:featuredmedia":[{"embeddable":true,"href":"https:\/\/www.moskito.cz\/it\/wp-json\/wp\/v2\/media\/359924"}],"wp:attachment":[{"href":"https:\/\/www.moskito.cz\/it\/wp-json\/wp\/v2\/media?parent=426760"}],"wp:term":[{"taxonomy":"pwb-brand","embeddable":true,"href":"https:\/\/www.moskito.cz\/it\/wp-json\/wp\/v2\/pwb-brand?post=426760"},{"taxonomy":"product_brand","embeddable":true,"href":"https:\/\/www.moskito.cz\/it\/wp-json\/wp\/v2\/product_brand?post=426760"},{"taxonomy":"product_cat","embeddable":true,"href":"https:\/\/www.moskito.cz\/it\/wp-json\/wp\/v2\/product_cat?post=426760"},{"taxonomy":"product_tag","embeddable":true,"href":"https:\/\/www.moskito.cz\/it\/wp-json\/wp\/v2\/product_tag?post=426760"}],"curies":[{"name":"wp","href":"https:\/\/api.w.org\/{rel}","templated":true}]}}