{"id":429245,"date":"2024-09-26T13:01:37","date_gmt":"2024-09-26T12:01:37","guid":{"rendered":"https:\/\/www.moskito.cz\/produkt\/boker-plus-aks-74-mini-tanto-nero\/"},"modified":"2025-12-03T14:38:28","modified_gmt":"2025-12-03T13:38:28","slug":"boker-plus-aks-74-mini-tanto-nero","status":"publish","type":"product","link":"https:\/\/www.moskito.cz\/it\/produkt\/boker-plus-aks-74-mini-tanto-nero\/","title":{"rendered":"B\u00f6ker Plus AKS-74 Mini Tanto Nero"},"content":{"rendered":"<p>B\u00f6ker Plus AKS-74 Mini Tanto Nero 01KALS7 3BT.<\/p>\n<div class=\"flex max-w-full flex-col flex-grow\">\n<div class=\"min-h-8 text-message flex w-full flex-col items-end gap-2 whitespace-normal break-words [.text-message+&amp;]:mt-5\" dir=\"auto\" data-message-author-role=\"assistant\" data-message-id=\"01470aca-3f1b-4b24-8fe7-ee702e6dacb6\" data-message-model-slug=\"gpt-4o\">\n<div class=\"flex w-full flex-col gap-1 empty:hidden first:pt-[3px]\">\n<div class=\"markdown prose w-full break-words dark:prose-invert light\">\n<p><strong>Il B\u00f6ker Plus AKS-74 Mini Tanto Black<\/strong> \u00e8 una versione compatta dell&#8217;iconico modello, progettato con un design tattico ispirato al fucile d&#8217;assalto russo AK-74. Questo coltello combina elevata funzionalit\u00e0 con una struttura robusta ed \u00e8 la scelta ideale per il trasporto quotidiano (EDC) e per le attivit\u00e0 pi\u00f9 impegnative. <\/p>\n<hr>\n<h3><strong>Propriet\u00e0 chiave:<\/strong><\/h3>\n<ol>\n<li><strong>Lama<\/strong> :\n<ul>\n<li><strong>Forma<\/strong> : Tanto \u2013 offre la massima resistenza della punta ed \u00e8 ideale per lavori di perforazione e tagli precisi.<\/li>\n<li><strong>Materiale<\/strong> : <strong>AUS-8<\/strong> \u2013 acciaio inossidabile giapponese di alta qualit\u00e0 con buona resistenza all\u2019usura e alla corrosione.<\/li>\n<li><strong>Trattamento superficiale<\/strong> : rivestimento nero: elimina i riflessi e aumenta la durata della lama.<\/li>\n<li><strong>Lunghezza<\/strong> : 5,80 cm \u2013 lama compatta con controllo perfetto durante l\u2019uso.<\/li>\n<\/ul>\n<\/li>\n<li><strong>Maniglia<\/strong> :\n<ul>\n<li><strong>Materiale<\/strong> : alluminio, resistente, leggero ed ergonomico, con finitura opaca per una presa antiscivolo.<\/li>\n<li><strong>Colore<\/strong> : Nero \u2013 look tattico.<\/li>\n<\/ul>\n<\/li>\n<li><strong>Meccanismo<\/strong> :\n<ul>\n<li><strong>Apertura<\/strong> : meccanismo automatico \u2013 consente un&#8217;apertura rapida e semplice con una sola mano.<\/li>\n<li><strong>Blocco<\/strong> : il blocco affidabile garantisce la sicurezza durante l&#8217;uso.<\/li>\n<\/ul>\n<\/li>\n<li><strong>Altre caratteristiche<\/strong> :\n<ul>\n<li><strong>Clip<\/strong> : per un facile fissaggio alla cintura o alla tasca, adatta all&#8217;uso quotidiano.<\/li>\n<li><strong>Fori per cordino<\/strong> : pratici per fissare paracord o altri accessori.<\/li>\n<\/ul>\n<\/li>\n<\/ol>\n<hr>\n<h3><strong>Specifiche tecniche<\/strong> :<\/h3>\n<ul>\n<li><strong>Lunghezza totale<\/strong> : 14,60 cm<\/li>\n<li><strong>Lunghezza lama<\/strong> : 5,80 cm<\/li>\n<li><strong>Spessore lama<\/strong> : 2,60 mm<\/li>\n<li><strong>Peso<\/strong> : 74,00 g<\/li>\n<li><strong>Materiale della lama<\/strong> : AUS-8<\/li>\n<li><strong>Materiale dell&#8217;impugnatura<\/strong> : alluminio<\/li>\n<li><strong>Meccanismo di apertura<\/strong> : automatico<\/li>\n<li><strong>Colore<\/strong> : Nero<\/li>\n<li><strong>Numero articolo<\/strong> : 01KALS73BT<\/li>\n<\/ul>\n<hr>\n<h3><strong>Benefici e usi<\/strong> :<\/h3>\n<ul>\n<li><strong>Design compatto<\/strong> : facilmente trasportabile, adatto all&#8217;uso quotidiano e alle situazioni pi\u00f9 impegnative.<\/li>\n<li><strong>Utilizzo rapido<\/strong> : l&#8217;apertura automatica garantisce un utilizzo immediato.<\/li>\n<li><strong>Durata e qualit\u00e0<\/strong> : la struttura robusta e i materiali di qualit\u00e0 rendono questo coltello uno strumento affidabile.<\/li>\n<\/ul>\n<hr>\n<h3><strong>Conclusione<\/strong> :<\/h3>\n<p><strong>Il B\u00f6ker Plus AKS-74 Mini Tanto Black 01KALS73BT<\/strong> rappresenta la perfetta combinazione di praticit\u00e0, eleganza e resistenza. Questo coltello \u00e8 la scelta ideale per chi cerca un coltello tattico compatto, di facile accesso e dal design moderno. Perfetto per il trasporto quotidiano e per le situazioni di emergenza.  <\/p>\n<\/div>\n<\/div>\n<\/div>\n<\/div>\n<div class=\"mb-2 flex gap-3 empty:hidden -ml-2\">\n<div class=\"items-center justify-start rounded-xl p-1 flex\">\n<div class=\"flex items-center\"><\/div>\n<\/div>\n<\/div>\n","protected":false},"excerpt":{"rendered":"<div class=\"flex max-w-full flex-col flex-grow\">\n<div class=\"min-h-8 text-message flex w-full flex-col items-end gap-2 whitespace-normal break-words [.text-message+&amp;]:mt-5\" dir=\"auto\" data-message-author-role=\"assistant\" data-message-id=\"01470aca-3f1b-4b24-8fe7-ee702e6dacb6\" data-message-model-slug=\"gpt-4o\">\n<div class=\"flex w-full flex-col gap-1 empty:hidden first:pt-[3px]\">\n<div class=\"markdown prose w-full break-words dark:prose-invert light\">\n<p><strong>Il B\u00f6ker Plus AKS-74 Mini Tanto Black 01KALS73BT rappresenta la perfetta combinazione di praticit\u00e0, eleganza e resistenza. Questo coltello \u00e8 la scelta ideale per chi cerca un coltello tattico compatto, di facile accesso e dal design moderno. Perfetto per il trasporto quotidiano e per le situazioni di emergenza.  <\/strong><\/p>\n<\/div>\n<\/div>\n<\/div>\n<\/div>\n<div class=\"mb-2 flex gap-3 empty:hidden -ml-2\">\n<div class=\"items-center justify-start rounded-xl p-1 flex\">\n<div class=\"flex items-center\"><\/div>\n<\/div>\n<\/div>\n","protected":false},"featured_media":361271,"comment_status":"closed","ping_status":"closed","template":"","meta":[],"pwb-brand":[3798],"product_brand":[],"product_cat":[3745,3749],"product_tag":[],"class_list":{"0":"post-429245","1":"product","2":"type-product","3":"status-publish","4":"has-post-thumbnail","6":"pwb-brand-boker-it","7":"product_cat-coltelli","8":"product_cat-coltelli-di-chiusura","10":"first","11":"outofstock","12":"taxable","13":"shipping-taxable","14":"purchasable","15":"product-type-simple"},"brands":[{"id":3798,"name":"Boker","slug":"boker-it"}],"_links":{"self":[{"href":"https:\/\/www.moskito.cz\/it\/wp-json\/wp\/v2\/product\/429245","targetHints":{"allow":["GET"]}}],"collection":[{"href":"https:\/\/www.moskito.cz\/it\/wp-json\/wp\/v2\/product"}],"about":[{"href":"https:\/\/www.moskito.cz\/it\/wp-json\/wp\/v2\/types\/product"}],"replies":[{"embeddable":true,"href":"https:\/\/www.moskito.cz\/it\/wp-json\/wp\/v2\/comments?post=429245"}],"wp:featuredmedia":[{"embeddable":true,"href":"https:\/\/www.moskito.cz\/it\/wp-json\/wp\/v2\/media\/361271"}],"wp:attachment":[{"href":"https:\/\/www.moskito.cz\/it\/wp-json\/wp\/v2\/media?parent=429245"}],"wp:term":[{"taxonomy":"pwb-brand","embeddable":true,"href":"https:\/\/www.moskito.cz\/it\/wp-json\/wp\/v2\/pwb-brand?post=429245"},{"taxonomy":"product_brand","embeddable":true,"href":"https:\/\/www.moskito.cz\/it\/wp-json\/wp\/v2\/product_brand?post=429245"},{"taxonomy":"product_cat","embeddable":true,"href":"https:\/\/www.moskito.cz\/it\/wp-json\/wp\/v2\/product_cat?post=429245"},{"taxonomy":"product_tag","embeddable":true,"href":"https:\/\/www.moskito.cz\/it\/wp-json\/wp\/v2\/product_tag?post=429245"}],"curies":[{"name":"wp","href":"https:\/\/api.w.org\/{rel}","templated":true}]}}