{"id":429262,"date":"2023-03-27T19:29:50","date_gmt":"2023-03-27T18:29:50","guid":{"rendered":"https:\/\/www.moskito.cz\/produkt\/coltello-da-chiusura-cold-steel-xl-voyager-vaquero-serrated-edge-aus10a\/"},"modified":"2025-12-04T10:12:06","modified_gmt":"2025-12-04T09:12:06","slug":"coltello-da-chiusura-cold-steel-xl-voyager-vaquero-serrated-edge-aus10a","status":"publish","type":"product","link":"https:\/\/www.moskito.cz\/it\/produkt\/coltello-da-chiusura-cold-steel-xl-voyager-vaquero-serrated-edge-aus10a\/","title":{"rendered":"Coltello da chiusura Cold Steel XL VOYAGER VAQUERO SERRATED EDGE (AUS10A)"},"content":{"rendered":"<p>Coltello da chiusura <strong>Cold Steel<\/strong> XL VOYAGER VAQUERO SERRATED EDGE (AUS10A)<\/p>\n<p>La linea <strong>Voyager<\/strong> di <strong>Cold Steel<\/strong> \u00e8 stata progettata per essere un vero coltello per tutti. Leggeri, comodi, super affilati, robusti, affidabili e perfetti per la caccia e il campeggio, ma anche per l&#8217;uso quotidiano e il taglio di tutti i giorni. I Voyager eccellono in molte applicazioni di sopravvivenza e soccorso e si sono dimostrati molto popolari tra le forze di polizia e i militari che apprezzano la combinazione di potenza di taglio e sicurezza che offrono. Ogni coltello della nostra vasta linea Voyager \u00e8 progettato con precisione e rispetta i nostri standard pi\u00f9 elevati. Presenta lame in AUS10A e il nostro meccanismo di chiusura Tri-Ad, probabilmente il pi\u00f9 sicuro e resistente agli urti attualmente sul mercato! I manici ergonomici Griv-Ex Voyagers (rinforzati con inserti in alluminio 6061 trattato termicamente) offrono un grande comfort e una presa sicura, anche in caso di uso prolungato in condizioni difficili. Disponibile in due misure e in numerose configurazioni di lame e bordi, <strong>il Voyager<\/strong> \u00e8 adatto a tutti.     <\/p>\n<p>Descrizione:<\/p>\n<p>Materiale della lama: AUS-10A<br \/>\nMateriale del manico: Griv-Ex<br \/>\nSerratura: serratura Tri-Ad<br \/>\nLunghezza della lama: 14 cm<br \/>\nLunghezza totale: 31,1 cm<br \/>\nLunghezza del manico: 17,1 cm<br \/>\nSpessore della lama: 4 mm<br \/>\nPeso: 204 g<br \/>\nUso: campeggio, tattica, sopravvivenza, autodifesa, EDC &#8211; trasporto quotidiano<\/p>\n<p><iframe title=\"Cold Steel&#039;s Deadliest Weapons, Voyager Vaquero\" width=\"800\" height=\"450\" src=\"https:\/\/www.youtube.com\/embed\/k4XKffPD4ko?feature=oembed\" frameborder=\"0\" allow=\"accelerometer; autoplay; clipboard-write; encrypted-media; gyroscope; picture-in-picture; web-share\" referrerpolicy=\"strict-origin-when-cross-origin\" allowfullscreen><\/iframe><\/p>\n<p>&nbsp;<\/p>\n<p>&nbsp;<\/p>\n","protected":false},"excerpt":{"rendered":"<p><strong>Il Voyager Vaquero di Cold Steel \u00e8 un coltello con lama seghettata. Il Voyager Vaquero \u00e8 destinato all&#8217;uso in combattimento grazie alle sue dimensioni e alla forma della lama. Ha eccellenti propriet\u00e0 di taglio.  <\/strong><\/p>\n","protected":false},"featured_media":429263,"comment_status":"open","ping_status":"closed","template":"","meta":[],"pwb-brand":[3791],"product_brand":[],"product_cat":[3749,3745],"product_tag":[3755],"class_list":{"0":"post-429262","1":"product","2":"type-product","3":"status-publish","4":"has-post-thumbnail","6":"pwb-brand-acciaio-freddo","7":"product_cat-coltelli-di-chiusura","8":"product_cat-coltelli","9":"product_tag-b2b-it","11":"first","12":"outofstock","13":"taxable","14":"shipping-taxable","15":"purchasable","16":"product-type-simple"},"brands":[{"id":3791,"name":"Acciaio freddo","slug":"acciaio-freddo"}],"_links":{"self":[{"href":"https:\/\/www.moskito.cz\/it\/wp-json\/wp\/v2\/product\/429262","targetHints":{"allow":["GET"]}}],"collection":[{"href":"https:\/\/www.moskito.cz\/it\/wp-json\/wp\/v2\/product"}],"about":[{"href":"https:\/\/www.moskito.cz\/it\/wp-json\/wp\/v2\/types\/product"}],"replies":[{"embeddable":true,"href":"https:\/\/www.moskito.cz\/it\/wp-json\/wp\/v2\/comments?post=429262"}],"wp:featuredmedia":[{"embeddable":true,"href":"https:\/\/www.moskito.cz\/it\/wp-json\/wp\/v2\/media\/429263"}],"wp:attachment":[{"href":"https:\/\/www.moskito.cz\/it\/wp-json\/wp\/v2\/media?parent=429262"}],"wp:term":[{"taxonomy":"pwb-brand","embeddable":true,"href":"https:\/\/www.moskito.cz\/it\/wp-json\/wp\/v2\/pwb-brand?post=429262"},{"taxonomy":"product_brand","embeddable":true,"href":"https:\/\/www.moskito.cz\/it\/wp-json\/wp\/v2\/product_brand?post=429262"},{"taxonomy":"product_cat","embeddable":true,"href":"https:\/\/www.moskito.cz\/it\/wp-json\/wp\/v2\/product_cat?post=429262"},{"taxonomy":"product_tag","embeddable":true,"href":"https:\/\/www.moskito.cz\/it\/wp-json\/wp\/v2\/product_tag?post=429262"}],"curies":[{"name":"wp","href":"https:\/\/api.w.org\/{rel}","templated":true}]}}