{"id":429269,"date":"2022-04-18T19:43:55","date_gmt":"2022-04-18T18:43:55","guid":{"rendered":"https:\/\/www.moskito.cz\/produkt\/coltello-da-chiusura-cold-steel-large-espada-g-10-aus10a\/"},"modified":"2025-12-04T10:12:10","modified_gmt":"2025-12-04T09:12:10","slug":"coltello-da-chiusura-cold-steel-large-espada-g-10-aus10a","status":"publish","type":"product","link":"https:\/\/www.moskito.cz\/it\/produkt\/coltello-da-chiusura-cold-steel-large-espada-g-10-aus10a\/","title":{"rendered":"Coltello da chiusura Cold Steel LARGE ESPADA G-10 (AUS10A)"},"content":{"rendered":"<p>Coltello da chiusura <strong>Cold Steel<\/strong> LARGE ESPADA G-10 (AUS10A)<\/p>\n<p>Il G-10 Espada Large \u00e8 un coltello da trasporto quotidiano. La linea di prodotti Espada \u00e8 stata progettata dal famoso coltellinaio Andrew Demko e dal presidente di Cold Steel Lynn C. Thompson. L&#8217;Espada si ispira alle leggendarie spade da conquista Espada. La lama \u00e8 realizzata in acciaio giapponese AUS 10A.    Questo acciaio inossidabile martensitico ha ottime propriet\u00e0 di resistenza e viene utilizzato principalmente come materiale per utensili da taglio. Rispetto all&#8217;AUS 8A trattiene meglio la lama ed \u00e8 pi\u00f9 resistente all&#8217;abrasione. L&#8217;acciaio \u00e8 stato poi trattato termicamente per ottenere il perfetto equilibrio tra ritenzione del filo e facilit\u00e0 di riaffilatura. Il trattamento superficiale DLC (Diamond Like Coating) con finitura nera evita che il coltello si graffi facilmente e lo rende resistente alla ruggine. Il manico dei coltelli Espada\u2122 \u00e8 realizzato in G-10 &#8211; fibra di vetro. Il manico \u00e8 fortemente curvo, ha una struttura ruvida ed \u00e8 dotato di scanalature per le dita per una presa sicura e protetta durante l&#8217;utilizzo del coltello. L&#8217;intera linea Espada \u00e8 dotata dell&#8217;esclusivo brevetto Cold Steel\u00ae Tri-Ad Lock\u2122.    Il blocco impedisce la chiusura automatica o involontaria del coltello anche dopo la naturale usura del tempo.<\/p>\n<p>PARAMETRI DEL PRODOTTO<br \/>\nDimensioni complessive: 311 mm<br \/>\nLunghezza dell&#8217;impugnatura: 171 mm<br \/>\nTipo di chiusura: Tri-Ad Lock<br \/>\nLunghezza della lama: 139 mm<br \/>\nAcciaio: Inossidabile giapponese AUS 10A con DLC<br \/>\nPeso: 246,64 g<br \/>\nMateriale del fodero: Tasca inossidabile \/ Clip da cintura<br \/>\nSpessore della lama: 4 mm<\/p>\n<p>La nostra famosa serie Espada \u00e8 disponibile anche in un&#8217;edizione tattica &#8220;blackout&#8221; dalla linea sottile. La lama \u00e8 resistente e lavata a pietra, mentre il manico in G-10 \u00e8 disponibile a scelta nei colori nero, verde OD o terra scura. <\/p>\n<p>Peso: 9,2 once Spessore lama: 3,7 mm Lunghezza lama: 5-1\/2&#8243; Acciaio lama: AUS10A Lunghezza\/Materiale impugnatura: 6-3\/4&#8243; G-10 Lunghezza totale: 12-1\/4&#8243; Caratteristiche aggiuntive: Clip da tasca\/cintura inossidabile Tipo di coltello: Folder Gamma di lunghezza della lama: 5+ in Famiglia di acciaio: AUS Forma della lama: Clip Point Meccanismo di bloccaggio: Blocco Tri-Ad Famiglia di prodotti: Espada<\/p>\n","protected":false},"excerpt":{"rendered":"<p>La famosa <strong>Espada<\/strong> Large \u00e8 disponibile anche con manico in G-10 nero opaco.<\/p>\n","protected":false},"featured_media":429271,"comment_status":"open","ping_status":"closed","template":"","meta":[],"pwb-brand":[3791],"product_brand":[],"product_cat":[3749,3745],"product_tag":[3755],"class_list":{"0":"post-429269","1":"product","2":"type-product","3":"status-publish","4":"has-post-thumbnail","6":"pwb-brand-acciaio-freddo","7":"product_cat-coltelli-di-chiusura","8":"product_cat-coltelli","9":"product_tag-b2b-it","11":"first","12":"outofstock","13":"taxable","14":"shipping-taxable","15":"purchasable","16":"product-type-simple"},"brands":[{"id":3791,"name":"Acciaio freddo","slug":"acciaio-freddo"}],"_links":{"self":[{"href":"https:\/\/www.moskito.cz\/it\/wp-json\/wp\/v2\/product\/429269","targetHints":{"allow":["GET"]}}],"collection":[{"href":"https:\/\/www.moskito.cz\/it\/wp-json\/wp\/v2\/product"}],"about":[{"href":"https:\/\/www.moskito.cz\/it\/wp-json\/wp\/v2\/types\/product"}],"replies":[{"embeddable":true,"href":"https:\/\/www.moskito.cz\/it\/wp-json\/wp\/v2\/comments?post=429269"}],"wp:featuredmedia":[{"embeddable":true,"href":"https:\/\/www.moskito.cz\/it\/wp-json\/wp\/v2\/media\/429271"}],"wp:attachment":[{"href":"https:\/\/www.moskito.cz\/it\/wp-json\/wp\/v2\/media?parent=429269"}],"wp:term":[{"taxonomy":"pwb-brand","embeddable":true,"href":"https:\/\/www.moskito.cz\/it\/wp-json\/wp\/v2\/pwb-brand?post=429269"},{"taxonomy":"product_brand","embeddable":true,"href":"https:\/\/www.moskito.cz\/it\/wp-json\/wp\/v2\/product_brand?post=429269"},{"taxonomy":"product_cat","embeddable":true,"href":"https:\/\/www.moskito.cz\/it\/wp-json\/wp\/v2\/product_cat?post=429269"},{"taxonomy":"product_tag","embeddable":true,"href":"https:\/\/www.moskito.cz\/it\/wp-json\/wp\/v2\/product_tag?post=429269"}],"curies":[{"name":"wp","href":"https:\/\/api.w.org\/{rel}","templated":true}]}}