{"id":429299,"date":"2025-04-01T15:41:51","date_gmt":"2025-04-01T14:41:51","guid":{"rendered":"https:\/\/www.moskito.cz\/produkt\/coltello-medford-burung-tactical-karambit\/"},"modified":"2025-12-04T10:29:24","modified_gmt":"2025-12-04T09:29:24","slug":"coltello-medford-burung-tactical-karambit","status":"publish","type":"product","link":"https:\/\/www.moskito.cz\/it\/produkt\/coltello-medford-burung-tactical-karambit\/","title":{"rendered":"Coltello Medford Burung Tactical Karambit"},"content":{"rendered":"<h3 data-pm-slice=\"1 1 []\"><strong>Coltello Medford Burung Tactical Karambit &#8211; Arma tattica definitiva<\/strong><\/h3>\n<h4><strong>Descrizione generale:<\/strong><\/h4>\n<p>Il Medford Burung Tactical Karambit \u00e8 un <strong>impareggiabile coltello da chiusura ispirato ai tradizionali coltelli da combattimento del sud-est asiatico<\/strong>, trasformato in una moderna versione tattica. Questo coltello combina l&#8217;<strong>efficienza brutale del karambit con la resistenza del marchio Medford<\/strong>, rendendolo la scelta ideale per l&#8217;<strong>autodifesa, il combattimento e le condizioni estreme<\/strong>. Realizzato a mano negli <strong>USA \ud83c\uddfa\ud83c\uddf8,<\/strong> questo modello offre una <strong>qualit\u00e0 superiore, la massima durata e un design aggressivo<\/strong> che si far\u00e0 notare in ogni situazione.  <\/p>\n<p>\u2705 <strong>Karambit tattico &#8211; ideale per situazioni di combattimento e autodifesa<\/strong>.<br \/>\n\u2705 <strong>Acciaio Elite CPM S35VN<\/strong> &#8211; resistenza superiore all&#8217;usura e alla corrosione.<br \/>\n\u2705 <strong>Impugnatura in titanio<\/strong> &#8211; estrema robustezza e leggerezza.<br \/>\n\u2705 <strong>Design ergonomico<\/strong> &#8211; massima sicurezza di presa per l&#8217;autodifesa e l&#8217;uso quotidiano.<br \/>\n\u2705 <strong>Qualit\u00e0 Medford<\/strong> &#8211; lavorazione artigianale e di lusso negli Stati Uniti \ud83c\uddfa\ud83c\uddf8.<\/p>\n<div>\n<hr>\n<\/div>\n<h3><strong>\ud83d\udd0e Specifiche:<\/strong><\/h3>\n<ul data-spread=\"false\">\n<li><strong>Lunghezza totale:<\/strong> 19,7 cm<\/li>\n<li><strong>Lunghezza della lama:<\/strong> 8,5 cm<\/li>\n<li><strong>Spessore lama:<\/strong> 0,48 cm<\/li>\n<li><strong>Acciaio della lama:<\/strong> <strong>CPM S35VN<\/strong> &#8211; estremamente resistente e di lunga durata<\/li>\n<li><strong>Forma della lama:<\/strong> <strong>karambit<\/strong> &#8211; forma aggressiva per tagli efficaci e autodifesa<\/li>\n<li><strong>Finitura della lama:<\/strong> <strong>Stonewashed<\/strong> &#8211; resistenza ai graffi e aspetto estetico<\/li>\n<li><strong>Manico:<\/strong> titanio &#8211; ultraleggero, forte e resistente<\/li>\n<li><strong>Meccanismo:<\/strong> <strong>Pinna<\/strong> &#8211; apertura rapida e sicura<\/li>\n<li>Serratura a <strong>telaio<\/strong>: una serratura robusta e affidabile<\/li>\n<li><strong>Peso:<\/strong> 180 g &#8211; l&#8217;equilibrio ideale tra robustezza e maneggevolezza<\/li>\n<\/ul>\n<div>\n<hr>\n<\/div>\n<h3><strong>\ud83d\udd25 Perch\u00e9 scegliere il Karambit tattico Burung di Medford?<\/strong><\/h3>\n<p>\u2714 <strong>Design esclusivo del karambit, ideale per l&#8217;autodifesa e il combattimento<\/strong>.<br \/>\n\u2714 <strong>Apertura rapida con una sola mano grazie al meccanismo a pinza<\/strong>.<br \/>\n<strong>Lama CPM S35VN &#8211; massima resistenza all&#8217;usura e alla corrosione<\/strong>.<br \/>\n<strong>Manico in titanio &#8211; estrema resistenza e leggerezza<\/strong>.<br \/>\n\u2714 <strong>Made in USA \ud83c\uddfa\ud83c\uddf8 &#8211; premium fatto a mano<\/strong>.<br \/>\n<strong>Un modello molto difficile da trovare, un pezzo esclusivo per collezionisti e professionisti<\/strong>.<\/p>\n<div>\n<hr>\n<\/div>\n<h3><strong>\ud83d\udd2a Karambit a forma di lama &#8211; Massimo impatto e controllo<\/strong><\/h3>\n<p><strong>Progettato per la massima efficacia nella difesa personale<\/strong>.<br \/>\n<strong>Lama curva aggressiva: consente tagli profondi e veloci<\/strong>.<br \/>\n<strong>Una presa migliore grazie all&#8217;anello che garantisce un controllo sicuro durante la manipolazione<\/strong>.<\/p>\n<div>\n<hr>\n<\/div>\n<h3><strong>\u2694 Confronto con i concorrenti:<\/strong><\/h3>\n<table>\n<tbody>\n<tr>\n<th>Modello<\/th>\n<th>Acciaio della lama<\/th>\n<th>Meccanismo<\/th>\n<th>Trattamento superficiale<\/th>\n<th>Vantaggi<\/th>\n<\/tr>\n<tr>\n<td><strong>Karambit tattico Medford Burung<\/strong><\/td>\n<td>CPM S35VN<\/td>\n<td>Pinna<\/td>\n<td>Lavata a pietra<\/td>\n<td>Manico in titanio, estrema resistenza, design tattico<\/td>\n<\/tr>\n<tr>\n<td><strong>Fox 599 Karambit<\/strong><\/td>\n<td>N690<\/td>\n<td>Emerson Wave<\/td>\n<td>Rivestimento nero<\/td>\n<td>Struttura pi\u00f9 leggera, dimensioni ridotte<\/td>\n<\/tr>\n<tr>\n<td><strong>Artiglio di Tigre Cold Steel<\/strong><\/td>\n<td>S35VN<\/td>\n<td>Disco per il pollice<\/td>\n<td>Raso<\/td>\n<td>Eccellente penetrazione, meno robusto del Medford<\/td>\n<\/tr>\n<\/tbody>\n<\/table>\n<div>\n<hr>\n<\/div>\n<h3>\u2705 <strong>Vantaggi e svantaggi<\/strong><\/h3>\n<p><strong>Struttura in titanio estremamente resistente e leggera<\/strong>.<br \/>\n<strong>Massima efficacia in situazioni di combattimento e autodifesa<\/strong>.<br \/>\nIl <strong>meccanismo a pinza consente un&#8217;apertura rapida con una sola mano<\/strong>.<br \/>\n\u2714 <strong>Lama CPM S35VN resistente e di lunga durata<\/strong>.<br \/>\n<strong>Disponibilit\u00e0 esclusiva &#8211; modello difficile da trovare<\/strong>.<br \/>\n\u274c <strong>Il prezzo pi\u00f9 alto corrisponde a qualit\u00e0 ed esclusivit\u00e0<\/strong>.<br \/>\n<strong>\u274c Design specifico: potrebbe non essere adatto a tutti gli utenti<\/strong>.<\/p>\n<div>\n<hr>\n<\/div>\n<h3>\ud83c\udf81 <strong>Motivi per acquistare ora<\/strong><\/h3>\n<p>\u2705 <strong>Spedizione gratuita<\/strong> , senza costi nascosti!<br \/>\n\u2705 <strong>Originalit\u00e0 garantita<\/strong> : coltello Medford autentico al 100% dalla distribuzione ufficiale.<br \/>\n\u2705 <strong>Spedizione veloce<\/strong> : gli ordini effettuati prima delle 14:00 verranno spediti oggi stesso!<br \/>\n\u2705 <strong>Regalo con l&#8217;ordine<\/strong> : una sorpresa esclusiva con ogni coltello.<\/p>\n<div>\n<hr>\n<\/div>\n<h3>\ud83d\udea8 <strong>Disponibilit\u00e0 esclusiva &#8211; Acquista il tuo karambit tattico Medford Burung finch\u00e9 \u00e8 ancora in stock!<\/strong><\/h3>\n<p>Il Medford Burung Tactical Karambit non \u00e8 un coltello qualunque: \u00e8 <strong>un capolavoro progettato per la massima efficacia in combattimento e nella vita quotidiana<\/strong>. Se stai cercando un <strong>coltello tattico dalle prestazioni senza compromessi<\/strong> che combini <strong>tecnologia moderna, durata e design aggressivo<\/strong>, allora <strong>questo modello non pu\u00f2 mancare nel tuo kit<\/strong>! <\/p>\n<p>\ud83d\udd2a <strong>Ordina oggi stesso il tuo Medford Burung Tactical Karambit e ottieni un coltello da combattimento di alta qualit\u00e0!<\/strong><\/p>\n","protected":false},"excerpt":{"rendered":"<p><strong>Il Medford Burung Tactical Karambit non \u00e8 un coltello qualunque: \u00e8 un capolavoro progettato per la massima efficacia in combattimento e nella vita quotidiana. Se stai cercando un coltello tattico dalle prestazioni senza compromessi che combini tecnologia moderna, durata e design aggressivo, allora questo modello non pu\u00f2 mancare nel tuo kit! <\/strong><\/p>\n<p><strong>\ud83d\udd2a Ordina oggi stesso il tuo Medford Burung Tactical Karambit e ottieni un coltello da combattimento di alta qualit\u00e0!<\/strong><\/p>\n<p><strong>\ud83d\udce6 Ordina ora e ottieni la spedizione gratuita \ud83d\ude9a<\/strong><\/p>\n","protected":false},"featured_media":398551,"comment_status":"open","ping_status":"closed","template":"","meta":[],"pwb-brand":[4017],"product_brand":[],"product_cat":[3745,3749],"product_tag":[],"class_list":{"0":"post-429299","1":"product","2":"type-product","3":"status-publish","4":"has-post-thumbnail","6":"pwb-brand-medford-it","7":"product_cat-coltelli","8":"product_cat-coltelli-di-chiusura","10":"first","11":"outofstock","12":"taxable","13":"shipping-taxable","14":"purchasable","15":"product-type-simple"},"brands":[{"id":4017,"name":"Medford","slug":"medford-it"}],"_links":{"self":[{"href":"https:\/\/www.moskito.cz\/it\/wp-json\/wp\/v2\/product\/429299","targetHints":{"allow":["GET"]}}],"collection":[{"href":"https:\/\/www.moskito.cz\/it\/wp-json\/wp\/v2\/product"}],"about":[{"href":"https:\/\/www.moskito.cz\/it\/wp-json\/wp\/v2\/types\/product"}],"replies":[{"embeddable":true,"href":"https:\/\/www.moskito.cz\/it\/wp-json\/wp\/v2\/comments?post=429299"}],"wp:featuredmedia":[{"embeddable":true,"href":"https:\/\/www.moskito.cz\/it\/wp-json\/wp\/v2\/media\/398551"}],"wp:attachment":[{"href":"https:\/\/www.moskito.cz\/it\/wp-json\/wp\/v2\/media?parent=429299"}],"wp:term":[{"taxonomy":"pwb-brand","embeddable":true,"href":"https:\/\/www.moskito.cz\/it\/wp-json\/wp\/v2\/pwb-brand?post=429299"},{"taxonomy":"product_brand","embeddable":true,"href":"https:\/\/www.moskito.cz\/it\/wp-json\/wp\/v2\/product_brand?post=429299"},{"taxonomy":"product_cat","embeddable":true,"href":"https:\/\/www.moskito.cz\/it\/wp-json\/wp\/v2\/product_cat?post=429299"},{"taxonomy":"product_tag","embeddable":true,"href":"https:\/\/www.moskito.cz\/it\/wp-json\/wp\/v2\/product_tag?post=429299"}],"curies":[{"name":"wp","href":"https:\/\/api.w.org\/{rel}","templated":true}]}}