{"id":429302,"date":"2024-11-18T21:48:03","date_gmt":"2024-11-18T20:48:03","guid":{"rendered":"https:\/\/www.moskito.cz\/produkt\/coltello-pieghevole-benchmade-bugout-axis-535\/"},"modified":"2025-12-04T10:29:27","modified_gmt":"2025-12-04T09:29:27","slug":"coltello-pieghevole-benchmade-bugout-axis-535","status":"publish","type":"product","link":"https:\/\/www.moskito.cz\/it\/produkt\/coltello-pieghevole-benchmade-bugout-axis-535\/","title":{"rendered":"Coltello pieghevole Benchmade Bugout AXIS 535"},"content":{"rendered":"<p>Coltello <strong>Benchmade<\/strong> Bugout AXIS 535.<\/p>\n<p>Il Benchmade Bugout BM535 \u00e8 uno dei coltelli pi\u00f9 leggeri e versatili della sua categoria, progettato per il moderno avventuriero outdoor. La combinazione di materiali di qualit\u00e0 superiore, design innovativo e leggerezza lo hanno reso una scelta popolare tra gli appassionati di coltelli, escursioni e sopravvivenza. Qui di seguito trovi una descrizione dettagliata delle sue caratteristiche principali:  <\/p>\n<p>Caratteristiche principali<br \/>\nLama:<\/p>\n<p>Materiale: acciaio inossidabile premium CPM-S30V, noto per la sua resistenza alla corrosione e per l&#8217;eccellente tenuta della lama.<br \/>\nDurezza: 58-60 HRC, una combinazione ideale di resistenza e durezza.<br \/>\nStile: Drop Point, una forma versatile adatta a tagliare e pugnalare.<br \/>\nLunghezza: 8,23 cm (3,24&#8243;)<br \/>\nSpessore: 2,29 mm (0,090&#8243;)<br \/>\nManico:<\/p>\n<p>Materiale: Grivory (materiale composito leggero e resistente) con distanziali in alluminio anodizzato.<br \/>\nSpessore: 10,54 mm (0,42&#8243;)<br \/>\nColore: Blu.<br \/>\nCaratteristiche aggiuntive: Puntale anodizzato blu, ampio foro per il cordino.<br \/>\nMeccanismo di chiusura:<\/p>\n<p>Serratura AXIS &#8211; un meccanismo altamente affidabile e facile da usare che permette di aprire e chiudere senza problemi con una sola mano.<br \/>\nClip da tasca:<\/p>\n<p>In acciaio inox, a doppia faccia, per un trasporto profondo.<br \/>\nPeso:<\/p>\n<p>52,45 g (1,85 oz.) &#8211; estremamente leggero per il massimo comfort.<br \/>\nDimensioni:<\/p>\n<p>Lunghezza totale: 18,95 cm (7,46&#8243;)<br \/>\nLunghezza chiusa: 10,72 cm (4,22&#8243;)<br \/>\nVantaggi<br \/>\nLeggero: con un peso di soli 52,45 g, il Bugout \u00e8 la scelta ideale per il trasporto quotidiano (EDC) e le lunghe escursioni.<br \/>\nDurata: materiale della lama CPM-S30V e design robusto del manico per una lunga durata e affidabilit\u00e0.<br \/>\nComfort: design ergonomico del manico e maneggevolezza grazie al meccanismo di blocco AXIS.<br \/>\nScopo<br \/>\nQuesto coltello \u00e8 ideale per:<\/p>\n<p>Attivit\u00e0 all&#8217;aperto (campeggio, escursioni, sopravvivenza).<br \/>\nDa indossare tutti i giorni (EDC).<br \/>\nDa usare in campagna e in citt\u00e0.<br \/>\nProdotto negli Stati Uniti, il Benchmade Bugout BM535 \u00e8 un simbolo di precisione, qualit\u00e0 e prestazioni che chiunque cerchi un coltello affidabile e leggero apprezzer\u00e0.<\/p>\n<p>&nbsp;<\/p>\n<p>&nbsp;<\/p>\n<p>&nbsp;<\/p>\n","protected":false},"excerpt":{"rendered":"<p><strong>Il Benchmade Bugout BM535 \u00e8 uno dei coltelli pi\u00f9 leggeri e versatili della sua categoria, progettato per il moderno avventuriero outdoor. La combinazione di materiali di qualit\u00e0 superiore, design innovativo e leggerezza lo hanno reso una scelta popolare tra gli appassionati di coltelli, escursioni e sopravvivenza. <\/strong><\/p>\n<p><strong>Spedizione gratuita.<\/strong><\/p>\n<p>&nbsp;<\/p>\n","protected":false},"featured_media":373580,"comment_status":"open","ping_status":"closed","template":"","meta":[],"pwb-brand":[3976],"product_brand":[],"product_cat":[3749,3745],"product_tag":[],"class_list":{"0":"post-429302","1":"product","2":"type-product","3":"status-publish","4":"has-post-thumbnail","6":"pwb-brand-fatto-in-banco","7":"product_cat-coltelli-di-chiusura","8":"product_cat-coltelli","10":"first","11":"outofstock","12":"taxable","13":"shipping-taxable","14":"purchasable","15":"product-type-simple"},"brands":[{"id":3976,"name":"Fatto in banco","slug":"fatto-in-banco"}],"_links":{"self":[{"href":"https:\/\/www.moskito.cz\/it\/wp-json\/wp\/v2\/product\/429302","targetHints":{"allow":["GET"]}}],"collection":[{"href":"https:\/\/www.moskito.cz\/it\/wp-json\/wp\/v2\/product"}],"about":[{"href":"https:\/\/www.moskito.cz\/it\/wp-json\/wp\/v2\/types\/product"}],"replies":[{"embeddable":true,"href":"https:\/\/www.moskito.cz\/it\/wp-json\/wp\/v2\/comments?post=429302"}],"wp:featuredmedia":[{"embeddable":true,"href":"https:\/\/www.moskito.cz\/it\/wp-json\/wp\/v2\/media\/373580"}],"wp:attachment":[{"href":"https:\/\/www.moskito.cz\/it\/wp-json\/wp\/v2\/media?parent=429302"}],"wp:term":[{"taxonomy":"pwb-brand","embeddable":true,"href":"https:\/\/www.moskito.cz\/it\/wp-json\/wp\/v2\/pwb-brand?post=429302"},{"taxonomy":"product_brand","embeddable":true,"href":"https:\/\/www.moskito.cz\/it\/wp-json\/wp\/v2\/product_brand?post=429302"},{"taxonomy":"product_cat","embeddable":true,"href":"https:\/\/www.moskito.cz\/it\/wp-json\/wp\/v2\/product_cat?post=429302"},{"taxonomy":"product_tag","embeddable":true,"href":"https:\/\/www.moskito.cz\/it\/wp-json\/wp\/v2\/product_tag?post=429302"}],"curies":[{"name":"wp","href":"https:\/\/api.w.org\/{rel}","templated":true}]}}