{"id":429306,"date":"2024-10-10T21:56:59","date_gmt":"2024-10-10T20:56:59","guid":{"rendered":"https:\/\/www.moskito.cz\/produkt\/coltello-di-chiusura-emerson-patriot\/"},"modified":"2025-12-04T10:29:29","modified_gmt":"2025-12-04T09:29:29","slug":"coltello-di-chiusura-emerson-patriot","status":"publish","type":"product","link":"https:\/\/www.moskito.cz\/it\/produkt\/coltello-di-chiusura-emerson-patriot\/","title":{"rendered":"Coltello di chiusura Emerson Patriot"},"content":{"rendered":"<p>Chiusura del coltello <strong>Emerson<\/strong> Patriot.<\/p>\n<p><strong>L&#8217;Emerson Patriot<\/strong> \u00e8 dotato di una bellissima lama con bordo ricurvo e di un taglio superiore. Uno dei nostri coltelli pi\u00f9 particolari, il Patriot \u00e8 disponibile sia in pietra che in nero, con lame lisce o parzialmente seghettate. <\/p>\n<p>&#8220;Il patriota \u00e8 un umile coltello della classe operaia, come la spina dorsale dell&#8217;esercito di Washington, uomini e donne che entrarono in guerra per combattere per un ideale che sapevano essere giusto e corretto&#8221;. E come George Washington, non si arrenderanno mai, non si arrenderanno mai e saranno sempre pronti a intervenire per ci\u00f2 che \u00e8 giusto e corretto. <\/p>\n<p>Manico: G-10<br \/>\nBlocco: Titanio<br \/>\nLama: 154 cm<br \/>\nLunghezza totale: 22,87 cm<br \/>\nLunghezza lama: 9,75 cm<br \/>\nSpessore lama: 0,31 cm<br \/>\nDurezza 57-59RC<\/p>\n<p>&nbsp;<\/p>\n<p><iframe title=\"Emerson Patriot |  A Closer Look\" width=\"800\" height=\"450\" src=\"https:\/\/www.youtube.com\/embed\/V5luGMj8LCA?feature=oembed\" frameborder=\"0\" allow=\"accelerometer; autoplay; clipboard-write; encrypted-media; gyroscope; picture-in-picture; web-share\" referrerpolicy=\"strict-origin-when-cross-origin\" allowfullscreen><\/iframe><\/p>\n<p>&nbsp;<\/p>\n<p><iframe title=\"The Patriot by Ernest R. Emerson\" width=\"800\" height=\"450\" src=\"https:\/\/www.youtube.com\/embed\/i_a6v-xlyvI?feature=oembed\" frameborder=\"0\" allow=\"accelerometer; autoplay; clipboard-write; encrypted-media; gyroscope; picture-in-picture; web-share\" referrerpolicy=\"strict-origin-when-cross-origin\" allowfullscreen><\/iframe><\/p>\n<p>&nbsp;<\/p>\n<p>&nbsp;<\/p>\n","protected":false},"excerpt":{"rendered":"<p><strong>&#8220;Il Patriota \u00e8 un umile coltello della classe operaia, come la spina dorsale dell&#8217;esercito di Washington, uomini e donne che entrarono in guerra per combattere per un ideale che sapevano essere giusto e corretto.&#8221;<\/strong><\/p>\n<p><strong>Spedizione gratuita.<\/strong><\/p>\n","protected":false},"featured_media":363004,"comment_status":"open","ping_status":"closed","template":"","meta":[],"pwb-brand":[3783],"product_brand":[],"product_cat":[3749,3745],"product_tag":[],"class_list":{"0":"post-429306","1":"product","2":"type-product","3":"status-publish","4":"has-post-thumbnail","6":"pwb-brand-emerson-it","7":"product_cat-coltelli-di-chiusura","8":"product_cat-coltelli","10":"first","11":"outofstock","12":"taxable","13":"shipping-taxable","14":"purchasable","15":"product-type-simple"},"brands":[{"id":3783,"name":"Emerson","slug":"emerson-it"}],"_links":{"self":[{"href":"https:\/\/www.moskito.cz\/it\/wp-json\/wp\/v2\/product\/429306","targetHints":{"allow":["GET"]}}],"collection":[{"href":"https:\/\/www.moskito.cz\/it\/wp-json\/wp\/v2\/product"}],"about":[{"href":"https:\/\/www.moskito.cz\/it\/wp-json\/wp\/v2\/types\/product"}],"replies":[{"embeddable":true,"href":"https:\/\/www.moskito.cz\/it\/wp-json\/wp\/v2\/comments?post=429306"}],"wp:featuredmedia":[{"embeddable":true,"href":"https:\/\/www.moskito.cz\/it\/wp-json\/wp\/v2\/media\/363004"}],"wp:attachment":[{"href":"https:\/\/www.moskito.cz\/it\/wp-json\/wp\/v2\/media?parent=429306"}],"wp:term":[{"taxonomy":"pwb-brand","embeddable":true,"href":"https:\/\/www.moskito.cz\/it\/wp-json\/wp\/v2\/pwb-brand?post=429306"},{"taxonomy":"product_brand","embeddable":true,"href":"https:\/\/www.moskito.cz\/it\/wp-json\/wp\/v2\/product_brand?post=429306"},{"taxonomy":"product_cat","embeddable":true,"href":"https:\/\/www.moskito.cz\/it\/wp-json\/wp\/v2\/product_cat?post=429306"},{"taxonomy":"product_tag","embeddable":true,"href":"https:\/\/www.moskito.cz\/it\/wp-json\/wp\/v2\/product_tag?post=429306"}],"curies":[{"name":"wp","href":"https:\/\/api.w.org\/{rel}","templated":true}]}}