{"id":429333,"date":"2022-04-21T19:56:29","date_gmt":"2022-04-21T18:56:29","guid":{"rendered":"https:\/\/www.moskito.cz\/produkt\/coltello-da-chiusura-cold-steel-double-safe-hunter-slock-master\/"},"modified":"2025-12-04T10:29:46","modified_gmt":"2025-12-04T09:29:46","slug":"coltello-da-chiusura-cold-steel-double-safe-hunter-slock-master","status":"publish","type":"product","link":"https:\/\/www.moskito.cz\/it\/produkt\/coltello-da-chiusura-cold-steel-double-safe-hunter-slock-master\/","title":{"rendered":"Coltello da chiusura Cold Steel DOUBLE SAFE HUNTER SLOCK MASTER"},"content":{"rendered":"<p>Coltello da chiusura <strong>Cold Steel<\/strong> DOUBLE SAFE HUNTER SLOCK MASTER.<\/p>\n<p>Se stai cercando un cacciatore pieghevole economico ma dalle alte prestazioni, non cercare oltre il Double Safe Hunter. \u00c8 modellato sulla nostra popolarissima vecchia scuola Voyager. La sua lama larga e a punta \u00e8 lunga 3,5&#8243; e realizzata in acciaio 8Cr13MoV, temprato a una durezza di 57-58 Rockwell. Non importa che tipo di lavoro tu stia facendo, puoi essere sicuro di avere a portata di mano il coltello giusto, con una lama abbastanza piccola per i tagli pi\u00f9 complessi, ma abbastanza grande per abbattere qualsiasi cosa, da un topo a un alce. Il manico \u00e8 realizzato in nylon caricato a vetro (GFN), sottile ed ergonomico, ed \u00e8 dotato di una clip da tasca in acciaio. \u00c8 disponibile in tre opzioni di impugnatura: arancione, verde OD e una versione in stile mimetico. Come sempre, Cold Steel\u00ae ha pensato alle tue dita quando ha progettato il Double Safe.<\/p>\n<p>&#8220;Tim Wells \u00e8, a mio parere, il pi\u00f9 rispettato cacciatore con l&#8217;arco al mondo e molto abile con la lancia e altre armi primitive. Ho avuto il privilegio di condividere con lui molte avventure di caccia in giro per il mondo e sono sempre rimasto impressionato&#8221;. la sua conoscenza e il suo talento. Cos\u00ec, quando si \u00e8 innamorato del nostro Commercial Series Scalper (coltelli e pistole da tuttofare degli Indiani d&#8217;America), mi sono detto: perch\u00e9 non rifare la versione Slock Master? Ora \u00e8 disponibile con il manico rosso tipico di Tim e il suo famoso logo inciso sulla lama. \u00c8 in stock e pronto per essere spedito. Acquista il tuo oggi, perch\u00e9 sicuramente andranno a ruba&#8221; &#8211; Lynn Thompson<\/p>\n<p>PARAMETRI DEL PRODOTTO<br \/>\nColore : Rosso\/Argento<br \/>\nSpessore della lama : 3 mm<br \/>\nTipo di chiusura : Serratura sicura Doublu<br \/>\nMateriale del fodero : Clip in acciaio<br \/>\nAcciaio : 8Cr13MoV Stainless<br \/>\nMateriale impugnatura : Long GFNHandle<br \/>\nPeso : 116 g<br \/>\nLunghezza lama : 92 mm<br \/>\nDimensione totale : 215 mm<br \/>\nLunghezza impugnatura : 123 mm<\/p>\n<p>Se stai cercando un cacciatore pieghevole economico ma dalle alte prestazioni, non cercare oltre il Double Safe Hunter. \u00c8 modellato sul modello del nostro popolarissimo Voyager\u00ae vecchia scuola. La sua lama larga e a punta \u00e8 lunga 3,5&#8243; ed \u00e8 realizzata in acciaio 8Cr13MoV, temperato con durezza 57-58 Rockwell.   Non importa quale lavoro, puoi essere sicuro di avere il coltello giusto a portata di mano, con una lama abbastanza piccola per compiti di taglio complessi, ma abbastanza grande per scuoiare qualsiasi cosa, da un topo a un alce. \u00c8 un sogno da usare a lungo, ha un&#8217;impugnatura in nylon caricato a vetro (GFN) sottile ed ergonomica e una clip da tasca in acciaio. \u00c8 disponibile con tre varianti di impugnatura: arancione fiammante, verde OD e un&#8217;originale versione in stile mimetico. Come sempre, Cold Steel\u00ae ha pensato alle tue dita quando ha progettato Double Safe.   Il suo blocco a bilanciere all&#8217;avanguardia \u00e8 dotato di un meccanismo di sicurezza secondario che, una volta attivato, \u00e8 estremamente resistente agli urti e agli impatti.<\/p>\n<p>&#8220;Tim Wells \u00e8 il miglior cacciatore con l&#8217;arco al mondo, secondo me, ed \u00e8 molto abile anche con la lancia e altre armi primitive. Ho avuto il privilegio di condividere con lui molte avventure di caccia in giro per il mondo e sono sempre rimasto impressionato dalla sua conoscenza e dal suo talento. Ecco perch\u00e9 quando si \u00e8 innamorato del nostro Commercial Series Scalper (un coltello e un&#8217;arma da indiani d&#8217;America), mi sono detto: perch\u00e9 non rifare una versione Slock Master? Ora \u00e8 disponibile con il manico rosso tipico di Tim, con il suo famoso logo inciso sulla lama. \u00c8 in stock e in pronta consegna. Acquista il tuo oggi, perch\u00e9 sicuramente andranno a ruba&#8221; &#8211; Lynn Thompson<\/p>\n<p>Spessore della lama: 3 mm Lunghezza del manico\/Materiale: 4 7\/8in Long GFNHandle Acciaio della lama: 8Cr13MoV Lunghezza della lama: 3 1\/2in Lunghezza totale: 8 3\/8in Tipo di coltello: Folder Famiglia di prodotti: Double Safe Hunter Gamma di lunghezza della lama: 3-5 in Famiglia di acciaio: MoV Forma della lama: Clip Point Meccanismo di chiusura: Rocker Lock<\/p>\n","protected":false},"excerpt":{"rendered":"<p>Il Double Safe Hunter \u00e8 un coltello da lavoro da caccia progettato da Andrew Demko considerando il fatto che i coltelli da lavoro sono fortemente sollecitati e spesso vengono persi.<\/p>\n","protected":false},"featured_media":429335,"comment_status":"open","ping_status":"closed","template":"","meta":[],"pwb-brand":[3791],"product_brand":[],"product_cat":[3749,3745],"product_tag":[],"class_list":{"0":"post-429333","1":"product","2":"type-product","3":"status-publish","4":"has-post-thumbnail","6":"pwb-brand-acciaio-freddo","7":"product_cat-coltelli-di-chiusura","8":"product_cat-coltelli","10":"first","11":"outofstock","12":"taxable","13":"shipping-taxable","14":"purchasable","15":"product-type-simple"},"brands":[{"id":3791,"name":"Acciaio freddo","slug":"acciaio-freddo"}],"_links":{"self":[{"href":"https:\/\/www.moskito.cz\/it\/wp-json\/wp\/v2\/product\/429333","targetHints":{"allow":["GET"]}}],"collection":[{"href":"https:\/\/www.moskito.cz\/it\/wp-json\/wp\/v2\/product"}],"about":[{"href":"https:\/\/www.moskito.cz\/it\/wp-json\/wp\/v2\/types\/product"}],"replies":[{"embeddable":true,"href":"https:\/\/www.moskito.cz\/it\/wp-json\/wp\/v2\/comments?post=429333"}],"wp:featuredmedia":[{"embeddable":true,"href":"https:\/\/www.moskito.cz\/it\/wp-json\/wp\/v2\/media\/429335"}],"wp:attachment":[{"href":"https:\/\/www.moskito.cz\/it\/wp-json\/wp\/v2\/media?parent=429333"}],"wp:term":[{"taxonomy":"pwb-brand","embeddable":true,"href":"https:\/\/www.moskito.cz\/it\/wp-json\/wp\/v2\/pwb-brand?post=429333"},{"taxonomy":"product_brand","embeddable":true,"href":"https:\/\/www.moskito.cz\/it\/wp-json\/wp\/v2\/product_brand?post=429333"},{"taxonomy":"product_cat","embeddable":true,"href":"https:\/\/www.moskito.cz\/it\/wp-json\/wp\/v2\/product_cat?post=429333"},{"taxonomy":"product_tag","embeddable":true,"href":"https:\/\/www.moskito.cz\/it\/wp-json\/wp\/v2\/product_tag?post=429333"}],"curies":[{"name":"wp","href":"https:\/\/api.w.org\/{rel}","templated":true}]}}