{"id":429421,"date":"2019-05-12T17:00:04","date_gmt":"2019-05-12T16:00:04","guid":{"rendered":"https:\/\/www.moskito.cz\/produkt\/multitool-leatherman-wave-plus\/"},"modified":"2025-12-09T10:31:40","modified_gmt":"2025-12-09T09:31:40","slug":"multitool-leatherman-wave-plus","status":"publish","type":"product","link":"https:\/\/www.moskito.cz\/it\/produkt\/multitool-leatherman-wave-plus\/","title":{"rendered":"Multitool Leatherman WAVE Plus"},"content":{"rendered":"<p data-start=\"0\" data-end=\"497\">Quando prenderai in mano il <strong data-start=\"20\" data-end=\"44\">Leatherman WAVE Plus<\/strong>, capirai subito perch\u00e9 questo multiutensile \u00e8 uno dei pi\u00f9 venduti e apprezzati al mondo. La solida struttura in acciaio inossidabile, i 18 strumenti progettati con precisione e i dettagli curati rendono il WAVE Plus un compagno affidabile per ogni situazione, dalle piccole riparazioni alle avventure all&#8217;aria aperta. La versione aggiornata con le lame delle pinze sostituibili aumenta ulteriormente la durata, dandoti la certezza che il tuo multiutensile potr\u00e0 affrontare anni di duro utilizzo.  <\/p>\n<p data-start=\"499\" data-end=\"654\">Questo multiutensile non si limita agli utensili, ma ti permette di avere tutto ci\u00f2 che ti serve a portata di mano. Robusto ma portatile e sempre pronto a mostrare la sua versatilit\u00e0. <\/p>\n<hr data-start=\"656\" data-end=\"659\">\n<p data-start=\"661\" data-end=\"714\">\ud83d\udd27 S <strong data-start=\"664\" data-end=\"712\">pecifiche tecniche (Leatherman WAVE Plus)<\/strong><\/p>\n<ul data-start=\"716\" data-end=\"1282\">\n<li data-start=\"716\" data-end=\"760\">\n<p data-start=\"718\" data-end=\"760\">Lunghezza totale (aperta): 16 cm<\/p>\n<\/li>\n<li data-start=\"761\" data-end=\"798\">\n<p data-start=\"763\" data-end=\"798\">Lunghezza del multiutensile chiuso: 10 cm<\/p>\n<\/li>\n<li data-start=\"799\" data-end=\"824\">\n<p data-start=\"801\" data-end=\"824\">Lunghezza della lama: 7,37 cm<\/p>\n<\/li>\n<li data-start=\"825\" data-end=\"848\">\n<p data-start=\"827\" data-end=\"848\">Peso: circa 241 g<\/p>\n<\/li>\n<li data-start=\"849\" data-end=\"892\">\n<p data-start=\"851\" data-end=\"892\">Materiale: acciaio inossidabile di alta qualit\u00e0<\/p>\n<\/li>\n<li data-start=\"893\" data-end=\"915\">\n<p data-start=\"895\" data-end=\"915\">Numero di strumenti: 18<\/p>\n<\/li>\n<li data-start=\"916\" data-end=\"1163\">\n<p data-start=\"918\" data-end=\"1163\">Strumenti: pinze con lame intercambiabili, pinze per spaccare, coltello in acciaio inossidabile, coltello seghettato, lima per legno\/metallo, lima diamantata, forbici, apribottiglie, apriscatole, punteruolo, vari cacciaviti e punte, righello e altro ancora.<\/p>\n<\/li>\n<li data-start=\"1164\" data-end=\"1236\">\n<p data-start=\"1166\" data-end=\"1236\">Funzionamento con una sola mano: s\u00ec &#8211; le lame selezionate possono essere aperte con una sola mano<\/p>\n<\/li>\n<li data-start=\"1237\" data-end=\"1282\">\n<p data-start=\"1239\" data-end=\"1282\">Custodia: custodia in nylon inclusa<\/p>\n<\/li>\n<\/ul>\n<hr data-start=\"1284\" data-end=\"1287\">\n<p data-start=\"1289\" data-end=\"1310\">\u2705 <strong data-start=\"1291\" data-end=\"1308\">Principali vantaggi<\/strong><\/p>\n<ul data-start=\"1312\" data-end=\"1726\">\n<li data-start=\"1312\" data-end=\"1387\">\n<p data-start=\"1314\" data-end=\"1387\"><strong data-start=\"1314\" data-end=\"1347\">18 strumenti in un corpo compatto<\/strong>: dai coltelli alle pinze, sempre a portata di mano.<\/p>\n<\/li>\n<li data-start=\"1388\" data-end=\"1455\">\n<p data-start=\"1390\" data-end=\"1455\"><strong data-start=\"1390\" data-end=\"1418\">Lame delle pinze sostituibili<\/strong>: prolungano la vita del multiutensile.<\/p>\n<\/li>\n<li data-start=\"1456\" data-end=\"1540\">\n<p data-start=\"1458\" data-end=\"1540\"><strong data-start=\"1458\" data-end=\"1489\">Apertura della lama con una sola mano<\/strong>: accesso rapido al coltello senza doverlo aprire.<\/p>\n<\/li>\n<li data-start=\"1541\" data-end=\"1597\">\n<p data-start=\"1543\" data-end=\"1597\"><strong data-start=\"1543\" data-end=\"1560\">Acciaio inossidabile<\/strong> &#8211; resistente alla corrosione e all&#8217;usura.<\/p>\n<\/li>\n<li data-start=\"1598\" data-end=\"1658\">\n<p data-start=\"1600\" data-end=\"1658\"><strong data-start=\"1600\" data-end=\"1629\">Custodia in nylon inclusa<\/strong>: facile da indossare alla cintura.<\/p>\n<\/li>\n<li data-start=\"1659\" data-end=\"1726\">\n<p data-start=\"1661\" data-end=\"1726\"><strong data-start=\"1661\" data-end=\"1679\">Un modello iconico<\/strong>, collaudato da anni e da utenti di tutto il mondo.<\/p>\n<\/li>\n<\/ul>\n<hr data-start=\"1728\" data-end=\"1731\">\n<p data-start=\"1733\" data-end=\"1755\">\u26a0\ufe0f <strong data-start=\"1736\" data-end=\"1753\">Possibili restrizioni<\/strong><\/p>\n<ul data-start=\"1757\" data-end=\"2065\">\n<li data-start=\"1757\" data-end=\"1824\">\n<p data-start=\"1759\" data-end=\"1824\"><strong data-start=\"1759\" data-end=\"1777\">Peso 241 g<\/strong> &#8211; in tasca si nota, ideale piuttosto nella custodia.<\/p>\n<\/li>\n<li data-start=\"1825\" data-end=\"1943\">\n<p data-start=\"1827\" data-end=\"1943\"><strong data-start=\"1827\" data-end=\"1860\">Non ci sono acciai speciali di qualit\u00e0 superiore<\/strong> per i coltelli: l&#8217;acciaio inossidabile standard \u00e8 pienamente sufficiente, ma non impressioner\u00e0 i collezionisti di lame di alto livello.<\/p>\n<\/li>\n<li data-start=\"1944\" data-end=\"2065\">\n<p data-start=\"1946\" data-end=\"2065\"><strong data-start=\"1946\" data-end=\"2007\">Gli strumenti non sono destinati a compiti estremamente specializzati<\/strong>: si tratta di uno strumento di uso generale, non di uno strumento professionale da officina.<\/p>\n<\/li>\n<\/ul>\n<hr data-start=\"2067\" data-end=\"2070\">\n<p data-start=\"2072\" data-end=\"2095\">\ud83d\udee0\ufe0f <strong data-start=\"2076\" data-end=\"2093\">Manutenzione e cura<\/strong><\/p>\n<ul data-start=\"2097\" data-end=\"2556\">\n<li data-start=\"2097\" data-end=\"2176\">\n<p data-start=\"2099\" data-end=\"2176\">Asciuga il multiutensile dopo l&#8217;uso, soprattutto dopo il contatto con l&#8217;umidit\u00e0.<\/p>\n<\/li>\n<li data-start=\"2177\" data-end=\"2236\">\n<p data-start=\"2179\" data-end=\"2236\">Di tanto in tanto lubrifica le articolazioni e le parti mobili con un olio di buona qualit\u00e0.<\/p>\n<\/li>\n<li data-start=\"2237\" data-end=\"2299\">\n<p data-start=\"2239\" data-end=\"2299\">Sciacqua e asciuga il multiutensile dopo aver lavorato con sostanze aggressive.<\/p>\n<\/li>\n<li data-start=\"2300\" data-end=\"2556\">\n<p data-start=\"2302\" data-end=\"2556\">Le lame possono essere mantenute affilate &#8211; <strong data-start=\"2330\" data-end=\"2554\">per mantenere la lama affilata, consigliamo il sistema di <a class=\"decorated-link cursor-pointer\" target=\"_new\" rel=\"noopener\" data-start=\"2363\" data-end=\"2452\">affilatura completo Spyderco Tri-Angle Sharpmaker 204MF.<\/a><\/strong><\/p>\n<\/li>\n<li data-start=\"2300\" data-end=\"2556\">\n<p data-start=\"2563\" data-end=\"2586\">\ud83c\udfaf <strong data-start=\"2566\" data-end=\"2584\">Consigliato per<\/strong><\/p>\n<ul data-start=\"2588\" data-end=\"2858\">\n<li data-start=\"2588\" data-end=\"2649\">\n<p data-start=\"2590\" data-end=\"2649\">Gli appassionati di outdoor che hanno bisogno di uno strumento versatile.<\/p>\n<\/li>\n<li data-start=\"2650\" data-end=\"2714\">\n<p data-start=\"2652\" data-end=\"2714\">Viaggiatori e turisti che desiderano un&#8217;officina compatta da tenere in tasca.<\/p>\n<\/li>\n<li data-start=\"2715\" data-end=\"2777\">\n<p data-start=\"2717\" data-end=\"2777\">Professionisti alla ricerca di un multitool affidabile per il lavoro.<\/p>\n<\/li>\n<li data-start=\"2778\" data-end=\"2858\">\n<p data-start=\"2780\" data-end=\"2858\">Chiunque apprezzi la combinazione di funzionalit\u00e0, affidabilit\u00e0 e design iconico.<\/p>\n<\/li>\n<\/ul>\n<hr data-start=\"2860\" data-end=\"2863\">\n<p data-start=\"2865\" data-end=\"2892\">\u2b50 <strong data-start=\"2867\" data-end=\"2890\">Valutazione finale<\/strong><\/p>\n<p data-start=\"2894\" data-end=\"3285\"><strong data-start=\"2894\" data-end=\"2918\">Leatherman WAVE Plus<\/strong> \u00e8 un multiutensile che definisce gli standard. Il suo design robusto, l&#8217;ampia gamma di strumenti e la possibilit\u00e0 di cambiare le lame delle pinze lo rendono la scelta numero uno per gli utenti di tutto il mondo. \u00c8 un attrezzo versatile che non delude n\u00e9 sul campo n\u00e9 nella vita di tutti i giorni. Se cerchi un multiutensile affidabile, di lunga durata e con un ottimo rapporto qualit\u00e0\/prezzo, WAVE Plus \u00e8 una certezza.   <\/p>\n<\/li>\n<\/ul>\n<p>&nbsp;<\/p>\n<p><iframe title=\"Wave+ Multi-tool Overview\" width=\"800\" height=\"450\" src=\"https:\/\/www.youtube.com\/embed\/TuaAsoscXyY?feature=oembed\" frameborder=\"0\" allow=\"accelerometer; autoplay; clipboard-write; encrypted-media; gyroscope; picture-in-picture; web-share\" referrerpolicy=\"strict-origin-when-cross-origin\" allowfullscreen><\/iframe><\/p>\n<p>&nbsp;<\/p>\n<p>&nbsp;<\/p>\n<p>&nbsp;<\/p>\n<p>&nbsp;<\/p>\n","protected":false},"excerpt":{"rendered":"<p><strong>Leatherman WAVE Plus \u00e8 un multiutensile che definisce gli standard. Il suo design robusto, l&#8217;ampia gamma di strumenti e la possibilit\u00e0 di cambiare le lame delle pinze lo rendono la scelta numero uno per gli utenti di tutto il mondo. <\/strong><br \/>\n<strong>Spedizione gratuita.<\/strong><\/p>\n","protected":false},"featured_media":358890,"comment_status":"open","ping_status":"closed","template":"","meta":[],"pwb-brand":[3935],"product_brand":[],"product_cat":[3744],"product_tag":[],"class_list":{"0":"post-429421","1":"product","2":"type-product","3":"status-publish","4":"has-post-thumbnail","6":"pwb-brand-pellettiere","7":"product_cat-multi-attrezzo","9":"first","10":"outofstock","11":"taxable","12":"shipping-taxable","13":"purchasable","14":"product-type-simple"},"brands":[{"id":3935,"name":"Pellettiere","slug":"pellettiere"}],"_links":{"self":[{"href":"https:\/\/www.moskito.cz\/it\/wp-json\/wp\/v2\/product\/429421","targetHints":{"allow":["GET"]}}],"collection":[{"href":"https:\/\/www.moskito.cz\/it\/wp-json\/wp\/v2\/product"}],"about":[{"href":"https:\/\/www.moskito.cz\/it\/wp-json\/wp\/v2\/types\/product"}],"replies":[{"embeddable":true,"href":"https:\/\/www.moskito.cz\/it\/wp-json\/wp\/v2\/comments?post=429421"}],"wp:featuredmedia":[{"embeddable":true,"href":"https:\/\/www.moskito.cz\/it\/wp-json\/wp\/v2\/media\/358890"}],"wp:attachment":[{"href":"https:\/\/www.moskito.cz\/it\/wp-json\/wp\/v2\/media?parent=429421"}],"wp:term":[{"taxonomy":"pwb-brand","embeddable":true,"href":"https:\/\/www.moskito.cz\/it\/wp-json\/wp\/v2\/pwb-brand?post=429421"},{"taxonomy":"product_brand","embeddable":true,"href":"https:\/\/www.moskito.cz\/it\/wp-json\/wp\/v2\/product_brand?post=429421"},{"taxonomy":"product_cat","embeddable":true,"href":"https:\/\/www.moskito.cz\/it\/wp-json\/wp\/v2\/product_cat?post=429421"},{"taxonomy":"product_tag","embeddable":true,"href":"https:\/\/www.moskito.cz\/it\/wp-json\/wp\/v2\/product_tag?post=429421"}],"curies":[{"name":"wp","href":"https:\/\/api.w.org\/{rel}","templated":true}]}}