{"id":429489,"date":"2023-02-22T20:46:44","date_gmt":"2023-02-22T19:46:44","guid":{"rendered":"https:\/\/www.moskito.cz\/produkt\/coltello-a-espulsione-microtech-hera-702-10aprd\/"},"modified":"2025-12-10T14:56:21","modified_gmt":"2025-12-10T13:56:21","slug":"coltello-a-espulsione-microtech-hera-702-10aprd","status":"publish","type":"product","link":"https:\/\/www.moskito.cz\/it\/produkt\/coltello-a-espulsione-microtech-hera-702-10aprd\/","title":{"rendered":"Coltello a espulsione Microtech Hera 702-10APRD"},"content":{"rendered":"<p>Coltello a espulsione <strong>Microtech<\/strong> Hera 702-10APRD<\/p>\n<p><strong>La Hera<\/strong> \u00e8 una bellissima auto con frontale a doppia azione con una forma del telaio liberamente ispirata al design Troodon. \u00c8 pi\u00f9 ergonomico, per\u00f2, con toppe lavorate vicino alle estremit\u00e0 per una presa migliore e, a nostro avviso, un aspetto migliore. Tutto in questo design esprime sia raffinatezza che funzionalit\u00e0. \u00c8 uno dei migliori design OTF automatici a tutto tondo in un campo estremamente affollato e dimensionato perfettamente per il trasporto quotidiano.<\/p>\n<p>Specifiche:<br \/>\nLunghezza lama: 8 cm<br \/>\nLunghezza totale: 19 cm<br \/>\nMateriale della lama: Si prega di notare che l&#8217;acciaio della lama non pu\u00f2 essere specificato in anticipo in quanto pu\u00f2 variare a seconda della disponibilit\u00e0 (informazioni da Microtech)<br \/>\nSpessore della lama: 0,094\u2033<br \/>\nStile della lama: Drop Point<br \/>\nAffilatura della lama: Piatta<br \/>\nFinitura della lama: Apocalittica<br \/>\nMateriale del manico: Alluminio anodizzato<br \/>\nMeccanismo di chiusura: Thumb Slide<br \/>\nClip da tasca: Titanio (pieghevole, trasporto a destra)<br \/>\nPeso: 3,10 once<br \/>\nDesigner: Tony e Sean Marfione<br \/>\nProdotto negli USA<\/p>\n<p><iframe title=\"Microtech Combat Troodon Torture Test\" width=\"800\" height=\"450\" src=\"https:\/\/www.youtube.com\/embed\/xE9TeOFYEjg?feature=oembed\" frameborder=\"0\" allow=\"accelerometer; autoplay; clipboard-write; encrypted-media; gyroscope; picture-in-picture; web-share\" referrerpolicy=\"strict-origin-when-cross-origin\" allowfullscreen><\/iframe><\/p>\n<p>&nbsp;<\/p>\n<p>&nbsp;<\/p>\n","protected":false},"excerpt":{"rendered":"<p>Nel corso degli anni, <strong>Microtech\u00ae<\/strong> Knives ha infuso nella produzione di coltelli passione e abilit\u00e0 per creare quasi opere d&#8217;arte che sono l&#8217;apice della funzionalit\u00e0.<br \/>\n Tutti<strong>i coltelli Microtech sono garantiti a vita (min. 80.000 cicli, apertura e chiusura)<\/strong><\/p>\n<p><strong>Spedizione gratuita.<\/strong><\/p>\n","protected":false},"featured_media":429490,"comment_status":"open","ping_status":"closed","template":"","meta":[],"pwb-brand":[3753],"product_brand":[],"product_cat":[3748,3745],"product_tag":[3755],"class_list":{"0":"post-429489","1":"product","2":"type-product","3":"status-publish","4":"has-post-thumbnail","6":"pwb-brand-microtecnologia-it","7":"product_cat-coltelli-da-tiro","8":"product_cat-coltelli","9":"product_tag-b2b-it","11":"first","12":"outofstock","13":"taxable","14":"shipping-taxable","15":"purchasable","16":"product-type-simple"},"brands":[{"id":3753,"name":"Microtecnologia","slug":"microtecnologia-it"}],"_links":{"self":[{"href":"https:\/\/www.moskito.cz\/it\/wp-json\/wp\/v2\/product\/429489","targetHints":{"allow":["GET"]}}],"collection":[{"href":"https:\/\/www.moskito.cz\/it\/wp-json\/wp\/v2\/product"}],"about":[{"href":"https:\/\/www.moskito.cz\/it\/wp-json\/wp\/v2\/types\/product"}],"replies":[{"embeddable":true,"href":"https:\/\/www.moskito.cz\/it\/wp-json\/wp\/v2\/comments?post=429489"}],"wp:featuredmedia":[{"embeddable":true,"href":"https:\/\/www.moskito.cz\/it\/wp-json\/wp\/v2\/media\/429490"}],"wp:attachment":[{"href":"https:\/\/www.moskito.cz\/it\/wp-json\/wp\/v2\/media?parent=429489"}],"wp:term":[{"taxonomy":"pwb-brand","embeddable":true,"href":"https:\/\/www.moskito.cz\/it\/wp-json\/wp\/v2\/pwb-brand?post=429489"},{"taxonomy":"product_brand","embeddable":true,"href":"https:\/\/www.moskito.cz\/it\/wp-json\/wp\/v2\/product_brand?post=429489"},{"taxonomy":"product_cat","embeddable":true,"href":"https:\/\/www.moskito.cz\/it\/wp-json\/wp\/v2\/product_cat?post=429489"},{"taxonomy":"product_tag","embeddable":true,"href":"https:\/\/www.moskito.cz\/it\/wp-json\/wp\/v2\/product_tag?post=429489"}],"curies":[{"name":"wp","href":"https:\/\/api.w.org\/{rel}","templated":true}]}}