{"id":429495,"date":"2025-07-05T08:51:53","date_gmt":"2025-07-05T07:51:53","guid":{"rendered":"https:\/\/www.moskito.cz\/produkt\/coltello-da-cucina-arcos-carnicero-color-amarillo-serie-2900-150-mm\/"},"modified":"2025-12-10T16:10:58","modified_gmt":"2025-12-10T15:10:58","slug":"coltello-da-cucina-arcos-carnicero-color-amarillo-serie-2900-150-mm","status":"publish","type":"product","link":"https:\/\/www.moskito.cz\/it\/produkt\/coltello-da-cucina-arcos-carnicero-color-amarillo-serie-2900-150-mm\/","title":{"rendered":"Coltello da cucina Arcos Carnicero color amarillo Serie 2900 150 mm"},"content":{"rendered":"<p data-pm-slice=\"1 1 []\">\ud83d\udd25 <strong>Coltello da cucina Arcos Carnicero Color Amarillo Serie 2900 &#8211; Robusto coltello da macellaio con lama da 150 mm per lavori impegnativi con la carne<\/strong><\/p>\n<p>Arcos Carnicero Color Amarillo Serie 2900, con una lama lunga 150 mm, \u00e8 un coltello da macellaio professionale progettato per il taglio e l&#8217;intaglio di carne, ossa e tagli pi\u00f9 grandi. Grazie all&#8217;acciaio NITRUM\u00ae di alta qualit\u00e0 e all&#8217;impugnatura ergonomica colorata, soddisfa gli elevati standard igienici HACCP, diventando uno strumento indispensabile nelle cucine professionali e nelle macellerie. <\/p>\n<p>Il manico giallo fa parte del sistema di colori HACCP, che aiuta a prevenire la contaminazione incrociata degli alimenti e aumenta la sicurezza sul posto di lavoro.<\/p>\n<div>\n<hr>\n<\/div>\n<p>\ud83d\udcd0 <strong>Specifiche tecniche:<\/strong><\/p>\n<ul data-spread=\"false\">\n<li>Lunghezza complessiva: circa 290 mm<\/li>\n<li>Lunghezza della lama: 150 mm<\/li>\n<li>Materiale della lama: acciaio inossidabile NITRUM\u00ae<\/li>\n<li>Durezza della lama: 56\u201358 HRC<\/li>\n<li>Forma della lama: robusta, larga, leggermente ricurva con una punta affilata, ideale per tagliare la carne e rifilare le ossa<\/li>\n<li>Trattamento superficiale: satinato<\/li>\n<li>Manico: manico ergonomico in plastica iniettata (PP) di colore giallo HACCP<\/li>\n<li>Resistenza alle maniglie: al calore fino a 120 \u00b0C, agli agenti chimici e agli urti<\/li>\n<li>Peso: circa 90 g<\/li>\n<li>Produttore: ARCOS, Spagna<\/li>\n<\/ul>\n<div>\n<hr>\n<\/div>\n<p>\ud83d\udfe2 <strong>Principali vantaggi:<\/strong><\/p>\n<p>\u2705 Lama robusta e durevole in acciaio NITRUM\u00ae per un&#8217;affilatura duratura anche nelle operazioni di macelleria pi\u00f9 impegnative<br \/>\n\u2705 Manico ergonomico e igienico in sistema HACCP &#8211; ideale per l&#8217;uso professionale<br \/>\n\u2705 Adatto al taglio di tagli di carne pi\u00f9 grandi e alla rimozione delle ossa grazie alla forma robusta della lama \u2705 Peso leggero e buona maneggevolezza per un lavoro sicuro anche in caso di uso prolungato \u2705 Resistenza del manico e garanzia di alta qualit\u00e0. tagli di carne pi\u00f9 grandi e alla rimozione delle ossa grazie alla robusta forma della lama<br \/>\n\u2705 Leggerezza e maneggevolezza per un lavoro sicuro anche in caso di uso prolungato<br \/>\n\u2705 La resistenza del manico agli agenti chimici e alle alte temperature garantisce una lunga durata<\/p>\n<div>\n<hr>\n<\/div>\n<p>\ud83d\udd34 <strong>Possibili svantaggi:<\/strong><\/p>\n<p>\u26a0\ufe0f Il coltello \u00e8 specializzato principalmente per la carne, non \u00e8 adatto per lavori generici in cucina<br \/>\n\u26a0\ufe0f L&#8217;impugnatura in plastica pu\u00f2 essere meno comoda rispetto ai materiali morbidi o in legno<br \/>\n\u26a0\ufe0f Gli utenti meno esperti possono trovare la lama robusta meno precisa per i lavori di precisione.<\/p>\n<div>\n<hr>\n<\/div>\n<p>\ud83d\udee0\ufe0f <strong>Manutenzione e rettifica:<\/strong><\/p>\n<ul data-spread=\"false\">\n<li>Lava e asciuga il coltello dopo ogni utilizzo per evitare la corrosione e i danni al manico.<\/li>\n<li>Ti consigliamo di affilare regolarmente la lama con il <strong>Vulcanus Classic G2<\/strong>, ideale per la manutenzione domestica e professionale.<\/li>\n<li>Per affilare velocemente o per viaggiare, il temperino <strong>Vulcanus<\/strong> pieghevole \u00e8 pratico e facile da trasportare.<\/li>\n<li>Entrambi i macinini possono essere acquistati su <a href=\"https:\/\/www.moskito.cz\/it\/produkt\/affilacoltelli-vulkanus-classic-g2\/\">Moskito.cz &#8211; Vulk\u00e1nus Classic G2<\/a> e <a href=\"https:\/\/www.moskito.cz\/produkt\/vulkanus-brousek-na-noze-skladaci\/\">Moskito.cz &#8211; Vulk\u00e1nus folding<\/a>.<\/li>\n<\/ul>\n<div>\n<hr>\n<\/div>\n<p>\ud83d\udcca <strong>Confronto con i concorrenti:<\/strong><\/p>\n<p>\ud83d\udd39 <strong>ARCOS vs. KDS Sedl\u010dany<\/strong><br \/>\n\u2705 ARCOS offre una maggiore durezza delle lame e una loro maggiore durata grazie alla tecnologia NITRUM\u00ae<br \/>\n\u2705 La marcatura a colori HACCP aumenta significativamente l&#8217;igiene rispetto ai classici manici KDS<br \/>\n\ud83d\udd01 KDS ha una struttura robusta, ma una minore durata delle lame nell&#8217;utilizzo a lungo termine<br \/>\n\u27a1\ufe0f <em>ARCOS \u00e8 la scelta pi\u00f9 chiara per i professionisti<\/em><\/p>\n<p>\ud83d\udd39 <strong>ARCOS vs. Fiskars<\/strong><br \/>\n\u2705 ARCOS ha una lama pi\u00f9 dura e un sistema di differenziazione dei colori HACCP che Fiskars di solito non offre<br \/>\n\ud83d\udd01 Fiskars offre manici pi\u00f9 ergonomici e ammorbiditi, ma le lame hanno una durata inferiore<br \/>\n\u27a1\ufe0f <em>Per le cucine professionali, ARCOS \u00e8 pi\u00f9 pratico<\/em><\/p>\n<p>\ud83d\udd39 <strong>ARCOS vs. DICK (Friedr. Dick)<\/strong><br \/>\n\ud83d\udd01 DICK ha spesso lame pi\u00f9 robuste e dure, ma a un prezzo significativamente pi\u00f9 alto<br \/>\n\u2705 ARCOS \u00e8 pi\u00f9 leggero, pi\u00f9 comodo e offre un ottimo rapporto qualit\u00e0-prezzo con un sistema HACCP a colori<br \/>\n\u27a1\ufe0f <em>ARCOS offre una scelta versatile e conveniente<\/em><\/p>\n<div>\n<hr>\n<\/div>\n<p>\u2764\ufe0f <strong>Perch\u00e9 ti piacer\u00e0:<\/strong><\/p>\n<p>Arcos Carnicero Color Amarillo ti offre precisione, durata e comfort quando lavori con carne e ossa. Grazie alla sua ergonomia e al design igienico, sarai sicuro di te ad ogni taglio, sia che tu sia un professionista o un cuoco casalingo esigente. <\/p>\n<div>\n<hr>\n<\/div>\n<p>\u2705 <strong>Valutazione finale:<\/strong><\/p>\n<p>Arcos Carnicero Color Amarillo Serie 2900 \u00e8 un potente coltello da macellaio che combina alta qualit\u00e0, igiene e comfort. Con una lama da 150 mm e acciaio NITRUM\u00ae, \u00e8 la scelta ideale per chi ha bisogno di strumenti professionali. <\/p>\n<p>\ud83d\udce2 Non dimenticare di completare la tua cucina con un temperino Vulcanus di qualit\u00e0 da Moskito.cz! \ud83d\uded2<\/p>\n","protected":false},"excerpt":{"rendered":"<p><strong>Arcos Carnicero Color Amarillo ti offre precisione, durata e comfort quando lavori con carne e ossa. Grazie alla sua ergonomia e al design igienico, sarai sicuro di te ad ogni taglio, sia che tu sia un professionista o un cuoco casalingo esigente. <\/strong><\/p>\n","protected":false},"featured_media":412854,"comment_status":"open","ping_status":"closed","template":"","meta":[],"pwb-brand":[4058],"product_brand":[],"product_cat":[3738],"product_tag":[],"class_list":{"0":"post-429495","1":"product","2":"type-product","3":"status-publish","4":"has-post-thumbnail","6":"pwb-brand-arcos-it","7":"product_cat-coltelli-da-cucina","9":"first","10":"instock","11":"taxable","12":"shipping-taxable","13":"purchasable","14":"product-type-simple"},"brands":[{"id":4058,"name":"Arcos","slug":"arcos-it"}],"_links":{"self":[{"href":"https:\/\/www.moskito.cz\/it\/wp-json\/wp\/v2\/product\/429495","targetHints":{"allow":["GET"]}}],"collection":[{"href":"https:\/\/www.moskito.cz\/it\/wp-json\/wp\/v2\/product"}],"about":[{"href":"https:\/\/www.moskito.cz\/it\/wp-json\/wp\/v2\/types\/product"}],"replies":[{"embeddable":true,"href":"https:\/\/www.moskito.cz\/it\/wp-json\/wp\/v2\/comments?post=429495"}],"wp:featuredmedia":[{"embeddable":true,"href":"https:\/\/www.moskito.cz\/it\/wp-json\/wp\/v2\/media\/412854"}],"wp:attachment":[{"href":"https:\/\/www.moskito.cz\/it\/wp-json\/wp\/v2\/media?parent=429495"}],"wp:term":[{"taxonomy":"pwb-brand","embeddable":true,"href":"https:\/\/www.moskito.cz\/it\/wp-json\/wp\/v2\/pwb-brand?post=429495"},{"taxonomy":"product_brand","embeddable":true,"href":"https:\/\/www.moskito.cz\/it\/wp-json\/wp\/v2\/product_brand?post=429495"},{"taxonomy":"product_cat","embeddable":true,"href":"https:\/\/www.moskito.cz\/it\/wp-json\/wp\/v2\/product_cat?post=429495"},{"taxonomy":"product_tag","embeddable":true,"href":"https:\/\/www.moskito.cz\/it\/wp-json\/wp\/v2\/product_tag?post=429495"}],"curies":[{"name":"wp","href":"https:\/\/api.w.org\/{rel}","templated":true}]}}