{"id":429579,"date":"2023-12-20T19:41:46","date_gmt":"2023-12-20T18:41:46","guid":{"rendered":"https:\/\/www.moskito.cz\/produkt\/coltello-pieghevole-rockstead-shin-dlc-giapponese\/"},"modified":"2025-12-15T15:53:30","modified_gmt":"2025-12-15T14:53:30","slug":"coltello-pieghevole-rockstead-shin-dlc-giapponese","status":"publish","type":"product","link":"https:\/\/www.moskito.cz\/it\/produkt\/coltello-pieghevole-rockstead-shin-dlc-giapponese\/","title":{"rendered":"Coltello pieghevole Rockstead SHIN-DLC Giapponese"},"content":{"rendered":"<p>Coltello pieghevole <strong>Rockstead<\/strong> SHIN-DLC Giapponese<\/p>\n<p>I <strong>coltelli Rockstead<\/strong> sono, a nostro avviso, tra i migliori coltelli disponibili sul mercato. La meticolosa lavorazione artigianale e il design unico di Rockstead fanno s\u00ec che questa cartella semi-custom valga il prezzo pi\u00f9 alto. Lo SHIN \u00e8 una versione pi\u00f9 grande del Rockstead KOU e presenta una lama YXR7 DLC lucida da 3,5&#8243; e manici in alluminio con inserti in razze. L&#8217;apertura \u00e8 fluida, con una solida chiusura che tiene la lama saldamente in posizione. L&#8217;incredibile finitura a specchio \u00e8 ottenuta grazie al trattamento termico della lama e alla successiva levigatura a mano con carta vetrata a 400, 600, 800, 1200 e 2000 grane. Si tratta di un&#8217;operazione molto intensa e che richiede molto tempo, perch\u00e9 se durante questo processo compaiono dei graffi, la lama deve essere rimandata alla fase precedente per essere riparata. I ragazzi di Rockstead hanno imparato questo processo per dare al coltello una finitura bellissima e un bordo affilato come nessun altro. Ogni coltello \u00e8 numerato singolarmente e include un certificato di autenticit\u00e0.         <\/p>\n<p>&nbsp;<\/p>\n<p>Specifiche:<br \/>\nLunghezza della lama: 8,75 cm<br \/>\nLunghezza da chiuso: 12,17 cm<br \/>\nLunghezza totale: 20.62 cm<br \/>\nMateriale della lama: acciaio al carbonio YXR7<br \/>\nDurezza della lama: 65 HRC (circa)<br \/>\nStile della lama: Drop Point<br \/>\nAffilatura della lama: Convex<br \/>\nFinitura della lama: DLC (Diamond Like Coating), Black Polished<br \/>\nSpessore del manico: 0,62&#8243;<br \/>\nMateriale dell&#8217;impugnatura: Alluminio anodizzato duro A6063 con inserti Stingray<br \/>\nMeccanismo di chiusura: Liner Lock<br \/>\nClip da tasca: Pieghevole, Right Carry<br \/>\nPeso: 5,3 oz.<br \/>\nProdotto in Giappone<\/p>\n","protected":false},"excerpt":{"rendered":"<p><strong>I coltelli Rockstead sono, a nostro avviso, tra i migliori coltelli disponibili sul mercato. Grazie alla meticolosa lavorazione artigianale e al design unico di Rockstead, questa cartella semi-custom vale il prezzo pi\u00f9 alto. <\/strong><\/p>\n<p><strong>Spedizione gratuita.<\/strong><\/p>\n","protected":false},"featured_media":429581,"comment_status":"open","ping_status":"closed","template":"","meta":[],"pwb-brand":[4071],"product_brand":[],"product_cat":[3749,3745],"product_tag":[],"class_list":{"0":"post-429579","1":"product","2":"type-product","3":"status-publish","4":"has-post-thumbnail","6":"pwb-brand-rockstead-it","7":"product_cat-coltelli-di-chiusura","8":"product_cat-coltelli","10":"first","11":"outofstock","12":"sale","13":"taxable","14":"shipping-taxable","15":"purchasable","16":"product-type-simple"},"brands":[{"id":4071,"name":"Rockstead","slug":"rockstead-it"}],"_links":{"self":[{"href":"https:\/\/www.moskito.cz\/it\/wp-json\/wp\/v2\/product\/429579","targetHints":{"allow":["GET"]}}],"collection":[{"href":"https:\/\/www.moskito.cz\/it\/wp-json\/wp\/v2\/product"}],"about":[{"href":"https:\/\/www.moskito.cz\/it\/wp-json\/wp\/v2\/types\/product"}],"replies":[{"embeddable":true,"href":"https:\/\/www.moskito.cz\/it\/wp-json\/wp\/v2\/comments?post=429579"}],"wp:featuredmedia":[{"embeddable":true,"href":"https:\/\/www.moskito.cz\/it\/wp-json\/wp\/v2\/media\/429581"}],"wp:attachment":[{"href":"https:\/\/www.moskito.cz\/it\/wp-json\/wp\/v2\/media?parent=429579"}],"wp:term":[{"taxonomy":"pwb-brand","embeddable":true,"href":"https:\/\/www.moskito.cz\/it\/wp-json\/wp\/v2\/pwb-brand?post=429579"},{"taxonomy":"product_brand","embeddable":true,"href":"https:\/\/www.moskito.cz\/it\/wp-json\/wp\/v2\/product_brand?post=429579"},{"taxonomy":"product_cat","embeddable":true,"href":"https:\/\/www.moskito.cz\/it\/wp-json\/wp\/v2\/product_cat?post=429579"},{"taxonomy":"product_tag","embeddable":true,"href":"https:\/\/www.moskito.cz\/it\/wp-json\/wp\/v2\/product_tag?post=429579"}],"curies":[{"name":"wp","href":"https:\/\/api.w.org\/{rel}","templated":true}]}}