{"id":429599,"date":"2025-07-06T11:03:45","date_gmt":"2025-07-06T10:03:45","guid":{"rendered":"https:\/\/www.moskito.cz\/produkt\/coltello-da-cucina-arcos-cocinero-serie-colour-prof-250-mm\/"},"modified":"2025-12-15T15:53:39","modified_gmt":"2025-12-15T14:53:39","slug":"coltello-da-cucina-arcos-cocinero-serie-colour-prof-250-mm","status":"publish","type":"product","link":"https:\/\/www.moskito.cz\/it\/produkt\/coltello-da-cucina-arcos-cocinero-serie-colour-prof-250-mm\/","title":{"rendered":"Coltello da cucina Arcos Cocinero Serie Colour Prof 250 mm"},"content":{"rendered":"<p data-pm-slice=\"1 1 []\">\ud83d\udd25 <strong>Coltello da cucina Arcos Cocinero Serie Colour Prof 250 mm (modello 241100) &#8211; Il coltello professionale universale per i lavori di cucina di tutti i giorni<\/strong><\/p>\n<p><strong>Il coltello Arcos Cocinero Serie Colour Prof 250 mm<\/strong>, modello <strong>241100<\/strong>, \u00e8 un coltello da cucina versatile progettato per un&#8217;ampia gamma di attivit\u00e0, dall&#8217;affettare carne e verdure all&#8217;intaglio. La lama lunga 250 mm in acciaio inossidabile <g id=\"gid_2\">NITRUM\u00ae<\/g> di alta qualit\u00e0 offre una durezza ottimale di 56-58 HRC, che garantisce un&#8217;affilatura duratura, resistenza alla corrosione e facilit\u00e0 di manutenzione. Grazie al suo design robusto e ben bilanciato, offre una presa comoda e sicura anche in caso di uso intensivo.  <\/p>\n<p>L&#8217;impugnatura ergonomica in plastica di colore <strong>rosso brillante<\/strong> \u00e8 conforme agli standard igienici <strong>HACCP<\/strong>, consentendo una facile identificazione del coltello in ambito professionale e domestico.<\/p>\n<div>\n<hr>\n<\/div>\n<p>\ud83d\udcd0 <strong>Specifiche tecniche:<\/strong><\/p>\n<ul data-spread=\"false\">\n<li><strong>Modello:<\/strong> 241100<\/li>\n<li><strong>Lunghezza totale:<\/strong> circa 385 mm<\/li>\n<li><strong>Lunghezza della lama:<\/strong> 250 mm<\/li>\n<li><strong>Materiale della lama:<\/strong> acciaio inossidabile NITRUM\u00ae<\/li>\n<li><strong>Durezza della lama:<\/strong> 56\u201358 HRC<\/li>\n<li><strong>Forma della lama:<\/strong> solida, larga &#8211; forma universale da cucina<\/li>\n<li><strong>Trattamento superficiale:<\/strong> satinato<\/li>\n<li><strong>Manico:<\/strong> plastica ergonomica (PP), rosso brillante, certificato HACCP<\/li>\n<li><strong>Resistenza della maniglia:<\/strong> agli agenti chimici, al calore e all&#8217;usura meccanica<\/li>\n<li><strong>Peso:<\/strong> circa 170 g<\/li>\n<li><strong>Produttore:<\/strong> ARCOS, Spagna<\/li>\n<\/ul>\n<div>\n<hr>\n<\/div>\n<p>\ud83d\udfe2 <strong>Principali vantaggi:<\/strong><\/p>\n<p>\u2705 Design versatile adatto a un&#8217;ampia gamma di attivit\u00e0 in cucina<br \/>\n\u2705 Elevata durezza e durata della lama grazie all&#8217;acciaio inossidabile NITRUM\u00ae<br \/>\n\u2705 Impugnatura igienica ed ergonomica secondo lo standard HACCP &#8211; chiara codifica dei colori<br \/>\n\u2705 Coltello robusto e ben bilanciato per un lavoro comodo e sicuro<br \/>\n\u2705 Facile manutenzione e lunga durata anche in caso di uso intensivo<\/p>\n<div>\n<hr>\n<\/div>\n<p>\ud83d\udd34 <strong>Possibili svantaggi:<\/strong><\/p>\n<p>\u26a0\ufe0f La lunghezza maggiore della lama potrebbe essere meno comoda per i principianti<br \/>\n\u26a0\ufe0f Il manico in plastica potrebbe non essere adatto agli amanti dei materiali tradizionali in legno<br \/>\n\u26a0\ufe0f Il coltello non \u00e8 ideale per lavori di cucina molto delicati o speciali (ad esempio sfilettare)<\/p>\n<div>\n<hr>\n<\/div>\n<p>\ud83d\udee0\ufe0f <strong>Manutenzione e rettifica:<\/strong><\/p>\n<ul data-spread=\"false\">\n<li>Lava e asciuga accuratamente dopo ogni utilizzo per evitare la corrosione e il danneggiamento dell&#8217;impugnatura.<\/li>\n<li>Per mantenere un&#8217;affilatura perfetta, ti consigliamo un temperino <a><strong>Vulcanus Classic G2<\/strong><\/a>che \u00e8 ideale per l&#8217;affilatura domestica e professionale.<\/li>\n<li>Per una rapida messa a fuoco sul campo \u00e8 adatto <a><strong>Vulcanus pieghevole<\/strong><\/a>.<\/li>\n<li>Entrambi i macinini sono disponibili su:<br \/>\n<a><strong>Moskito.cz &#8211; Vulcanus Classic G2<\/strong><\/a><br \/>\n<a><strong>Moskito.cz &#8211; Vulcanus pieghevole<\/strong><\/a><\/li>\n<\/ul>\n<div>\n<hr>\n<\/div>\n<p>\ud83d\udcca <strong>Confronto con i concorrenti:<\/strong><\/p>\n<p>\ud83d\udd39 <strong>Arcos vs. KDS Sedl\u010dany coltelli universali<\/strong><br \/>\n\u2705 Maggiore durezza della lama e migliore resistenza alla corrosione grazie alla tecnologia NITRUM\u00ae<br \/>\n\u2705 Manico HACCP ergonomico e igienico in colore brillante<br \/>\n\ud83d\udd01 KDS offre coltelli economici, ma perdono l&#8217;affilatura pi\u00f9 velocemente<br \/>\n\u27a1\ufe0f Arcos \u00e8 pi\u00f9 adatto a professionisti e utenti domestici<\/p>\n<p>\ud83d\udd39 <strong>Arcos vs. Fiskars<\/strong><br \/>\n\u2705 Arcos ha una struttura pi\u00f9 robusta e lame pi\u00f9 durevoli<br \/>\n\ud83d\udd01 Fiskars ha un&#8217;impugnatura pi\u00f9 morbida e meno resistente agli agenti chimici<br \/>\n\u27a1\ufe0f Arcos \u00e8 una scelta migliore per le applicazioni pi\u00f9 impegnative<\/p>\n<p>\ud83d\udd39 <strong>Arcos vs. coltelli multiuso W\u00fcsthof<\/strong><br \/>\n\ud83d\udd01 W\u00fcsthof offre una lavorazione pi\u00f9 lussuosa e un design tradizionale a un prezzo pi\u00f9 alto<br \/>\n\u2705 Arcos offre un ottimo rapporto qualit\u00e0-prezzo con una soluzione igienica moderna<br \/>\n\u27a1\ufe0f Arcos \u00e8 un coltello pi\u00f9 economico e pratico per ogni cucina<\/p>\n<div>\n<hr>\n<\/div>\n<p>\u2764\ufe0f <strong>Perch\u00e9 ti piacer\u00e0:<\/strong><\/p>\n<p>Il coltello Arcos Cocinero Serie Colour Prof 250 mm (modello 241100) offre versatilit\u00e0, qualit\u00e0 e comfort che saranno apprezzati sia dai professionisti che dai cuochi domestici alla ricerca di un coltello da cucina affidabile e igienico.<\/p>\n<div>\n<hr>\n<\/div>\n<p>\u2705 <strong>Valutazione finale:<\/strong><\/p>\n<p>Questo coltello da cucina multiuso \u00e8 un&#8217;ottima scelta per l&#8217;uso quotidiano in cui sono richieste precisione, durata e comodit\u00e0.<\/p>\n<p>\ud83d\udce2 <strong>Non dimenticare di acquistare il temperino Vulcanus da Moskito.cz per mantenere una lama perfetta!<\/strong> \ud83d\uded2<br \/>\n<a><strong>Moskito.cz \u2013 Vulkanus Classic G2<\/strong><\/a> | <a><strong>Moskito.cz \u2013 Volcano pieghevole<\/strong><\/a><\/p>\n","protected":false},"excerpt":{"rendered":"<p><strong>Il coltello Arcos Cocinero Serie Colour Prof 250 mm (modello 241100) offre versatilit\u00e0, qualit\u00e0 e comfort che saranno apprezzati sia dai professionisti che dai cuochi domestici alla ricerca di un coltello da cucina affidabile e igienico.<\/strong><\/p>\n","protected":false},"featured_media":414259,"comment_status":"open","ping_status":"closed","template":"","meta":[],"pwb-brand":[4058],"product_brand":[],"product_cat":[3738],"product_tag":[],"class_list":{"0":"post-429599","1":"product","2":"type-product","3":"status-publish","4":"has-post-thumbnail","6":"pwb-brand-arcos-it","7":"product_cat-coltelli-da-cucina","9":"first","10":"instock","11":"taxable","12":"shipping-taxable","13":"purchasable","14":"product-type-simple"},"brands":[{"id":4058,"name":"Arcos","slug":"arcos-it"}],"_links":{"self":[{"href":"https:\/\/www.moskito.cz\/it\/wp-json\/wp\/v2\/product\/429599","targetHints":{"allow":["GET"]}}],"collection":[{"href":"https:\/\/www.moskito.cz\/it\/wp-json\/wp\/v2\/product"}],"about":[{"href":"https:\/\/www.moskito.cz\/it\/wp-json\/wp\/v2\/types\/product"}],"replies":[{"embeddable":true,"href":"https:\/\/www.moskito.cz\/it\/wp-json\/wp\/v2\/comments?post=429599"}],"wp:featuredmedia":[{"embeddable":true,"href":"https:\/\/www.moskito.cz\/it\/wp-json\/wp\/v2\/media\/414259"}],"wp:attachment":[{"href":"https:\/\/www.moskito.cz\/it\/wp-json\/wp\/v2\/media?parent=429599"}],"wp:term":[{"taxonomy":"pwb-brand","embeddable":true,"href":"https:\/\/www.moskito.cz\/it\/wp-json\/wp\/v2\/pwb-brand?post=429599"},{"taxonomy":"product_brand","embeddable":true,"href":"https:\/\/www.moskito.cz\/it\/wp-json\/wp\/v2\/product_brand?post=429599"},{"taxonomy":"product_cat","embeddable":true,"href":"https:\/\/www.moskito.cz\/it\/wp-json\/wp\/v2\/product_cat?post=429599"},{"taxonomy":"product_tag","embeddable":true,"href":"https:\/\/www.moskito.cz\/it\/wp-json\/wp\/v2\/product_tag?post=429599"}],"curies":[{"name":"wp","href":"https:\/\/api.w.org\/{rel}","templated":true}]}}