{"id":429644,"date":"2023-03-06T21:18:53","date_gmt":"2023-03-06T20:18:53","guid":{"rendered":"https:\/\/www.moskito.cz\/produkt\/coltello-fisso-sog-trident-fx-serrated-od\/"},"modified":"2025-12-16T11:55:58","modified_gmt":"2025-12-16T10:55:58","slug":"coltello-fisso-sog-trident-fx-serrated-od","status":"publish","type":"product","link":"https:\/\/www.moskito.cz\/it\/produkt\/coltello-fisso-sog-trident-fx-serrated-od\/","title":{"rendered":"Coltello fisso SOG TRIDENT FX SERRATED OD"},"content":{"rendered":"<p>Coltello fisso <strong>SOG<\/strong> TRIDENT FX SERRATED OD.<\/p>\n<p>Costruito nel solco della tradizione dei coltelli a lama fissa SOG per professionisti, il Trident FX si spinge oltre i limiti di capacit\u00e0, ma non di peso. Con un peso di poco superiore a 4 once, il Trident FX \u00e8 una combinazione misurata di potenza e agilit\u00e0 che ti permette di muoverti velocemente quando \u00e8 pi\u00f9 importante. \u00c8 dotato di una fondina aggiornata che ti permette di portarlo come e dove vuoi.  <\/p>\n<p><strong>COLTELLO COMPLETO AD ALTA FLESSIBILIT\u00c0<\/strong><br \/>\nQuesto coltello robusto e reattivo, con un robusto manico in GRN e una lama in acciaio CRYO 4116 a codolo pieno da 4,2 pollici, \u00e8 dotato di un fodero appositamente progettato e compatibile con il sistema di montaggio universale di SOG che consente una configurazione personalizzabile, un trasporto affidabile e un&#8217;estrazione rapida.<\/p>\n<p><strong>L&#8217;involucro compatibile con UMS<\/strong><br \/>\n\u00e8 ambidestro e offre diverse opzioni di montaggio e dispone di un sistema di regolazione della tensione senza attrezzi che consente un tiro perfetto.<\/p>\n<p><strong>ACCIAIO CRYO 4116<\/strong><br \/>\nAcciaio inossidabile tedesco a medio tenore di carbonio, noto anche come 1.4116. Simile al 420HC con buona resistenza alla corrosione, tenacit\u00e0, affilatura e mantenimento del filo. <\/p>\n<p><strong>GRN GRIP<\/strong><br \/>\nL&#8217;impugnatura GRN \u00e8 caratterizzata da una struttura omnidirezionale che garantisce un&#8217;ottima presa con o senza guanti e praticamente in ogni condizione climatica.<\/p>\n<p>Lunghezza totale: 24 cm<br \/>\nLunghezza lama: 11 cm<br \/>\nTIPO DI PRODOTTO: Lama fissa<br \/>\nFINITURA: TiNi<br \/>\nTIPO DI FODERA:: Seghettato<br \/>\nTIPO DI LAMA IN ACCIAIO: CRYO 4116<br \/>\nFORMA DELLA LAMA: Tanto<br \/>\nMATERIALE DEL MANICO: GRN<br \/>\nCOLORE DEL MANICO: OD<br \/>\nCOLORE DEL MANICO: OD<\/p>\n<p>&nbsp;<\/p>\n<p>&nbsp;<\/p>\n<p>&nbsp;<\/p>\n","protected":false},"excerpt":{"rendered":"<p><strong>Trident FX, costruito nella tradizione dei coltelli a lama dura di SOG per gli utenti professionali.<\/strong><\/p>\n<p>&nbsp;<\/p>\n","protected":false},"featured_media":429645,"comment_status":"open","ping_status":"closed","template":"","meta":[],"pwb-brand":[3850],"product_brand":[],"product_cat":[3746,3745],"product_tag":[3755],"class_list":{"0":"post-429644","1":"product","2":"type-product","3":"status-publish","4":"has-post-thumbnail","6":"pwb-brand-sog-it","7":"product_cat-coltelli-solidi","8":"product_cat-coltelli","9":"product_tag-b2b-it","11":"first","12":"instock","13":"taxable","14":"shipping-taxable","15":"purchasable","16":"product-type-simple"},"brands":[{"id":3850,"name":"SOG","slug":"sog-it"}],"_links":{"self":[{"href":"https:\/\/www.moskito.cz\/it\/wp-json\/wp\/v2\/product\/429644","targetHints":{"allow":["GET"]}}],"collection":[{"href":"https:\/\/www.moskito.cz\/it\/wp-json\/wp\/v2\/product"}],"about":[{"href":"https:\/\/www.moskito.cz\/it\/wp-json\/wp\/v2\/types\/product"}],"replies":[{"embeddable":true,"href":"https:\/\/www.moskito.cz\/it\/wp-json\/wp\/v2\/comments?post=429644"}],"wp:featuredmedia":[{"embeddable":true,"href":"https:\/\/www.moskito.cz\/it\/wp-json\/wp\/v2\/media\/429645"}],"wp:attachment":[{"href":"https:\/\/www.moskito.cz\/it\/wp-json\/wp\/v2\/media?parent=429644"}],"wp:term":[{"taxonomy":"pwb-brand","embeddable":true,"href":"https:\/\/www.moskito.cz\/it\/wp-json\/wp\/v2\/pwb-brand?post=429644"},{"taxonomy":"product_brand","embeddable":true,"href":"https:\/\/www.moskito.cz\/it\/wp-json\/wp\/v2\/product_brand?post=429644"},{"taxonomy":"product_cat","embeddable":true,"href":"https:\/\/www.moskito.cz\/it\/wp-json\/wp\/v2\/product_cat?post=429644"},{"taxonomy":"product_tag","embeddable":true,"href":"https:\/\/www.moskito.cz\/it\/wp-json\/wp\/v2\/product_tag?post=429644"}],"curies":[{"name":"wp","href":"https:\/\/api.w.org\/{rel}","templated":true}]}}