{"id":429691,"date":"2024-09-26T13:01:37","date_gmt":"2024-09-26T12:01:37","guid":{"rendered":"https:\/\/www.moskito.cz\/produkt\/coltello-tascabile-boker-plus-kal-14\/"},"modified":"2025-12-16T16:32:28","modified_gmt":"2025-12-16T15:32:28","slug":"coltello-tascabile-boker-plus-kal-14","status":"publish","type":"product","link":"https:\/\/www.moskito.cz\/it\/produkt\/coltello-tascabile-boker-plus-kal-14\/","title":{"rendered":"Coltello tascabile B\u00f6ker Plus KAL-14"},"content":{"rendered":"<p>Coltello tascabile<strong> B\u00f6ker Plus<\/strong> KAL-14.<\/p>\n<div class=\"flex max-w-full flex-col flex-grow\">\n<div class=\"min-h-8 text-message flex w-full flex-col items-end gap-2 whitespace-normal break-words [.text-message+&amp;]:mt-5\" dir=\"auto\" data-message-author-role=\"assistant\" data-message-id=\"d7d8fd1e-846a-4da0-818b-dfa3b382aa15\" data-message-model-slug=\"gpt-4o-mini\">\n<div class=\"flex w-full flex-col gap-1 empty:hidden first:pt-[3px]\">\n<div class=\"markdown prose w-full break-words dark:prose-invert light\">\n<p>Il coltello tascabile <strong>B\u00f6ker Plus KAL-14<\/strong> fa parte della famosa serie <strong>Kalashnikov<\/strong>, nota per il suo design resistente e l&#8217;eccellente funzionalit\u00e0. Questo modello non presenta solo ottime caratteristiche tecniche, ma anche elementi visivamente attraenti grazie agli inserti in legno nel manico in alluminio. <\/p>\n<hr>\n<h3><strong>Propriet\u00e0 chiave:<\/strong><\/h3>\n<ol>\n<li><strong>Lama<\/strong> :\n<ul>\n<li><strong>Materiale<\/strong>: <strong>440C<\/strong> &#8211; acciaio inossidabile di alta qualit\u00e0, noto per la sua resistenza all&#8217;usura e per le eccellenti propriet\u00e0 di mantenimento dell&#8217;affilatura.<\/li>\n<li><strong>Apertura<\/strong>: la lama si apre sia con una <strong>pinza<\/strong> che con una <strong>rotella<\/strong>, per una maggiore flessibilit\u00e0 d&#8217;uso.<\/li>\n<li><strong>Lunghezza della lama<\/strong>: 9,30 cm &#8211; misura ideale per il trasporto quotidiano e per le varie attivit\u00e0.<\/li>\n<li><strong>Spessore della lama<\/strong>: 3,00 mm &#8211; offre una resistenza sufficiente per i compiti pi\u00f9 impegnativi.<\/li>\n<\/ul>\n<\/li>\n<li><strong>Maniglia<\/strong> :\n<ul>\n<li><strong>Materiale<\/strong>: <strong>alluminio con inserti in legno<\/strong> &#8211; il manico in alluminio offre leggerezza e resistenza, mentre gli inserti in legno aggiungono eleganza visiva e un piacevole contrasto.<\/li>\n<li><strong>Impugnatura sicura<\/strong>: il design del manico \u00e8 ergonomico e garantisce una presa sicura e confortevole del coltello.<\/li>\n<\/ul>\n<\/li>\n<li><strong>Caratteristiche<\/strong>:\n<ul>\n<li><strong>Linerlock<\/strong> &#8211; blocca la lama in posizione aperta, garantendo un utilizzo sicuro.<\/li>\n<li><strong>Strumenti aggiuntivi<\/strong>:\n<ul>\n<li><strong>Rompivetro<\/strong> &#8211; per le situazioni di emergenza in cui \u00e8 necessario rompere un vetro in modo rapido ed efficiente.<\/li>\n<li><strong>Tagliacinture<\/strong>: uno strumento utile per tagliare le cinture di sicurezza in caso di emergenza.<\/li>\n<\/ul>\n<\/li>\n<\/ul>\n<\/li>\n<li><strong>Il caso<\/strong>:\n<ul>\n<li><strong>Fondina in nylon<\/strong> &#8211; include una pratica custodia da indossare alla cintura.<\/li>\n<li><strong>Scatola regalo<\/strong> &#8211; Il coltello viene fornito in un&#8217;elegante scatola regalo, che lo rende un ottimo regalo per i collezionisti o gli appassionati.<\/li>\n<\/ul>\n<\/li>\n<\/ol>\n<hr>\n<h3><strong>Specifiche tecniche<\/strong> :<\/h3>\n<ul>\n<li><strong>Lunghezza totale<\/strong>: 22,00 cm<\/li>\n<li><strong>Lunghezza della lama<\/strong>: 9,30 cm<\/li>\n<li><strong>Spessore della lama<\/strong>: 3,00 mm<\/li>\n<li><strong>Peso<\/strong>: 205,00 g<\/li>\n<li><strong>Materiale della lama<\/strong>: 440C<\/li>\n<li><strong>Materiale dell&#8217;impugnatura<\/strong>: alluminio con inserti in legno<\/li>\n<li><strong>Meccanismo di apertura<\/strong>: manuale (pinza\/perno)<\/li>\n<li><strong>Chiusura<\/strong>: <strong>Linerlock<\/strong><\/li>\n<li><strong>Numero articolo<\/strong>: 01CAL14<\/li>\n<\/ul>\n<hr>\n<h3><strong>Benefici e usi<\/strong> :<\/h3>\n<ul>\n<li><strong>Versatilit\u00e0<\/strong>: il coltello tascabile con lama <strong>440C<\/strong> di alta qualit\u00e0 e funzioni aggiuntive (rompivetro, taglia cinture) \u00e8 ideale per il trasporto quotidiano, ma anche per l&#8217;utilizzo in situazioni di crisi.<\/li>\n<li><strong>Design elegante<\/strong>: la combinazione di <strong>manico in alluminio<\/strong> e <strong>inserti in legno<\/strong> rende questo coltello non solo funzionale ma anche attraente.<\/li>\n<li><strong>Sicurezza e comfort<\/strong>: il meccanismo <strong>Linerlock<\/strong> e l&#8217;impugnatura ergonomica garantiscono la sicurezza e il comfort del coltello anche in caso di uso prolungato.<\/li>\n<li><strong>Pratico fodero<\/strong>: il fodero in nylon in dotazione facilita il trasporto e l&#8217;accesso al coltello.<\/li>\n<\/ul>\n<hr>\n<h3><strong>Conclusione<\/strong> :<\/h3>\n<p><strong>Il B\u00f6ker Plus KAL-14<\/strong> \u00e8 un coltello da tasca di alta qualit\u00e0 che combina robustezza e funzionalit\u00e0 con un design elegante. Adatto sia per il trasporto quotidiano che per le situazioni di crisi, questo modello \u00e8 ideale per gli utenti che cercano uno strumento affidabile e attraente con un&#8217;ampia gamma di utilizzi. <\/p>\n<\/div>\n<\/div>\n<\/div>\n<\/div>\n<div class=\"mb-2 flex gap-3 empty:hidden -ml-2\">\n<div class=\"items-center justify-start rounded-xl p-1 flex\">\n<div class=\"flex items-center\"><\/div>\n<\/div>\n<\/div>\n<p>&nbsp;<\/p>\n","protected":false},"excerpt":{"rendered":"<div class=\"flex max-w-full flex-col flex-grow\">\n<div class=\"min-h-8 text-message flex w-full flex-col items-end gap-2 whitespace-normal break-words [.text-message+&amp;]:mt-5\" dir=\"auto\" data-message-author-role=\"assistant\" data-message-id=\"d7d8fd1e-846a-4da0-818b-dfa3b382aa15\" data-message-model-slug=\"gpt-4o-mini\">\n<div class=\"flex w-full flex-col gap-1 empty:hidden first:pt-[3px]\">\n<div class=\"markdown prose w-full break-words dark:prose-invert light\">\n<p><strong>Il B\u00f6ker Plus KAL-14 \u00e8 un coltello da tasca di alta qualit\u00e0 che combina robustezza e funzionalit\u00e0 con un design elegante. Adatto sia per il trasporto quotidiano che per le situazioni di crisi, questo modello \u00e8 ideale per gli utenti che cercano uno strumento affidabile e attraente con un&#8217;ampia gamma di utilizzi. <\/strong><\/p>\n<\/div>\n<\/div>\n<\/div>\n<\/div>\n<div class=\"mb-2 flex gap-3 empty:hidden -ml-2\">\n<div class=\"items-center justify-start rounded-xl p-1 flex\">\n<div class=\"flex items-center\"><\/div>\n<\/div>\n<\/div>\n","protected":false},"featured_media":361265,"comment_status":"closed","ping_status":"closed","template":"","meta":[],"pwb-brand":[3798],"product_brand":[],"product_cat":[3749,3745],"product_tag":[],"class_list":{"0":"post-429691","1":"product","2":"type-product","3":"status-publish","4":"has-post-thumbnail","6":"pwb-brand-boker-it","7":"product_cat-coltelli-di-chiusura","8":"product_cat-coltelli","10":"first","11":"outofstock","12":"taxable","13":"shipping-taxable","14":"purchasable","15":"product-type-simple"},"brands":[{"id":3798,"name":"Boker","slug":"boker-it"}],"_links":{"self":[{"href":"https:\/\/www.moskito.cz\/it\/wp-json\/wp\/v2\/product\/429691","targetHints":{"allow":["GET"]}}],"collection":[{"href":"https:\/\/www.moskito.cz\/it\/wp-json\/wp\/v2\/product"}],"about":[{"href":"https:\/\/www.moskito.cz\/it\/wp-json\/wp\/v2\/types\/product"}],"replies":[{"embeddable":true,"href":"https:\/\/www.moskito.cz\/it\/wp-json\/wp\/v2\/comments?post=429691"}],"wp:featuredmedia":[{"embeddable":true,"href":"https:\/\/www.moskito.cz\/it\/wp-json\/wp\/v2\/media\/361265"}],"wp:attachment":[{"href":"https:\/\/www.moskito.cz\/it\/wp-json\/wp\/v2\/media?parent=429691"}],"wp:term":[{"taxonomy":"pwb-brand","embeddable":true,"href":"https:\/\/www.moskito.cz\/it\/wp-json\/wp\/v2\/pwb-brand?post=429691"},{"taxonomy":"product_brand","embeddable":true,"href":"https:\/\/www.moskito.cz\/it\/wp-json\/wp\/v2\/product_brand?post=429691"},{"taxonomy":"product_cat","embeddable":true,"href":"https:\/\/www.moskito.cz\/it\/wp-json\/wp\/v2\/product_cat?post=429691"},{"taxonomy":"product_tag","embeddable":true,"href":"https:\/\/www.moskito.cz\/it\/wp-json\/wp\/v2\/product_tag?post=429691"}],"curies":[{"name":"wp","href":"https:\/\/api.w.org\/{rel}","templated":true}]}}