{"id":429744,"date":"2023-02-15T22:24:42","date_gmt":"2023-02-15T21:24:42","guid":{"rendered":"https:\/\/www.moskito.cz\/produkt\/coltello-di-espulsione-a-g-a-campolin-akc-f-16-otf\/"},"modified":"2025-12-18T10:48:30","modified_gmt":"2025-12-18T09:48:30","slug":"coltello-di-espulsione-a-g-a-campolin-akc-f-16-otf","status":"publish","type":"product","link":"https:\/\/www.moskito.cz\/it\/produkt\/coltello-di-espulsione-a-g-a-campolin-akc-f-16-otf\/","title":{"rendered":"Coltello di espulsione A.G.A. CAMPOLIN AKC F-16 OTF"},"content":{"rendered":"<p>Coltello di espulsione <strong>A.G.A. CAMPOLIN<\/strong> AKC F-16 OTF<\/p>\n<p>L&#8217;AKC OTF &#8220;F16&#8221; \u00e8 un impressionante coltello automatico che combina funzionalit\u00e0 e un design accattivante. Ecco una panoramica delle sue caratteristiche principali e di ci\u00f2 che lo rende uno strumento eccezionale:<br \/>\nCaratteristiche principali: <\/p>\n<p>Meccanismo della lama:<br \/>\nIl meccanismo a doppia molla garantisce un&#8217;estensione rapida e affidabile della lama.<br \/>\nIl semplice funzionamento a pulsante per l&#8217;estensione e la retrazione della lama.<br \/>\nIl gioco minimo della lama garantisce un controllo sicuro e preciso.<\/p>\n<p>Design e costruzione:<br \/>\nLama: lama di pugnale satinata ispirata al classico stiletto italiano, con una forma affilata e simmetrica.<br \/>\nManico: struttura leggera in alluminio con finitura verde militare. L&#8217;inserto in carta vetrata nera migliora la sicurezza della presa, anche in condizioni difficili.<br \/>\nClip da tasca: clip nera per un trasporto sicuro. <\/p>\n<p>Dimensioni:<br \/>\nLunghezza totale: 20 cm<br \/>\nLunghezza della lama: 8,5 cm<br \/>\nSpessore della lama: 3 mm<br \/>\nPeso: 90 g<\/p>\n<p>Materiali:<br \/>\nMateriale della lama: Acciaio inossidabile 440A, noto per la sua resistenza alla corrosione e la facilit\u00e0 di affilatura.<br \/>\nMateriale del manico: alluminio per una maggiore durata e leggerezza.<br \/>\nMateriale del rivestimento: carta vetrata per una presa salda ed ergonomica.<\/p>\n<p>Applicabilit\u00e0:<\/p>\n<p>Progettato come strumento per il trasporto quotidiano (EDC), l&#8217;F16 \u00e8 compatto e facile da usare. La sua azione rapida e la sua struttura robusta lo rendono adatto sia a scopi di utilit\u00e0 che di difesa.<br \/>\nEstetica: <\/p>\n<p>Ispirata all&#8217;aereo da combattimento F-16 Fighting Falcon, il suo design elegante e funzionale riflette l&#8217;ingegneria di precisione e la durata militare. Lo stile italiano ispirato ai tacchi a spillo conferisce un&#8217;atmosfera classica con un&#8217;artigianalit\u00e0 moderna. <\/p>\n<p>La combinazione di velocit\u00e0, durata e design ergonomico rende questo coltello una preziosa aggiunta a qualsiasi collezione o uno strumento affidabile per l&#8217;uso quotidiano.<\/p>\n<p><iframe title=\"AKC F16 Automatic OTF F16B CF\" width=\"800\" height=\"450\" src=\"https:\/\/www.youtube.com\/embed\/yyAzUKCJ_AQ?feature=oembed\" frameborder=\"0\" allow=\"accelerometer; autoplay; clipboard-write; encrypted-media; gyroscope; picture-in-picture; web-share\" referrerpolicy=\"strict-origin-when-cross-origin\" allowfullscreen><\/iframe><\/p>\n<p>&nbsp;<\/p>\n","protected":false},"excerpt":{"rendered":"<p><strong>La combinazione di velocit\u00e0, durata e design ergonomico rende questo coltello un&#8217;aggiunta preziosa a qualsiasi collezione o uno strumento affidabile per l&#8217;uso quotidiano.<\/strong><\/p>\n","protected":false},"featured_media":429746,"comment_status":"open","ping_status":"closed","template":"","meta":[],"pwb-brand":[4015],"product_brand":[],"product_cat":[3748,3745],"product_tag":[],"class_list":{"0":"post-429744","1":"product","2":"type-product","3":"status-publish","4":"has-post-thumbnail","6":"pwb-brand-aga-campolin-it","7":"product_cat-coltelli-da-tiro","8":"product_cat-coltelli","10":"first","11":"instock","12":"taxable","13":"shipping-taxable","14":"purchasable","15":"product-type-simple"},"brands":[{"id":4015,"name":"AGA CAMPOLIN","slug":"aga-campolin-it"}],"_links":{"self":[{"href":"https:\/\/www.moskito.cz\/it\/wp-json\/wp\/v2\/product\/429744","targetHints":{"allow":["GET"]}}],"collection":[{"href":"https:\/\/www.moskito.cz\/it\/wp-json\/wp\/v2\/product"}],"about":[{"href":"https:\/\/www.moskito.cz\/it\/wp-json\/wp\/v2\/types\/product"}],"replies":[{"embeddable":true,"href":"https:\/\/www.moskito.cz\/it\/wp-json\/wp\/v2\/comments?post=429744"}],"wp:featuredmedia":[{"embeddable":true,"href":"https:\/\/www.moskito.cz\/it\/wp-json\/wp\/v2\/media\/429746"}],"wp:attachment":[{"href":"https:\/\/www.moskito.cz\/it\/wp-json\/wp\/v2\/media?parent=429744"}],"wp:term":[{"taxonomy":"pwb-brand","embeddable":true,"href":"https:\/\/www.moskito.cz\/it\/wp-json\/wp\/v2\/pwb-brand?post=429744"},{"taxonomy":"product_brand","embeddable":true,"href":"https:\/\/www.moskito.cz\/it\/wp-json\/wp\/v2\/product_brand?post=429744"},{"taxonomy":"product_cat","embeddable":true,"href":"https:\/\/www.moskito.cz\/it\/wp-json\/wp\/v2\/product_cat?post=429744"},{"taxonomy":"product_tag","embeddable":true,"href":"https:\/\/www.moskito.cz\/it\/wp-json\/wp\/v2\/product_tag?post=429744"}],"curies":[{"name":"wp","href":"https:\/\/api.w.org\/{rel}","templated":true}]}}