{"id":429824,"date":"2021-05-27T21:00:52","date_gmt":"2021-05-27T20:00:52","guid":{"rendered":"https:\/\/www.moskito.cz\/produkt\/coltello-ad-espulsione-boker-plus-strike-coyote-spearpoint\/"},"modified":"2025-12-22T13:56:40","modified_gmt":"2025-12-22T12:56:40","slug":"coltello-ad-espulsione-boker-plus-strike-coyote-spearpoint","status":"publish","type":"product","link":"https:\/\/www.moskito.cz\/it\/produkt\/coltello-ad-espulsione-boker-plus-strike-coyote-spearpoint\/","title":{"rendered":"Coltello ad espulsione B\u00f6ker Plus STRIKE COYOTE SPEARPOINT"},"content":{"rendered":"<p>Coltello ad espulsione <strong>B\u00f6ker<\/strong> Plus STRIKE COYOTE SPEARPOINT.<\/p>\n<p>Il B\u00f6ker Plus \u00e8 ideale per qualsiasi lavoro. La lama \u00e8 realizzata in acciaio inossidabile AUS-8. Il manico in alluminio garantisce un peso ridotto. Il coltello \u00e8 dotato di una clip per agganciarlo. Fornito in una confezione regalo.    <\/p>\n<p>Lunghezza totale: 20,1 cm<\/p>\n<p>Lunghezza della lama: 8,5 cm<\/p>\n<p>Spessore della lama: 3,0 mm<\/p>\n<p>peso: 137,0 g<\/p>\n<p>Materiale della lama: AUS-8<\/p>\n<p>Materiale dell&#8217;impugnatura: alluminio<\/p>\n<p>chiusura:pulsante<\/p>\n<p>Aprire il supporto: pulsante<\/p>\n<p>apertura: automatica<\/p>\n<p>Il Boker Plus Strike \u00e8 un robusto coltello automatico per uso quotidiano o tattico che completa la nostra ampia selezione di coltelli a serramanico. L&#8217;impugnatura sottile ed ergonomica si basa su solidi rivestimenti in acciaio, dotati di leggere scaglie in alluminio coyote fresate per una buona presa. Il metallo, relativamente morbido e resistente, \u00e8 anche molto forte e durevole. Le profonde scanalature nel rialzo del pollice ben definito favoriscono una presa sicura. Un cursore di sicurezza con chiusura pulita che impedisce l&#8217;attivazione accidentale agisce come ulteriore sicurezza quando il coltello \u00e8 chiuso. La lama a punta corta \u00e8 realizzata in AUS-8 sviluppato in Giappone e presenta una finitura Stonewash scura. Con una clip reversibile (punta in su \/ punta in gi\u00f9) e una custodia in nylon di alta qualit\u00e0 per riporlo.      <\/p>\n","protected":false},"excerpt":{"rendered":"<p>Nel corso del tempo, la fabbrica di coltelli <strong>B\u00f6ker<\/strong> si \u00e8 trasformata in un leader globale dell&#8217;innovazione e nel pi\u00f9 grande produttore di coltelli sportivi, coltelli tattici e coltelli da collezione in Europa.<\/p>\n","protected":false},"featured_media":429825,"comment_status":"open","ping_status":"closed","template":"","meta":[],"pwb-brand":[3798],"product_brand":[],"product_cat":[3748,3745],"product_tag":[],"class_list":{"0":"post-429824","1":"product","2":"type-product","3":"status-publish","4":"has-post-thumbnail","6":"pwb-brand-boker-it","7":"product_cat-coltelli-da-tiro","8":"product_cat-coltelli","10":"first","11":"outofstock","12":"taxable","13":"shipping-taxable","14":"purchasable","15":"product-type-simple"},"brands":[{"id":3798,"name":"Boker","slug":"boker-it"}],"_links":{"self":[{"href":"https:\/\/www.moskito.cz\/it\/wp-json\/wp\/v2\/product\/429824","targetHints":{"allow":["GET"]}}],"collection":[{"href":"https:\/\/www.moskito.cz\/it\/wp-json\/wp\/v2\/product"}],"about":[{"href":"https:\/\/www.moskito.cz\/it\/wp-json\/wp\/v2\/types\/product"}],"replies":[{"embeddable":true,"href":"https:\/\/www.moskito.cz\/it\/wp-json\/wp\/v2\/comments?post=429824"}],"wp:featuredmedia":[{"embeddable":true,"href":"https:\/\/www.moskito.cz\/it\/wp-json\/wp\/v2\/media\/429825"}],"wp:attachment":[{"href":"https:\/\/www.moskito.cz\/it\/wp-json\/wp\/v2\/media?parent=429824"}],"wp:term":[{"taxonomy":"pwb-brand","embeddable":true,"href":"https:\/\/www.moskito.cz\/it\/wp-json\/wp\/v2\/pwb-brand?post=429824"},{"taxonomy":"product_brand","embeddable":true,"href":"https:\/\/www.moskito.cz\/it\/wp-json\/wp\/v2\/product_brand?post=429824"},{"taxonomy":"product_cat","embeddable":true,"href":"https:\/\/www.moskito.cz\/it\/wp-json\/wp\/v2\/product_cat?post=429824"},{"taxonomy":"product_tag","embeddable":true,"href":"https:\/\/www.moskito.cz\/it\/wp-json\/wp\/v2\/product_tag?post=429824"}],"curies":[{"name":"wp","href":"https:\/\/api.w.org\/{rel}","templated":true}]}}