{"id":429828,"date":"2021-10-26T17:49:04","date_gmt":"2021-10-26T16:49:04","guid":{"rendered":"https:\/\/www.moskito.cz\/produkt\/coltello-a-espulsione-microtech-troodon-mini-satin-double-edge-238-4\/"},"modified":"2025-12-22T13:56:44","modified_gmt":"2025-12-22T12:56:44","slug":"coltello-a-espulsione-microtech-troodon-mini-satin-double-edge-238-4","status":"publish","type":"product","link":"https:\/\/www.moskito.cz\/it\/produkt\/coltello-a-espulsione-microtech-troodon-mini-satin-double-edge-238-4\/","title":{"rendered":"Coltello a espulsione Microtech Troodon Mini Satin Double Edge 238-4"},"content":{"rendered":"<h3 data-pm-slice=\"1 1 []\">Coltello a espulsione Microtech Troodon Mini Satin Double Edge 238-4<\/h3>\n<p><strong>Prestazioni incredibili in un corpo compatto.<\/strong>  Il Microtech Troodon Mini Satin Double Edge 238-4 \u00e8 uno dei coltelli OTF pi\u00f9 piccoli ma pi\u00f9 affidabili mai creati da Microtech. Se sei alla ricerca di un coltello EDC discreto, di un accessorio elegante o di uno strumento di autodifesa definitivo, questo modello offre tutto ci\u00f2 di cui hai bisogno, e anche di pi\u00f9. <\/p>\n<div>\n<hr>\n<\/div>\n<h3>Specifiche tecniche:<\/h3>\n<ul data-spread=\"false\">\n<li><strong>Lunghezza totale:<\/strong> 14 cm<\/li>\n<li><strong>Lunghezza da chiuso:<\/strong> 9 cm<\/li>\n<li><strong>Lunghezza lama:<\/strong> 5 cm<\/li>\n<li><strong>Spessore della lama:<\/strong> 0,32 cm<\/li>\n<li><strong>Materiale della lama:<\/strong> acciaio premium M390<\/li>\n<li><strong>Forma della lama:<\/strong> doppio bordo &#8211; pugnale a doppio taglio<\/li>\n<li><strong>Finitura della lama:<\/strong> Satinata &#8211; elegante finitura lucidata a mano<\/li>\n<li><strong>Impugnatura:<\/strong> alluminio anodizzato nero con texture fine per una presa sicura<\/li>\n<li><strong>Meccanismo:<\/strong> OTF (Out-The-Front) &#8211; estensione e ritrazione automatica<\/li>\n<li><strong>Made in USA \ud83c\uddfa\ud83c\uddf8<\/strong><\/li>\n<\/ul>\n<div>\n<hr>\n<\/div>\n<h3>A cosa serve la forma della lama:<\/h3>\n<p>Il <strong>pugnale a doppio taglio<\/strong> \u00e8 ideale per penetrare in modo rapido ed efficiente il materiale da entrambi i lati. \u00c8 adatta per scopi tattici e di autodifesa, oltre che per compiti di taglio specifici in cui sono importanti simmetria e precisione. Si tratta di una lama con un carattere sorprendente e un&#8217;elevata penetrazione.  <\/p>\n<div>\n<hr>\n<\/div>\n<h3>Uso e scopo:<\/h3>\n<ul data-spread=\"false\">\n<li>Trasporto quotidiano (EDC)<\/li>\n<li>Autodifesa<\/li>\n<li>Un pezzo da collezione<\/li>\n<li>Un accessorio di lusso per i pi\u00f9 esigenti<\/li>\n<li>Adatto anche ai professionisti che hanno bisogno di uno strumento piccolo ma estremamente affidabile<\/li>\n<\/ul>\n<div>\n<hr>\n<\/div>\n<h3>Vantaggi:<\/h3>\n<p>Estremamente compatto e leggero, ideale per la tasca o come coltello di riserva.<br \/>\n\u2705 Lama reversibile &#8211; efficace da entrambi i lati<br \/>\n\u2705 Meccanismo OTF veloce, affidabile e preciso<br \/>\nLama in acciaio premium e lucidata di precisione<br \/>\n\u2705 Elegante, raffinato e micidialmente funzionale<br \/>\n\u2705 Impugnatura con perfetta ergonomia<br \/>\n\u2705 Made in USA \ud83c\uddfa\ud83c\uddf8<br \/>\n\u2705 Disponibilit\u00e0 limitata &#8211; molto difficile da trovare<br \/>\n\u2705 Alto valore per i collezionisti e gli utenti pi\u00f9 esigenti<\/p>\n<div>\n<hr>\n<\/div>\n<h3>Svantaggi:<\/h3>\n<p>\u26a0 Dimensioni compatte &#8211; non adatto a lavori pesanti all&#8217;aperto<br \/>\n\u26a0 La lama a doppio taglio potrebbe non essere legale in tutti i paesi<\/p>\n<div>\n<hr>\n<\/div>\n<h3>Qualit\u00e0 premium:<\/h3>\n<p><strong>Tutti i coltelli Microtech, compreso il Microtech Troodon Mini Satin Double Edge 238-4, sono prodotti negli USA \ud83c\uddfa\ud83c\uddf8.<\/strong>  Questo marchio \u00e8 noto per la sua precisione artigianale, l&#8217;uso di materiali di alta qualit\u00e0 e la massima affidabilit\u00e0, che lo rendono uno dei marchi pi\u00f9 rispettati nel campo dei coltelli a serramanico.<\/p>\n<div>\n<hr>\n<\/div>\n<h3>Attrazione emotiva:<\/h3>\n<p>Il Troodon Mini non \u00e8 solo un coltello: \u00e8 un protettore personale in una veste elegante. Con questo modello hai a portata di mano un pezzo di tecnologia, potenza e stile che non ti deluder\u00e0 mai. Ovunque tu sia, questo coltello ti dar\u00e0 un senso di controllo e sicurezza.    <strong>\u00c8 sia un&#8217;arma che un gioiello. E sta in tasca. <\/strong><\/p>\n<div>\n<hr>\n<\/div>\n<h3>Motivi per acquistare ora:<\/h3>\n<p>\ud83d\ude9a S <strong>pedizione gratuita<\/strong><br \/>\n\ud83c\udf81 <strong>Regalo con l&#8217;ordine<\/strong><br \/>\n\u2705 <strong>Garanzia di originalit\u00e0 e origine verificata<\/strong><br \/>\n\u26a1 <strong>Spedizione veloce entro 24 ore<\/strong><br \/>\n\ud83d\udcb3      <strong>Possibilit\u00e0 di pagamento alla consegna o online con carta di credito<\/strong><\/p>\n<div>\n<hr>\n<\/div>\n<h3>Conclusione:<\/h3>\n<p>Il Microtech Troodon Mini Satin Double Edge 238-4 \u00e8 un simbolo di eccellenza tecnica in formato miniaturizzato. Unisce eleganza, potenza e praticit\u00e0 in un unico corpo. \u00c8 stato progettato per chi vuole il meglio, senza compromessi.<br \/>\n\u27a1\ufe0f  <strong>Ordina ora &#8211; I modelli Troodon Mini sono estremamente popolari e difficili da trovare. Ottieni oggi stesso il tuo pezzo di leggenda Microtech. <\/strong><\/p>\n<div>\n<hr>\n<\/div>\n<p>&nbsp;<\/p>\n<p><iframe title=\"Microtech Combat Troodon Torture Test\" width=\"800\" height=\"450\" src=\"https:\/\/www.youtube.com\/embed\/xE9TeOFYEjg?feature=oembed\" frameborder=\"0\" allow=\"accelerometer; autoplay; clipboard-write; encrypted-media; gyroscope; picture-in-picture; web-share\" referrerpolicy=\"strict-origin-when-cross-origin\" allowfullscreen><\/iframe><\/p>\n<p>&nbsp;<\/p>\n","protected":false},"excerpt":{"rendered":"<p><strong>Il Microtech Troodon Mini Satin Double Edge 238-4 \u00e8 un simbolo di eccellenza tecnica in formato miniaturizzato. Unisce eleganza, potenza e praticit\u00e0 in un unico corpo. \u00c8 stato progettato per chi vuole il meglio, senza compromessi.  <\/strong><br \/>\n<strong>\u27a1\ufe0f Ordina ora &#8211; I modelli Troodon Mini sono estremamente popolari e difficili da trovare. Ottieni oggi stesso il tuo pezzo di leggenda Microtech. <\/strong><\/p>\n<div><strong>\ud83d\udce6 Ordina ora e ottieni la spedizione gratuita \ud83d\ude9a<\/strong><\/div>\n","protected":false},"featured_media":429829,"comment_status":"open","ping_status":"closed","template":"","meta":[],"pwb-brand":[3753],"product_brand":[],"product_cat":[3748,3745],"product_tag":[3755],"class_list":{"0":"post-429828","1":"product","2":"type-product","3":"status-publish","4":"has-post-thumbnail","6":"pwb-brand-microtecnologia-it","7":"product_cat-coltelli-da-tiro","8":"product_cat-coltelli","9":"product_tag-b2b-it","11":"first","12":"instock","13":"taxable","14":"shipping-taxable","15":"purchasable","16":"product-type-simple"},"brands":[{"id":3753,"name":"Microtecnologia","slug":"microtecnologia-it"}],"_links":{"self":[{"href":"https:\/\/www.moskito.cz\/it\/wp-json\/wp\/v2\/product\/429828","targetHints":{"allow":["GET"]}}],"collection":[{"href":"https:\/\/www.moskito.cz\/it\/wp-json\/wp\/v2\/product"}],"about":[{"href":"https:\/\/www.moskito.cz\/it\/wp-json\/wp\/v2\/types\/product"}],"replies":[{"embeddable":true,"href":"https:\/\/www.moskito.cz\/it\/wp-json\/wp\/v2\/comments?post=429828"}],"wp:featuredmedia":[{"embeddable":true,"href":"https:\/\/www.moskito.cz\/it\/wp-json\/wp\/v2\/media\/429829"}],"wp:attachment":[{"href":"https:\/\/www.moskito.cz\/it\/wp-json\/wp\/v2\/media?parent=429828"}],"wp:term":[{"taxonomy":"pwb-brand","embeddable":true,"href":"https:\/\/www.moskito.cz\/it\/wp-json\/wp\/v2\/pwb-brand?post=429828"},{"taxonomy":"product_brand","embeddable":true,"href":"https:\/\/www.moskito.cz\/it\/wp-json\/wp\/v2\/product_brand?post=429828"},{"taxonomy":"product_cat","embeddable":true,"href":"https:\/\/www.moskito.cz\/it\/wp-json\/wp\/v2\/product_cat?post=429828"},{"taxonomy":"product_tag","embeddable":true,"href":"https:\/\/www.moskito.cz\/it\/wp-json\/wp\/v2\/product_tag?post=429828"}],"curies":[{"name":"wp","href":"https:\/\/api.w.org\/{rel}","templated":true}]}}