{"id":429870,"date":"2024-11-20T15:43:51","date_gmt":"2024-11-20T14:43:51","guid":{"rendered":"https:\/\/www.moskito.cz\/produkt\/coltello-extrema-ratio-caimano-nero-n-a-satin-04-1000-0166-sat-blk\/"},"modified":"2025-12-22T16:01:45","modified_gmt":"2025-12-22T15:01:45","slug":"coltello-extrema-ratio-caimano-nero-n-a-satin-04-1000-0166-sat-blk","status":"publish","type":"product","link":"https:\/\/www.moskito.cz\/it\/produkt\/coltello-extrema-ratio-caimano-nero-n-a-satin-04-1000-0166-sat-blk\/","title":{"rendered":"Coltello EXTREMA RATIO CAIMANO NERO N.A. SATIN 04.1000.0166\/SAT\/BLK"},"content":{"rendered":"<p>Coltello di chiusura <strong>EXTREMA RATIO<\/strong> CAIMANO NERO N.A. SATIN 04.1000.0166\/SAT\/BLK.<\/p>\n<p>Il Caimano Nero N.A. di Extrema Ratio \u00e8 un coltello tattico pieghevole di alta qualit\u00e0 progettato per uso professionale, in particolare per le esigenze delle Forze Speciali Navali Italiane G.O.I. (Gruppo Operativo Incursori). \u00c8 una variante non automatica che combina caratteristiche pratiche e un design robusto con funzionalit\u00e0 tattiche.<br \/>\nCaratteristiche principali: <\/p>\n<p>Lama:<br \/>\nSpessore della lama: 0,4 cm, lunghezza della lama: 9,3 cm.<\/p>\n<p>Forma asimmetrica a punta di lancia, che garantisce un&#8217;elevata penetrazione e versatilit\u00e0.<br \/>\nSezione della lama seghettata, ideale per tagliare materiali resistenti come cavi e tessuti senza usurarsi rapidamente.<\/p>\n<p>Manico:<br \/>\nProgettato per l&#8217;ergonomia e la rapidit\u00e0 di estrazione dalla tasca.<br \/>\nParte inferiore ottimizzata per una presa salda anche in condizioni difficili.<br \/>\nRompivetro in carburo integrato all&#8217;estremit\u00e0 del manico.<\/p>\n<p>Clip:<br \/>\nClip in titanio rivestita in DLC (Diamond-Like Carbon) per un&#8217;elevata durata.<br \/>\nPermette di agganciare il coltello in tre diverse angolazioni su entrambi i lati del manico.<br \/>\nProgettato per garantire la massima discrezione durante il trasporto (il coltello rimane nascosto in tasca).<\/p>\n<p>La lunghezza complessiva del coltello \u00e8 di 23,1 cm<\/p>\n<p>Riepilogo:<\/p>\n<p>Il Caimano Nero N.A. \u00e8 uno strumento di prima qualit\u00e0 ideale per i professionisti, i soldati e gli appassionati di attrezzatura tattica. La sua struttura \u00e8 robusta e affidabile, ma offre anche un alto valore di utilit\u00e0 e funzioni innovative. Il prezzo corrisponde alla qualit\u00e0 dei materiali e alla precisione artigianale tipica dei prodotti Extrema Ratio.  <\/p>\n<p>Se sei interessato a un coltello tattico compatto e funzionale, il Caimano Nero N.A. \u00e8 sicuramente da prendere in considerazione. Se hai bisogno di ulteriori informazioni, sar\u00f2 felice di aiutarti! <\/p>\n","protected":false},"excerpt":{"rendered":"<p><strong>Il Caimano Nero N.A. di Extrema Ratio \u00e8 un coltello tattico pieghevole di alta qualit\u00e0 progettato per uso professionale, in particolare per le esigenze delle Forze Speciali Navali Italiane G.O.I. (Gruppo Operativo Incursori). Si tratta di una variante non automatica che combina caratteristiche pratiche e un design robusto con la funzionalit\u00e0 tattica. <\/strong><\/p>\n<p><strong>Spedizione gratuita.<\/strong><\/p>\n","protected":false},"featured_media":374936,"comment_status":"open","ping_status":"closed","template":"","meta":[],"pwb-brand":[3768],"product_brand":[],"product_cat":[3749,3745],"product_tag":[],"class_list":{"0":"post-429870","1":"product","2":"type-product","3":"status-publish","4":"has-post-thumbnail","6":"pwb-brand-rapporto-estremo","7":"product_cat-coltelli-di-chiusura","8":"product_cat-coltelli","10":"first","11":"instock","12":"taxable","13":"shipping-taxable","14":"purchasable","15":"product-type-simple"},"brands":[{"id":3768,"name":"Rapporto estremo","slug":"rapporto-estremo"}],"_links":{"self":[{"href":"https:\/\/www.moskito.cz\/it\/wp-json\/wp\/v2\/product\/429870","targetHints":{"allow":["GET"]}}],"collection":[{"href":"https:\/\/www.moskito.cz\/it\/wp-json\/wp\/v2\/product"}],"about":[{"href":"https:\/\/www.moskito.cz\/it\/wp-json\/wp\/v2\/types\/product"}],"replies":[{"embeddable":true,"href":"https:\/\/www.moskito.cz\/it\/wp-json\/wp\/v2\/comments?post=429870"}],"wp:featuredmedia":[{"embeddable":true,"href":"https:\/\/www.moskito.cz\/it\/wp-json\/wp\/v2\/media\/374936"}],"wp:attachment":[{"href":"https:\/\/www.moskito.cz\/it\/wp-json\/wp\/v2\/media?parent=429870"}],"wp:term":[{"taxonomy":"pwb-brand","embeddable":true,"href":"https:\/\/www.moskito.cz\/it\/wp-json\/wp\/v2\/pwb-brand?post=429870"},{"taxonomy":"product_brand","embeddable":true,"href":"https:\/\/www.moskito.cz\/it\/wp-json\/wp\/v2\/product_brand?post=429870"},{"taxonomy":"product_cat","embeddable":true,"href":"https:\/\/www.moskito.cz\/it\/wp-json\/wp\/v2\/product_cat?post=429870"},{"taxonomy":"product_tag","embeddable":true,"href":"https:\/\/www.moskito.cz\/it\/wp-json\/wp\/v2\/product_tag?post=429870"}],"curies":[{"name":"wp","href":"https:\/\/api.w.org\/{rel}","templated":true}]}}