{"id":430087,"date":"2025-12-31T19:11:32","date_gmt":"2025-12-31T18:11:32","guid":{"rendered":"https:\/\/www.moskito.cz\/?post_type=product&#038;p=430087"},"modified":"2026-01-01T15:55:50","modified_gmt":"2026-01-01T14:55:50","slug":"zaviraci-nuz-spyderco-microjimbo-cpm-15v-c264gpbn15v","status":"publish","type":"product","link":"https:\/\/www.moskito.cz\/it\/produkt\/zaviraci-nuz-spyderco-microjimbo-cpm-15v-c264gpbn15v\/","title":{"rendered":"Zav\u00edrac\u00ed N\u016f\u017e Spyderco MicroJimbo CPM 15V C264GPBN15V"},"content":{"rendered":"<h2 data-start=\"183\" data-end=\"246\">\ud83d\udde1\ufe0f Zav\u00edrac\u00ed n\u016f\u017e <strong data-start=\"203\" data-end=\"246\">Spyderco MicroJimbo CPM 15V C264GPBN15V<\/strong><\/h2>\n<h3 data-start=\"248\" data-end=\"302\">Mal\u00fd, ale extr\u00e9mn\u011b ostr\u00fd \u2013 precizn\u00ed v\u00fdkon v kapse.<\/h3>\n<p data-start=\"304\" data-end=\"683\">Spyderco MicroJimbo CPM 15V je kompakt, kter\u00fd sv\u00fdm v\u00fdkonem <strong data-start=\"363\" data-end=\"391\">p\u0159ekon\u00e1v\u00e1 svoji velikost<\/strong>.<br data-start=\"392\" data-end=\"395\" \/>Sprint Run edice s \u010dokol\u00e1dov\u011b hn\u011bdou G-10 rukojet\u00ed a pr\u00e9miovou ocel\u00ed <strong data-start=\"464\" data-end=\"475\">CPM 15V<\/strong> p\u0159edstavuje ide\u00e1ln\u00ed kombinaci <strong data-start=\"506\" data-end=\"551\">odolnosti, ostrosti a kompaktn\u00edho designu<\/strong>.<br data-start=\"552\" data-end=\"555\" \/>Ka\u017ed\u00fd detail d\u00e1v\u00e1 najevo, \u017ee nejde jen o dal\u0161\u00ed EDC n\u016f\u017e \u2013 ale o <strong data-start=\"618\" data-end=\"682\">n\u00e1stroj, na kter\u00fd se m\u016f\u017ee\u0161 spolehnout, kdykoli ho pot\u0159ebuje\u0161<\/strong>.<\/p>\n<p data-start=\"685\" data-end=\"849\">Otev\u0159en\u00ed charakteristick\u00fdm kruhov\u00fdm otvorem Spyderco p\u0159inese okam\u017eitou kontrolu a jistotu v \u0159ezu. MicroJimbo je navr\u017een pro ty, kdo <strong data-start=\"817\" data-end=\"848\">ocen\u00ed s\u00edlu i v mal\u00e9m balen\u00ed<\/strong>.<\/p>\n<hr data-start=\"851\" data-end=\"854\" \/>\n<h3 data-start=\"856\" data-end=\"881\">Charakter a filozofie<\/h3>\n<p data-start=\"883\" data-end=\"1202\">Tento model je v\u00fdsledkem spolupr\u00e1ce Spyderco a design\u00e9ra Michaela Janicha \u2013 mistrovsk\u00e9 spojen\u00ed minimalistick\u00e9 konstrukce a maxim\u00e1ln\u00ed efektivity.<br data-start=\"1027\" data-end=\"1030\" \/>Kompaktn\u00ed \u010depel s optim\u00e1ln\u00edm \u00fahlem a ergonomickou rukojet\u00ed z <strong data-start=\"1091\" data-end=\"1105\">hn\u011bd\u00e9 G-10<\/strong> d\u00e1v\u00e1 ka\u017ed\u00e9mu \u0159ezu kontrolu, p\u0159esnost a jistotu, kter\u00e9 se od no\u017ee takov\u00fdch parametr\u016f neo\u010dek\u00e1vaj\u00ed.<\/p>\n<p data-start=\"1204\" data-end=\"1340\">MicroJimbo je n\u00e1stroj pro ty, kdo cht\u011bj\u00ed <strong data-start=\"1245\" data-end=\"1286\">rychlou, p\u0159esnou pr\u00e1ci bez kompromis\u016f<\/strong>, a\u0165 u\u017e jde o ka\u017edodenn\u00ed \u00fakoly nebo detailn\u00ed \u010dinnosti.<\/p>\n<hr data-start=\"1342\" data-end=\"1345\" \/>\n<h2 data-start=\"1347\" data-end=\"1362\">\ud83c\udfed O v\u00fdrobci<\/h2>\n<p data-start=\"1364\" data-end=\"1669\">Spyderco pat\u0159\u00ed mezi absolutn\u00ed \u0161pi\u010dku sv\u011btov\u00e9ho no\u017e\u00ed\u0159stv\u00ed.<br data-start=\"1421\" data-end=\"1424\" \/>Zna\u010dka je zn\u00e1m\u00e1 svou kombinac\u00ed <strong data-start=\"1455\" data-end=\"1494\">ergonomie, inovac\u00ed a vysok\u00e9 kvality<\/strong>, d\u00edky \u010demu\u017e jsou jejich no\u017ee obl\u00edben\u00e9 u profesion\u00e1l\u016f i sb\u011bratel\u016f.<br data-start=\"1560\" data-end=\"1563\" \/>Sprint Run edice MicroJimbo CPM 15V je toho d\u016fkazem \u2013 <strong data-start=\"1617\" data-end=\"1668\">limitovan\u00fd model s materi\u00e1ly na \u0161pi\u010dkov\u00e9 \u00farovni<\/strong>.<\/p>\n<hr data-start=\"1671\" data-end=\"1674\" \/>\n<h2 data-start=\"1676\" data-end=\"1703\">\u2699\ufe0f Technick\u00e9 specifikace<\/h2>\n<div class=\"TyagGW_tableContainer\">\n<div class=\"group TyagGW_tableWrapper flex w-fit flex-col-reverse\" tabindex=\"-1\">\n<table class=\"w-fit min-w-(--thread-content-width)\" data-start=\"1705\" data-end=\"2144\">\n<thead data-start=\"1705\" data-end=\"1727\">\n<tr data-start=\"1705\" data-end=\"1727\">\n<th data-start=\"1705\" data-end=\"1716\" data-col-size=\"sm\">Parametr<\/th>\n<th data-start=\"1716\" data-end=\"1727\" data-col-size=\"sm\">Hodnota<\/th>\n<\/tr>\n<\/thead>\n<tbody data-start=\"1751\" data-end=\"2144\">\n<tr data-start=\"1751\" data-end=\"1782\">\n<td data-start=\"1751\" data-end=\"1767\" data-col-size=\"sm\">Celkov\u00e1 d\u00e9lka<\/td>\n<td data-col-size=\"sm\" data-start=\"1767\" data-end=\"1782\">cca 15,0 cm<\/td>\n<\/tr>\n<tr data-start=\"1783\" data-end=\"1812\">\n<td data-start=\"1783\" data-end=\"1798\" data-col-size=\"sm\">D\u00e9lka \u010depele<\/td>\n<td data-start=\"1798\" data-end=\"1812\" data-col-size=\"sm\">cca 6,5 cm<\/td>\n<\/tr>\n<tr data-start=\"1813\" data-end=\"1845\">\n<td data-start=\"1813\" data-end=\"1831\" data-col-size=\"sm\">Tlou\u0161\u0165ka \u010depele<\/td>\n<td data-col-size=\"sm\" data-start=\"1831\" data-end=\"1845\">cca 3,8 mm<\/td>\n<\/tr>\n<tr data-start=\"1846\" data-end=\"1905\">\n<td data-start=\"1846\" data-end=\"1864\" data-col-size=\"sm\">Materi\u00e1l \u010depele<\/td>\n<td data-col-size=\"sm\" data-start=\"1864\" data-end=\"1905\">CPM 15V \u2013 vysoce odoln\u00e1 pr\u00e1\u0161kov\u00e1 ocel<\/td>\n<\/tr>\n<tr data-start=\"1906\" data-end=\"1939\">\n<td data-start=\"1906\" data-end=\"1922\" data-col-size=\"sm\">Tvrdost oceli<\/td>\n<td data-start=\"1922\" data-end=\"1939\" data-col-size=\"sm\">cca 60\u201362 HRC<\/td>\n<\/tr>\n<tr data-start=\"1940\" data-end=\"1968\">\n<td data-start=\"1940\" data-end=\"1954\" data-col-size=\"sm\">Tvar \u010depele<\/td>\n<td data-start=\"1954\" data-end=\"1968\" data-col-size=\"sm\">Leaf-shape<\/td>\n<\/tr>\n<tr data-start=\"1969\" data-end=\"1994\">\n<td data-start=\"1969\" data-end=\"1985\" data-col-size=\"sm\">Povrch \u010depele<\/td>\n<td data-start=\"1985\" data-end=\"1994\" data-col-size=\"sm\">Satin<\/td>\n<\/tr>\n<tr data-start=\"1995\" data-end=\"2019\">\n<td data-start=\"1995\" data-end=\"2005\" data-col-size=\"sm\">Rukoje\u0165<\/td>\n<td data-start=\"2005\" data-end=\"2019\" data-col-size=\"sm\">Brown G-10<\/td>\n<\/tr>\n<tr data-start=\"2020\" data-end=\"2049\">\n<td data-start=\"2020\" data-end=\"2028\" data-col-size=\"sm\">Z\u00e1mek<\/td>\n<td data-start=\"2028\" data-end=\"2049\" data-col-size=\"sm\">Compression Lock\u00ae<\/td>\n<\/tr>\n<tr data-start=\"2050\" data-end=\"2079\">\n<td data-start=\"2050\" data-end=\"2062\" data-col-size=\"sm\">Otev\u00edr\u00e1n\u00ed<\/td>\n<td data-start=\"2062\" data-end=\"2079\" data-col-size=\"sm\">Kruhov\u00fd otvor<\/td>\n<\/tr>\n<tr data-start=\"2080\" data-end=\"2103\">\n<td data-start=\"2080\" data-end=\"2087\" data-col-size=\"sm\">Klip<\/td>\n<td data-start=\"2087\" data-end=\"2103\" data-col-size=\"sm\">\u010cty\u0159polohov\u00fd<\/td>\n<\/tr>\n<tr data-start=\"2104\" data-end=\"2127\">\n<td data-start=\"2104\" data-end=\"2115\" data-col-size=\"sm\">Hmotnost<\/td>\n<td data-start=\"2115\" data-end=\"2127\" data-col-size=\"sm\">cca 75 g<\/td>\n<\/tr>\n<tr data-start=\"2128\" data-end=\"2144\">\n<td data-start=\"2128\" data-end=\"2137\" data-col-size=\"sm\">V\u00fdroba<\/td>\n<td data-start=\"2137\" data-end=\"2144\" data-col-size=\"sm\">USA<\/td>\n<\/tr>\n<\/tbody>\n<\/table>\n<\/div>\n<\/div>\n<hr data-start=\"2146\" data-end=\"2149\" \/>\n<h2 data-start=\"2151\" data-end=\"2169\">\u2705 Hlavn\u00ed v\u00fdhody<\/h2>\n<ul data-start=\"2171\" data-end=\"2538\">\n<li data-start=\"2171\" data-end=\"2248\">\n<p data-start=\"2173\" data-end=\"2248\">Pr\u00e9miov\u00e1 ocel <strong data-start=\"2187\" data-end=\"2198\">CPM 15V<\/strong> \u2013 mimo\u0159\u00e1dn\u00e1 odolnost proti opot\u0159eben\u00ed a pevnost<\/p>\n<\/li>\n<li data-start=\"2249\" data-end=\"2316\">\n<p data-start=\"2251\" data-end=\"2316\">Kompaktn\u00ed, ale funk\u010dn\u00ed design vhodn\u00fd pro EDC i detailn\u00ed pou\u017eit\u00ed<\/p>\n<\/li>\n<li data-start=\"2317\" data-end=\"2375\">\n<p data-start=\"2319\" data-end=\"2375\"><strong data-start=\"2319\" data-end=\"2340\">Compression Lock\u00ae<\/strong> \u2013 bezpe\u010dn\u00fd a plynul\u00fd mechanismus<\/p>\n<\/li>\n<li data-start=\"2376\" data-end=\"2428\">\n<p data-start=\"2378\" data-end=\"2428\">Ergonomick\u00e1 rukoje\u0165 z Brown G-10 pro jist\u00fd \u00fachop<\/p>\n<\/li>\n<li data-start=\"2429\" data-end=\"2493\">\n<p data-start=\"2431\" data-end=\"2493\">Sprint Run edice \u2013 limitovan\u00fd model s estetick\u00fdm charakterem<\/p>\n<\/li>\n<li data-start=\"2494\" data-end=\"2538\">\n<p data-start=\"2496\" data-end=\"2538\">Kruhov\u00fd otvor Spyderco pro rychl\u00e9 otev\u0159en\u00ed<\/p>\n<\/li>\n<\/ul>\n<hr data-start=\"2540\" data-end=\"2543\" \/>\n<h2 data-start=\"2545\" data-end=\"2564\">\u26a0\ufe0f Mo\u017en\u00e1 omezen\u00ed<\/h2>\n<ul data-start=\"2566\" data-end=\"2781\">\n<li data-start=\"2566\" data-end=\"2643\">\n<p data-start=\"2568\" data-end=\"2643\">Mal\u00e9 rozm\u011bry nemus\u00ed vyhovovat u\u017eivatel\u016fm preferuj\u00edc\u00edm velk\u00e9 pracovn\u00ed no\u017ee<\/p>\n<\/li>\n<li data-start=\"2644\" data-end=\"2708\">\n<p data-start=\"2646\" data-end=\"2708\">Vy\u0161\u0161\u00ed tvrdost oceli vy\u017eaduje specifick\u00fd p\u0159\u00edstup p\u0159i brou\u0161en\u00ed<\/p>\n<\/li>\n<li data-start=\"2709\" data-end=\"2781\">\n<p data-start=\"2711\" data-end=\"2781\">Limitovan\u00fd model nemus\u00ed b\u00fdt vhodn\u00fd pro v\u0161echny bez sb\u011bratelsk\u00e9 hodnoty<\/p>\n<\/li>\n<\/ul>\n<hr data-start=\"2783\" data-end=\"2786\" \/>\n<h2 data-start=\"2788\" data-end=\"2808\">\ud83d\udee0\ufe0f \u00dadr\u017eba a p\u00e9\u010de<\/h2>\n<ul data-start=\"2810\" data-end=\"3036\">\n<li data-start=\"2810\" data-end=\"2845\">\n<p data-start=\"2812\" data-end=\"2845\">Po pou\u017eit\u00ed \u010depel o\u010disti a osu\u0161\u00ed<\/p>\n<\/li>\n<li data-start=\"2846\" data-end=\"2893\">\n<p data-start=\"2848\" data-end=\"2893\">Pravideln\u011b kontroluj \u010distotu z\u00e1mku a pivotu<\/p>\n<\/li>\n<li data-start=\"2894\" data-end=\"2934\">\n<p data-start=\"2896\" data-end=\"2934\">Rukoje\u0165 z G-10 \u010dist\u011b jemn\u00fdm had\u0159\u00edkem<\/p>\n<\/li>\n<li data-start=\"2935\" data-end=\"2994\">\n<p data-start=\"2937\" data-end=\"2994\">Pivot pravideln\u011b proma\u017e vhodn\u00fdm mazivem pro hladk\u00fd chod<\/p>\n<\/li>\n<li data-start=\"2995\" data-end=\"3036\">\n<p data-start=\"2997\" data-end=\"3036\">Skladuj v such\u00e9m prost\u0159ed\u00ed mimo vlhkost<\/p>\n<\/li>\n<\/ul>\n<hr data-start=\"3038\" data-end=\"3041\" \/>\n<h2 data-start=\"3043\" data-end=\"3079\">\ud83d\udd2a Pro udr\u017een\u00ed ost\u0159\u00ed doporu\u010dujeme<\/h2>\n<p data-start=\"3081\" data-end=\"3192\">Pro zachov\u00e1n\u00ed maxim\u00e1ln\u00ed ostrosti oceli <strong data-start=\"3120\" data-end=\"3131\">CPM 15V<\/strong> doporu\u010dujeme syst\u00e9m brou\u0161en\u00ed ur\u010den\u00fd pro tvrd\u00e1, odoln\u00e1 ost\u0159\u00ed.<\/p>\n<p data-start=\"3194\" data-end=\"3295\">Ide\u00e1ln\u00ed volbou je <strong data-start=\"3212\" data-end=\"3278\">Spyderco Tri-Angle Sharpmaker Complete Sharpening System 204MF<\/strong>, kter\u00fd nab\u00edz\u00ed:<\/p>\n<ul data-start=\"3296\" data-end=\"3422\">\n<li data-start=\"3296\" data-end=\"3335\">\n<p data-start=\"3298\" data-end=\"3335\">p\u0159esn\u00e9 a konzistentn\u00ed \u00fahly brou\u0161en\u00ed<\/p>\n<\/li>\n<li data-start=\"3336\" data-end=\"3385\">\n<p data-start=\"3338\" data-end=\"3385\">\u0161etrnou \u00fadr\u017ebu bez nadm\u011brn\u00e9ho \u00fab\u011bru materi\u00e1lu<\/p>\n<\/li>\n<li data-start=\"3386\" data-end=\"3422\">\n<p data-start=\"3388\" data-end=\"3422\">bezpe\u010dn\u00e9 pou\u017eit\u00ed i pro za\u010d\u00e1te\u010dn\u00edky<\/p>\n<\/li>\n<\/ul>\n<p data-start=\"3424\" data-end=\"3469\">\ud83d\uded2 <strong data-start=\"3427\" data-end=\"3469\">Zakoup\u00edte na na\u0161ich str\u00e1nk\u00e1ch Moskito.<\/strong><\/p>\n<hr data-start=\"3471\" data-end=\"3474\" \/>\n<h2 data-start=\"3476\" data-end=\"3496\">\ud83c\udfaf Doporu\u010deno pro<\/h2>\n<ul data-start=\"3498\" data-end=\"3670\">\n<li data-start=\"3498\" data-end=\"3531\">\n<p data-start=\"3500\" data-end=\"3531\">Sb\u011bratele limitovan\u00fdch model\u016f<\/p>\n<\/li>\n<li data-start=\"3532\" data-end=\"3582\">\n<p data-start=\"3534\" data-end=\"3582\">U\u017eivatel\u00e9 EDC, kte\u0159\u00ed cht\u011bj\u00ed pr\u00e9miov\u00e9 materi\u00e1ly<\/p>\n<\/li>\n<li data-start=\"3583\" data-end=\"3622\">\n<p data-start=\"3585\" data-end=\"3622\">Profesion\u00e1ly vy\u017eaduj\u00edc\u00ed p\u0159esn\u00e9 \u0159ezy<\/p>\n<\/li>\n<li data-start=\"3623\" data-end=\"3670\">\n<p data-start=\"3625\" data-end=\"3670\">Fanou\u0161ky minimalistick\u00e9ho, ale v\u00fdkonn\u00e9ho no\u017ee<\/p>\n<\/li>\n<\/ul>\n<hr data-start=\"3672\" data-end=\"3675\" \/>\n<h2 data-start=\"3677\" data-end=\"3701\">\u2b50 Z\u00e1v\u011bre\u010dn\u00e9 hodnocen\u00ed<\/h2>\n<p data-start=\"3703\" data-end=\"3912\">Spyderco MicroJimbo CPM 15V C264GPBN15V je <strong data-start=\"3746\" data-end=\"3783\">mal\u00fd ostr\u00fd specialistick\u00fd n\u00e1stroj<\/strong>, kter\u00fd nepodce\u0148uje v\u00fdkon ani kvalitu.<br data-start=\"3821\" data-end=\"3824\" \/>Lehk\u00fd, kompaktn\u00ed a extr\u00e9mn\u011b odoln\u00fd \u2013 ide\u00e1ln\u00ed pro ka\u017edodenn\u00ed pou\u017eit\u00ed i detailn\u00ed \u010dinnosti.<\/p>\n<p data-start=\"3914\" data-end=\"3955\"><strong data-start=\"3914\" data-end=\"3955\">MicroJimbo \u2013 mal\u00fd n\u016f\u017e s velkou silou.<\/strong><\/p>\n","protected":false},"excerpt":{"rendered":"<p data-start=\"3703\" data-end=\"3912\"><strong>Spyderco MicroJimbo CPM 15V C264GPBN15V je mal\u00fd ostr\u00fd specialistick\u00fd n\u00e1stroj, kter\u00fd nepodce\u0148uje v\u00fdkon ani kvalitu.<\/strong><br data-start=\"3821\" data-end=\"3824\" \/><strong>Lehk\u00fd, kompaktn\u00ed a extr\u00e9mn\u011b odoln\u00fd \u2013 ide\u00e1ln\u00ed pro ka\u017edodenn\u00ed pou\u017eit\u00ed i detailn\u00ed \u010dinnosti.<\/strong><\/p>\n<p data-start=\"3914\" data-end=\"3955\"><strong data-start=\"3914\" data-end=\"3955\">MicroJimbo \u2013 mal\u00fd n\u016f\u017e s velkou silou.<\/strong><\/p>\n<p data-start=\"3914\" data-end=\"3955\"><strong>Doprava zdarma.<\/strong><\/p>\n","protected":false},"featured_media":430088,"comment_status":"open","ping_status":"closed","template":"","meta":[],"pwb-brand":[567],"product_brand":[],"product_cat":[22,17],"product_tag":[],"class_list":{"0":"post-430087","1":"product","2":"type-product","3":"status-publish","4":"has-post-thumbnail","6":"pwb-brand-spyderco","7":"product_cat-zaviraci-noze","8":"product_cat-noze","10":"first","11":"instock","12":"taxable","13":"shipping-taxable","14":"purchasable","15":"product-type-simple"},"brands":[{"id":567,"name":"Spyderco","slug":"spyderco"}],"_links":{"self":[{"href":"https:\/\/www.moskito.cz\/it\/wp-json\/wp\/v2\/product\/430087","targetHints":{"allow":["GET"]}}],"collection":[{"href":"https:\/\/www.moskito.cz\/it\/wp-json\/wp\/v2\/product"}],"about":[{"href":"https:\/\/www.moskito.cz\/it\/wp-json\/wp\/v2\/types\/product"}],"replies":[{"embeddable":true,"href":"https:\/\/www.moskito.cz\/it\/wp-json\/wp\/v2\/comments?post=430087"}],"wp:featuredmedia":[{"embeddable":true,"href":"https:\/\/www.moskito.cz\/it\/wp-json\/wp\/v2\/media\/430088"}],"wp:attachment":[{"href":"https:\/\/www.moskito.cz\/it\/wp-json\/wp\/v2\/media?parent=430087"}],"wp:term":[{"taxonomy":"pwb-brand","embeddable":true,"href":"https:\/\/www.moskito.cz\/it\/wp-json\/wp\/v2\/pwb-brand?post=430087"},{"taxonomy":"product_brand","embeddable":true,"href":"https:\/\/www.moskito.cz\/it\/wp-json\/wp\/v2\/product_brand?post=430087"},{"taxonomy":"product_cat","embeddable":true,"href":"https:\/\/www.moskito.cz\/it\/wp-json\/wp\/v2\/product_cat?post=430087"},{"taxonomy":"product_tag","embeddable":true,"href":"https:\/\/www.moskito.cz\/it\/wp-json\/wp\/v2\/product_tag?post=430087"}],"curies":[{"name":"wp","href":"https:\/\/api.w.org\/{rel}","templated":true}]}}