{"id":430267,"date":"2026-01-01T11:15:01","date_gmt":"2026-01-01T10:15:01","guid":{"rendered":"https:\/\/www.moskito.cz\/?post_type=product&#038;p=430267"},"modified":"2026-01-01T15:39:28","modified_gmt":"2026-01-01T14:39:28","slug":"zaviraci-nuz-spyderco-yojumbo-michaela-janicha-c253gpnbkp","status":"publish","type":"product","link":"https:\/\/www.moskito.cz\/it\/produkt\/zaviraci-nuz-spyderco-yojumbo-michaela-janicha-c253gpnbkp\/","title":{"rendered":"Zav\u00edrac\u00ed N\u016f\u017e Spyderco YoJumbo Michaela Janicha C253GPNBKP"},"content":{"rendered":"<h2 data-start=\"219\" data-end=\"301\">\ud83d\udde1\ufe0f Zav\u00edrac\u00ed n\u016f\u017e <strong data-start=\"239\" data-end=\"301\">Spyderco YoJumbo Black DLC CPM S30V C253GPNBKP (Pink G-10)<\/strong><\/h2>\n<h3 data-start=\"303\" data-end=\"363\">Siln\u00fd, precizn\u00ed a p\u0159ipraven\u00fd zvl\u00e1dnout v\u00edc ne\u017e o\u010dek\u00e1v\u00e1\u0161.<\/h3>\n<p data-start=\"365\" data-end=\"850\">Spyderco YoJumbo je v\u00fdrazn\u00fd model z \u0159ady <strong data-start=\"406\" data-end=\"420\">Sprint Run<\/strong>, kter\u00fd spojuje <strong data-start=\"436\" data-end=\"462\">v\u00fdkonnou ocel CPM S30V<\/strong>, robustn\u00ed konstrukci a origin\u00e1ln\u00ed design od Michaela Janicha.<br data-start=\"524\" data-end=\"527\" \/>Tento n\u016f\u017e je v\u011bt\u0161\u00ed verz\u00ed popul\u00e1rn\u00edho Yojimbo \u2013 siln\u011bj\u0161\u00ed, jist\u011bj\u0161\u00ed v ruce a p\u0159ipraven\u00fd \u010delit v\u0161em situac\u00edm, kde je t\u0159eba <strong data-start=\"647\" data-end=\"676\">s\u00edla, kontrola a p\u0159esnost<\/strong>.<br data-start=\"677\" data-end=\"680\" \/>Kdy\u017e jej otev\u0159e\u0161 charakteristick\u00fdm kruhov\u00fdm otvorem Spyderco a tuknut\u00edm Back Lock z\u00e1mku jej zajist\u00ed\u0161, z\u00edsk\u00e1\u0161 n\u00e1stroj, kter\u00fd je <strong data-start=\"807\" data-end=\"836\">prost\u011b p\u0159ipraven pracovat<\/strong> \u2013 bez v\u00fdmluv.<\/p>\n<hr data-start=\"852\" data-end=\"855\" \/>\n<h3 data-start=\"857\" data-end=\"882\">Charakter a filozofie<\/h3>\n<p data-start=\"884\" data-end=\"1336\">YoJumbo je navr\u017een pro ty, kte\u0159\u00ed cht\u011bj\u00ed <strong data-start=\"924\" data-end=\"954\">v\u00fdkonn\u00fd a robustn\u00ed EDC n\u016f\u017e<\/strong>, kter\u00fd zvl\u00e1dne n\u00e1ro\u010dn\u00e9 \u00fakoly i b\u011b\u017en\u00e9 denn\u00ed pou\u017eit\u00ed.<br data-start=\"1006\" data-end=\"1009\" \/>Velk\u00e1 \u010depel z <strong data-start=\"1023\" data-end=\"1050\">pr\u00e9miov\u00e9 oceli CPM S30V<\/strong> poskytuje excelentn\u00ed rovnov\u00e1hu mezi ostrost\u00ed, odolnost\u00ed a \u00fadr\u017ebou. Povrchov\u00e1 \u00faprava <strong data-start=\"1135\" data-end=\"1148\">Black DLC<\/strong> d\u00e1v\u00e1 no\u017ei nejen agresivn\u00ed vzhled, ale i p\u0159idanou odolnost proti od\u011bru.<br data-start=\"1219\" data-end=\"1222\" \/>Ergonomick\u00e1 rukoje\u0165 z <strong data-start=\"1244\" data-end=\"1261\">r\u016f\u017eov\u00e9ho G-10<\/strong> nejen kontrastuje s \u010dernou \u010depel\u00ed, ale poskytuje i jist\u00fd a pohodln\u00fd \u00fachop.<\/p>\n<p data-start=\"1338\" data-end=\"1496\">Sprint Run edice je v\u017edy n\u011bco zvl\u00e1\u0161tn\u00edho \u2013 unik\u00e1tn\u00ed kombinace materi\u00e1l\u016f a designu, kter\u00e1 z ka\u017ed\u00e9ho kusu d\u011bl\u00e1 sb\u011bratelsk\u00fd kousek s <strong data-start=\"1468\" data-end=\"1495\">v\u00fdkonem, kter\u00fd nezklame<\/strong>.<\/p>\n<hr data-start=\"1498\" data-end=\"1501\" \/>\n<h2 data-start=\"1503\" data-end=\"1518\">\ud83c\udfed O v\u00fdrobci<\/h2>\n<p data-start=\"1520\" data-end=\"1812\">Spyderco pat\u0159\u00ed mezi ikonick\u00e9 zna\u010dky modern\u00edho no\u017e\u00ed\u0159stv\u00ed.<br data-start=\"1576\" data-end=\"1579\" \/>V ka\u017ed\u00e9m modelu kombinuje <strong data-start=\"1605\" data-end=\"1653\">ergonomii, inovace a praktickou pou\u017eitelnost<\/strong>, kter\u00e1 vznik\u00e1 dlouholet\u00fdmi zku\u0161enostmi a naslouch\u00e1n\u00edm re\u00e1ln\u00fdm pot\u0159eb\u00e1m u\u017eivatel\u016f.<br data-start=\"1735\" data-end=\"1738\" \/>YoJumbo je p\u0159\u00edkladem t\u00e9to filozofie: <strong data-start=\"1775\" data-end=\"1811\">s\u00edla a preciznost bez kompromis\u016f<\/strong>.<\/p>\n<hr data-start=\"1814\" data-end=\"1817\" \/>\n<h2 data-start=\"1819\" data-end=\"1846\">\u2699\ufe0f Technick\u00e9 specifikace<\/h2>\n<div class=\"TyagGW_tableContainer\">\n<div class=\"group TyagGW_tableWrapper flex w-fit flex-col-reverse\" tabindex=\"-1\">\n<table class=\"w-fit min-w-(--thread-content-width)\" data-start=\"1848\" data-end=\"2425\">\n<thead data-start=\"1848\" data-end=\"1870\">\n<tr data-start=\"1848\" data-end=\"1870\">\n<th data-start=\"1848\" data-end=\"1859\" data-col-size=\"sm\">Parametr<\/th>\n<th data-start=\"1859\" data-end=\"1870\" data-col-size=\"md\">Hodnota<\/th>\n<\/tr>\n<\/thead>\n<tbody data-start=\"1894\" data-end=\"2425\">\n<tr data-start=\"1894\" data-end=\"1929\">\n<td data-start=\"1894\" data-end=\"1910\" data-col-size=\"sm\">Celkov\u00e1 d\u00e9lka<\/td>\n<td data-col-size=\"md\" data-start=\"1910\" data-end=\"1929\">cca <strong data-start=\"1916\" data-end=\"1927\">23,0 cm<\/strong><\/td>\n<\/tr>\n<tr data-start=\"1930\" data-end=\"1964\">\n<td data-start=\"1930\" data-end=\"1945\" data-col-size=\"sm\">D\u00e9lka \u010depele<\/td>\n<td data-start=\"1945\" data-end=\"1964\" data-col-size=\"md\">cca <strong data-start=\"1951\" data-end=\"1962\">10,0 cm<\/strong><\/td>\n<\/tr>\n<tr data-start=\"1965\" data-end=\"2001\">\n<td data-start=\"1965\" data-end=\"1983\" data-col-size=\"sm\">Tlou\u0161\u0165ka \u010depele<\/td>\n<td data-col-size=\"md\" data-start=\"1983\" data-end=\"2001\">cca <strong data-start=\"1989\" data-end=\"1999\">4,0 mm<\/strong><\/td>\n<\/tr>\n<tr data-start=\"2002\" data-end=\"2061\">\n<td data-start=\"2002\" data-end=\"2020\" data-col-size=\"sm\">Materi\u00e1l \u010depele<\/td>\n<td data-col-size=\"md\" data-start=\"2020\" data-end=\"2061\"><strong data-start=\"2022\" data-end=\"2034\">CPM S30V<\/strong> \u2013 pr\u00e9miov\u00e1 nerezov\u00e1 ocel<\/td>\n<\/tr>\n<tr data-start=\"2062\" data-end=\"2099\">\n<td data-start=\"2062\" data-end=\"2078\" data-col-size=\"sm\">Tvrdost oceli<\/td>\n<td data-col-size=\"md\" data-start=\"2078\" data-end=\"2099\">cca <strong data-start=\"2084\" data-end=\"2097\">58\u201360 HRC<\/strong><\/td>\n<\/tr>\n<tr data-start=\"2100\" data-end=\"2159\">\n<td data-start=\"2100\" data-end=\"2116\" data-col-size=\"sm\">Povrch \u010depele<\/td>\n<td data-start=\"2116\" data-end=\"2159\" data-col-size=\"md\"><strong data-start=\"2118\" data-end=\"2131\">Black DLC<\/strong> \u2013 odoln\u00e1 povrchov\u00e1 \u00faprava<\/td>\n<\/tr>\n<tr data-start=\"2160\" data-end=\"2188\">\n<td data-start=\"2160\" data-end=\"2174\" data-col-size=\"sm\">Tvar \u010depele<\/td>\n<td data-start=\"2174\" data-end=\"2188\" data-col-size=\"md\">Drop-point<\/td>\n<\/tr>\n<tr data-start=\"2189\" data-end=\"2230\">\n<td data-start=\"2189\" data-end=\"2199\" data-col-size=\"sm\">Rukoje\u0165<\/td>\n<td data-start=\"2199\" data-end=\"2230\" data-col-size=\"md\"><strong data-start=\"2201\" data-end=\"2214\">Pink G-10<\/strong> \u2013 texturovan\u00e1<\/td>\n<\/tr>\n<tr data-start=\"2231\" data-end=\"2292\">\n<td data-start=\"2231\" data-end=\"2239\" data-col-size=\"sm\">Z\u00e1mek<\/td>\n<td data-start=\"2239\" data-end=\"2292\" data-col-size=\"md\"><strong data-start=\"2241\" data-end=\"2254\">Back Lock<\/strong> \u2013 bezpe\u010dn\u00fd a spolehliv\u00fd mechanismus<\/td>\n<\/tr>\n<tr data-start=\"2293\" data-end=\"2331\">\n<td data-start=\"2293\" data-end=\"2305\" data-col-size=\"sm\">Otev\u00edr\u00e1n\u00ed<\/td>\n<td data-start=\"2305\" data-end=\"2331\" data-col-size=\"md\">Kruhov\u00fd otvor Spyderco<\/td>\n<\/tr>\n<tr data-start=\"2332\" data-end=\"2375\">\n<td data-start=\"2332\" data-end=\"2339\" data-col-size=\"sm\">Klip<\/td>\n<td data-col-size=\"md\" data-start=\"2339\" data-end=\"2375\">\u010cty\u0159polohov\u00fd \u2013 tip-up \/ tip-down<\/td>\n<\/tr>\n<tr data-start=\"2376\" data-end=\"2404\">\n<td data-start=\"2376\" data-end=\"2387\" data-col-size=\"sm\">Hmotnost<\/td>\n<td data-col-size=\"md\" data-start=\"2387\" data-end=\"2404\">cca <strong data-start=\"2393\" data-end=\"2402\">150 g<\/strong><\/td>\n<\/tr>\n<tr data-start=\"2405\" data-end=\"2425\">\n<td data-start=\"2405\" data-end=\"2414\" data-col-size=\"sm\">V\u00fdroba<\/td>\n<td data-col-size=\"md\" data-start=\"2414\" data-end=\"2425\"><strong data-start=\"2416\" data-end=\"2423\">USA<\/strong><\/td>\n<\/tr>\n<\/tbody>\n<\/table>\n<\/div>\n<\/div>\n<hr data-start=\"2427\" data-end=\"2430\" \/>\n<h2 data-start=\"2432\" data-end=\"2450\">\u2705 Hlavn\u00ed v\u00fdhody<\/h2>\n<ul data-start=\"2452\" data-end=\"2861\">\n<li data-start=\"2452\" data-end=\"2526\">\n<p data-start=\"2454\" data-end=\"2526\"><strong data-start=\"2454\" data-end=\"2480\">Pr\u00e9miov\u00e1 ocel CPM S30V<\/strong> \u2013 v\u00fdborn\u00e1 rovnov\u00e1ha ostr\u00e9 hrany a odolnosti<\/p>\n<\/li>\n<li data-start=\"2527\" data-end=\"2610\">\n<p data-start=\"2529\" data-end=\"2610\"><strong data-start=\"2529\" data-end=\"2549\">Black DLC povrch<\/strong> \u2013 zv\u00fd\u0161en\u00e1 odolnost proti od\u011bru a nen\u00e1padn\u00fd taktick\u00fd vzhled<\/p>\n<\/li>\n<li data-start=\"2611\" data-end=\"2679\">\n<p data-start=\"2613\" data-end=\"2679\"><strong data-start=\"2613\" data-end=\"2648\">Ergonomick\u00e1 G-10 rukoje\u0165 (pink)<\/strong> \u2013 jist\u00fd \u00fachop a v\u00fdrazn\u00fd styl<\/p>\n<\/li>\n<li data-start=\"2680\" data-end=\"2738\">\n<p data-start=\"2682\" data-end=\"2738\"><strong data-start=\"2682\" data-end=\"2695\">Back Lock<\/strong> \u2013 bezpe\u010dn\u00e9 uzam\u010den\u00ed p\u0159i intenzivn\u00ed pr\u00e1ci<\/p>\n<\/li>\n<li data-start=\"2739\" data-end=\"2803\">\n<p data-start=\"2741\" data-end=\"2803\"><strong data-start=\"2741\" data-end=\"2761\">Sprint Run edice<\/strong> \u2013 limitovan\u00fd model s unik\u00e1tn\u00ed estetikou<\/p>\n<\/li>\n<li data-start=\"2804\" data-end=\"2861\">\n<p data-start=\"2806\" data-end=\"2861\"><strong data-start=\"2806\" data-end=\"2827\">\u010cty\u0159polohov\u00fd klip<\/strong> \u2013 flexibiln\u00ed no\u0161en\u00ed podle pot\u0159eby<\/p>\n<\/li>\n<\/ul>\n<hr data-start=\"2863\" data-end=\"2866\" \/>\n<h2 data-start=\"2868\" data-end=\"2887\">\u26a0\ufe0f Mo\u017en\u00e1 omezen\u00ed<\/h2>\n<ul data-start=\"2889\" data-end=\"3074\">\n<li data-start=\"2889\" data-end=\"2955\">\n<p data-start=\"2891\" data-end=\"2955\">V\u011bt\u0161\u00ed rozm\u011bry nemus\u00ed vyhovovat milovn\u00edk\u016fm kompaktn\u00edch EDC no\u017e\u016f<\/p>\n<\/li>\n<li data-start=\"2956\" data-end=\"3012\">\n<p data-start=\"2958\" data-end=\"3012\">Back Lock m\u016f\u017ee vy\u017eadovat del\u0161\u00ed zvyk\u00e1n\u00ed u za\u010d\u00e1te\u010dn\u00edk\u016f<\/p>\n<\/li>\n<li data-start=\"3013\" data-end=\"3074\">\n<p data-start=\"3015\" data-end=\"3074\">Vy\u0161\u0161\u00ed cena odpov\u00edd\u00e1 pr\u00e9miov\u00fdm materi\u00e1l\u016fm a limitovan\u00e9 edici<\/p>\n<\/li>\n<\/ul>\n<hr data-start=\"3076\" data-end=\"3079\" \/>\n<h2 data-start=\"3081\" data-end=\"3101\">\ud83d\udee0\ufe0f \u00dadr\u017eba a p\u00e9\u010de<\/h2>\n<ul data-start=\"3103\" data-end=\"3344\">\n<li data-start=\"3103\" data-end=\"3147\">\n<p data-start=\"3105\" data-end=\"3147\">Po pou\u017eit\u00ed \u010depel d\u016fkladn\u011b o\u010disti a osu\u0161\u00ed<\/p>\n<\/li>\n<li data-start=\"3148\" data-end=\"3207\">\n<p data-start=\"3150\" data-end=\"3207\">Vyh\u00fdbej se abrazivn\u00edm a agresivn\u00edm \u010distic\u00edm prost\u0159edk\u016fm<\/p>\n<\/li>\n<li data-start=\"3208\" data-end=\"3246\">\n<p data-start=\"3210\" data-end=\"3246\">Rukoje\u0165 G-10 \u010dist\u011b jemn\u00fdm had\u0159\u00edkem<\/p>\n<\/li>\n<li data-start=\"3247\" data-end=\"3302\">\n<p data-start=\"3249\" data-end=\"3302\">Pravideln\u011b proma\u017e pivot a Back Lock vhodn\u00fdm mazivem<\/p>\n<\/li>\n<li data-start=\"3303\" data-end=\"3344\">\n<p data-start=\"3305\" data-end=\"3344\">Skladuj v such\u00e9m prost\u0159ed\u00ed mimo vlhkost<\/p>\n<\/li>\n<\/ul>\n<hr data-start=\"3346\" data-end=\"3349\" \/>\n<h2 data-start=\"3351\" data-end=\"3387\">\ud83d\udd2a Pro udr\u017een\u00ed ost\u0159\u00ed doporu\u010dujeme<\/h2>\n<p data-start=\"3389\" data-end=\"3512\">Pro zachov\u00e1n\u00ed maxim\u00e1ln\u00ed ostrosti \u010depele <strong data-start=\"3429\" data-end=\"3441\">CPM S30V<\/strong> doporu\u010dujeme kvalitn\u00ed syst\u00e9m brou\u0161en\u00ed ur\u010den\u00fd pro tvrd\u00e1 a odoln\u00e1 ost\u0159\u00ed.<\/p>\n<p data-start=\"3514\" data-end=\"3617\">Ide\u00e1ln\u00ed volbou je <strong data-start=\"3532\" data-end=\"3598\">Spyderco Tri-Angle Sharpmaker Complete Sharpening System 204MF<\/strong>, kter\u00fd umo\u017e\u0148uje:<\/p>\n<ul data-start=\"3618\" data-end=\"3743\">\n<li data-start=\"3618\" data-end=\"3657\">\n<p data-start=\"3620\" data-end=\"3657\">p\u0159esn\u00e9 a konzistentn\u00ed \u00fahly brou\u0161en\u00ed<\/p>\n<\/li>\n<li data-start=\"3658\" data-end=\"3707\">\n<p data-start=\"3660\" data-end=\"3707\">\u0161etrnou \u00fadr\u017ebu bez nadm\u011brn\u00e9ho \u00fab\u011bru materi\u00e1lu<\/p>\n<\/li>\n<li data-start=\"3708\" data-end=\"3743\">\n<p data-start=\"3710\" data-end=\"3743\">bezpe\u010dn\u00e9 pou\u017eit\u00ed i bez zku\u0161enost\u00ed<\/p>\n<\/li>\n<\/ul>\n<p data-start=\"3745\" data-end=\"3790\">\ud83d\uded2 <strong data-start=\"3748\" data-end=\"3790\">Zakoup\u00edte na na\u0161ich str\u00e1nk\u00e1ch Moskito.<\/strong><\/p>\n<hr data-start=\"3792\" data-end=\"3795\" \/>\n<h2 data-start=\"3797\" data-end=\"3817\">\ud83c\udfaf Doporu\u010deno pro<\/h2>\n<ul data-start=\"3819\" data-end=\"4025\">\n<li data-start=\"3819\" data-end=\"3861\">\n<p data-start=\"3821\" data-end=\"3861\">Sb\u011bratele a fanou\u0161ky limitovan\u00fdch edic<\/p>\n<\/li>\n<li data-start=\"3862\" data-end=\"3915\">\n<p data-start=\"3864\" data-end=\"3915\">U\u017eivatel\u00e9 EDC, kte\u0159\u00ed ocen\u00ed robustn\u00ed a v\u00fdkonn\u00fd n\u016f\u017e<\/p>\n<\/li>\n<li data-start=\"3916\" data-end=\"3971\">\n<p data-start=\"3918\" data-end=\"3971\">Outdoor a pracovn\u00ed \u00fakoly vy\u017eaduj\u00edc\u00ed kontrolu a s\u00edlu<\/p>\n<\/li>\n<li data-start=\"3972\" data-end=\"4025\">\n<p data-start=\"3974\" data-end=\"4025\">Ty, kdo cht\u011bj\u00ed <strong data-start=\"3989\" data-end=\"4025\">siln\u00fd n\u016f\u017e s vlastn\u00edm charakterem<\/strong><\/p>\n<\/li>\n<\/ul>\n<hr data-start=\"4027\" data-end=\"4030\" \/>\n<h2 data-start=\"4032\" data-end=\"4056\">\u2b50 Z\u00e1v\u011bre\u010dn\u00e9 hodnocen\u00ed<\/h2>\n<p data-start=\"4058\" data-end=\"4287\">Spyderco YoJumbo Black DLC CPM S30V C253GPNBKP je <strong data-start=\"4108\" data-end=\"4148\">velk\u00fd, siln\u00fd a precizn\u00ed zav\u00edrac\u00ed n\u016f\u017e<\/strong>, kter\u00fd kombinuje v\u00fdkon a unik\u00e1tn\u00ed styl.<br data-start=\"4188\" data-end=\"4191\" \/>Je to n\u00e1stroj, kter\u00fd <strong data-start=\"4212\" data-end=\"4286\">pracuje hladce, jist\u011b a bez kompromis\u016f \u2013 p\u0159ipraven\u00fd kdykoli a kdekoliv<\/strong>.<\/p>\n<p data-start=\"4289\" data-end=\"4327\"><strong data-start=\"4289\" data-end=\"4327\">YoJumbo \u2013 s\u00edla, kter\u00e1 si t\u011b z\u00edsk\u00e1.<\/strong><\/p>\n","protected":false},"excerpt":{"rendered":"<p data-start=\"4058\" data-end=\"4287\"><strong>Spyderco YoJumbo Black DLC CPM S30V C253GPNBKP je velk\u00fd, siln\u00fd a precizn\u00ed zav\u00edrac\u00ed n\u016f\u017e, kter\u00fd kombinuje v\u00fdkon a unik\u00e1tn\u00ed styl.<\/strong><br data-start=\"4188\" data-end=\"4191\" \/><strong>Je to n\u00e1stroj, kter\u00fd pracuje hladce, jist\u011b a bez kompromis\u016f \u2013 p\u0159ipraven\u00fd kdykoli a kdekoliv.<\/strong><\/p>\n<p data-start=\"4289\" data-end=\"4327\"><strong data-start=\"4289\" data-end=\"4327\">YoJumbo \u2013 s\u00edla, kter\u00e1 si t\u011b z\u00edsk\u00e1.<\/strong><\/p>\n<p data-start=\"4289\" data-end=\"4327\"><strong>Doprava zdarma.<\/strong><\/p>\n","protected":false},"featured_media":430268,"comment_status":"open","ping_status":"closed","template":"","meta":[],"pwb-brand":[567],"product_brand":[],"product_cat":[22,17],"product_tag":[],"class_list":{"0":"post-430267","1":"product","2":"type-product","3":"status-publish","4":"has-post-thumbnail","6":"pwb-brand-spyderco","7":"product_cat-zaviraci-noze","8":"product_cat-noze","10":"first","11":"instock","12":"taxable","13":"shipping-taxable","14":"purchasable","15":"product-type-simple"},"brands":[{"id":567,"name":"Spyderco","slug":"spyderco"}],"_links":{"self":[{"href":"https:\/\/www.moskito.cz\/it\/wp-json\/wp\/v2\/product\/430267","targetHints":{"allow":["GET"]}}],"collection":[{"href":"https:\/\/www.moskito.cz\/it\/wp-json\/wp\/v2\/product"}],"about":[{"href":"https:\/\/www.moskito.cz\/it\/wp-json\/wp\/v2\/types\/product"}],"replies":[{"embeddable":true,"href":"https:\/\/www.moskito.cz\/it\/wp-json\/wp\/v2\/comments?post=430267"}],"wp:featuredmedia":[{"embeddable":true,"href":"https:\/\/www.moskito.cz\/it\/wp-json\/wp\/v2\/media\/430268"}],"wp:attachment":[{"href":"https:\/\/www.moskito.cz\/it\/wp-json\/wp\/v2\/media?parent=430267"}],"wp:term":[{"taxonomy":"pwb-brand","embeddable":true,"href":"https:\/\/www.moskito.cz\/it\/wp-json\/wp\/v2\/pwb-brand?post=430267"},{"taxonomy":"product_brand","embeddable":true,"href":"https:\/\/www.moskito.cz\/it\/wp-json\/wp\/v2\/product_brand?post=430267"},{"taxonomy":"product_cat","embeddable":true,"href":"https:\/\/www.moskito.cz\/it\/wp-json\/wp\/v2\/product_cat?post=430267"},{"taxonomy":"product_tag","embeddable":true,"href":"https:\/\/www.moskito.cz\/it\/wp-json\/wp\/v2\/product_tag?post=430267"}],"curies":[{"name":"wp","href":"https:\/\/api.w.org\/{rel}","templated":true}]}}