{"id":430729,"date":"2026-01-05T20:28:37","date_gmt":"2026-01-05T19:28:37","guid":{"rendered":"https:\/\/www.moskito.cz\/?post_type=product&#038;p=430729"},"modified":"2026-01-10T10:01:14","modified_gmt":"2026-01-10T09:01:14","slug":"zaviraci-nuz-spyderco-sage-6-c123cfbclp","status":"publish","type":"product","link":"https:\/\/www.moskito.cz\/it\/produkt\/zaviraci-nuz-spyderco-sage-6-c123cfbclp\/","title":{"rendered":"Zav\u00edrac\u00ed N\u016f\u017e Spyderco Sage 6 C123CFBCLP"},"content":{"rendered":"<h2 data-start=\"227\" data-end=\"277\">\ud83d\udde1\ufe0f Zav\u00edrac\u00ed n\u016f\u017e <strong data-start=\"247\" data-end=\"275\">Spyderco Sage C123CFBCLP<\/strong><\/h2>\n<h3 data-start=\"314\" data-end=\"355\">Inovace, jistota a precizn\u00ed ovl\u00e1d\u00e1n\u00ed.<\/h3>\n<p data-start=\"357\" data-end=\"726\">Spyderco <em data-start=\"366\" data-end=\"372\">Sage<\/em> je <strong data-start=\"376\" data-end=\"401\">unik\u00e1tn\u00ed zav\u00edrac\u00ed n\u016f\u017e<\/strong>, kter\u00fd kombinuje <strong data-start=\"419\" data-end=\"495\">unik\u00e1tn\u00ed ovl\u00e1dac\u00ed prvky, \u0161pi\u010dkov\u00e9 materi\u00e1ly a ergonomii, kter\u00e1 t\u011b podr\u017e\u00ed<\/strong>, a\u0165 u\u017e \u0159e\u0161\u00ed\u0161 ka\u017edodenn\u00ed \u00fakoly, outdoorov\u00e9 v\u00fdpravy nebo technick\u00e9 v\u00fdzvy.<br data-start=\"567\" data-end=\"570\" \/>D\u00edky designu s <strong data-start=\"585\" data-end=\"637\">6 tla\u010d\u00edtky a Compression Lock\u00ae kompresn\u00edm z\u00e1mkem<\/strong> nab\u00edz\u00ed Sage <strong data-start=\"650\" data-end=\"725\">neoby\u010dejn\u011b intuitivn\u00ed a bezpe\u010dn\u00e9 ovl\u00e1d\u00e1n\u00ed p\u0159i ka\u017ed\u00e9m otev\u0159en\u00ed i zav\u0159en\u00ed<\/strong>.<\/p>\n<p data-start=\"728\" data-end=\"848\">Tento model je navr\u017een tak, aby d\u00e1val <strong data-start=\"766\" data-end=\"848\">maxim\u00e1ln\u00ed kontrolu, jistotu a plynul\u00fd chod \u010depele \u2013 okam\u017eit\u011b a bez kompromis\u016f.<\/strong><\/p>\n<hr data-start=\"850\" data-end=\"853\" \/>\n<h3 data-start=\"855\" data-end=\"880\">Charakter a filozofie<\/h3>\n<p data-start=\"882\" data-end=\"1227\">Spyderco Sage je ide\u00e1ln\u00ed volbou pro ty, kte\u0159\u00ed cht\u011bj\u00ed <strong data-start=\"935\" data-end=\"1005\">pokro\u010dil\u00e9 funkce, ergonomii a precizn\u00ed ovl\u00e1d\u00e1n\u00ed v jedin\u00e9m n\u00e1stroji<\/strong>.<br data-start=\"1006\" data-end=\"1009\" \/>6 tla\u010d\u00edtek a inovativn\u00ed uchycen\u00ed klipu vytv\u00e1\u0159\u00ed pocit kontroly, kter\u00fd c\u00edt\u00ed\u0161 p\u0159i ka\u017ed\u00e9m \u00fachopu.<br data-start=\"1102\" data-end=\"1105\" \/>Compression Lock\u00ae z\u00e1mek dod\u00e1v\u00e1 pocit bezpe\u010d\u00ed a jistotu, \u017ee \u010depel z\u016fstane pevn\u011b uzam\u010dena, i kdy\u017e na n\u016f\u017e vyvine\u0161 vel\u0161\u00ed tlak.<\/p>\n<p data-start=\"1229\" data-end=\"1342\">Tento model je kombinac\u00ed <strong data-start=\"1254\" data-end=\"1307\">intuitivn\u00edch ovl\u00e1dac\u00edch prvk\u016f, v\u00fdkonu a odolnosti<\/strong> \u2014 p\u0159esn\u011b tak, jak to um\u00ed Spyderco.<\/p>\n<hr data-start=\"1344\" data-end=\"1347\" \/>\n<h2 data-start=\"1349\" data-end=\"1364\">\ud83c\udfed O v\u00fdrobci<\/h2>\n<p data-start=\"1366\" data-end=\"1691\">Spyderco je zna\u010dka, kter\u00e1 se dlouhodob\u011b \u0159ad\u00ed mezi ikony modern\u00edho no\u017e\u00ed\u0159stv\u00ed.<br data-start=\"1442\" data-end=\"1445\" \/>D\u00edky d\u016frazu na <strong data-start=\"1460\" data-end=\"1496\">ergonomii, prakti\u010dnost a inovace<\/strong> vznikaj\u00ed no\u017ee, kter\u00e9 se st\u00e1vaj\u00ed standardem ve sv\u011bt\u011b jak profesion\u00e1ln\u00edch, tak ka\u017edodenn\u00edch n\u00e1stroj\u016f.<br data-start=\"1596\" data-end=\"1599\" \/>Sage je p\u0159\u00edkladem, jak zna\u010dka um\u00ed posouvat hranice ovl\u00e1d\u00e1n\u00ed, bezpe\u010dnosti a citliv\u00e9 kontroly.<\/p>\n<hr data-start=\"1693\" data-end=\"1696\" \/>\n<h2 data-start=\"1698\" data-end=\"1725\">\u2699\ufe0f Technick\u00e9 specifikace<\/h2>\n<div class=\"TyagGW_tableContainer\">\n<div class=\"group TyagGW_tableWrapper flex w-fit flex-col-reverse\" tabindex=\"-1\">\n<table class=\"w-fit min-w-(--thread-content-width)\" data-start=\"1727\" data-end=\"2288\">\n<thead data-start=\"1727\" data-end=\"1749\">\n<tr data-start=\"1727\" data-end=\"1749\">\n<th data-start=\"1727\" data-end=\"1738\" data-col-size=\"sm\">Parametr<\/th>\n<th data-start=\"1738\" data-end=\"1749\" data-col-size=\"md\">Hodnota<\/th>\n<\/tr>\n<\/thead>\n<tbody data-start=\"1773\" data-end=\"2288\">\n<tr data-start=\"1773\" data-end=\"1808\">\n<td data-start=\"1773\" data-end=\"1789\" data-col-size=\"sm\">Celkov\u00e1 d\u00e9lka<\/td>\n<td data-start=\"1789\" data-end=\"1808\" data-col-size=\"md\">cca <strong data-start=\"1795\" data-end=\"1806\">19,8 cm<\/strong><\/td>\n<\/tr>\n<tr data-start=\"1809\" data-end=\"1842\">\n<td data-start=\"1809\" data-end=\"1824\" data-col-size=\"sm\">D\u00e9lka \u010depele<\/td>\n<td data-start=\"1824\" data-end=\"1842\" data-col-size=\"md\">cca <strong data-start=\"1830\" data-end=\"1840\">8,3 cm<\/strong><\/td>\n<\/tr>\n<tr data-start=\"1843\" data-end=\"1879\">\n<td data-start=\"1843\" data-end=\"1861\" data-col-size=\"sm\">Tlou\u0161\u0165ka \u010depele<\/td>\n<td data-start=\"1861\" data-end=\"1879\" data-col-size=\"md\">cca <strong data-start=\"1867\" data-end=\"1877\">3,0 mm<\/strong><\/td>\n<\/tr>\n<tr data-start=\"1880\" data-end=\"1939\">\n<td data-start=\"1880\" data-end=\"1898\" data-col-size=\"sm\">Materi\u00e1l \u010depele<\/td>\n<td data-start=\"1898\" data-end=\"1939\" data-col-size=\"md\"><strong data-start=\"1900\" data-end=\"1912\">CPM S30V<\/strong> \u2013 pr\u00e9miov\u00e1 nerezov\u00e1 ocel<\/td>\n<\/tr>\n<tr data-start=\"1940\" data-end=\"1977\">\n<td data-start=\"1940\" data-end=\"1956\" data-col-size=\"sm\">Tvrdost oceli<\/td>\n<td data-start=\"1956\" data-end=\"1977\" data-col-size=\"md\">cca <strong data-start=\"1962\" data-end=\"1975\">58\u201360 HRC<\/strong><\/td>\n<\/tr>\n<tr data-start=\"1978\" data-end=\"2010\">\n<td data-start=\"1978\" data-end=\"1992\" data-col-size=\"sm\">Tvar \u010depele<\/td>\n<td data-start=\"1992\" data-end=\"2010\" data-col-size=\"md\"><strong data-start=\"1994\" data-end=\"2008\">Leaf-shape<\/strong><\/td>\n<\/tr>\n<tr data-start=\"2011\" data-end=\"2042\">\n<td data-start=\"2011\" data-end=\"2027\" data-col-size=\"sm\">Povrch \u010depele<\/td>\n<td data-start=\"2027\" data-end=\"2042\" data-col-size=\"md\">Black Blade<\/td>\n<\/tr>\n<tr data-start=\"2043\" data-end=\"2081\">\n<td data-start=\"2043\" data-end=\"2053\" data-col-size=\"sm\">Rukoje\u0165<\/td>\n<td data-start=\"2053\" data-end=\"2081\" data-col-size=\"md\">FRN \/ G-10 (texturovan\u00e1)<\/td>\n<\/tr>\n<tr data-start=\"2082\" data-end=\"2147\">\n<td data-start=\"2082\" data-end=\"2090\" data-col-size=\"sm\">Z\u00e1mek<\/td>\n<td data-start=\"2090\" data-end=\"2147\" data-col-size=\"md\"><strong data-start=\"2092\" data-end=\"2113\">Compression Lock\u00ae<\/strong> \u2013 bezpe\u010dn\u00fd a hladk\u00fd mechanismus<\/td>\n<\/tr>\n<tr data-start=\"2148\" data-end=\"2186\">\n<td data-start=\"2148\" data-end=\"2160\" data-col-size=\"sm\">Otev\u00edr\u00e1n\u00ed<\/td>\n<td data-start=\"2160\" data-end=\"2186\" data-col-size=\"md\">Kruhov\u00fd otvor Spyderco<\/td>\n<\/tr>\n<tr data-start=\"2187\" data-end=\"2228\">\n<td data-start=\"2187\" data-end=\"2194\" data-col-size=\"sm\">Klip<\/td>\n<td data-start=\"2194\" data-end=\"2228\" data-col-size=\"md\">6-tla\u010d\u00edtkov\u00fd ambidextrous klip<\/td>\n<\/tr>\n<tr data-start=\"2229\" data-end=\"2260\">\n<td data-start=\"2229\" data-end=\"2240\" data-col-size=\"sm\">Hmotnost<\/td>\n<td data-start=\"2240\" data-end=\"2260\" data-col-size=\"md\">cca <strong data-start=\"2246\" data-end=\"2258\">90\u2013100 g<\/strong><\/td>\n<\/tr>\n<tr data-start=\"2261\" data-end=\"2288\">\n<td data-start=\"2261\" data-end=\"2270\" data-col-size=\"sm\">V\u00fdroba<\/td>\n<td data-start=\"2270\" data-end=\"2288\" data-col-size=\"md\">USA \/ Japonsko<\/td>\n<\/tr>\n<\/tbody>\n<\/table>\n<\/div>\n<\/div>\n<hr data-start=\"2290\" data-end=\"2293\" \/>\n<h2 data-start=\"2295\" data-end=\"2313\">\u2705 Hlavn\u00ed v\u00fdhody<\/h2>\n<ul data-start=\"2315\" data-end=\"2697\">\n<li data-start=\"2315\" data-end=\"2390\">\n<p data-start=\"2317\" data-end=\"2390\"><strong data-start=\"2317\" data-end=\"2351\">6-tla\u010d\u00edtkov\u00fd ambidextrous klip<\/strong> \u2013 variabiln\u00ed a individu\u00e1ln\u00ed um\u00edst\u011bn\u00ed<\/p>\n<\/li>\n<li data-start=\"2391\" data-end=\"2449\">\n<p data-start=\"2393\" data-end=\"2449\"><strong data-start=\"2393\" data-end=\"2414\">Compression Lock\u00ae<\/strong> \u2013 bezpe\u010dn\u00e9 a intuitivn\u00ed uzam\u010den\u00ed<\/p>\n<\/li>\n<li data-start=\"2450\" data-end=\"2515\">\n<p data-start=\"2452\" data-end=\"2515\"><strong data-start=\"2452\" data-end=\"2478\">Pr\u00e9miov\u00e1 ocel CPM S30V<\/strong> \u2013 v\u00fdborn\u00e1 retence ost\u0159\u00ed a odolnost<\/p>\n<\/li>\n<li data-start=\"2516\" data-end=\"2575\">\n<p data-start=\"2518\" data-end=\"2575\"><strong data-start=\"2518\" data-end=\"2541\">Ergonomick\u00e1 rukoje\u0165<\/strong> \u2013 jist\u00fd \u00fachop i p\u0159i del\u0161\u00ed pr\u00e1ci<\/p>\n<\/li>\n<li data-start=\"2576\" data-end=\"2637\">\n<p data-start=\"2578\" data-end=\"2637\"><strong data-start=\"2578\" data-end=\"2604\">Kruhov\u00fd otvor Spyderco<\/strong> \u2013 rychl\u00e9 a intuitivn\u00ed otev\u0159en\u00ed<\/p>\n<\/li>\n<li data-start=\"2638\" data-end=\"2697\">\n<p data-start=\"2640\" data-end=\"2697\">Elegantn\u00ed a funk\u010dn\u00ed design vhodn\u00fd pro EDC i n\u00e1ro\u010dn\u00e9 \u00fakoly<\/p>\n<\/li>\n<\/ul>\n<hr data-start=\"2699\" data-end=\"2702\" \/>\n<h2 data-start=\"2704\" data-end=\"2723\">\u26a0\ufe0f Mo\u017en\u00e1 omezen\u00ed<\/h2>\n<ul data-start=\"2725\" data-end=\"2915\">\n<li data-start=\"2725\" data-end=\"2776\">\n<p data-start=\"2727\" data-end=\"2776\">Multi-button klip m\u016f\u017ee vy\u017eadovat chv\u00edli zvyk\u00e1n\u00ed<\/p>\n<\/li>\n<li data-start=\"2777\" data-end=\"2853\">\n<p data-start=\"2779\" data-end=\"2853\">Black Blade povrch vy\u017eaduje pravidelnou \u00fadr\u017ebu p\u0159i intenzivn\u00edm pou\u017e\u00edv\u00e1n\u00ed<\/p>\n<\/li>\n<li data-start=\"2854\" data-end=\"2915\">\n<p data-start=\"2856\" data-end=\"2915\">Design klade d\u016fraz na funkci \u2014 estetika je sp\u00ed\u0161e utilit\u00e1rn\u00ed<\/p>\n<\/li>\n<\/ul>\n<hr data-start=\"2917\" data-end=\"2920\" \/>\n<h2 data-start=\"2922\" data-end=\"2942\">\ud83d\udee0\ufe0f \u00dadr\u017eba a p\u00e9\u010de<\/h2>\n<ul data-start=\"2944\" data-end=\"3175\">\n<li data-start=\"2944\" data-end=\"2988\">\n<p data-start=\"2946\" data-end=\"2988\">Po pou\u017eit\u00ed \u010depel d\u016fkladn\u011b o\u010disti a osu\u0161\u00ed<\/p>\n<\/li>\n<li data-start=\"2989\" data-end=\"3022\">\n<p data-start=\"2991\" data-end=\"3022\">Rukoje\u0165 \u010dist\u011b jemn\u00fdm had\u0159\u00edkem<\/p>\n<\/li>\n<li data-start=\"3023\" data-end=\"3069\">\n<p data-start=\"3025\" data-end=\"3069\">Vyh\u00fdbej se abrazivn\u00edm \u010distic\u00edm prost\u0159edk\u016fm<\/p>\n<\/li>\n<li data-start=\"3070\" data-end=\"3133\">\n<p data-start=\"3072\" data-end=\"3133\">Compression Lock\u00ae a pivot pravideln\u011b proma\u017e vhodn\u00fdm mazivem<\/p>\n<\/li>\n<li data-start=\"3134\" data-end=\"3175\">\n<p data-start=\"3136\" data-end=\"3175\">Skladuj v such\u00e9m prost\u0159ed\u00ed mimo vlhkost<\/p>\n<\/li>\n<\/ul>\n<hr data-start=\"3177\" data-end=\"3180\" \/>\n<h2 data-start=\"3182\" data-end=\"3218\">\ud83d\udd2a Pro udr\u017een\u00ed ost\u0159\u00ed doporu\u010dujeme<\/h2>\n<p data-start=\"3220\" data-end=\"3334\">Pro zachov\u00e1n\u00ed maxim\u00e1ln\u00ed ostrosti \u010depele <strong data-start=\"3260\" data-end=\"3272\">CPM S30V<\/strong> doporu\u010dujeme kvalitn\u00ed syst\u00e9m brou\u0161en\u00ed ur\u010den\u00fd pro tvrd\u00e1 ost\u0159\u00ed.<\/p>\n<p data-start=\"3336\" data-end=\"3439\">Ide\u00e1ln\u00ed volbou je <strong data-start=\"3354\" data-end=\"3420\">Spyderco Tri-Angle Sharpmaker Complete Sharpening System 204MF<\/strong>, kter\u00fd umo\u017e\u0148uje:<\/p>\n<ul data-start=\"3440\" data-end=\"3589\">\n<li data-start=\"3440\" data-end=\"3483\">\n<p data-start=\"3442\" data-end=\"3483\"><strong data-start=\"3442\" data-end=\"3481\">p\u0159esn\u00e9 a konzistentn\u00ed \u00fahly brou\u0161en\u00ed<\/strong><\/p>\n<\/li>\n<li data-start=\"3484\" data-end=\"3537\">\n<p data-start=\"3486\" data-end=\"3537\"><strong data-start=\"3486\" data-end=\"3535\">\u0161etrnou \u00fadr\u017ebu bez nadm\u011brn\u00e9ho \u00fab\u011bru materi\u00e1lu<\/strong><\/p>\n<\/li>\n<li data-start=\"3538\" data-end=\"3589\">\n<p data-start=\"3540\" data-end=\"3589\"><strong data-start=\"3540\" data-end=\"3589\">bezpe\u010dn\u00e9 pou\u017eit\u00ed i bez p\u0159edchoz\u00edch zku\u0161enost\u00ed<\/strong><\/p>\n<\/li>\n<\/ul>\n<p data-start=\"3591\" data-end=\"3636\">\ud83d\uded2 <strong data-start=\"3594\" data-end=\"3636\">Zakoup\u00edte na na\u0161ich str\u00e1nk\u00e1ch Moskito.<\/strong><\/p>\n<hr data-start=\"3638\" data-end=\"3641\" \/>\n<h2 data-start=\"3643\" data-end=\"3663\">\ud83c\udfaf Doporu\u010deno pro<\/h2>\n<ul data-start=\"3665\" data-end=\"3853\">\n<li data-start=\"3665\" data-end=\"3723\">\n<p data-start=\"3667\" data-end=\"3723\">U\u017eivatele preferuj\u00edc\u00ed pokro\u010dil\u00e9 ovl\u00e1d\u00e1n\u00ed a flexibilitu<\/p>\n<\/li>\n<li data-start=\"3724\" data-end=\"3763\">\n<p data-start=\"3726\" data-end=\"3763\">Ka\u017edodenn\u00ed no\u0161en\u00ed i praktick\u00e9 \u00fakoly<\/p>\n<\/li>\n<li data-start=\"3764\" data-end=\"3807\">\n<p data-start=\"3766\" data-end=\"3807\">Outdoorov\u00e9 aktivity a technick\u00e9 pou\u017eit\u00ed<\/p>\n<\/li>\n<li data-start=\"3808\" data-end=\"3853\">\n<p data-start=\"3810\" data-end=\"3853\">Fanou\u0161ci inovativn\u00edch design\u016f od Spyderco<\/p>\n<\/li>\n<\/ul>\n<hr data-start=\"3855\" data-end=\"3858\" \/>\n<h2 data-start=\"3860\" data-end=\"3884\">\u2b50 Z\u00e1v\u011bre\u010dn\u00e9 hodnocen\u00ed<\/h2>\n<p data-start=\"3886\" data-end=\"4122\">Spyderco <strong data-start=\"3895\" data-end=\"3914\">Sage C123CFBCLP<\/strong> je v\u0161estrann\u00fd a inovativn\u00ed zav\u00edrac\u00ed n\u016f\u017e, kter\u00fd <strong data-start=\"3962\" data-end=\"4015\">nab\u00edz\u00ed vysokou \u00farove\u0148 komfortu, kontroly a v\u00fdkonu<\/strong> v ka\u017ed\u00e9m okam\u017eiku.<br data-start=\"4034\" data-end=\"4037\" \/>Je to n\u00e1stroj, kter\u00fd <strong data-start=\"4058\" data-end=\"4122\">funguje tak, jak o\u010dek\u00e1v\u00e1\u0161 \u2013 p\u0159esn\u011b, hladce a bez kompromis\u016f.<\/strong><\/p>\n<p data-start=\"4124\" data-end=\"4174\"><strong data-start=\"4124\" data-end=\"4174\">Sage \u2013 kontrola, kterou poc\u00edt\u00ed\u0161 v ka\u017ed\u00e9m tahu.<\/strong><\/p>\n","protected":false},"excerpt":{"rendered":"<p data-start=\"3886\" data-end=\"4122\"><strong>Spyderco Sage C123CFBCLP je v\u0161estrann\u00fd a inovativn\u00ed zav\u00edrac\u00ed n\u016f\u017e, kter\u00fd nab\u00edz\u00ed vysokou \u00farove\u0148 komfortu, kontroly a v\u00fdkonu v ka\u017ed\u00e9m okam\u017eiku.<\/strong><br data-start=\"4034\" data-end=\"4037\" \/><strong>Je to n\u00e1stroj, kter\u00fd funguje tak, jak o\u010dek\u00e1v\u00e1\u0161 \u2013 p\u0159esn\u011b, hladce a bez kompromis\u016f.<\/strong><\/p>\n<p data-start=\"4124\" data-end=\"4174\"><strong data-start=\"4124\" data-end=\"4174\">Sage \u2013 kontrola, kterou poc\u00edt\u00ed\u0161 v ka\u017ed\u00e9m tahu.<\/strong><\/p>\n<p data-start=\"4124\" data-end=\"4174\"><strong>Doprava zdarma.<\/strong><\/p>\n","protected":false},"featured_media":430730,"comment_status":"open","ping_status":"closed","template":"","meta":[],"pwb-brand":[567],"product_brand":[],"product_cat":[22,17],"product_tag":[],"class_list":{"0":"post-430729","1":"product","2":"type-product","3":"status-publish","4":"has-post-thumbnail","6":"pwb-brand-spyderco","7":"product_cat-zaviraci-noze","8":"product_cat-noze","10":"first","11":"instock","12":"taxable","13":"shipping-taxable","14":"purchasable","15":"product-type-simple"},"brands":[{"id":567,"name":"Spyderco","slug":"spyderco"}],"_links":{"self":[{"href":"https:\/\/www.moskito.cz\/it\/wp-json\/wp\/v2\/product\/430729","targetHints":{"allow":["GET"]}}],"collection":[{"href":"https:\/\/www.moskito.cz\/it\/wp-json\/wp\/v2\/product"}],"about":[{"href":"https:\/\/www.moskito.cz\/it\/wp-json\/wp\/v2\/types\/product"}],"replies":[{"embeddable":true,"href":"https:\/\/www.moskito.cz\/it\/wp-json\/wp\/v2\/comments?post=430729"}],"wp:featuredmedia":[{"embeddable":true,"href":"https:\/\/www.moskito.cz\/it\/wp-json\/wp\/v2\/media\/430730"}],"wp:attachment":[{"href":"https:\/\/www.moskito.cz\/it\/wp-json\/wp\/v2\/media?parent=430729"}],"wp:term":[{"taxonomy":"pwb-brand","embeddable":true,"href":"https:\/\/www.moskito.cz\/it\/wp-json\/wp\/v2\/pwb-brand?post=430729"},{"taxonomy":"product_brand","embeddable":true,"href":"https:\/\/www.moskito.cz\/it\/wp-json\/wp\/v2\/product_brand?post=430729"},{"taxonomy":"product_cat","embeddable":true,"href":"https:\/\/www.moskito.cz\/it\/wp-json\/wp\/v2\/product_cat?post=430729"},{"taxonomy":"product_tag","embeddable":true,"href":"https:\/\/www.moskito.cz\/it\/wp-json\/wp\/v2\/product_tag?post=430729"}],"curies":[{"name":"wp","href":"https:\/\/api.w.org\/{rel}","templated":true}]}}