{"id":434929,"date":"2026-02-02T15:25:38","date_gmt":"2026-02-02T14:25:38","guid":{"rendered":"https:\/\/www.moskito.cz\/?post_type=product&#038;p=434929"},"modified":"2026-02-02T15:25:39","modified_gmt":"2026-02-02T14:25:39","slug":"cold-steel-battle-star-80ssxl","status":"publish","type":"product","link":"https:\/\/www.moskito.cz\/it\/produkt\/cold-steel-battle-star-80ssxl\/","title":{"rendered":"Cold Steel Battle Star 80SSXL"},"content":{"rendered":"<div class=\"tab-description__content\">\n<div class=\"detail-description\">\n<div class=\"detail-description__text toggle_text\">\n<p>Bojov\u00e1 hv\u011bzda spole\u010dnosti Cold Steel je na rozd\u00edl od levn\u00fdch, trval\u00fdch vrhac\u00edch hv\u011bzd, kter\u00e9 vid\u00edte na ble\u0161\u00edch trz\u00edch, prohl\u00eddk\u00e1ch zbran\u00ed av \u010dasopisech bojov\u00fdch um\u011bn\u00ed. Je vyrobena z extra siln\u00e9 laserov\u00e9 oceli s vysok\u00fdm obsahem uhl\u00edku, kter\u00e1 byla tepeln\u011b zpracov\u00e1na na tvrdou pru\u017einovou teplotu a je chr\u00e1n\u011bna \u010dernou, vypalovanou epoxidovou povrchovou \u00fapravou. Toto je nejv\u011bt\u0161\u00ed H\u00e1zec\u00ed hv\u011bzda spole\u010dnosti Cold Steel; je zcela nabrou\u0161en\u00fd a v\u017edy tref\u00ed spr\u00e1vn\u00fd bod.<\/p>\n<\/div>\n<\/div>\n<\/div>\n<div class=\"tab-description__properties\">\n<ul class=\"detail-properties\">\n<li class=\"detail-properties__item\">\n<div class=\"detail-properties__key\">Materi\u00e1l \u010depele:<\/div>\n<div class=\"detail-properties__value\">1055 <i class=\"ico ico-question js-tippy-white\" data-tippy=\"\" data-original-title=\"1055 je uhl\u00edkov\u00e1 n\u00e1strojov\u00e1 ocel s obsahem uhl\u00edku 0,55% a 0,6 a\u017e 0,9% vanadu. Tvrdost se pohybuje okolo 60-64 HRC.\"><\/i><\/div>\n<\/li>\n<li class=\"detail-properties__item\">\n<div class=\"detail-properties__key\">Celkov\u00e1 d\u00e9lka:<\/div>\n<div class=\"detail-properties__value\">27 cm<\/div>\n<\/li>\n<li class=\"detail-properties__item\">\n<div class=\"detail-properties__key\">Tlou\u0161\u0165ka \u010depele:<\/div>\n<div class=\"detail-properties__value\">2.8 mm<\/div>\n<\/li>\n<li class=\"detail-properties__item\">\n<div class=\"detail-properties__key\">Hmotnost:<\/div>\n<div class=\"detail-properties__value\">280 g<\/div>\n<\/li>\n<li class=\"detail-properties__item\">\n<div class=\"detail-properties__key\">Typ no\u017ee:<\/div>\n<div class=\"detail-properties__value\">Vrhac\u00ed<\/div>\n<\/li>\n<\/ul>\n<\/div>\n","protected":false},"excerpt":{"rendered":"<p>Bojov\u00e1 hv\u011bzda spole\u010dnosti Cold Steel je na rozd\u00edl od levn\u00fdch, trval\u00fdch vrhac\u00edch hv\u011bzd, kter\u00e9 vid\u00edte na ble\u0161\u00edch trz\u00edch, prohl\u00eddk\u00e1ch zbran\u00ed av \u010dasopisech bojov\u00fdch um\u011bn\u00ed. Je vyrobena z extra siln\u00e9 laserov\u00e9 oceli s vysok\u00fdm obsahem uhl\u00edku, kter\u00e1 byla tepeln\u011b zpracov\u00e1na na tvrdou pru\u017einovou teplotu a je chr\u00e1n\u011bna \u010dernou, vypalovanou epoxidovou povrchovou \u00fapravou. Toto je nejv\u011bt\u0161\u00ed H\u00e1zec\u00ed [&hellip;]<\/p>\n","protected":false},"featured_media":434930,"comment_status":"open","ping_status":"closed","template":"","meta":[],"pwb-brand":[211],"product_brand":[],"product_cat":[23,17],"product_tag":[],"class_list":{"0":"post-434929","1":"product","2":"type-product","3":"status-publish","4":"has-post-thumbnail","6":"pwb-brand-cold-steel","7":"product_cat-pevne-noze","8":"product_cat-noze","10":"first","11":"instock","12":"taxable","13":"shipping-taxable","14":"purchasable","15":"product-type-simple"},"brands":[{"id":211,"name":"Cold Steel","slug":"cold-steel"}],"_links":{"self":[{"href":"https:\/\/www.moskito.cz\/it\/wp-json\/wp\/v2\/product\/434929","targetHints":{"allow":["GET"]}}],"collection":[{"href":"https:\/\/www.moskito.cz\/it\/wp-json\/wp\/v2\/product"}],"about":[{"href":"https:\/\/www.moskito.cz\/it\/wp-json\/wp\/v2\/types\/product"}],"replies":[{"embeddable":true,"href":"https:\/\/www.moskito.cz\/it\/wp-json\/wp\/v2\/comments?post=434929"}],"wp:featuredmedia":[{"embeddable":true,"href":"https:\/\/www.moskito.cz\/it\/wp-json\/wp\/v2\/media\/434930"}],"wp:attachment":[{"href":"https:\/\/www.moskito.cz\/it\/wp-json\/wp\/v2\/media?parent=434929"}],"wp:term":[{"taxonomy":"pwb-brand","embeddable":true,"href":"https:\/\/www.moskito.cz\/it\/wp-json\/wp\/v2\/pwb-brand?post=434929"},{"taxonomy":"product_brand","embeddable":true,"href":"https:\/\/www.moskito.cz\/it\/wp-json\/wp\/v2\/product_brand?post=434929"},{"taxonomy":"product_cat","embeddable":true,"href":"https:\/\/www.moskito.cz\/it\/wp-json\/wp\/v2\/product_cat?post=434929"},{"taxonomy":"product_tag","embeddable":true,"href":"https:\/\/www.moskito.cz\/it\/wp-json\/wp\/v2\/product_tag?post=434929"}],"curies":[{"name":"wp","href":"https:\/\/api.w.org\/{rel}","templated":true}]}}