{"id":436913,"date":"2020-07-28T15:26:33","date_gmt":"2020-07-28T14:26:33","guid":{"rendered":"https:\/\/www.moskito.cz\/produkt\/coltello-di-espulsione-microtech-dirac-delta-227-1-ta\/"},"modified":"2026-02-12T14:22:53","modified_gmt":"2026-02-12T13:22:53","slug":"coltello-di-espulsione-microtech-dirac-delta-227-1-ta","status":"publish","type":"product","link":"https:\/\/www.moskito.cz\/it\/produkt\/coltello-di-espulsione-microtech-dirac-delta-227-1-ta\/","title":{"rendered":"Coltello di espulsione Microtech Dirac Delta 227-1 TA"},"content":{"rendered":"<p data-start=\"0\" data-end=\"371\">Non appena prenderai in mano il <strong data-start=\"23\" data-end=\"84\">Microtech Dirac Delta\u00ae D\/E 227-1 TA (Alluminio Tan, Nero)<\/strong>, saprai immediatamente di avere in mano una versione pi\u00f9 grande e potente dell&#8217;iconica serie Dirac. Questo coltello automatico OTF funziona in modalit\u00e0 D\/A (Doppia Azione) e dispone di un meccanismo di estensione della lama estremamente rapido. Il cursore si trova sul lato del manico, per un controllo pi\u00f9 naturale ed ergonomico.  <\/p>\n<p data-start=\"373\" data-end=\"487\">Il modello \u00e8 realizzato e assemblato al 100% negli Stati Uniti ed \u00e8 stato progettato da Anthony Marfion &#8211; coltellinaio e proprietario di Microtech Knives.<\/p>\n<hr data-start=\"489\" data-end=\"492\">\n<p data-start=\"494\" data-end=\"522\">\ud83d\udd25 <strong data-start=\"497\" data-end=\"522\">Carattere e filosofia<\/strong><\/p>\n<p data-start=\"524\" data-end=\"736\">Il Dirac Delta\u00ae \u00e8 una versione ingrandita del primo modello D\/A OTF di Microtech con un cursore laterale e incassato. Presenta una moderna impugnatura ergonomica con linee dolcemente curve ispirate alla leggendaria serie HALO\u00ae. <\/p>\n<p data-start=\"738\" data-end=\"978\">La lunghezza complessiva di 9,25&#8243; (235 mm) lo rende un compromesso ideale tra uno strumento tattico full-size e un comodo coltello EDC. La costruzione robusta, l&#8217;azione fluida e la caratteristica lama simmetrica D\/E conferiscono al Dirac Delta un carattere forte e sicuro. <\/p>\n<hr data-start=\"980\" data-end=\"983\">\n<p data-start=\"985\" data-end=\"1001\"><strong data-start=\"988\" data-end=\"1001\">\ud83c\udfed Informazioni sul produttore<\/strong><\/p>\n<p data-start=\"1003\" data-end=\"1124\">Microtech \u00e8 un marchio americano con oltre 30 anni di innovazione nel campo dei coltelli automatici. Le caratteristiche tipiche sono: <\/p>\n<ul data-start=\"1126\" data-end=\"1268\">\n<li data-start=\"1126\" data-end=\"1179\">\n<p data-start=\"1128\" data-end=\"1179\">viti proprie brevettate (hardware proprietario)<\/p>\n<\/li>\n<li data-start=\"1180\" data-end=\"1214\">\n<p data-start=\"1182\" data-end=\"1214\">meccanismo interno innovativo<\/p>\n<\/li>\n<li data-start=\"1215\" data-end=\"1244\">\n<p data-start=\"1217\" data-end=\"1244\">rompivetro integrato<\/p>\n<\/li>\n<li data-start=\"1245\" data-end=\"1268\">\n<p data-start=\"1247\" data-end=\"1268\">produzione CNC di precisione<\/p>\n<\/li>\n<\/ul>\n<p data-start=\"1270\" data-end=\"1363\">Ogni coltello \u00e8 completamente realizzato negli Stati Uniti con attenzione alla qualit\u00e0, ai dettagli e all&#8217;affidabilit\u00e0 a lungo termine.<\/p>\n<hr data-start=\"1365\" data-end=\"1368\">\n<p data-start=\"1370\" data-end=\"1396\">\ud83d\udde1\ufe0f <strong data-start=\"1374\" data-end=\"1396\">Lama &#8211; Pugnale D\/E<\/strong><\/p>\n<p data-start=\"1398\" data-end=\"1647\">La lama del <strong data-start=\"1409\" data-end=\"1437\">pugnale D\/E (Double Edge)<\/strong> \u00e8 rettificata su entrambi i lati e presenta una pronunciata nervatura centrale per una maggiore resistenza. Su entrambi i lati sono presenti lunghe scanalature in rilievo\/di scarico che contribuiscono alla resistenza del design e all&#8217;aspetto distintivo. <\/p>\n<p data-start=\"1649\" data-end=\"1725\"><strong data-start=\"1666\" data-end=\"1714\">Nero Finito (strato nanocomposito opaco)<\/strong> assicura:<\/p>\n<ul data-start=\"1727\" data-end=\"1837\">\n<li data-start=\"1727\" data-end=\"1754\">\n<p data-start=\"1729\" data-end=\"1754\">elevata durezza superficiale<\/p>\n<\/li>\n<li data-start=\"1755\" data-end=\"1770\">\n<p data-start=\"1757\" data-end=\"1770\">basso attrito<\/p>\n<\/li>\n<li data-start=\"1771\" data-end=\"1805\">\n<p data-start=\"1773\" data-end=\"1805\">eccellente resistenza alla corrosione<\/p>\n<\/li>\n<li data-start=\"1806\" data-end=\"1837\">\n<p data-start=\"1808\" data-end=\"1837\">non riflettente, aspetto tattico<\/p>\n<\/li>\n<\/ul>\n<p data-start=\"1839\" data-end=\"1945\">Il taglio piatto alto offre eccellenti propriet\u00e0 di taglio, mantenendo alta la penetrazione e la resistenza.<\/p>\n<p data-start=\"1947\" data-end=\"2124\">Il potente meccanismo di estensione e ritrazione della lama richiede una certa forza per superare la resistenza della molla, per motivi di sicurezza. Il design consente un utilizzo confortevole sia per i destrimani che per i mancini. <\/p>\n<hr data-start=\"2126\" data-end=\"2129\">\n<p data-start=\"2131\" data-end=\"2168\"><strong data-start=\"2134\" data-end=\"2168\">\ud83d\udd2c Acciaio &#8211; B\u00f6hler M390 Microclean\u00ae<\/strong><\/p>\n<p data-start=\"2170\" data-end=\"2262\">L&#8217;acciaio <strong data-start=\"2183\" data-end=\"2203\">M390 Microclean\u00ae<\/strong> utilizzato \u00e8 un acciaio martensitico al cromo in polvere ad alte prestazioni:<\/p>\n<ul data-start=\"2264\" data-end=\"2354\">\n<li data-start=\"2264\" data-end=\"2286\">\n<p data-start=\"2266\" data-end=\"2286\">20,0 % di cromo (Cr)<\/p>\n<\/li>\n<li data-start=\"2287\" data-end=\"2307\">\n<p data-start=\"2289\" data-end=\"2307\">1,9 % di carbonio (C)<\/p>\n<\/li>\n<li data-start=\"2308\" data-end=\"2328\">\n<p data-start=\"2310\" data-end=\"2328\">4,0 % vanadio (V)<\/p>\n<\/li>\n<li data-start=\"2329\" data-end=\"2354\">\n<p data-start=\"2331\" data-end=\"2354\">durezza circa 59-61 HRC<\/p>\n<\/li>\n<\/ul>\n<p data-start=\"2356\" data-end=\"2369\">\u00c8 caratterizzata da:<\/p>\n<ul data-start=\"2371\" data-end=\"2553\">\n<li data-start=\"2371\" data-end=\"2418\">\n<p data-start=\"2373\" data-end=\"2418\">resistenza all&#8217;usura estremamente elevata<\/p>\n<\/li>\n<li data-start=\"2419\" data-end=\"2448\">\n<p data-start=\"2421\" data-end=\"2448\">elevata resistenza alla corrosione<\/p>\n<\/li>\n<li data-start=\"2449\" data-end=\"2474\">\n<p data-start=\"2451\" data-end=\"2474\">ritenzione della lama a lungo termine<\/p>\n<\/li>\n<li data-start=\"2475\" data-end=\"2504\">\n<p data-start=\"2477\" data-end=\"2504\">manutenzione minima<\/p>\n<\/li>\n<li data-start=\"2505\" data-end=\"2553\">\n<p data-start=\"2507\" data-end=\"2553\">resistenza alla formazione di bave durante la macinazione<\/p>\n<\/li>\n<\/ul>\n<p data-start=\"2555\" data-end=\"2641\">\u00c8 paragonabile al CPM 20CV o al CTS-204P ed \u00e8 prodotto da B\u00f6hler Edelstahl in Austria.<\/p>\n<hr data-start=\"2643\" data-end=\"2646\">\n<p data-start=\"2648\" data-end=\"2675\">\ud83e\udde9 <strong data-start=\"2651\" data-end=\"2675\">Maniglia e costruzione<\/strong><\/p>\n<p data-start=\"2677\" data-end=\"2772\">L&#8217;impugnatura \u00e8 lavorata con precisione CNC in alluminio <strong data-start=\"2746\" data-end=\"2757\">6061-T6<\/strong> anodizzato Tan.<\/p>\n<ul data-start=\"2774\" data-end=\"3120\">\n<li data-start=\"2774\" data-end=\"2811\">\n<p data-start=\"2776\" data-end=\"2811\">Texture antiscivolo fresata in 3D<\/p>\n<\/li>\n<li data-start=\"2812\" data-end=\"2856\">\n<p data-start=\"2814\" data-end=\"2856\">Jimping sulla parte superiore e inferiore del manico<\/p>\n<\/li>\n<li data-start=\"2857\" data-end=\"2908\">\n<p data-start=\"2859\" data-end=\"2908\">Cursore laterale incassato per una presa pi\u00f9 naturale<\/p>\n<\/li>\n<li data-start=\"2909\" data-end=\"2948\">\n<p data-start=\"2911\" data-end=\"2948\">Profilo sottile per un comodo utilizzo EDC<\/p>\n<\/li>\n<li data-start=\"2949\" data-end=\"2998\">\n<p data-start=\"2951\" data-end=\"2998\">Clip di trasporto profonda (lato destro\/sinistro, punta in basso)<\/p>\n<\/li>\n<li data-start=\"2999\" data-end=\"3057\">\n<p data-start=\"3001\" data-end=\"3057\">Clip con logo Microtech, numero di serie e data di fabbricazione<\/p>\n<\/li>\n<li data-start=\"3058\" data-end=\"3120\">\n<p data-start=\"3060\" data-end=\"3120\">Rompighiaccio &#8211; punta in acciaio con sfera in carburo di tungsteno<\/p>\n<\/li>\n<\/ul>\n<hr data-start=\"3122\" data-end=\"3125\">\n<p data-start=\"3127\" data-end=\"3155\">\u2699\ufe0f <strong data-start=\"3130\" data-end=\"3155\">Specifiche tecniche<\/strong><\/p>\n<div class=\"TyagGW_tableContainer\">\n<div class=\"group TyagGW_tableWrapper flex flex-col-reverse w-fit\" tabindex=\"-1\">\n<table class=\"w-fit min-w-(--thread-content-width)\" data-start=\"3157\" data-end=\"3784\">\n<thead data-start=\"3157\" data-end=\"3179\">\n<tr data-start=\"3157\" data-end=\"3179\">\n<th class=\"\" data-start=\"3157\" data-end=\"3168\" data-col-size=\"sm\">Parametro<\/th>\n<th class=\"\" data-start=\"3168\" data-end=\"3179\" data-col-size=\"sm\">Valore<\/th>\n<\/tr>\n<\/thead>\n<tbody data-start=\"3204\" data-end=\"3784\">\n<tr data-start=\"3204\" data-end=\"3232\">\n<td data-start=\"3204\" data-end=\"3212\" data-col-size=\"sm\">Modello<\/td>\n<td data-start=\"3212\" data-end=\"3232\" data-col-size=\"sm\">Dirac Delta\u00ae D\/E<\/td>\n<\/tr>\n<tr data-start=\"3233\" data-end=\"3264\">\n<td data-start=\"3233\" data-end=\"3252\" data-col-size=\"sm\">Numero di prodotto<\/td>\n<td data-start=\"3252\" data-end=\"3264\" data-col-size=\"sm\">227-1 TA<\/td>\n<\/tr>\n<tr data-start=\"3265\" data-end=\"3291\">\n<td data-start=\"3265\" data-end=\"3281\" data-col-size=\"sm\">Lunghezza totale<\/td>\n<td data-start=\"3281\" data-end=\"3291\" data-col-size=\"sm\">235 mm<\/td>\n<\/tr>\n<tr data-start=\"3292\" data-end=\"3318\">\n<td data-start=\"3292\" data-end=\"3307\" data-col-size=\"sm\">Lunghezza della lama<\/td>\n<td data-start=\"3307\" data-end=\"3318\" data-col-size=\"sm\">95,2 mm<\/td>\n<\/tr>\n<tr data-start=\"3319\" data-end=\"3347\">\n<td data-start=\"3319\" data-end=\"3337\" data-col-size=\"sm\">Spessore della lama<\/td>\n<td data-start=\"3337\" data-end=\"3347\" data-col-size=\"sm\">3,0 mm<\/td>\n<\/tr>\n<tr data-start=\"3348\" data-end=\"3375\">\n<td data-start=\"3348\" data-end=\"3365\" data-col-size=\"sm\">Lunghezza dell&#8217;impugnatura<\/td>\n<td data-start=\"3365\" data-end=\"3375\" data-col-size=\"sm\">140 mm<\/td>\n<\/tr>\n<tr data-start=\"3376\" data-end=\"3407\">\n<td data-start=\"3376\" data-end=\"3396\" data-col-size=\"sm\">Spessore della maniglia<\/td>\n<td data-start=\"3396\" data-end=\"3407\" data-col-size=\"sm\">12,7 mm<\/td>\n<\/tr>\n<tr data-start=\"3408\" data-end=\"3428\">\n<td data-start=\"3408\" data-end=\"3419\" data-col-size=\"sm\">Peso<\/td>\n<td data-start=\"3419\" data-end=\"3428\" data-col-size=\"sm\">129 g<\/td>\n<\/tr>\n<tr data-start=\"3429\" data-end=\"3474\">\n<td data-start=\"3429\" data-end=\"3447\" data-col-size=\"sm\">Materiale della lama<\/td>\n<td data-start=\"3447\" data-end=\"3474\" data-col-size=\"sm\">B\u00f6hler M390 Microclean\u00ae<\/td>\n<\/tr>\n<tr data-start=\"3475\" data-end=\"3502\">\n<td data-start=\"3475\" data-end=\"3485\" data-col-size=\"sm\">Durezza<\/td>\n<td data-start=\"3485\" data-end=\"3502\" data-col-size=\"sm\">circa 59-61 HRC<\/td>\n<\/tr>\n<tr data-start=\"3503\" data-end=\"3520\">\n<td data-start=\"3503\" data-end=\"3512\" data-col-size=\"sm\">Ritaglio<\/td>\n<td data-start=\"3512\" data-end=\"3520\" data-col-size=\"sm\">Piatto<\/td>\n<\/tr>\n<tr data-start=\"3521\" data-end=\"3546\">\n<td data-start=\"3521\" data-end=\"3537\" data-col-size=\"sm\">Superficie della lama<\/td>\n<td data-start=\"3537\" data-end=\"3546\" data-col-size=\"sm\">Nero<\/td>\n<\/tr>\n<tr data-start=\"3547\" data-end=\"3585\">\n<td data-start=\"3547\" data-end=\"3567\" data-col-size=\"sm\">Materiale dell&#8217;impugnatura<\/td>\n<td data-start=\"3567\" data-end=\"3585\" data-col-size=\"sm\">Alluminio 6061-T6<\/td>\n<\/tr>\n<tr data-start=\"3586\" data-end=\"3610\">\n<td data-start=\"3586\" data-end=\"3603\" data-col-size=\"sm\">Colore della maniglia<\/td>\n<td data-start=\"3603\" data-end=\"3610\" data-col-size=\"sm\">Colore marrone<\/td>\n<\/tr>\n<tr data-start=\"3611\" data-end=\"3649\">\n<td data-start=\"3611\" data-end=\"3625\" data-col-size=\"sm\">Meccanismo<\/td>\n<td data-start=\"3625\" data-end=\"3649\" data-col-size=\"sm\">D\/A OTF &#8211; Blocco scorrimento<\/td>\n<\/tr>\n<tr data-start=\"3650\" data-end=\"3698\">\n<td data-start=\"3650\" data-end=\"3662\" data-col-size=\"sm\">Apertura<\/td>\n<td data-start=\"3662\" data-end=\"3698\" data-col-size=\"sm\">Automatica &#8211; cursore push\/pull<\/td>\n<\/tr>\n<tr data-start=\"3699\" data-end=\"3730\">\n<td data-start=\"3699\" data-end=\"3706\" data-col-size=\"sm\">Clip<\/td>\n<td data-start=\"3706\" data-end=\"3730\" data-col-size=\"sm\">Destra\/sinistra, punta in basso<\/td>\n<\/tr>\n<tr data-start=\"3731\" data-end=\"3762\">\n<td data-start=\"3731\" data-end=\"3742\" data-col-size=\"sm\">Designer<\/td>\n<td data-start=\"3742\" data-end=\"3762\" data-col-size=\"sm\">Anthony Marfione<\/td>\n<\/tr>\n<tr data-start=\"3763\" data-end=\"3784\">\n<td data-start=\"3763\" data-end=\"3777\" data-col-size=\"sm\">Paese di origine<\/td>\n<td data-start=\"3777\" data-end=\"3784\" data-col-size=\"sm\">STATI UNITI D&#8217;AMERICA<\/td>\n<\/tr>\n<\/tbody>\n<\/table>\n<\/div>\n<\/div>\n<hr data-start=\"3786\" data-end=\"3789\">\n<p data-start=\"3791\" data-end=\"3810\">\u2705 <strong data-start=\"3793\" data-end=\"3810\">Principali vantaggi<\/strong><\/p>\n<ul data-start=\"3812\" data-end=\"4035\">\n<li data-start=\"3812\" data-end=\"3851\">\n<p data-start=\"3814\" data-end=\"3851\">Meccanismo D\/A OTF estremamente veloce<\/p>\n<\/li>\n<li data-start=\"3852\" data-end=\"3898\">\n<p data-start=\"3854\" data-end=\"3898\">Lama simmetrica D\/E con alta penetrazione<\/p>\n<\/li>\n<li data-start=\"3899\" data-end=\"3933\">\n<p data-start=\"3901\" data-end=\"3933\">Acciaio Premium M390 Microclean<\/p>\n<\/li>\n<li data-start=\"3934\" data-end=\"3982\">\n<p data-start=\"3936\" data-end=\"3982\">Impugnatura ergonomica con cursore incassato<\/p>\n<\/li>\n<li data-start=\"3983\" data-end=\"4010\">\n<p data-start=\"3985\" data-end=\"4010\">Indossare completamente reversibile<\/p>\n<\/li>\n<li data-start=\"4011\" data-end=\"4035\">\n<p data-start=\"4013\" data-end=\"4035\">100% di produzione americana<\/p>\n<\/li>\n<\/ul>\n<hr data-start=\"4037\" data-end=\"4040\">\n<p data-start=\"4042\" data-end=\"4062\">\u26a0\ufe0f <strong data-start=\"4045\" data-end=\"4062\">Possibili restrizioni<\/strong><\/p>\n<ul data-start=\"4064\" data-end=\"4236\">\n<li data-start=\"4064\" data-end=\"4125\">\n<p data-start=\"4066\" data-end=\"4125\">La doppia lama non \u00e8 l&#8217;ideale per tutti i tipi di lavori comuni.<\/p>\n<\/li>\n<li data-start=\"4126\" data-end=\"4181\">\n<p data-start=\"4128\" data-end=\"4181\">Il meccanismo automatico richiede una manutenzione regolare<\/p>\n<\/li>\n<li data-start=\"4182\" data-end=\"4236\">\n<p data-start=\"4184\" data-end=\"4236\">Categoria di prezzo superiore corrispondente alla classe premium<\/p>\n<\/li>\n<\/ul>\n<hr data-start=\"4238\" data-end=\"4241\">\n<p data-start=\"4243\" data-end=\"4264\">\ud83d\udee0\ufe0f <strong data-start=\"4247\" data-end=\"4264\">Manutenzione e cura<\/strong><\/p>\n<ul data-start=\"4266\" data-end=\"4637\">\n<li data-start=\"4266\" data-end=\"4336\">\n<p data-start=\"4268\" data-end=\"4336\">Pulisci e asciuga la lama dopo l&#8217;uso per preservarne la longevit\u00e0.<\/p>\n<\/li>\n<li data-start=\"4337\" data-end=\"4403\">\n<p data-start=\"4339\" data-end=\"4403\">Tieni il manico asciutto e pulito, soprattutto dopo il contatto con l&#8217;umidit\u00e0.<\/p>\n<\/li>\n<li data-start=\"4404\" data-end=\"4464\">\n<p data-start=\"4406\" data-end=\"4464\">Per una conservazione pi\u00f9 lunga, lubrifica leggermente la lama con un olio protettivo.<\/p>\n<\/li>\n<li data-start=\"4465\" data-end=\"4637\">\n<p data-start=\"4467\" data-end=\"4637\">Per affilare le lame, ti consigliamo il <strong data-start=\"4498\" data-end=\"4564\">sistema di affilatura completo Spyderco Tri-Angle Sharpmaker 204MF<\/strong>, ideale anche per le lame lisce. \ud83d\uded2 Acquista sul nostro sito Moskito.cz <\/p>\n<\/li>\n<\/ul>\n<p data-start=\"4639\" data-end=\"4717\">Una manutenzione regolare garantisce un funzionamento affidabile del meccanismo e un&#8217;affilatura duratura.<\/p>\n<hr data-start=\"4719\" data-end=\"4722\">\n<p data-start=\"4724\" data-end=\"4745\">\ud83c\udfaf <strong data-start=\"4727\" data-end=\"4745\">Consigliato per<\/strong><\/p>\n<ul data-start=\"4747\" data-end=\"4891\">\n<li data-start=\"4747\" data-end=\"4772\">\n<p data-start=\"4749\" data-end=\"4772\">Utenti esigenti del CED<\/p>\n<\/li>\n<li data-start=\"4773\" data-end=\"4807\">\n<p data-start=\"4775\" data-end=\"4807\">Uso tattico professionale<\/p>\n<\/li>\n<li data-start=\"4808\" data-end=\"4843\">\n<p data-start=\"4810\" data-end=\"4843\">Collezionisti di modelli OTF di alta qualit\u00e0<\/p>\n<\/li>\n<li data-start=\"4844\" data-end=\"4891\">\n<p data-start=\"4846\" data-end=\"4891\">Gli utenti che preferiscono una lama D\/E simmetrica<\/p>\n<\/li>\n<\/ul>\n<hr data-start=\"4893\" data-end=\"4896\">\n<p data-start=\"4898\" data-end=\"4923\">\u2b50 <strong data-start=\"4900\" data-end=\"4923\">Valutazione finale<\/strong><\/p>\n<p data-start=\"4925\" data-end=\"5216\" data-is-last-node=\"\" data-is-only-node=\"\">Il Microtech Dirac Delta\u00ae 227-1 TA combina una lama simmetrica aggressiva, un&#8217;ergonomia moderna e un meccanismo OTF estremamente veloce. Grazie all&#8217;acciaio premium M390, alla produzione americana e alla precisione artigianale, questo \u00e8 un modello potente e prestigioso per gli utenti che cercano la qualit\u00e0 senza compromessi \ud83d\udd2a\ud83d\udd25 <\/p>\n","protected":false},"excerpt":{"rendered":"<p><strong>Il Microtech Dirac Delta\u00ae 227-1 TA combina una lama simmetrica aggressiva, un&#8217;ergonomia moderna e un meccanismo OTF estremamente veloce. Grazie all&#8217;acciaio premium M390, alla produzione americana e alla precisione artigianale, questo \u00e8 un modello potente e prestigioso per gli utenti che cercano la qualit\u00e0 senza compromessi \ud83d\udd2a\ud83d\udd25 <\/strong><\/p>\n<p><strong>Spedizione gratuita.<\/strong><\/p>\n","protected":false},"featured_media":436839,"comment_status":"open","ping_status":"closed","template":"","meta":[],"pwb-brand":[3753],"product_brand":[],"product_cat":[3748,3745],"product_tag":[],"class_list":{"0":"post-436913","1":"product","2":"type-product","3":"status-publish","4":"has-post-thumbnail","6":"pwb-brand-microtecnologia-it","7":"product_cat-coltelli-da-tiro","8":"product_cat-coltelli","10":"first","11":"instock","12":"taxable","13":"shipping-taxable","14":"purchasable","15":"product-type-simple"},"brands":[{"id":3753,"name":"Microtecnologia","slug":"microtecnologia-it"}],"_links":{"self":[{"href":"https:\/\/www.moskito.cz\/it\/wp-json\/wp\/v2\/product\/436913","targetHints":{"allow":["GET"]}}],"collection":[{"href":"https:\/\/www.moskito.cz\/it\/wp-json\/wp\/v2\/product"}],"about":[{"href":"https:\/\/www.moskito.cz\/it\/wp-json\/wp\/v2\/types\/product"}],"replies":[{"embeddable":true,"href":"https:\/\/www.moskito.cz\/it\/wp-json\/wp\/v2\/comments?post=436913"}],"wp:featuredmedia":[{"embeddable":true,"href":"https:\/\/www.moskito.cz\/it\/wp-json\/wp\/v2\/media\/436839"}],"wp:attachment":[{"href":"https:\/\/www.moskito.cz\/it\/wp-json\/wp\/v2\/media?parent=436913"}],"wp:term":[{"taxonomy":"pwb-brand","embeddable":true,"href":"https:\/\/www.moskito.cz\/it\/wp-json\/wp\/v2\/pwb-brand?post=436913"},{"taxonomy":"product_brand","embeddable":true,"href":"https:\/\/www.moskito.cz\/it\/wp-json\/wp\/v2\/product_brand?post=436913"},{"taxonomy":"product_cat","embeddable":true,"href":"https:\/\/www.moskito.cz\/it\/wp-json\/wp\/v2\/product_cat?post=436913"},{"taxonomy":"product_tag","embeddable":true,"href":"https:\/\/www.moskito.cz\/it\/wp-json\/wp\/v2\/product_tag?post=436913"}],"curies":[{"name":"wp","href":"https:\/\/api.w.org\/{rel}","templated":true}]}}