{"id":437100,"date":"2026-02-13T15:19:03","date_gmt":"2026-02-13T14:19:03","guid":{"rendered":"https:\/\/www.moskito.cz\/produkt\/coltello-a-espulsione-microtech-stitch-169-2nc\/"},"modified":"2026-02-13T15:39:39","modified_gmt":"2026-02-13T14:39:39","slug":"coltello-a-espulsione-microtech-stitch-169-2nc","status":"publish","type":"product","link":"https:\/\/www.moskito.cz\/it\/produkt\/coltello-a-espulsione-microtech-stitch-169-2nc\/","title":{"rendered":"Coltello a espulsione Microtech STITCH 169-2NC"},"content":{"rendered":"<h1 data-start=\"0\" data-end=\"81\">Microtech STITCH\u00ae S\/E OTF 169-2NC &#8211; Parte nera seghettata \/ Alluminio naturale chiaro<\/h1>\n<p data-start=\"83\" data-end=\"439\">Non appena prenderai in mano il <strong data-start=\"106\" data-end=\"189\">Microtech STITCH\u00ae S\/E OTF 169-2NC &#8211; Black Part Serrate \/ Natural Clear Aluminum<\/strong>, sentirai subito la combinazione di forza bruta e precisione artigianale americana. Questo modello porta l&#8217;iconico design Stitch sulla piattaforma automatica OTF e presenta una lama parzialmente seghettata per la massima versatilit\u00e0 nell&#8217;uso quotidiano e tattico. <\/p>\n<p data-start=\"441\" data-end=\"510\">Progettato da Anthony (Tony) Marfion e realizzato e assemblato al 100% negli Stati Uniti.<\/p>\n<hr data-start=\"512\" data-end=\"515\">\n<h2 data-start=\"517\" data-end=\"544\">\ud83d\udd25 Carattere e filosofia<\/h2>\n<p data-start=\"546\" data-end=\"763\">STITCH\u00ae \u00e8 un robusto coltello tattico OTF costruito con un&#8217;attenzione particolare alle prestazioni, alla sicurezza della presa e alla reattivit\u00e0. Rispetto ai modelli pi\u00f9 discreti, si sente pi\u00f9 solido e sicuro: \u00e8 uno strumento pronto ad affrontare le situazioni pi\u00f9 difficili. <\/p>\n<p data-start=\"765\" data-end=\"983\">Il modello funziona in modalit\u00e0 D\/A (Doppia Azione): la lama si estende e si ritrae con un solo movimento del pollice utilizzando il cursore laterale. Il meccanismo \u00e8 estremamente veloce e richiede una pressione controllata, il che contribuisce alla sicurezza durante il trasporto. <\/p>\n<p data-start=\"985\" data-end=\"1102\">La lunghezza complessiva di circa 216 mm lo rende uno strumento di lavoro e tattico completo che si porta sempre con s\u00e9 come EDC.<\/p>\n<hr data-start=\"1104\" data-end=\"1107\">\n<h2 data-start=\"1109\" data-end=\"1124\">\ud83c\udfed Informazioni sul produttore<\/h2>\n<p data-start=\"1126\" data-end=\"1279\"><strong data-start=\"1126\" data-end=\"1167\"><span class=\"hover:entity-accent entity-underline inline cursor-pointer align-baseline\"><span class=\"whitespace-normal\">Microtech Knives<\/span><\/span><\/strong> \u00e8 un marchio americano con oltre 30 anni di storia nella produzione di coltelli automatici di alta gamma. Le caratteristiche tipiche sono: <\/p>\n<ul data-start=\"1281\" data-end=\"1432\">\n<li data-start=\"1281\" data-end=\"1306\">\n<p data-start=\"1283\" data-end=\"1306\">Lavorazione CNC di precisione<\/p>\n<\/li>\n<li data-start=\"1307\" data-end=\"1338\">\n<p data-start=\"1309\" data-end=\"1338\">Chiusure brevettate<\/p>\n<\/li>\n<li data-start=\"1339\" data-end=\"1372\">\n<p data-start=\"1341\" data-end=\"1372\">Meccanismi interni innovativi<\/p>\n<\/li>\n<li data-start=\"1373\" data-end=\"1402\">\n<p data-start=\"1375\" data-end=\"1402\">Rompivetro integrato<\/p>\n<\/li>\n<li data-start=\"1403\" data-end=\"1432\">\n<p data-start=\"1405\" data-end=\"1432\">Controllo qualit\u00e0 costante<\/p>\n<\/li>\n<\/ul>\n<p data-start=\"1434\" data-end=\"1508\">Ogni pezzo \u00e8 prodotto e assemblato negli Stati Uniti sotto la direzione di Anthony Marfione.<\/p>\n<hr data-start=\"1510\" data-end=\"1513\">\n<h2 data-start=\"1515\" data-end=\"1563\">\ud83d\udde1\ufe0f Lama &#8211; parte S\/E seghettata con finitura nera<\/h2>\n<p data-start=\"1565\" data-end=\"1702\">Il tipo di lama S\/E (Single Edge) combina una lama liscia con una sezione parzialmente seghettata (Part Serrate), che ne amplia notevolmente l&#8217;uso pratico.<\/p>\n<p data-start=\"1704\" data-end=\"1731\">La parte liscia \u00e8 ideale per:<\/p>\n<ul data-start=\"1733\" data-end=\"1795\">\n<li data-start=\"1733\" data-end=\"1756\">\n<p data-start=\"1735\" data-end=\"1756\">tagli precisi e puliti<\/p>\n<\/li>\n<li data-start=\"1757\" data-end=\"1776\">\n<p data-start=\"1759\" data-end=\"1776\">attivit\u00e0 EDC comuni<\/p>\n<\/li>\n<li data-start=\"1777\" data-end=\"1795\">\n<p data-start=\"1779\" data-end=\"1795\">lavoro dettagliato<\/p>\n<\/li>\n<\/ul>\n<p data-start=\"1797\" data-end=\"1825\">La parte seghettata pu\u00f2 essere gestita:<\/p>\n<ul data-start=\"1827\" data-end=\"1895\">\n<li data-start=\"1827\" data-end=\"1845\">\n<p data-start=\"1829\" data-end=\"1845\">corde e cordoncini<\/p>\n<\/li>\n<li data-start=\"1846\" data-end=\"1857\">\n<p data-start=\"1848\" data-end=\"1857\">cinghie<\/p>\n<\/li>\n<li data-start=\"1858\" data-end=\"1895\">\n<p data-start=\"1860\" data-end=\"1895\">tessuti e materiali fibrosi<\/p>\n<\/li>\n<\/ul>\n<p data-start=\"1897\" data-end=\"1977\">La finitura nera riduce i riflessi e conferisce al coltello un aspetto tattico e tecnico.<\/p>\n<p data-start=\"1979\" data-end=\"2010\">Il taglio alto e piatto assicura:<\/p>\n<ul data-start=\"2012\" data-end=\"2087\">\n<li data-start=\"2012\" data-end=\"2040\">\n<p data-start=\"2014\" data-end=\"2040\">eccellenti propriet\u00e0 di taglio<\/p>\n<\/li>\n<li data-start=\"2041\" data-end=\"2069\">\n<p data-start=\"2043\" data-end=\"2069\">buon controllo del taglio<\/p>\n<\/li>\n<li data-start=\"2070\" data-end=\"2087\">\n<p data-start=\"2072\" data-end=\"2087\">forza della punta<\/p>\n<\/li>\n<\/ul>\n<hr data-start=\"2089\" data-end=\"2092\">\n<h2 data-start=\"2094\" data-end=\"2118\">\ud83d\udd2c Acciaio &#8211; B\u00f6hler M390<\/h2>\n<p data-start=\"2120\" data-end=\"2229\">La lama \u00e8 realizzata in acciaio <strong data-start=\"2164\" data-end=\"2179\">B\u00f6hler M390<\/strong>, uno dei migliori della moderna produzione di coltelli.<\/p>\n<div class=\"contain-inline-size rounded-2xl corner-superellipse\/1.1 relative bg-token-sidebar-surface-primary\">\n<div class=\"sticky top-[calc(var(--sticky-padding-top)+9*var(--spacing))]\">\n<div class=\"absolute end-0 bottom-0 flex h-9 items-center pe-2\">\n<div class=\"bg-token-bg-elevated-secondary text-token-text-secondary flex items-center gap-4 rounded-sm px-2 font-sans text-xs\"><\/div>\n<\/div>\n<\/div>\n<div class=\"overflow-y-auto p-4\" dir=\"ltr\"><code class=\"whitespace-pre!\">cca <span class=\"hljs-number\">20<\/span> <span class=\"hljs-comment\">% chromu  <\/span><br \/>\ncca <span class=\"hljs-number\">1<\/span>,<span class=\"hljs-number\">9<\/span> <span class=\"hljs-comment\">% uhl\u00edku  <\/span><br \/>\ncca <span class=\"hljs-number\">4<\/span> <span class=\"hljs-comment\">% vanadu  <\/span><br \/>\ntvrdost p\u0159ibli\u017en\u011b <span class=\"hljs-number\">59<\/span>\u2013<span class=\"hljs-number\">61<\/span> HRC<br \/>\n<\/code><\/div>\n<\/div>\n<p data-start=\"2332\" data-end=\"2345\">\u00c8 caratterizzata da:<\/p>\n<ul data-start=\"2347\" data-end=\"2472\">\n<li data-start=\"2347\" data-end=\"2386\">\n<p data-start=\"2349\" data-end=\"2386\">estrema resistenza all&#8217;usura<\/p>\n<\/li>\n<li data-start=\"2387\" data-end=\"2416\">\n<p data-start=\"2389\" data-end=\"2416\">elevata resistenza alla corrosione<\/p>\n<\/li>\n<li data-start=\"2417\" data-end=\"2442\">\n<p data-start=\"2419\" data-end=\"2442\">ritenzione della lama a lungo termine<\/p>\n<\/li>\n<li data-start=\"2443\" data-end=\"2472\">\n<p data-start=\"2445\" data-end=\"2472\">manutenzione minima<\/p>\n<\/li>\n<\/ul>\n<p data-start=\"2474\" data-end=\"2527\">\u00c8 uno degli acciai pi\u00f9 apprezzati nel segmento premium.<\/p>\n<hr data-start=\"2529\" data-end=\"2532\">\n<h2 data-start=\"2534\" data-end=\"2572\">\ud83e\udde9 Maniglia &#8211; Alluminio naturale trasparente<\/h2>\n<p data-start=\"2574\" data-end=\"2708\">Il manico \u00e8 realizzato in alluminio 6061-T6 anodizzato in Natural Clear Aluminum per un look pulito, tecnico e professionale.<\/p>\n<ul data-start=\"2710\" data-end=\"3021\">\n<li data-start=\"2710\" data-end=\"2751\">\n<p data-start=\"2712\" data-end=\"2751\">Texture antiscivolo fresata CNC 3D<\/p>\n<\/li>\n<li data-start=\"2752\" data-end=\"2814\">\n<p data-start=\"2754\" data-end=\"2814\">Forma ergonomica ispirata al design originale delle Stitch<\/p>\n<\/li>\n<li data-start=\"2815\" data-end=\"2856\">\n<p data-start=\"2817\" data-end=\"2856\">Cursore laterale per un controllo naturale<\/p>\n<\/li>\n<li data-start=\"2857\" data-end=\"2887\">\n<p data-start=\"2859\" data-end=\"2887\">Struttura sottile ma solida<\/p>\n<\/li>\n<li data-start=\"2888\" data-end=\"2930\">\n<p data-start=\"2890\" data-end=\"2930\">Clip per il trasporto profondo (destra\/sinistra, punta in gi\u00f9)<\/p>\n<\/li>\n<li data-start=\"2931\" data-end=\"2973\">\n<p data-start=\"2933\" data-end=\"2973\">Clip con numero di serie e data di fabbricazione<\/p>\n<\/li>\n<li data-start=\"2974\" data-end=\"3021\">\n<p data-start=\"2976\" data-end=\"3021\">Rompighiaccio con sfera in carburo di tungsteno<\/p>\n<\/li>\n<\/ul>\n<p data-start=\"3023\" data-end=\"3103\">Il risultato \u00e8 una struttura leggera ma estremamente resistente, adatta all&#8217;uso quotidiano.<\/p>\n<hr data-start=\"3105\" data-end=\"3108\">\n<h2 data-start=\"3110\" data-end=\"3137\">\u2699\ufe0f Specifiche tecniche<\/h2>\n<div class=\"TyagGW_tableContainer\">\n<div class=\"group TyagGW_tableWrapper flex flex-col-reverse w-fit\" tabindex=\"-1\">\n<table class=\"w-fit min-w-(--thread-content-width)\" data-start=\"3139\" data-end=\"3785\">\n<thead data-start=\"3139\" data-end=\"3161\">\n<tr data-start=\"3139\" data-end=\"3161\">\n<th class=\"\" data-start=\"3139\" data-end=\"3150\" data-col-size=\"sm\">Parametro<\/th>\n<th class=\"\" data-start=\"3150\" data-end=\"3161\" data-col-size=\"sm\">Valore<\/th>\n<\/tr>\n<\/thead>\n<tbody data-start=\"3188\" data-end=\"3785\">\n<tr data-start=\"3188\" data-end=\"3215\">\n<td data-start=\"3188\" data-end=\"3196\" data-col-size=\"sm\">Modello<\/td>\n<td data-start=\"3196\" data-end=\"3215\" data-col-size=\"sm\">STITCH\u00ae S\/E OTF<\/td>\n<\/tr>\n<tr data-start=\"3216\" data-end=\"3246\">\n<td data-start=\"3216\" data-end=\"3235\" data-col-size=\"sm\">Numero di prodotto<\/td>\n<td data-start=\"3235\" data-end=\"3246\" data-col-size=\"sm\">169-2NC<\/td>\n<\/tr>\n<tr data-start=\"3247\" data-end=\"3277\">\n<td data-start=\"3247\" data-end=\"3263\" data-col-size=\"sm\">Lunghezza totale<\/td>\n<td data-start=\"3263\" data-end=\"3277\" data-col-size=\"sm\">circa 216 mm<\/td>\n<\/tr>\n<tr data-start=\"3278\" data-end=\"3306\">\n<td data-start=\"3278\" data-end=\"3293\" data-col-size=\"sm\">Lunghezza della lama<\/td>\n<td data-start=\"3293\" data-end=\"3306\" data-col-size=\"sm\">circa 95 mm<\/td>\n<\/tr>\n<tr data-start=\"3307\" data-end=\"3339\">\n<td data-start=\"3307\" data-end=\"3325\" data-col-size=\"sm\">Spessore della lama<\/td>\n<td data-start=\"3325\" data-end=\"3339\" data-col-size=\"sm\">circa 3,2 mm<\/td>\n<\/tr>\n<tr data-start=\"3340\" data-end=\"3371\">\n<td data-start=\"3340\" data-end=\"3357\" data-col-size=\"sm\">Lunghezza dell&#8217;impugnatura<\/td>\n<td data-start=\"3357\" data-end=\"3371\" data-col-size=\"sm\">circa 127 mm<\/td>\n<\/tr>\n<tr data-start=\"3372\" data-end=\"3396\">\n<td data-start=\"3372\" data-end=\"3383\" data-col-size=\"sm\">Peso<\/td>\n<td data-start=\"3383\" data-end=\"3396\" data-col-size=\"sm\">circa 130 g<\/td>\n<\/tr>\n<tr data-start=\"3397\" data-end=\"3430\">\n<td data-start=\"3397\" data-end=\"3415\" data-col-size=\"sm\">Materiale della lama<\/td>\n<td data-start=\"3415\" data-end=\"3430\" data-col-size=\"sm\">B\u00f6hler M390<\/td>\n<\/tr>\n<tr data-start=\"3431\" data-end=\"3458\">\n<td data-start=\"3431\" data-end=\"3441\" data-col-size=\"sm\">Durezza<\/td>\n<td data-start=\"3441\" data-end=\"3458\" data-col-size=\"sm\">circa 59-61 HRC<\/td>\n<\/tr>\n<tr data-start=\"3459\" data-end=\"3476\">\n<td data-start=\"3459\" data-end=\"3468\" data-col-size=\"sm\">Ritaglio<\/td>\n<td data-start=\"3468\" data-end=\"3476\" data-col-size=\"sm\">Piatto<\/td>\n<\/tr>\n<tr data-start=\"3477\" data-end=\"3502\">\n<td data-start=\"3477\" data-end=\"3493\" data-col-size=\"sm\">Superficie della lama<\/td>\n<td data-start=\"3493\" data-end=\"3502\" data-col-size=\"sm\">Nero<\/td>\n<\/tr>\n<tr data-start=\"3503\" data-end=\"3537\">\n<td data-start=\"3503\" data-end=\"3515\" data-col-size=\"sm\">Tipo di lama<\/td>\n<td data-start=\"3515\" data-end=\"3537\" data-col-size=\"sm\">Parzialmente seghettata<\/td>\n<\/tr>\n<tr data-start=\"3538\" data-end=\"3576\">\n<td data-start=\"3538\" data-end=\"3558\" data-col-size=\"sm\">Materiale dell&#8217;impugnatura<\/td>\n<td data-start=\"3558\" data-end=\"3576\" data-col-size=\"sm\">Alluminio 6061-T6<\/td>\n<\/tr>\n<tr data-start=\"3577\" data-end=\"3611\">\n<td data-start=\"3577\" data-end=\"3594\" data-col-size=\"sm\">Colore della maniglia<\/td>\n<td data-start=\"3594\" data-end=\"3611\" data-col-size=\"sm\">Naturale chiaro<\/td>\n<\/tr>\n<tr data-start=\"3612\" data-end=\"3650\">\n<td data-start=\"3612\" data-end=\"3626\" data-col-size=\"sm\">Meccanismo<\/td>\n<td data-start=\"3626\" data-end=\"3650\" data-col-size=\"sm\">D\/A OTF &#8211; Blocco scorrimento<\/td>\n<\/tr>\n<tr data-start=\"3651\" data-end=\"3699\">\n<td data-start=\"3651\" data-end=\"3663\" data-col-size=\"sm\">Apertura<\/td>\n<td data-start=\"3663\" data-end=\"3699\" data-col-size=\"sm\">Automatica &#8211; cursore push\/pull<\/td>\n<\/tr>\n<tr data-start=\"3700\" data-end=\"3731\">\n<td data-start=\"3700\" data-end=\"3707\" data-col-size=\"sm\">Clip<\/td>\n<td data-start=\"3707\" data-end=\"3731\" data-col-size=\"sm\">Destra\/sinistra, punta in basso<\/td>\n<\/tr>\n<tr data-start=\"3732\" data-end=\"3763\">\n<td data-start=\"3732\" data-end=\"3743\" data-col-size=\"sm\">Designer<\/td>\n<td data-start=\"3743\" data-end=\"3763\" data-col-size=\"sm\">Anthony Marfione<\/td>\n<\/tr>\n<tr data-start=\"3764\" data-end=\"3785\">\n<td data-start=\"3764\" data-end=\"3778\" data-col-size=\"sm\">Paese di origine<\/td>\n<td data-start=\"3778\" data-end=\"3785\" data-col-size=\"sm\">STATI UNITI D&#8217;AMERICA<\/td>\n<\/tr>\n<\/tbody>\n<\/table>\n<\/div>\n<\/div>\n<hr data-start=\"3787\" data-end=\"3790\">\n<h2 data-start=\"3792\" data-end=\"3810\">\u2705 Principali vantaggi<\/h2>\n<ul data-start=\"3812\" data-end=\"4028\">\n<li data-start=\"3812\" data-end=\"3851\">\n<p data-start=\"3814\" data-end=\"3851\">Meccanismo D\/A OTF estremamente veloce<\/p>\n<\/li>\n<li data-start=\"3852\" data-end=\"3907\">\n<p data-start=\"3854\" data-end=\"3907\">Combinazione universale di lama liscia e seghettata<\/p>\n<\/li>\n<li data-start=\"3908\" data-end=\"3930\">\n<p data-start=\"3910\" data-end=\"3930\">Acciaio Premium M390<\/p>\n<\/li>\n<li data-start=\"3931\" data-end=\"3963\">\n<p data-start=\"3933\" data-end=\"3963\">Finitura nera tattica della lama<\/p>\n<\/li>\n<li data-start=\"3964\" data-end=\"3993\">\n<p data-start=\"3966\" data-end=\"3993\">Impugnatura ergonomica e sicura<\/p>\n<\/li>\n<li data-start=\"3994\" data-end=\"4028\">\n<p data-start=\"3996\" data-end=\"4028\">Struttura leggera ma robusta<\/p>\n<\/li>\n<\/ul>\n<hr data-start=\"4030\" data-end=\"4033\">\n<h2 data-start=\"4035\" data-end=\"4054\">\u26a0\ufe0f Possibili restrizioni<\/h2>\n<ul data-start=\"4056\" data-end=\"4232\">\n<li data-start=\"4056\" data-end=\"4114\">\n<p data-start=\"4058\" data-end=\"4114\">La dentellatura parziale potrebbe non essere adatta a tutti gli utenti<\/p>\n<\/li>\n<li data-start=\"4115\" data-end=\"4170\">\n<p data-start=\"4117\" data-end=\"4170\">Il meccanismo automatico richiede una manutenzione regolare<\/p>\n<\/li>\n<li data-start=\"4171\" data-end=\"4232\">\n<p data-start=\"4173\" data-end=\"4232\">La categoria di prezzo pi\u00f9 alta corrisponde a una lavorazione di qualit\u00e0 superiore<\/p>\n<\/li>\n<\/ul>\n<hr data-start=\"4234\" data-end=\"4237\">\n<h2 data-start=\"4239\" data-end=\"4259\">\ud83d\udee0\ufe0f Manutenzione e cura<\/h2>\n<ul data-start=\"4261\" data-end=\"4620\">\n<li data-start=\"4261\" data-end=\"4331\">\n<p data-start=\"4263\" data-end=\"4331\">Pulisci e asciuga la lama dopo l&#8217;uso per preservarne la longevit\u00e0.<\/p>\n<\/li>\n<li data-start=\"4332\" data-end=\"4398\">\n<p data-start=\"4334\" data-end=\"4398\">Tieni il manico asciutto e pulito, soprattutto dopo il contatto con l&#8217;umidit\u00e0.<\/p>\n<\/li>\n<li data-start=\"4399\" data-end=\"4459\">\n<p data-start=\"4401\" data-end=\"4459\">Per una conservazione pi\u00f9 lunga, lubrifica leggermente la lama con un olio protettivo.<\/p>\n<\/li>\n<li data-start=\"4460\" data-end=\"4620\">\n<p data-start=\"4462\" data-end=\"4620\">Per l&#8217;affilatura delle lame ti consigliamo <strong data-start=\"4493\" data-end=\"4532\">Spyderco Tri-Angle Sharpmaker 204MF<\/strong> &#8211; ideale per lame combinate con dentellatura. \ud83d\uded2 Acquista sul nostro sito Moskito.cz <\/p>\n<\/li>\n<\/ul>\n<p data-start=\"4622\" data-end=\"4689\">Una cura regolare garantisce affidabilit\u00e0 a lungo termine e massime prestazioni.<\/p>\n<hr data-start=\"4691\" data-end=\"4694\">\n<h2 data-start=\"4696\" data-end=\"4716\">\ud83c\udfaf Consigliato per<\/h2>\n<ul data-start=\"4718\" data-end=\"4863\">\n<li data-start=\"4718\" data-end=\"4743\">\n<p data-start=\"4720\" data-end=\"4743\">Utenti esigenti del CED<\/p>\n<\/li>\n<li data-start=\"4744\" data-end=\"4778\">\n<p data-start=\"4746\" data-end=\"4778\">Uso tattico professionale<\/p>\n<\/li>\n<li data-start=\"4779\" data-end=\"4821\">\n<p data-start=\"4781\" data-end=\"4821\">Utenti che necessitano di una lama universale<\/p>\n<\/li>\n<li data-start=\"4822\" data-end=\"4863\">\n<p data-start=\"4824\" data-end=\"4863\">Collezionisti di modelli premium Microtech<\/p>\n<\/li>\n<\/ul>\n<hr data-start=\"4865\" data-end=\"4868\">\n<h2 data-start=\"4870\" data-end=\"4894\">\u2b50 Valutazione finale<\/h2>\n<p data-start=\"4896\" data-end=\"5148\" data-is-last-node=\"\" data-is-only-node=\"\">Il Microtech STITCH\u00ae S\/E OTF 169-2NC combina un design aggressivo, una pratica combinazione di lame e l&#8217;acciaio premium M390 con la precisione della produzione americana. Il risultato \u00e8 un coltello OTF veloce, robusto e di grande impatto visivo per chi vuole il massimo delle prestazioni senza compromessi \ud83d\udd2a\ud83d\udd25. <\/p>\n","protected":false},"excerpt":{"rendered":"<p><strong>Il Microtech STITCH\u00ae S\/E OTF 169-2NC combina un design aggressivo, una pratica combinazione di lame e l&#8217;acciaio premium M390 con la precisione della produzione americana. Il risultato \u00e8 un coltello OTF veloce, robusto e di grande impatto visivo per chi vuole il massimo delle prestazioni senza compromessi \ud83d\udd2a\ud83d\udd25. <\/strong><\/p>\n<p><strong>Spedizione gratuita.<\/strong><\/p>\n","protected":false},"featured_media":437016,"comment_status":"open","ping_status":"closed","template":"","meta":[],"pwb-brand":[3753],"product_brand":[],"product_cat":[3748,3745],"product_tag":[],"class_list":{"0":"post-437100","1":"product","2":"type-product","3":"status-publish","4":"has-post-thumbnail","6":"pwb-brand-microtecnologia-it","7":"product_cat-coltelli-da-tiro","8":"product_cat-coltelli","10":"first","11":"instock","12":"taxable","13":"shipping-taxable","14":"purchasable","15":"product-type-simple"},"brands":[{"id":3753,"name":"Microtecnologia","slug":"microtecnologia-it"}],"_links":{"self":[{"href":"https:\/\/www.moskito.cz\/it\/wp-json\/wp\/v2\/product\/437100","targetHints":{"allow":["GET"]}}],"collection":[{"href":"https:\/\/www.moskito.cz\/it\/wp-json\/wp\/v2\/product"}],"about":[{"href":"https:\/\/www.moskito.cz\/it\/wp-json\/wp\/v2\/types\/product"}],"replies":[{"embeddable":true,"href":"https:\/\/www.moskito.cz\/it\/wp-json\/wp\/v2\/comments?post=437100"}],"wp:featuredmedia":[{"embeddable":true,"href":"https:\/\/www.moskito.cz\/it\/wp-json\/wp\/v2\/media\/437016"}],"wp:attachment":[{"href":"https:\/\/www.moskito.cz\/it\/wp-json\/wp\/v2\/media?parent=437100"}],"wp:term":[{"taxonomy":"pwb-brand","embeddable":true,"href":"https:\/\/www.moskito.cz\/it\/wp-json\/wp\/v2\/pwb-brand?post=437100"},{"taxonomy":"product_brand","embeddable":true,"href":"https:\/\/www.moskito.cz\/it\/wp-json\/wp\/v2\/product_brand?post=437100"},{"taxonomy":"product_cat","embeddable":true,"href":"https:\/\/www.moskito.cz\/it\/wp-json\/wp\/v2\/product_cat?post=437100"},{"taxonomy":"product_tag","embeddable":true,"href":"https:\/\/www.moskito.cz\/it\/wp-json\/wp\/v2\/product_tag?post=437100"}],"curies":[{"name":"wp","href":"https:\/\/api.w.org\/{rel}","templated":true}]}}