{"id":437169,"date":"2026-02-13T15:41:15","date_gmt":"2026-02-13T14:41:15","guid":{"rendered":"https:\/\/www.moskito.cz\/produkt\/coltello-per-punti-microtech-169rl-1flgtta\/"},"modified":"2026-02-13T16:18:29","modified_gmt":"2026-02-13T15:18:29","slug":"coltello-per-punti-microtech-169rl-1flgtta","status":"publish","type":"product","link":"https:\/\/www.moskito.cz\/it\/produkt\/coltello-per-punti-microtech-169rl-1flgtta\/","title":{"rendered":"Coltello per punti Microtech 169RL-1FLGTTA"},"content":{"rendered":"<h1 data-start=\"0\" data-end=\"85\"><strong data-start=\"2\" data-end=\"85\">Microtech STITCH\u00ae 169RL-1FLGTTA &#8211; Nero bicolore \/ M390MK (design delle lame Borka)<\/strong><\/h1>\n<p data-start=\"87\" data-end=\"427\">Non appena prenderai in mano la <strong data-start=\"110\" data-end=\"177\"><span class=\"hover:entity-accent entity-underline inline cursor-pointer align-baseline\"><span class=\"whitespace-normal\">Microtech STITCH 169RL-1FLGTTA<\/span><\/span> &#8211; Two Tone Black \/ M390MK<\/strong>, sentirai subito la combinazione di meccanica di precisione e stile distintivo creata in collaborazione con il rinomato laboratorio di coltelleria <strong data-start=\"310\" data-end=\"326\">Borka Blades<\/strong>. La Stitch nella versione con chiusura porta la potenza del leggendario modello in un formato EDC compatto e affidabile. <\/p>\n<p data-start=\"429\" data-end=\"527\">Progettato da Anthony (Tony) Marfion in collaborazione con Borka Blades e realizzato e assemblato al 100% negli Stati Uniti.<\/p>\n<hr data-start=\"529\" data-end=\"532\">\n<h2 data-start=\"534\" data-end=\"561\">\ud83d\udd25 Carattere e filosofia<\/h2>\n<p data-start=\"563\" data-end=\"831\">Il Microtech Stitch\u00ae nella versione da chiusura \u00e8 progettato per l&#8217;uso quotidiano, ma con un&#8217;attenzione particolare alla robustezza, alla sicurezza della presa e alla maneggevolezza. Il design del corpo bicolore ha un aspetto tecnico e moderno, mentre l&#8217;ergonomia e il bilanciamento del coltello garantiscono una presa comoda e sicura nella mano. <\/p>\n<p data-start=\"833\" data-end=\"1074\">Il modello funziona con un&#8217;affidabile serratura <strong data-start=\"862\" data-end=\"876\">liner-lock<\/strong> con un&#8217;apertura <strong data-start=\"911\" data-end=\"923\">a pinna<\/strong> che consente un&#8217;apertura fulminea della lama con un unico movimento. L&#8217;apertura \u00e8 rapida e sicura, mentre la serratura fissa accuratamente la lama nella posizione di lavoro. <\/p>\n<p data-start=\"1076\" data-end=\"1195\">La lunghezza complessiva quando \u00e8 spento lo rende uno strumento EDC comodo e pratico, facile da portare in tasca e alla cintura.<\/p>\n<hr data-start=\"1197\" data-end=\"1200\">\n<h2 data-start=\"1202\" data-end=\"1217\">\ud83c\udfed Informazioni sul produttore<\/h2>\n<p data-start=\"1219\" data-end=\"1399\"><strong data-start=\"1219\" data-end=\"1260\"><span class=\"hover:entity-accent entity-underline inline cursor-pointer align-baseline\"><span class=\"whitespace-normal\">Microtech Knives<\/span><\/span><\/strong> \u00e8 un marchio americano con oltre 30 anni di storia nella produzione di coltelli di alta gamma, sinonimo di innovazione, qualit\u00e0 e precisione nella lavorazione.<\/p>\n<p data-start=\"1401\" data-end=\"1441\">Le caratteristiche tipiche dei prodotti Microtech sono:<\/p>\n<ul data-start=\"1443\" data-end=\"1606\">\n<li data-start=\"1443\" data-end=\"1468\">\n<p data-start=\"1445\" data-end=\"1468\">Lavorazione CNC di precisione<\/p>\n<\/li>\n<li data-start=\"1469\" data-end=\"1502\">\n<p data-start=\"1471\" data-end=\"1502\">Elementi di design brevettati<\/p>\n<\/li>\n<li data-start=\"1503\" data-end=\"1536\">\n<p data-start=\"1505\" data-end=\"1536\">Meccanismi interni innovativi<\/p>\n<\/li>\n<li data-start=\"1537\" data-end=\"1566\">\n<p data-start=\"1539\" data-end=\"1566\">Controllo qualit\u00e0 costante<\/p>\n<\/li>\n<li data-start=\"1567\" data-end=\"1606\">\n<p data-start=\"1569\" data-end=\"1606\">Produzione e assemblaggio completi negli Stati Uniti<\/p>\n<\/li>\n<\/ul>\n<p data-start=\"1608\" data-end=\"1673\">Ogni pezzo \u00e8 prodotto e testato sotto la direzione di Anthony Marfione.<\/p>\n<hr data-start=\"1675\" data-end=\"1678\">\n<h2 data-start=\"1680\" data-end=\"1718\">\ud83d\udde1\ufe0f Blade &#8211; Nero bicolore con M390MK<\/h2>\n<p data-start=\"1720\" data-end=\"2001\">La lama del coltello \u00e8 realizzata in acciaio inossidabile di prima qualit\u00e0 <strong data-start=\"1769\" data-end=\"1810\"><span class=\"hover:entity-accent entity-underline inline cursor-pointer align-baseline\"><span class=\"whitespace-normal\">B\u00f6hler M390MK<\/span><\/span><\/strong>che \u00e8 uno dei migliori prodotti di coltelleria moderna. La finitura Two Tone conferisce alla lama un aspetto elegante ma tattico: la combinazione di superfici opache e lucide accentua la geometria e i dettagli del taglio. <\/p>\n<p data-start=\"2003\" data-end=\"2017\">Vantaggi della lama:<\/p>\n<ul data-start=\"2019\" data-end=\"2135\">\n<li data-start=\"2019\" data-end=\"2043\">\n<p data-start=\"2021\" data-end=\"2043\">elevata ritenzione della lama<\/p>\n<\/li>\n<li data-start=\"2044\" data-end=\"2081\">\n<p data-start=\"2046\" data-end=\"2081\">eccellente resistenza all&#8217;usura<\/p>\n<\/li>\n<li data-start=\"2082\" data-end=\"2113\">\n<p data-start=\"2084\" data-end=\"2113\">eccellente resistenza alla corrosione<\/p>\n<\/li>\n<li data-start=\"2114\" data-end=\"2135\">\n<p data-start=\"2116\" data-end=\"2135\">Manutenzione semplice<\/p>\n<\/li>\n<\/ul>\n<p data-start=\"2137\" data-end=\"2168\">Il taglio alto e piatto assicura:<\/p>\n<ul data-start=\"2170\" data-end=\"2238\">\n<li data-start=\"2170\" data-end=\"2198\">\n<p data-start=\"2172\" data-end=\"2198\">eccellenti propriet\u00e0 di taglio<\/p>\n<\/li>\n<li data-start=\"2199\" data-end=\"2220\">\n<p data-start=\"2201\" data-end=\"2220\">Buona resistenza alle forature<\/p>\n<\/li>\n<li data-start=\"2221\" data-end=\"2238\">\n<p data-start=\"2223\" data-end=\"2238\">forza della punta<\/p>\n<\/li>\n<\/ul>\n<hr data-start=\"2240\" data-end=\"2243\">\n<h2 data-start=\"2245\" data-end=\"2271\">\ud83d\udd2c Acciaio &#8211; B\u00f6hler M390MK<\/h2>\n<p data-start=\"2273\" data-end=\"2352\">L&#8217;acciaio M390MK \u00e8 un&#8217;evoluzione del leggendario acciaio in polvere M390 con una composizione modificata per:<\/p>\n<ul data-start=\"2354\" data-end=\"2498\">\n<li data-start=\"2354\" data-end=\"2397\">\n<p data-start=\"2356\" data-end=\"2397\">maggiore stabilit\u00e0 durante il trattamento termico<\/p>\n<\/li>\n<li data-start=\"2398\" data-end=\"2430\">\n<p data-start=\"2400\" data-end=\"2430\">struttura del materiale pi\u00f9 fine<\/p>\n<\/li>\n<li data-start=\"2431\" data-end=\"2498\">\n<p data-start=\"2433\" data-end=\"2498\">una ritenzione della lama leggermente migliore, pur mantenendo la resistenza alla corrosione<\/p>\n<\/li>\n<\/ul>\n<p data-start=\"2500\" data-end=\"2611\">Questo acciaio \u00e8 popolare tra i coltellinai e gli utenti pi\u00f9 esigenti per la sua combinazione di durezza, durata e facilit\u00e0 di manutenzione.<\/p>\n<hr data-start=\"2613\" data-end=\"2616\">\n<h2 data-start=\"2618\" data-end=\"2678\">\ud83e\udde9 Manico &#8211; Alluminio nero bicolore con elementi di design Borka<\/h2>\n<p data-start=\"2680\" data-end=\"2823\">L&#8217;impugnatura \u00e8 lavorata con precisione CNC in alluminio anodizzato con finitura nera bicolore, tecnicamente ed esteticamente equilibrata.<\/p>\n<p data-start=\"2825\" data-end=\"2852\">Caratteristiche principali della maniglia:<\/p>\n<ul data-start=\"2854\" data-end=\"3097\">\n<li data-start=\"2854\" data-end=\"2891\">\n<p data-start=\"2856\" data-end=\"2891\">Texture antiscivolo fresata in 3D<\/p>\n<\/li>\n<li data-start=\"2892\" data-end=\"2936\">\n<p data-start=\"2894\" data-end=\"2936\">Forma ergonomica per una presa sicura<\/p>\n<\/li>\n<li data-start=\"2937\" data-end=\"2975\">\n<p data-start=\"2939\" data-end=\"2975\">Pinna per l&#8217;apertura rapida della lama<\/p>\n<\/li>\n<li data-start=\"2976\" data-end=\"3021\">\n<p data-start=\"2978\" data-end=\"3021\">Elementi di design eleganti delle <strong data-start=\"3005\" data-end=\"3021\">lame Borka<\/strong><\/p>\n<\/li>\n<li data-start=\"3022\" data-end=\"3064\">\n<p data-start=\"3024\" data-end=\"3064\">Clip per il trasporto profondo (destra\/sinistra, punta in gi\u00f9)<\/p>\n<\/li>\n<li data-start=\"3065\" data-end=\"3097\">\n<p data-start=\"3067\" data-end=\"3097\">Numero di serie e marchio del produttore<\/p>\n<\/li>\n<\/ul>\n<p data-start=\"3099\" data-end=\"3219\">Il risultato \u00e8 un&#8217;impugnatura robusta ma elegante, che si adatta alla mano e offre sicurezza anche in caso di utilizzo impegnativo.<\/p>\n<hr data-start=\"3221\" data-end=\"3224\">\n<h2 data-start=\"3226\" data-end=\"3253\">\u2699\ufe0f Specifiche tecniche<\/h2>\n<div class=\"TyagGW_tableContainer\">\n<div class=\"group TyagGW_tableWrapper flex flex-col-reverse w-fit\" tabindex=\"-1\">\n<table class=\"w-fit min-w-(--thread-content-width)\" data-start=\"3255\" data-end=\"3871\">\n<thead data-start=\"3255\" data-end=\"3285\">\n<tr data-start=\"3255\" data-end=\"3285\">\n<th class=\"\" data-start=\"3255\" data-end=\"3270\" data-col-size=\"sm\"><strong data-start=\"3257\" data-end=\"3269\">Parametro<\/strong><\/th>\n<th class=\"\" data-start=\"3270\" data-end=\"3285\" data-col-size=\"sm\"><strong data-start=\"3272\" data-end=\"3283\">Valore<\/strong><\/th>\n<\/tr>\n<\/thead>\n<tbody data-start=\"3317\" data-end=\"3871\">\n<tr data-start=\"3317\" data-end=\"3336\">\n<td data-start=\"3317\" data-end=\"3325\" data-col-size=\"sm\">Modello<\/td>\n<td data-start=\"3325\" data-end=\"3336\" data-col-size=\"sm\">STITCH<\/td>\n<\/tr>\n<tr data-start=\"3337\" data-end=\"3373\">\n<td data-start=\"3337\" data-end=\"3356\" data-col-size=\"sm\">Numero di prodotto<\/td>\n<td data-start=\"3356\" data-end=\"3373\" data-col-size=\"sm\">169RL-1FLGTTA<\/td>\n<\/tr>\n<tr data-start=\"3374\" data-end=\"3415\">\n<td data-start=\"3374\" data-end=\"3401\" data-col-size=\"sm\">Lunghezza totale (aperta)<\/td>\n<td data-start=\"3401\" data-end=\"3415\" data-col-size=\"sm\">circa 217 mm<\/td>\n<\/tr>\n<tr data-start=\"3416\" data-end=\"3444\">\n<td data-start=\"3416\" data-end=\"3431\" data-col-size=\"sm\">Lunghezza della lama<\/td>\n<td data-start=\"3431\" data-end=\"3444\" data-col-size=\"sm\">circa 93 mm<\/td>\n<\/tr>\n<tr data-start=\"3445\" data-end=\"3477\">\n<td data-start=\"3445\" data-end=\"3463\" data-col-size=\"sm\">Spessore della lama<\/td>\n<td data-start=\"3463\" data-end=\"3477\" data-col-size=\"sm\">circa 3,0 mm<\/td>\n<\/tr>\n<tr data-start=\"3478\" data-end=\"3509\">\n<td data-start=\"3478\" data-end=\"3495\" data-col-size=\"sm\">Lunghezza dell&#8217;impugnatura<\/td>\n<td data-start=\"3495\" data-end=\"3509\" data-col-size=\"sm\">circa 117 mm<\/td>\n<\/tr>\n<tr data-start=\"3510\" data-end=\"3534\">\n<td data-start=\"3510\" data-end=\"3521\" data-col-size=\"sm\">Peso<\/td>\n<td data-start=\"3521\" data-end=\"3534\" data-col-size=\"sm\">circa 120 g<\/td>\n<\/tr>\n<tr data-start=\"3535\" data-end=\"3570\">\n<td data-start=\"3535\" data-end=\"3553\" data-col-size=\"sm\">Materiale della lama<\/td>\n<td data-start=\"3553\" data-end=\"3570\" data-col-size=\"sm\">B\u00f6hler M390MK<\/td>\n<\/tr>\n<tr data-start=\"3571\" data-end=\"3588\">\n<td data-start=\"3571\" data-end=\"3580\" data-col-size=\"sm\">Ritaglio<\/td>\n<td data-start=\"3580\" data-end=\"3588\" data-col-size=\"sm\">Piatto<\/td>\n<\/tr>\n<tr data-start=\"3589\" data-end=\"3623\">\n<td data-start=\"3589\" data-end=\"3605\" data-col-size=\"sm\">Superficie della lama<\/td>\n<td data-start=\"3605\" data-end=\"3623\" data-col-size=\"sm\">Nero bicolore<\/td>\n<\/tr>\n<tr data-start=\"3624\" data-end=\"3662\">\n<td data-start=\"3624\" data-end=\"3644\" data-col-size=\"sm\">Materiale dell&#8217;impugnatura<\/td>\n<td data-start=\"3644\" data-end=\"3662\" data-col-size=\"sm\">Alluminio 6061-T6<\/td>\n<\/tr>\n<tr data-start=\"3663\" data-end=\"3698\">\n<td data-start=\"3663\" data-end=\"3680\" data-col-size=\"sm\">Colore della maniglia<\/td>\n<td data-start=\"3680\" data-end=\"3698\" data-col-size=\"sm\">Nero bicolore<\/td>\n<\/tr>\n<tr data-start=\"3699\" data-end=\"3737\">\n<td data-start=\"3699\" data-end=\"3713\" data-col-size=\"sm\">Meccanismo<\/td>\n<td data-start=\"3713\" data-end=\"3737\" data-col-size=\"sm\">Pinna \/ Blocco della fodera<\/td>\n<\/tr>\n<tr data-start=\"3738\" data-end=\"3772\">\n<td data-start=\"3738\" data-end=\"3750\" data-col-size=\"sm\">Apertura<\/td>\n<td data-start=\"3750\" data-end=\"3772\" data-col-size=\"sm\">Manuale &#8211; pinna<\/td>\n<\/tr>\n<tr data-start=\"3773\" data-end=\"3804\">\n<td data-start=\"3773\" data-end=\"3780\" data-col-size=\"sm\">Clip<\/td>\n<td data-start=\"3780\" data-end=\"3804\" data-col-size=\"sm\">Destra\/sinistra, punta in basso<\/td>\n<\/tr>\n<tr data-start=\"3805\" data-end=\"3849\">\n<td data-start=\"3805\" data-end=\"3814\" data-col-size=\"sm\">Design<\/td>\n<td data-start=\"3814\" data-end=\"3849\" data-col-size=\"sm\">Anthony Marfione &amp; Borka Blades<\/td>\n<\/tr>\n<tr data-start=\"3850\" data-end=\"3871\">\n<td data-start=\"3850\" data-end=\"3864\" data-col-size=\"sm\">Paese di origine<\/td>\n<td data-start=\"3864\" data-end=\"3871\" data-col-size=\"sm\">STATI UNITI D&#8217;AMERICA<\/td>\n<\/tr>\n<\/tbody>\n<\/table>\n<\/div>\n<\/div>\n<hr data-start=\"3873\" data-end=\"3876\">\n<h2 data-start=\"3878\" data-end=\"3896\">\u2705 Principali vantaggi<\/h2>\n<ul data-start=\"3898\" data-end=\"4141\">\n<li data-start=\"3898\" data-end=\"3949\">\n<p data-start=\"3900\" data-end=\"3949\">Acciaio premium M390MK con un&#8217;eccellente ritenzione della lama<\/p>\n<\/li>\n<li data-start=\"3950\" data-end=\"3985\">\n<p data-start=\"3952\" data-end=\"3985\">Elegante design bicolore nero<\/p>\n<\/li>\n<li data-start=\"3986\" data-end=\"4029\">\n<p data-start=\"3988\" data-end=\"4029\">Apertura rapida e affidabile della pinna<\/p>\n<\/li>\n<li data-start=\"4030\" data-end=\"4061\">\n<p data-start=\"4032\" data-end=\"4061\">Impugnatura ergonomica e robusta<\/p>\n<\/li>\n<li data-start=\"4062\" data-end=\"4101\">\n<p data-start=\"4064\" data-end=\"4101\">Clip da trasporto profonda per una vestibilit\u00e0 comoda<\/p>\n<\/li>\n<li data-start=\"4102\" data-end=\"4141\">\n<p data-start=\"4104\" data-end=\"4141\">Collaborazione di design con Borka Blades<\/p>\n<\/li>\n<\/ul>\n<hr data-start=\"4143\" data-end=\"4146\">\n<h2 data-start=\"4148\" data-end=\"4167\">\u26a0\ufe0f Possibili restrizioni<\/h2>\n<ul data-start=\"4169\" data-end=\"4380\">\n<li data-start=\"4169\" data-end=\"4257\">\n<p data-start=\"4171\" data-end=\"4257\">L&#8217;apertura manuale potrebbe non essere adatta a tutti gli utenti che necessitano di un&#8217;apertura automatica.<\/p>\n<\/li>\n<li data-start=\"4258\" data-end=\"4328\">\n<p data-start=\"4260\" data-end=\"4328\">La categoria di prezzo pi\u00f9 alta corrisponde a materiali e design di qualit\u00e0 superiore<\/p>\n<\/li>\n<li data-start=\"4329\" data-end=\"4380\">\n<p data-start=\"4331\" data-end=\"4380\">Il design robusto pu\u00f2 essere pi\u00f9 evidente in tasca<\/p>\n<\/li>\n<\/ul>\n<hr data-start=\"4382\" data-end=\"4385\">\n<h2 data-start=\"4387\" data-end=\"4407\">\ud83d\udee0\ufe0f Manutenzione e cura<\/h2>\n<ul data-start=\"4409\" data-end=\"4840\">\n<li data-start=\"4409\" data-end=\"4479\">\n<p data-start=\"4411\" data-end=\"4479\">Pulisci e asciuga la lama dopo l&#8217;uso per preservarne la longevit\u00e0.<\/p>\n<\/li>\n<li data-start=\"4480\" data-end=\"4546\">\n<p data-start=\"4482\" data-end=\"4546\">Tieni il manico asciutto e pulito, soprattutto dopo il contatto con l&#8217;umidit\u00e0.<\/p>\n<\/li>\n<li data-start=\"4547\" data-end=\"4607\">\n<p data-start=\"4549\" data-end=\"4607\">Per una conservazione pi\u00f9 lunga, lubrifica leggermente la lama con un olio protettivo.<\/p>\n<\/li>\n<li data-start=\"4608\" data-end=\"4669\">\n<p data-start=\"4610\" data-end=\"4669\">Ispeziona regolarmente la serratura e, se necessario, puliscila dallo sporco.<\/p>\n<\/li>\n<li data-start=\"4670\" data-end=\"4840\">\n<p data-start=\"4672\" data-end=\"4840\">Per affilare la lama ti consigliamo il <strong data-start=\"4703\" data-end=\"4769\">sistema di affilatura completo Spyderco Tri-Angle Sharpmaker 204MF<\/strong> &#8211; ideale per lame lisce. \ud83d\uded2 Acquista sul nostro sito Moskito.cz <\/p>\n<\/li>\n<\/ul>\n<p data-start=\"4842\" data-end=\"4909\">Una cura regolare garantisce affidabilit\u00e0 a lungo termine e massime prestazioni.<\/p>\n<hr data-start=\"4911\" data-end=\"4914\">\n<h2 data-start=\"4916\" data-end=\"4936\">\ud83c\udfaf Consigliato per<\/h2>\n<ul data-start=\"4938\" data-end=\"5082\">\n<li data-start=\"4938\" data-end=\"4963\">\n<p data-start=\"4940\" data-end=\"4963\">Utenti esigenti del CED<\/p>\n<\/li>\n<li data-start=\"4964\" data-end=\"4993\">\n<p data-start=\"4966\" data-end=\"4993\">Collezionisti di coltelli premium<\/p>\n<\/li>\n<li data-start=\"4994\" data-end=\"5029\">\n<p data-start=\"4996\" data-end=\"5029\">Fan delle collaborazioni di design<\/p>\n<\/li>\n<li data-start=\"5030\" data-end=\"5082\">\n<p data-start=\"5032\" data-end=\"5082\">Gli utenti che richiedono acciaio e costruzioni di qualit\u00e0 superiore<\/p>\n<\/li>\n<\/ul>\n<hr data-start=\"5084\" data-end=\"5087\">\n<h2 data-start=\"5089\" data-end=\"5113\">\u2b50 Valutazione finale<\/h2>\n<p data-start=\"5115\" data-end=\"5415\" data-is-last-node=\"\" data-is-only-node=\"\">Il <strong data-start=\"5115\" data-end=\"5150\">Microtech STITCH\u00ae 169RL-1FLGTTA<\/strong> rappresenta un&#8217;eccezionale combinazione di design, materiali e precisione ingegneristica. Grazie all&#8217;acciaio premium M390MK, alla collaborazione con Borka Blades e all&#8217;ergonomia robusta, \u00e8 un coltello da chiusura elegante e altamente funzionale per chi desidera prestazioni, estetica e qualit\u00e0 senza compromessi \ud83d\udd2a\ud83d\udd25 <\/p>\n","protected":false},"excerpt":{"rendered":"<p><strong>Il Microtech STITCH\u00ae 169RL-1FLGTTA rappresenta un&#8217;eccezionale combinazione di design, materiali e precisione ingegneristica. Grazie all&#8217;acciaio premium M390MK, alla collaborazione con Borka Blades e all&#8217;ergonomia robusta, \u00e8 un coltello da chiusura elegante e altamente funzionale per chi desidera prestazioni, estetica e qualit\u00e0 senza compromessi \ud83d\udd2a\ud83d\udd25 <\/strong><\/p>\n<p><strong>Spedizione gratuita.<\/strong><\/p>\n","protected":false},"featured_media":437043,"comment_status":"open","ping_status":"closed","template":"","meta":[],"pwb-brand":[3753],"product_brand":[],"product_cat":[3749,3745],"product_tag":[],"class_list":{"0":"post-437169","1":"product","2":"type-product","3":"status-publish","4":"has-post-thumbnail","6":"pwb-brand-microtecnologia-it","7":"product_cat-coltelli-di-chiusura","8":"product_cat-coltelli","10":"first","11":"instock","12":"taxable","13":"shipping-taxable","14":"purchasable","15":"product-type-simple"},"brands":[{"id":3753,"name":"Microtecnologia","slug":"microtecnologia-it"}],"_links":{"self":[{"href":"https:\/\/www.moskito.cz\/it\/wp-json\/wp\/v2\/product\/437169","targetHints":{"allow":["GET"]}}],"collection":[{"href":"https:\/\/www.moskito.cz\/it\/wp-json\/wp\/v2\/product"}],"about":[{"href":"https:\/\/www.moskito.cz\/it\/wp-json\/wp\/v2\/types\/product"}],"replies":[{"embeddable":true,"href":"https:\/\/www.moskito.cz\/it\/wp-json\/wp\/v2\/comments?post=437169"}],"wp:featuredmedia":[{"embeddable":true,"href":"https:\/\/www.moskito.cz\/it\/wp-json\/wp\/v2\/media\/437043"}],"wp:attachment":[{"href":"https:\/\/www.moskito.cz\/it\/wp-json\/wp\/v2\/media?parent=437169"}],"wp:term":[{"taxonomy":"pwb-brand","embeddable":true,"href":"https:\/\/www.moskito.cz\/it\/wp-json\/wp\/v2\/pwb-brand?post=437169"},{"taxonomy":"product_brand","embeddable":true,"href":"https:\/\/www.moskito.cz\/it\/wp-json\/wp\/v2\/product_brand?post=437169"},{"taxonomy":"product_cat","embeddable":true,"href":"https:\/\/www.moskito.cz\/it\/wp-json\/wp\/v2\/product_cat?post=437169"},{"taxonomy":"product_tag","embeddable":true,"href":"https:\/\/www.moskito.cz\/it\/wp-json\/wp\/v2\/product_tag?post=437169"}],"curies":[{"name":"wp","href":"https:\/\/api.w.org\/{rel}","templated":true}]}}