{"id":437306,"date":"2026-02-09T19:36:39","date_gmt":"2026-02-09T18:36:39","guid":{"rendered":"https:\/\/www.moskito.cz\/produkt\/coltello-spyderco-essenza-c272albkp\/"},"modified":"2026-02-15T11:39:10","modified_gmt":"2026-02-15T10:39:10","slug":"coltello-spyderco-essenza-c272albkp","status":"publish","type":"product","link":"https:\/\/www.moskito.cz\/it\/produkt\/coltello-spyderco-essenza-c272albkp\/","title":{"rendered":"Coltello Spyderco Essenza C272ALBKP"},"content":{"rendered":"<div class=\"flex flex-col text-sm pb-25\">\n<article class=\"text-token-text-primary w-full focus:outline-none [--shadow-height:45px] has-data-writing-block:pointer-events-none has-data-writing-block:-mt-(--shadow-height) has-data-writing-block:pt-(--shadow-height) [&amp;:has([data-writing-block])&gt;*]:pointer-events-auto scroll-mt-[calc(var(--header-height)+min(200px,max(70px,20svh)))]\" dir=\"auto\" tabindex=\"-1\" data-turn-id=\"request-WEB:a32a4206-734b-4a83-b1e2-42833545ac64-8\" data-testid=\"conversation-turn-18\" data-scroll-anchor=\"true\" data-turn=\"assistant\">\n<div class=\"text-base my-auto mx-auto pb-10 [--thread-content-margin:--spacing(4)] @w-sm\/main:[--thread-content-margin:--spacing(6)] @w-lg\/main:[--thread-content-margin:--spacing(16)] px-(--thread-content-margin)\">\n<div class=\"[--thread-content-max-width:40rem] @w-lg\/main:[--thread-content-max-width:48rem] mx-auto max-w-(--thread-content-max-width) flex-1 group\/turn-messages focus-visible:outline-hidden relative flex w-full min-w-0 flex-col agent-turn\" tabindex=\"-1\">\n<div class=\"flex max-w-full flex-col grow\">\n<div class=\"min-h-8 text-message relative flex w-full flex-col items-end gap-2 text-start break-words whitespace-normal [.text-message+&amp;]:mt-1\" dir=\"auto\" data-message-author-role=\"assistant\" data-message-id=\"90d053d4-647e-41dd-a078-066020e44e54\" data-message-model-slug=\"gpt-5-2\">\n<div class=\"flex w-full flex-col gap-1 empty:hidden first:pt-[1px]\">\n<div class=\"markdown prose dark:prose-invert w-full wrap-break-word light markdown-new-styling\">\n<p data-start=\"107\" data-end=\"444\">Quando impugnerai lo <strong data-start=\"123\" data-end=\"153\">Spyderco Essenza C272ALBKP<\/strong> nel palmo della mano, sentirai subito quello che ti aspetti da un coltello EDC di alto livello: un <strong data-start=\"222\" data-end=\"279\">equilibrio di prestazioni, semplicit\u00e0 ed eccellente ergonomia<\/strong> in un pacchetto compatto. L&#8217;Essenza \u00e8 una delle ultime novit\u00e0 di Spyderco, che offre materiali moderni e comandi intuitivi senza compromettere la funzionalit\u00e0. <\/p>\n<p data-start=\"446\" data-end=\"690\">Questo coltello \u00e8 stato progettato per gli utenti che desiderano un coltello da chiusura elegante, pratico e altamente affidabile per il trasporto quotidiano. Si adatta perfettamente alla tasca e alla mano, \u00e8 subito pronto all&#8217;uso e offre prestazioni su cui puoi contare. <\/p>\n<hr data-start=\"692\" data-end=\"695\">\n<h2 data-start=\"697\" data-end=\"721\">Carattere e filosofia<\/h2>\n<p data-start=\"723\" data-end=\"961\">La Spyderco Essenza \u00e8 stata progettata con una visione chiara: <strong data-start=\"768\" data-end=\"843\">equilibrio, semplicit\u00e0 e comfort combinati con elevate prestazioni di taglio<\/strong>. Non si tratta di un design eccessivo o di &#8220;giochi&#8221; tecnici, ma di un vero e proprio strumento che porta a termine il lavoro con il minimo sforzo. <\/p>\n<p data-start=\"963\" data-end=\"1295\">La lama con rivestimento nero \u00e8 realizzata in acciaio inossidabile <strong data-start=\"1025\" data-end=\"1038\">CPM S45VN<\/strong> di alta qualit\u00e0, un acciaio ad alte prestazioni con un&#8217;eccellente resistenza all&#8217;usura, un&#8217;ottima tenuta del filo e un&#8217;elevata resistenza alla corrosione. Questo fa s\u00ec che l&#8217;Essenza sia in grado di gestire un&#8217;ampia gamma di attivit\u00e0 di taglio, dalle normali attivit\u00e0 quotidiane ai tagli pi\u00f9 impegnativi dal punto di vista tecnico. <\/p>\n<p data-start=\"1297\" data-end=\"1546\">La forma della lama <strong data-start=\"1318\" data-end=\"1333\">a forma di foglia<\/strong> offre un&#8217;eccellente versatilit\u00e0 e controllo, ideale sia per i tagli di precisione a tensione che per i tagli di potenza in materiali a densit\u00e0 pi\u00f9 elevata. Il taglio ottimizzato garantisce un taglio omogeneo senza inutili &#8220;impuntamenti&#8221;. <\/p>\n<p data-start=\"1548\" data-end=\"1775\">Il manico ergonomico con colorazione blu-nera \u00e8 progettato per adattarsi perfettamente al palmo della mano, anche durante l&#8217;uso prolungato. La finitura finemente strutturata del manico migliora la presa, assicurando una presa sicura anche in condizioni difficili. <\/p>\n<p data-start=\"1777\" data-end=\"1977\">I comandi del coltello sono intuitivi: il tradizionale <strong data-start=\"1816\" data-end=\"1839\">foro rotondo Spyderco<\/strong> consente un&#8217;apertura rapida e agevole con una sola mano, mentre il <strong data-start=\"1898\" data-end=\"1912\">Frame Lock<\/strong> assicura che la lama sia saldamente bloccata durante le operazioni di taglio.<\/p>\n<hr data-start=\"1979\" data-end=\"1982\">\n<h2 data-start=\"1984\" data-end=\"1999\">\ud83c\udfed Informazioni sul produttore<\/h2>\n<p data-start=\"2001\" data-end=\"2385\">Spyderco \u00e8 un marchio con una profonda storia di innovazione nel campo dei coltelli da chiusura. Dal primo design brevettato per l&#8217;apertura a una mano fino ai modelli moderni, Spyderco \u00e8 all&#8217;origine di molti progetti innovativi che hanno definito il modo in cui oggi pensiamo ai coltelli EDC. L&#8217;Essenza \u00e8 il passo successivo di questa tradizione: uno strumento semplice, efficace e affidabile per l&#8217;uso quotidiano.  <\/p>\n<hr data-start=\"2387\" data-end=\"2390\">\n<h2 data-start=\"2392\" data-end=\"2419\">\u2699\ufe0f Specifiche tecniche<\/h2>\n<div class=\"TyagGW_tableContainer\">\n<div class=\"group TyagGW_tableWrapper flex flex-col-reverse w-fit\" tabindex=\"-1\">\n<table class=\"w-fit min-w-(--thread-content-width)\" data-start=\"2421\" data-end=\"3012\">\n<thead data-start=\"2421\" data-end=\"2443\">\n<tr data-start=\"2421\" data-end=\"2443\">\n<th class=\"\" data-start=\"2421\" data-end=\"2432\" data-col-size=\"sm\">Parametro<\/th>\n<th class=\"\" data-start=\"2432\" data-end=\"2443\" data-col-size=\"md\">Valore<\/th>\n<\/tr>\n<\/thead>\n<tbody data-start=\"2467\" data-end=\"3012\">\n<tr data-start=\"2467\" data-end=\"2541\">\n<td data-start=\"2467\" data-end=\"2475\" data-col-size=\"sm\">Modello<\/td>\n<td data-start=\"2475\" data-end=\"2541\" data-col-size=\"md\">Spyderco Essenza &#8211; lama nera, manico blu-nero (C272ALBKP)<\/td>\n<\/tr>\n<tr data-start=\"2542\" data-end=\"2564\">\n<td data-start=\"2542\" data-end=\"2548\" data-col-size=\"sm\">Tipo<\/td>\n<td data-start=\"2548\" data-end=\"2564\" data-col-size=\"md\">Coltello di chiusura<\/td>\n<\/tr>\n<tr data-start=\"2565\" data-end=\"2596\">\n<td data-start=\"2565\" data-end=\"2581\" data-col-size=\"sm\">Lunghezza totale<\/td>\n<td data-start=\"2581\" data-end=\"2596\" data-col-size=\"md\">circa 18,4 cm<\/td>\n<\/tr>\n<tr data-start=\"2597\" data-end=\"2626\">\n<td data-start=\"2597\" data-end=\"2612\" data-col-size=\"sm\">Lunghezza della lama<\/td>\n<td data-start=\"2612\" data-end=\"2626\" data-col-size=\"md\">circa 8,1 cm<\/td>\n<\/tr>\n<tr data-start=\"2627\" data-end=\"2659\">\n<td data-start=\"2627\" data-end=\"2645\" data-col-size=\"sm\">Spessore della lama<\/td>\n<td data-start=\"2645\" data-end=\"2659\" data-col-size=\"md\">circa 3,4 mm<\/td>\n<\/tr>\n<tr data-start=\"2660\" data-end=\"2691\">\n<td data-start=\"2660\" data-end=\"2678\" data-col-size=\"sm\">Materiale della lama<\/td>\n<td data-start=\"2678\" data-end=\"2691\" data-col-size=\"md\">CPM S45VN<\/td>\n<\/tr>\n<tr data-start=\"2692\" data-end=\"2721\">\n<td data-start=\"2692\" data-end=\"2706\" data-col-size=\"sm\">Forma della lama<\/td>\n<td data-start=\"2706\" data-end=\"2721\" data-col-size=\"md\">A forma di foglia<\/td>\n<\/tr>\n<tr data-start=\"2722\" data-end=\"2750\">\n<td data-start=\"2722\" data-end=\"2731\" data-col-size=\"sm\">Taglio<\/td>\n<td data-start=\"2731\" data-end=\"2750\" data-col-size=\"md\">Rettifica piatta completa<\/td>\n<\/tr>\n<tr data-start=\"2751\" data-end=\"2780\">\n<td data-start=\"2751\" data-end=\"2767\" data-col-size=\"sm\">Superficie della lama<\/td>\n<td data-start=\"2767\" data-end=\"2780\" data-col-size=\"md\">Nero DLC<\/td>\n<\/tr>\n<tr data-start=\"2781\" data-end=\"2799\">\n<td data-start=\"2781\" data-end=\"2789\" data-col-size=\"sm\">Cibo<\/td>\n<td data-start=\"2789\" data-end=\"2799\" data-col-size=\"md\">Liscio<\/td>\n<\/tr>\n<tr data-start=\"2800\" data-end=\"2840\">\n<td data-start=\"2800\" data-end=\"2810\" data-col-size=\"sm\">Maniglia<\/td>\n<td data-start=\"2810\" data-end=\"2840\" data-col-size=\"md\">alluminio \/ finitura blu-nera<\/td>\n<\/tr>\n<tr data-start=\"2841\" data-end=\"2863\">\n<td data-start=\"2841\" data-end=\"2849\" data-col-size=\"sm\">Castello<\/td>\n<td data-start=\"2849\" data-end=\"2863\" data-col-size=\"md\">Serratura a telaio<\/td>\n<\/tr>\n<tr data-start=\"2864\" data-end=\"2899\">\n<td data-start=\"2864\" data-end=\"2876\" data-col-size=\"sm\">Apertura<\/td>\n<td data-start=\"2876\" data-end=\"2899\" data-col-size=\"md\">Spyderco a foro tondo<\/td>\n<\/tr>\n<tr data-start=\"2900\" data-end=\"2944\">\n<td data-start=\"2900\" data-end=\"2907\" data-col-size=\"sm\">Clip<\/td>\n<td data-start=\"2907\" data-end=\"2944\" data-col-size=\"md\">A 4 posizioni (L\/R, punta in su\/ punta in gi\u00f9)<\/td>\n<\/tr>\n<tr data-start=\"2945\" data-end=\"2969\">\n<td data-start=\"2945\" data-end=\"2956\" data-col-size=\"sm\">Peso<\/td>\n<td data-start=\"2956\" data-end=\"2969\" data-col-size=\"md\">circa 105 g<\/td>\n<\/tr>\n<tr data-start=\"2970\" data-end=\"3012\">\n<td data-start=\"2970\" data-end=\"2982\" data-col-size=\"sm\">Categoria<\/td>\n<td data-start=\"2982\" data-end=\"3012\" data-col-size=\"md\">Elegante coltello da chiusura EDC<\/td>\n<\/tr>\n<\/tbody>\n<\/table>\n<\/div>\n<\/div>\n<hr data-start=\"3014\" data-end=\"3017\">\n<h2 data-start=\"3019\" data-end=\"3037\">\u2705 Principali vantaggi<\/h2>\n<ul data-start=\"3039\" data-end=\"3362\">\n<li data-start=\"3039\" data-end=\"3125\">\n<p data-start=\"3041\" data-end=\"3125\"><strong data-start=\"3041\" data-end=\"3068\">Acciaio Premium CPM S45VN<\/strong> &#8211; eccellente equilibrio tra affilatura, durata e manutenzione<\/p>\n<\/li>\n<li data-start=\"3126\" data-end=\"3193\">\n<p data-start=\"3128\" data-end=\"3193\"><strong data-start=\"3128\" data-end=\"3159\">Design compatto e confortevole<\/strong>, ideale per essere indossato tutti i giorni<\/p>\n<\/li>\n<li data-start=\"3194\" data-end=\"3251\">\n<p data-start=\"3196\" data-end=\"3251\"><strong data-start=\"3196\" data-end=\"3210\">Blocco del telaio<\/strong> &#8211; blocco robusto e sicuro della lama<\/p>\n<\/li>\n<li data-start=\"3252\" data-end=\"3311\">\n<p data-start=\"3254\" data-end=\"3311\"><strong data-start=\"3254\" data-end=\"3277\">Spyderco Round Hole<\/strong> &#8211; apertura rapida e intuitiva<\/p>\n<\/li>\n<li data-start=\"3312\" data-end=\"3362\">\n<p data-start=\"3314\" data-end=\"3362\"><strong data-start=\"3314\" data-end=\"3333\">Clip a 4 posizioni<\/strong> &#8211; opzioni di indossamento flessibili<\/p>\n<\/li>\n<\/ul>\n<hr data-start=\"3364\" data-end=\"3367\">\n<h2 data-start=\"3369\" data-end=\"3388\">\u26a0\ufe0f Possibili restrizioni<\/h2>\n<ul data-start=\"3390\" data-end=\"3631\">\n<li data-start=\"3390\" data-end=\"3481\">\n<p data-start=\"3392\" data-end=\"3481\"><strong data-start=\"3392\" data-end=\"3410\">Dimensioni ridotte<\/strong>: per alcuni utenti potrebbe non essere l&#8217;ideale per le attivit\u00e0 all&#8217;aperto pi\u00f9 impegnative.<\/p>\n<\/li>\n<li data-start=\"3482\" data-end=\"3549\">\n<p data-start=\"3484\" data-end=\"3549\"><strong data-start=\"3484\" data-end=\"3513\">Design orientato all&#8217;EDC<\/strong>, non un robusto coltello da lavoro<\/p>\n<\/li>\n<li data-start=\"3550\" data-end=\"3631\">\n<p data-start=\"3552\" data-end=\"3631\"><strong data-start=\"3552\" data-end=\"3576\">Finitura DLC<\/strong> &#8211; pu\u00f2 consumarsi gradualmente sui bordi durante il lavoro intensivo<\/p>\n<\/li>\n<\/ul>\n<hr data-start=\"3633\" data-end=\"3636\">\n<h2 data-start=\"3638\" data-end=\"3658\">\ud83d\udee0\ufe0f Manutenzione e cura<\/h2>\n<ul data-start=\"3660\" data-end=\"3868\">\n<li data-start=\"3660\" data-end=\"3719\">\n<p data-start=\"3662\" data-end=\"3719\">Asciuga la lama dopo l&#8217;uso, soprattutto se a contatto con l&#8217;umidit\u00e0.<\/p>\n<\/li>\n<li data-start=\"3720\" data-end=\"3785\">\n<p data-start=\"3722\" data-end=\"3785\">Controlla regolarmente il funzionamento del blocco del telaio e del meccanismo di apertura.<\/p>\n<\/li>\n<li data-start=\"3786\" data-end=\"3868\">\n<p data-start=\"3788\" data-end=\"3868\">Mantenere la lama con un&#8217;affilatura regolare per mantenerla affilata anche dopo lunghi periodi di utilizzo.<\/p>\n<\/li>\n<\/ul>\n<hr data-start=\"3870\" data-end=\"3873\">\n<h2 data-start=\"3875\" data-end=\"3917\">\ud83d\udd2a Accessori consigliati per l&#8217;affilatura<\/h2>\n<p data-start=\"3919\" data-end=\"4093\"><strong data-start=\"3919\" data-end=\"3985\">Spyderco Tri-Angle Sharpmaker Complete Sharpening System 204MF<\/strong> &#8211; un sistema semplice ed efficace per mantenere una lama di precisione per la tua Essenza.<br data-start=\"4063\" data-end=\"4066\">\ud83d\uded2 Acquista su <strong data-start=\"4079\" data-end=\"4093\">Moskito.cz<\/strong><\/p>\n<hr data-start=\"4095\" data-end=\"4098\">\n<h2 data-start=\"4100\" data-end=\"4120\">\ud83c\udfaf Consigliato per<\/h2>\n<ul data-start=\"4122\" data-end=\"4316\">\n<li data-start=\"4122\" data-end=\"4147\">\n<p data-start=\"4124\" data-end=\"4147\">abbigliamento EDC per tutti i giorni<\/p>\n<\/li>\n<li data-start=\"4148\" data-end=\"4202\">\n<p data-start=\"4150\" data-end=\"4202\">utenti che desiderano un coltello compatto ma potente<\/p>\n<\/li>\n<li data-start=\"4203\" data-end=\"4242\">\n<p data-start=\"4205\" data-end=\"4242\">chi apprezza l&#8217;ergonomia confortevole<\/p>\n<\/li>\n<li data-start=\"4243\" data-end=\"4271\">\n<p data-start=\"4245\" data-end=\"4271\">Fan di Spyderco<\/p>\n<\/li>\n<li data-start=\"4272\" data-end=\"4316\">\n<p data-start=\"4274\" data-end=\"4316\">Tagli pratici di materiali di dimensioni giornaliere<\/p>\n<\/li>\n<\/ul>\n<hr data-start=\"4318\" data-end=\"4321\">\n<h2 data-start=\"4323\" data-end=\"4347\">\u2b50 Valutazione finale<\/h2>\n<p data-start=\"4349\" data-end=\"4639\">Spyderco Essenza C272ALBKP &#8211; lama nera con manico blu-nero \u00e8 un <strong data-start=\"4416\" data-end=\"4463\">coltello da chiusura elegante, comodo e affidabile<\/strong> che diventer\u00e0 un ottimo compagno per le attivit\u00e0 quotidiane. Grazie all&#8217;acciaio pregiato, alla meccanica intuitiva e al design ergonomico, l&#8217;Essenza offre elevate prestazioni di taglio in un pacchetto compatto. <\/p>\n<p data-start=\"4641\" data-end=\"4701\">Essenza &#8211; <strong data-start=\"4651\" data-end=\"4696\">eleganza, funzionalit\u00e0 e sicurezza in ogni taglio.<\/strong> \ud83d\udd2a\ud83d\udcbc<\/p>\n<\/div>\n<\/div>\n<\/div>\n<\/div>\n<div class=\"z-0 flex min-h-[46px] justify-start\"><\/div>\n<\/div>\n<\/div>\n<\/article>\n<\/div>\n<div class=\"pointer-events-none h-px w-px absolute bottom-0\" aria-hidden=\"true\" data-edge=\"true\"><\/div>\n","protected":false},"excerpt":{"rendered":"<div class=\"flex max-w-full flex-col grow\">\n<div class=\"min-h-8 text-message relative flex w-full flex-col items-end gap-2 text-start break-words whitespace-normal [.text-message+&amp;]:mt-1\" dir=\"auto\" data-message-author-role=\"assistant\" data-message-id=\"90d053d4-647e-41dd-a078-066020e44e54\" data-message-model-slug=\"gpt-5-2\">\n<div class=\"flex w-full flex-col gap-1 empty:hidden first:pt-[1px]\">\n<div class=\"markdown prose dark:prose-invert w-full wrap-break-word light markdown-new-styling\">\n<p data-start=\"4349\" data-end=\"4639\"><strong>Spyderco Essenza C272ALBKP &#8211; lama nera con manico blu-nero \u00e8 un coltello da chiusura elegante, comodo e affidabile che diventer\u00e0 un ottimo compagno per le attivit\u00e0 quotidiane. Grazie all&#8217;acciaio pregiato, alla meccanica intuitiva e al design ergonomico, l&#8217;Essenza offre elevate prestazioni di taglio in un pacchetto compatto. <\/strong><\/p>\n<p data-start=\"4641\" data-end=\"4701\"><strong>Essenza &#8211; eleganza, funzionalit\u00e0 e sicurezza in ogni taglio. \ud83d\udd2a\ud83d\udcbc <\/strong><\/p>\n<\/div>\n<\/div>\n<\/div>\n<\/div>\n<div class=\"z-0 flex min-h-[46px] justify-start\"><strong>Spedizione gratuita.<\/strong><\/div>\n","protected":false},"featured_media":436725,"comment_status":"open","ping_status":"closed","template":"","meta":[],"pwb-brand":[3774],"product_brand":[],"product_cat":[3749,3745],"product_tag":[],"class_list":{"0":"post-437306","1":"product","2":"type-product","3":"status-publish","4":"has-post-thumbnail","6":"pwb-brand-spyderco-it","7":"product_cat-coltelli-di-chiusura","8":"product_cat-coltelli","10":"first","11":"instock","12":"taxable","13":"shipping-taxable","14":"purchasable","15":"product-type-simple"},"brands":[{"id":3774,"name":"Spyderco","slug":"spyderco-it"}],"_links":{"self":[{"href":"https:\/\/www.moskito.cz\/it\/wp-json\/wp\/v2\/product\/437306","targetHints":{"allow":["GET"]}}],"collection":[{"href":"https:\/\/www.moskito.cz\/it\/wp-json\/wp\/v2\/product"}],"about":[{"href":"https:\/\/www.moskito.cz\/it\/wp-json\/wp\/v2\/types\/product"}],"replies":[{"embeddable":true,"href":"https:\/\/www.moskito.cz\/it\/wp-json\/wp\/v2\/comments?post=437306"}],"wp:featuredmedia":[{"embeddable":true,"href":"https:\/\/www.moskito.cz\/it\/wp-json\/wp\/v2\/media\/436725"}],"wp:attachment":[{"href":"https:\/\/www.moskito.cz\/it\/wp-json\/wp\/v2\/media?parent=437306"}],"wp:term":[{"taxonomy":"pwb-brand","embeddable":true,"href":"https:\/\/www.moskito.cz\/it\/wp-json\/wp\/v2\/pwb-brand?post=437306"},{"taxonomy":"product_brand","embeddable":true,"href":"https:\/\/www.moskito.cz\/it\/wp-json\/wp\/v2\/product_brand?post=437306"},{"taxonomy":"product_cat","embeddable":true,"href":"https:\/\/www.moskito.cz\/it\/wp-json\/wp\/v2\/product_cat?post=437306"},{"taxonomy":"product_tag","embeddable":true,"href":"https:\/\/www.moskito.cz\/it\/wp-json\/wp\/v2\/product_tag?post=437306"}],"curies":[{"name":"wp","href":"https:\/\/api.w.org\/{rel}","templated":true}]}}