{"id":437350,"date":"2025-08-12T14:03:53","date_gmt":"2025-08-12T13:03:53","guid":{"rendered":"https:\/\/www.moskito.cz\/produkt\/spyderco-manix-2-coltello-a-serramanico-c101pyl2\/"},"modified":"2026-02-15T12:03:28","modified_gmt":"2026-02-15T11:03:28","slug":"spyderco-manix-2-coltello-a-serramanico-c101pyl2","status":"publish","type":"product","link":"https:\/\/www.moskito.cz\/it\/produkt\/spyderco-manix-2-coltello-a-serramanico-c101pyl2\/","title":{"rendered":"Spyderco Manix 2 Coltello a serramanico C101PYL2"},"content":{"rendered":"<h2 data-pm-slice=\"1 1 []\">Spyderco Manix 2 Salt Lightweight Knife &#8211; Lama liscia satinata CPM-MagnaCut, manici in FRN giallo &#8211; C101PYL2<\/h2>\n<h3>introduzione<\/h3>\n<p>Lo Spyderco Manix 2 Salt Lightweight \u00e8 la prova che anche un coltello da chiusura pu\u00f2 essere resistente come un&#8217;attrezzatura subacquea professionale. Per la prima volta in assoluto, la serie Salt presenta la leggendaria struttura Manix 2 combinata con l&#8217;acciaio inossidabile CPM MagnaCut ultra resistente e l&#8217;esclusivo sistema di chiusura Ball Bearing Lock. Questo modello \u00e8 stato progettato per garantire una durata estrema in ambienti in cui sale e umidit\u00e0 sono avversari comuni, sia che tu sia in barca, in mare o che lavori in un ambiente umido.  <\/p>\n<div>\n<hr>\n<\/div>\n<h3>Storia e sviluppo<\/h3>\n<p>La serie <strong>Salt<\/strong> \u00e8 stata introdotta nel 2003 e ha stabilito un nuovo standard per i coltelli con estrema resistenza alla corrosione. I modelli originali erano basati sulle collaudate chiusure giapponesi back lock, ma nel 2017 \u00e8 stato aggiunto alla famiglia il modello Caribbean Salt con la pi\u00f9 moderna Compression Lock. Il Manix 2 Salt Lightweight, tuttavia, \u00e8 il primo a combinare il <strong>Ball Bearing Lock<\/strong> con la costruzione Salt.<br \/>\nL&#8217;ispirazione \u00e8 arrivata dal Manix 2 Lightweight originale, un coltello rivoluzionario con manico FRCP traslucido che ha vinto il premio <strong>Most Innovative American Design<\/strong> al Blade Show del 2010. La versione Salt porta avanti questo concetto utilizzando l&#8217;acciaio premium CPM MagnaCut e componenti resistenti alla corrosione accuratamente selezionati in tutto il meccanismo.   <\/p>\n<div>\n<hr>\n<\/div>\n<h3>Specifiche tecniche<\/h3>\n<table>\n<tbody>\n<tr>\n<th>Parametro<\/th>\n<th>Valore<\/th>\n<\/tr>\n<tr>\n<td>Lunghezza della lama<\/td>\n<td>86 mm (3,37&#8243;)<\/td>\n<\/tr>\n<tr>\n<td>Lama<\/td>\n<td>73 mm (2,88&#8243;)<\/td>\n<\/tr>\n<tr>\n<td>Lunghezza del coltello chiuso<\/td>\n<td>118 mm (4,66&#8243;)<\/td>\n<\/tr>\n<tr>\n<td>Lunghezza totale<\/td>\n<td>204 mm (8,03&#8243;)<\/td>\n<\/tr>\n<tr>\n<td>Lame in acciaio<\/td>\n<td>CPM MagnaCut<\/td>\n<\/tr>\n<tr>\n<td>Spessore della lama<\/td>\n<td>3,2 mm<\/td>\n<\/tr>\n<tr>\n<td>Forma della lama<\/td>\n<td>A forma di foglia<\/td>\n<\/tr>\n<tr>\n<td>Rettifica<\/td>\n<td>Pieno piano<\/td>\n<\/tr>\n<tr>\n<td>Superficie della lama<\/td>\n<td>Satinata<\/td>\n<\/tr>\n<tr>\n<td>Materiale dell&#8217;impugnatura<\/td>\n<td>FRN giallo<\/td>\n<\/tr>\n<tr>\n<td>Meccanismo di fusibili<\/td>\n<td>Blocco del cuscinetto a sfera<\/td>\n<\/tr>\n<tr>\n<td>Clip<\/td>\n<td>Reversibile, con punta verso l&#8217;alto, lato destro\/sinistro<\/td>\n<\/tr>\n<tr>\n<td>Peso<\/td>\n<td>82 g<\/td>\n<\/tr>\n<tr>\n<td>Produzione<\/td>\n<td>Golden, Colorado, USA<\/td>\n<\/tr>\n<\/tbody>\n<\/table>\n<div>\n<hr>\n<\/div>\n<h3>Vantaggi principali<\/h3>\n<ul data-spread=\"false\">\n<li><strong>CPM MagnaCut<\/strong> &#8211; acciaio inossidabile di alta qualit\u00e0 con un&#8217;eccellente combinazione di robustezza, tenuta della lama e resistenza alla corrosione.<\/li>\n<li><strong>Blocco con cuscinetti a sfera<\/strong> &#8211; scorrevolezza, alta resistenza e controllabilit\u00e0 su due lati.<\/li>\n<li><strong>Peso ultra leggero<\/strong> &#8211; solo 82 g per una vestibilit\u00e0 confortevole.<\/li>\n<li><strong>Manico in FRN<\/strong> &#8211; resistente, leggero e con un profondo motivo antiscivolo.<\/li>\n<li><strong>Resistenza totale alla corrosione<\/strong>: non solo la lama, ma anche tutte le parti metalliche sono accuratamente selezionate contro la corrosione galvanica.<\/li>\n<\/ul>\n<div>\n<hr>\n<\/div>\n<h3>Svantaggi<\/h3>\n<ul data-spread=\"false\">\n<li>Il manico giallo brillante potrebbe non essere adatto a tutti dal punto di vista estetico.<\/li>\n<li>Il blocco con cuscinetti a sfera richiede una certa abilit\u00e0 nello smontaggio (se necessario) per la manutenzione.<\/li>\n<\/ul>\n<div>\n<hr>\n<\/div>\n<h3>Manutenzione e rettifica<\/h3>\n<p>Il CPM MagnaCut \u00e8 uno dei migliori coltelli in polvere di acciaio inossidabile e richiede una cura standard: basta pulire la lama dallo sporco dopo l&#8217;uso e trattare occasionalmente con olio antiruggine. Grazie alla sua resistenza, il coltello non \u00e8 soggetto alla ruggine nemmeno in ambienti marini.<br \/>\nL&#8217;affilatura \u00e8 possibile con gli affilatori convenzionali e la lama manterr\u00e0 la sua eccellente affilatura per molto tempo se si mantiene l&#8217;angolo corretto.<br \/>\n<strong>Per la manutenzione della lama, ti consigliamo il sistema di affilatura completo Spyderco Tri-Angle Sharpmaker 204MF, ideale per le lame lisce. \ud83d\uded2 Acquista sul nostro sito Moskito.cz. <\/strong><\/p>\n<div>\n<hr>\n<\/div>\n<h3>Per chi \u00e8 adatto<\/h3>\n<ul data-spread=\"false\">\n<li>Professionisti che lavorano in ambienti difficili, umidi o marini.<\/li>\n<li>Appassionati di outdoor, pescatori, marinai, subacquei.<\/li>\n<li>Gli appassionati di collezionismo cercano un modello Salt di alta gamma con un moderno meccanismo di chiusura.<\/li>\n<\/ul>\n<div>\n<hr>\n<\/div>\n<h3>Valutazione finale<\/h3>\n<p>Lo Spyderco Manix 2 Salt Lightweight non \u00e8 solo un coltello resistente: \u00e8 la prova che anche un coltello a serramanico pu\u00f2 essere preparato per condizioni estreme senza perdere eleganza e funzionalit\u00e0. Grazie al CPM MagnaCut e al Ball Bearing Lock, avrai uno strumento che resister\u00e0 al mare, alla giungla e al trasporto quotidiano. <\/p>\n","protected":false},"excerpt":{"rendered":"<p><strong>Lo Spyderco Manix 2 Salt Lightweight non \u00e8 solo un coltello resistente: \u00e8 la prova che anche chi \u00e8 pi\u00f9 vicino pu\u00f2 essere completamente preparato per affrontare condizioni estreme.<\/strong><\/p>\n<p><strong>Spedizione gratuita.<\/strong><\/p>\n","protected":false},"featured_media":421320,"comment_status":"open","ping_status":"closed","template":"","meta":[],"pwb-brand":[3774],"product_brand":[],"product_cat":[3745,3749],"product_tag":[],"class_list":{"0":"post-437350","1":"product","2":"type-product","3":"status-publish","4":"has-post-thumbnail","6":"pwb-brand-spyderco-it","7":"product_cat-coltelli","8":"product_cat-coltelli-di-chiusura","10":"first","11":"instock","12":"taxable","13":"shipping-taxable","14":"purchasable","15":"product-type-simple"},"brands":[{"id":3774,"name":"Spyderco","slug":"spyderco-it"}],"_links":{"self":[{"href":"https:\/\/www.moskito.cz\/it\/wp-json\/wp\/v2\/product\/437350","targetHints":{"allow":["GET"]}}],"collection":[{"href":"https:\/\/www.moskito.cz\/it\/wp-json\/wp\/v2\/product"}],"about":[{"href":"https:\/\/www.moskito.cz\/it\/wp-json\/wp\/v2\/types\/product"}],"replies":[{"embeddable":true,"href":"https:\/\/www.moskito.cz\/it\/wp-json\/wp\/v2\/comments?post=437350"}],"wp:featuredmedia":[{"embeddable":true,"href":"https:\/\/www.moskito.cz\/it\/wp-json\/wp\/v2\/media\/421320"}],"wp:attachment":[{"href":"https:\/\/www.moskito.cz\/it\/wp-json\/wp\/v2\/media?parent=437350"}],"wp:term":[{"taxonomy":"pwb-brand","embeddable":true,"href":"https:\/\/www.moskito.cz\/it\/wp-json\/wp\/v2\/pwb-brand?post=437350"},{"taxonomy":"product_brand","embeddable":true,"href":"https:\/\/www.moskito.cz\/it\/wp-json\/wp\/v2\/product_brand?post=437350"},{"taxonomy":"product_cat","embeddable":true,"href":"https:\/\/www.moskito.cz\/it\/wp-json\/wp\/v2\/product_cat?post=437350"},{"taxonomy":"product_tag","embeddable":true,"href":"https:\/\/www.moskito.cz\/it\/wp-json\/wp\/v2\/product_tag?post=437350"}],"curies":[{"name":"wp","href":"https:\/\/api.w.org\/{rel}","templated":true}]}}