{"id":437471,"date":"2026-02-09T17:15:49","date_gmt":"2026-02-09T16:15:49","guid":{"rendered":"https:\/\/www.moskito.cz\/produkt\/coltello-a-espulsione-microtech-combat-troodon-gen-iii-interceptor-1217-1rds\/"},"modified":"2026-02-16T14:38:25","modified_gmt":"2026-02-16T13:38:25","slug":"coltello-a-espulsione-microtech-combat-troodon-gen-iii-interceptor-1217-1rds","status":"publish","type":"product","link":"https:\/\/www.moskito.cz\/it\/produkt\/coltello-a-espulsione-microtech-combat-troodon-gen-iii-interceptor-1217-1rds\/","title":{"rendered":"Coltello a espulsione Microtech Combat Troodon Gen III Interceptor 1217-1RDS"},"content":{"rendered":"<p data-start=\"395\" data-end=\"818\">Non appena prenderai in mano il <strong data-start=\"418\" data-end=\"521\">Troodon\u00ae Gen III Interceptor di Microtech Combat &#8211; Manico rosso \/ Lama nera 1217-1RDS<\/strong>, saprai immediatamente di avere in mano <strong data-start=\"549\" data-end=\"604\">un robusto tattico professionale automatico<\/strong> che combina una costruzione innovativa, un meccanismo di precisione e un design distintivo. Questo modello, che fa parte della <strong data-start=\"710\" data-end=\"730\">Signature Series<\/strong>, combina una lama nera con la potenza del manico rosso per un forte impatto visivo e funzionale. <\/p>\n<hr data-start=\"820\" data-end=\"823\">\n<p data-start=\"825\" data-end=\"853\">\ud83d\udd25 <strong data-start=\"828\" data-end=\"853\">Carattere e filosofia<\/strong><\/p>\n<p data-start=\"855\" data-end=\"1189\">Il Combat Troodon\u00ae Gen III Interceptor rappresenta l&#8217;avanguardia dei coltelli OTF di Microtech. \u00c8 stato progettato per gli utenti che richiedono <strong data-start=\"974\" data-end=\"1044\">prontezza immediata, precisione nel funzionamento dei meccanismi e versatilit\u00e0 nelle prestazioni<\/strong>. Il profilo della lama Interceptor offre una combinazione di penetrazione superiore ed eccellente capacit\u00e0 di taglio, ideale per le attivit\u00e0 tattiche, all&#8217;aperto e di tutti i giorni.  <\/p>\n<p data-start=\"1191\" data-end=\"1476\">Il meccanismo OTF a doppio effetto consente di estendere e ritrarre rapidamente la lama con un solo movimento del pollice, mentre il design ottimizzato assicura un funzionamento fluido con una resistenza minima. L&#8217;impugnatura in alluminio anodizzato rosso garantisce una <strong data-start=\"1412\" data-end=\"1475\">presa salda e sicura anche quando si indossano i guanti o in ambienti umidi<\/strong>. <\/p>\n<hr data-start=\"1478\" data-end=\"1481\">\n<p data-start=\"1483\" data-end=\"1499\"><strong data-start=\"1486\" data-end=\"1499\">\ud83c\udfed Informazioni sul produttore<\/strong><\/p>\n<p data-start=\"1501\" data-end=\"1769\">Microtech Knives \u00e8 un marchio americano noto per la sua <strong data-start=\"1551\" data-end=\"1640\">precisione artigianale, gli innovativi meccanismi automatici e l&#8217;uso di materiali di qualit\u00e0 superiore<\/strong>. La serie Combat Troodon\u00ae \u00e8 uno dei modelli OTF pi\u00f9 apprezzati dai professionisti del settore e dai collezionisti di coltelli di qualit\u00e0. <\/p>\n<hr data-start=\"1771\" data-end=\"1774\">\n<p data-start=\"1776\" data-end=\"1804\">\u2699\ufe0f <strong data-start=\"1779\" data-end=\"1804\">Specifiche tecniche<\/strong><\/p>\n<div class=\"TyagGW_tableContainer\">\n<div class=\"group TyagGW_tableWrapper flex flex-col-reverse w-fit\" tabindex=\"-1\">\n<table class=\"w-fit min-w-(--thread-content-width)\" data-start=\"1806\" data-end=\"2923\">\n<thead data-start=\"1806\" data-end=\"1878\">\n<tr data-start=\"1806\" data-end=\"1878\">\n<th class=\"\" data-start=\"1806\" data-end=\"1831\" data-col-size=\"sm\">Parametro<\/th>\n<th class=\"\" data-start=\"1831\" data-end=\"1878\" data-col-size=\"md\">Valore<\/th>\n<\/tr>\n<\/thead>\n<tbody data-start=\"1952\" data-end=\"2923\">\n<tr data-start=\"1952\" data-end=\"2036\">\n<td data-start=\"1952\" data-end=\"1977\" data-col-size=\"sm\"><strong data-start=\"1954\" data-end=\"1963\">Modello<\/strong><\/td>\n<td data-start=\"1977\" data-end=\"2036\" data-col-size=\"md\">Microtech Combat Troodon\u00ae Gen III Interceptor 1217-1RDS<\/td>\n<\/tr>\n<tr data-start=\"2037\" data-end=\"2109\">\n<td data-start=\"2037\" data-end=\"2062\" data-col-size=\"sm\"><strong data-start=\"2039\" data-end=\"2046\">Tipo<\/strong><\/td>\n<td data-start=\"2062\" data-end=\"2109\" data-col-size=\"md\">Coltello a espulsione \/ OTF \/ Tattico<\/td>\n<\/tr>\n<tr data-start=\"2110\" data-end=\"2183\">\n<td data-start=\"2110\" data-end=\"2135\" data-col-size=\"sm\"><strong data-start=\"2112\" data-end=\"2129\">Lunghezza totale<\/strong><\/td>\n<td data-start=\"2135\" data-end=\"2183\" data-col-size=\"md\">circa 241 mm (9,5\u2033)<\/td>\n<\/tr>\n<tr data-start=\"2184\" data-end=\"2257\">\n<td data-start=\"2184\" data-end=\"2209\" data-col-size=\"sm\"><strong data-start=\"2186\" data-end=\"2202\">Lunghezza della lama<\/strong><\/td>\n<td data-start=\"2209\" data-end=\"2257\" data-col-size=\"md\">circa 102 mm (4,02\u2033)<\/td>\n<\/tr>\n<tr data-start=\"2258\" data-end=\"2331\">\n<td data-start=\"2258\" data-end=\"2283\" data-col-size=\"sm\"><strong data-start=\"2260\" data-end=\"2279\">Materiale della lama<\/strong><\/td>\n<td data-start=\"2283\" data-end=\"2331\" data-col-size=\"md\">Acciaio premium Bohler M390MK<\/td>\n<\/tr>\n<tr data-start=\"2332\" data-end=\"2405\">\n<td data-start=\"2332\" data-end=\"2357\" data-col-size=\"sm\"><strong data-start=\"2334\" data-end=\"2349\">Forma della lama<\/strong><\/td>\n<td data-start=\"2357\" data-end=\"2405\" data-col-size=\"md\">Intercettatore<\/td>\n<\/tr>\n<tr data-start=\"2406\" data-end=\"2479\">\n<td data-start=\"2406\" data-end=\"2431\" data-col-size=\"sm\"><strong data-start=\"2408\" data-end=\"2425\">Superficie della lama<\/strong><\/td>\n<td data-start=\"2431\" data-end=\"2479\" data-col-size=\"md\">Nero (Black Tactical)<\/td>\n<\/tr>\n<tr data-start=\"2480\" data-end=\"2553\">\n<td data-start=\"2480\" data-end=\"2505\" data-col-size=\"sm\"><strong data-start=\"2482\" data-end=\"2491\">Cibo<\/strong><\/td>\n<td data-start=\"2505\" data-end=\"2553\" data-col-size=\"md\">Liscio<\/td>\n<\/tr>\n<tr data-start=\"2554\" data-end=\"2627\">\n<td data-start=\"2554\" data-end=\"2579\" data-col-size=\"sm\"><strong data-start=\"2556\" data-end=\"2571\">Meccanismo<\/strong><\/td>\n<td data-start=\"2579\" data-end=\"2627\" data-col-size=\"md\">OTF a doppio effetto<\/td>\n<\/tr>\n<tr data-start=\"2628\" data-end=\"2701\">\n<td data-start=\"2628\" data-end=\"2653\" data-col-size=\"sm\"><strong data-start=\"2630\" data-end=\"2651\">Materiale dell&#8217;impugnatura<\/strong><\/td>\n<td data-start=\"2653\" data-end=\"2701\" data-col-size=\"md\">Alluminio anodizzato (rosso)<\/td>\n<\/tr>\n<tr data-start=\"2702\" data-end=\"2775\">\n<td data-start=\"2702\" data-end=\"2727\" data-col-size=\"sm\"><strong data-start=\"2704\" data-end=\"2720\">Clip da tasca<\/strong><\/td>\n<td data-start=\"2727\" data-end=\"2775\" data-col-size=\"md\">Punta reversibile<\/td>\n<\/tr>\n<tr data-start=\"2776\" data-end=\"2849\">\n<td data-start=\"2776\" data-end=\"2801\" data-col-size=\"sm\"><strong data-start=\"2778\" data-end=\"2787\">Colore<\/strong><\/td>\n<td data-start=\"2801\" data-end=\"2849\" data-col-size=\"md\">Nero \/ Rosso<\/td>\n<\/tr>\n<tr data-start=\"2850\" data-end=\"2923\">\n<td data-start=\"2850\" data-end=\"2875\" data-col-size=\"sm\"><strong data-start=\"2852\" data-end=\"2865\">Categoria<\/strong><\/td>\n<td data-start=\"2875\" data-end=\"2923\" data-col-size=\"md\">Professionale \/ Tattico<\/td>\n<\/tr>\n<\/tbody>\n<\/table>\n<\/div>\n<\/div>\n<hr data-start=\"2925\" data-end=\"2928\">\n<p data-start=\"2930\" data-end=\"2949\">\u2705 <strong data-start=\"2932\" data-end=\"2949\">Principali vantaggi<\/strong><\/p>\n<ul data-start=\"2951\" data-end=\"3304\">\n<li data-start=\"2951\" data-end=\"3034\">\n<p data-start=\"2953\" data-end=\"3034\"><strong data-start=\"2953\" data-end=\"3008\">Elegante combinazione di manico rosso e lama nera<\/strong> &#8211; stile visivo distintivo<\/p>\n<\/li>\n<li data-start=\"3035\" data-end=\"3103\">\n<p data-start=\"3037\" data-end=\"3103\"><strong data-start=\"3037\" data-end=\"3073\">Robusto meccanismo OTF Gen III<\/strong> &#8211; funzionamento affidabile e fluido<\/p>\n<\/li>\n<li data-start=\"3104\" data-end=\"3180\">\n<p data-start=\"3106\" data-end=\"3180\"><strong data-start=\"3106\" data-end=\"3127\">Lama Interceptor<\/strong> &#8211; prestazioni versatili per attivit\u00e0 tattiche e pratiche<\/p>\n<\/li>\n<li data-start=\"3181\" data-end=\"3248\">\n<p data-start=\"3183\" data-end=\"3248\"><strong data-start=\"3183\" data-end=\"3198\">Presa salda<\/strong> anche in ambienti umidi grazie all&#8217;impugnatura ergonomica<\/p>\n<\/li>\n<li data-start=\"3249\" data-end=\"3304\">\n<p data-start=\"3251\" data-end=\"3304\"><strong data-start=\"3251\" data-end=\"3280\">Clip da tasca reversibile<\/strong> per un trasporto flessibile<\/p>\n<\/li>\n<\/ul>\n<p data-start=\"3306\" data-end=\"3326\">\u26a0\ufe0f <strong data-start=\"3309\" data-end=\"3326\">Possibili restrizioni<\/strong><\/p>\n<ul data-start=\"3328\" data-end=\"3487\">\n<li data-start=\"3328\" data-end=\"3366\">\n<p data-start=\"3330\" data-end=\"3366\">Prezzo pi\u00f9 elevato rispetto ai coltelli EDC tradizionali<\/p>\n<\/li>\n<li data-start=\"3367\" data-end=\"3422\">\n<p data-start=\"3369\" data-end=\"3422\">Il meccanismo automatico richiede una manutenzione regolare<\/p>\n<\/li>\n<li data-start=\"3423\" data-end=\"3487\">\n<p data-start=\"3425\" data-end=\"3487\">La taglia pi\u00f9 grande non \u00e8 l&#8217;ideale per un abbigliamento quotidiano minimalista<\/p>\n<\/li>\n<\/ul>\n<hr data-start=\"3489\" data-end=\"3492\">\n<p data-start=\"3494\" data-end=\"3515\">\ud83d\udee0\ufe0f <strong data-start=\"3498\" data-end=\"3515\">Manutenzione e cura<\/strong><\/p>\n<ul data-start=\"3517\" data-end=\"3902\">\n<li data-start=\"3517\" data-end=\"3591\">\n<p data-start=\"3519\" data-end=\"3591\"><strong data-start=\"3530\" data-end=\"3554\">Pulisci e asciuga la lama<\/strong> dopo l&#8217;uso per preservarne la longevit\u00e0.<\/p>\n<\/li>\n<li data-start=\"3592\" data-end=\"3662\">\n<p data-start=\"3594\" data-end=\"3662\"><strong data-start=\"3594\" data-end=\"3628\">Tieni il manico asciutto e pulito<\/strong>, soprattutto dopo il contatto con l&#8217;umidit\u00e0.<\/p>\n<\/li>\n<li data-start=\"3663\" data-end=\"3727\">\n<p data-start=\"3665\" data-end=\"3727\"><strong data-start=\"3665\" data-end=\"3690\">Per una conservazione pi\u00f9 lunga,<\/strong> lubrifica leggermente la lama con un olio protettivo.<\/p>\n<\/li>\n<li data-start=\"3728\" data-end=\"3902\">\n<p data-start=\"3730\" data-end=\"3902\">Per affilare le lame, ti consigliamo il <strong data-start=\"3761\" data-end=\"3827\">sistema di affilatura completo Spyderco Tri-Angle Sharpmaker 204MF<\/strong>, ideale anche per le lame lisce. \ud83d\uded2 Acquista sul nostro sito <strong data-start=\"3888\" data-end=\"3902\">Moskito.cz<\/strong> <\/p>\n<\/li>\n<\/ul>\n<hr data-start=\"3904\" data-end=\"3907\">\n<p data-start=\"3909\" data-end=\"3930\">\ud83c\udfaf <strong data-start=\"3912\" data-end=\"3930\">Consigliato per<\/strong><\/p>\n<ul data-start=\"3932\" data-end=\"4079\">\n<li data-start=\"3932\" data-end=\"3966\">\n<p data-start=\"3934\" data-end=\"3966\">Uso tattico professionale<\/p>\n<\/li>\n<li data-start=\"3967\" data-end=\"3997\">\n<p data-start=\"3969\" data-end=\"3997\">Situazioni all&#8217;aperto e di sopravvivenza<\/p>\n<\/li>\n<li data-start=\"3998\" data-end=\"4035\">\n<p data-start=\"4000\" data-end=\"4035\">Un EDC impegnativo per gli utenti pi\u00f9 esperti<\/p>\n<\/li>\n<li data-start=\"4036\" data-end=\"4079\">\n<p data-start=\"4038\" data-end=\"4079\">Collezionisti di coltelli automatici di qualit\u00e0<\/p>\n<\/li>\n<\/ul>\n<hr data-start=\"4081\" data-end=\"4084\">\n<p data-start=\"4086\" data-end=\"4111\">\u2b50 <strong data-start=\"4088\" data-end=\"4111\">Valutazione finale<\/strong><\/p>\n<p data-start=\"4113\" data-end=\"4439\">Il Microtech Combat Troodon\u00ae Gen III Interceptor &#8211; Manico rosso \/ Lama nera 1217-1RDS \u00e8 un <strong data-start=\"4199\" data-end=\"4249\">coltello tattico OTF potente e preciso<\/strong> che combina stile, affidabilit\u00e0 e prestazioni superiori nell&#8217;uso quotidiano e professionale. I suoi materiali e la sua ergonomia superiori lo rendono la scelta ideale per gli utenti e i professionisti pi\u00f9 esigenti \ud83d\udd2a\ud83d\udd25. <\/p>\n","protected":false},"excerpt":{"rendered":"<p><strong>Il Microtech Combat Troodon\u00ae Gen III Interceptor &#8211; Manico rosso \/ Lama nera 1217-1RDS \u00e8 un coltello tattico OTF potente e preciso che combina stile, affidabilit\u00e0 e prestazioni superiori nell&#8217;uso quotidiano e professionale. I suoi materiali e la sua ergonomia superiori lo rendono la scelta ideale per gli utenti e i professionisti pi\u00f9 esigenti \ud83d\udd2a\ud83d\udd25. <\/strong><\/p>\n<p><strong>Spedizione gratuita.<\/strong><\/p>\n","protected":false},"featured_media":436634,"comment_status":"open","ping_status":"closed","template":"","meta":[],"pwb-brand":[3753],"product_brand":[],"product_cat":[3748,3745],"product_tag":[],"class_list":{"0":"post-437471","1":"product","2":"type-product","3":"status-publish","4":"has-post-thumbnail","6":"pwb-brand-microtecnologia-it","7":"product_cat-coltelli-da-tiro","8":"product_cat-coltelli","10":"first","11":"instock","12":"taxable","13":"shipping-taxable","14":"purchasable","15":"product-type-simple"},"brands":[{"id":3753,"name":"Microtecnologia","slug":"microtecnologia-it"}],"_links":{"self":[{"href":"https:\/\/www.moskito.cz\/it\/wp-json\/wp\/v2\/product\/437471","targetHints":{"allow":["GET"]}}],"collection":[{"href":"https:\/\/www.moskito.cz\/it\/wp-json\/wp\/v2\/product"}],"about":[{"href":"https:\/\/www.moskito.cz\/it\/wp-json\/wp\/v2\/types\/product"}],"replies":[{"embeddable":true,"href":"https:\/\/www.moskito.cz\/it\/wp-json\/wp\/v2\/comments?post=437471"}],"wp:featuredmedia":[{"embeddable":true,"href":"https:\/\/www.moskito.cz\/it\/wp-json\/wp\/v2\/media\/436634"}],"wp:attachment":[{"href":"https:\/\/www.moskito.cz\/it\/wp-json\/wp\/v2\/media?parent=437471"}],"wp:term":[{"taxonomy":"pwb-brand","embeddable":true,"href":"https:\/\/www.moskito.cz\/it\/wp-json\/wp\/v2\/pwb-brand?post=437471"},{"taxonomy":"product_brand","embeddable":true,"href":"https:\/\/www.moskito.cz\/it\/wp-json\/wp\/v2\/product_brand?post=437471"},{"taxonomy":"product_cat","embeddable":true,"href":"https:\/\/www.moskito.cz\/it\/wp-json\/wp\/v2\/product_cat?post=437471"},{"taxonomy":"product_tag","embeddable":true,"href":"https:\/\/www.moskito.cz\/it\/wp-json\/wp\/v2\/product_tag?post=437471"}],"curies":[{"name":"wp","href":"https:\/\/api.w.org\/{rel}","templated":true}]}}