{"id":437667,"date":"2026-02-16T15:58:14","date_gmt":"2026-02-16T14:58:14","guid":{"rendered":"https:\/\/www.moskito.cz\/produkt\/coltello-a-espulsione-microtech-socom-elite-stonewash-160a-11od\/"},"modified":"2026-02-16T18:30:56","modified_gmt":"2026-02-16T17:30:56","slug":"coltello-a-espulsione-microtech-socom-elite-stonewash-160a-11od","status":"publish","type":"product","link":"https:\/\/www.moskito.cz\/it\/produkt\/coltello-a-espulsione-microtech-socom-elite-stonewash-160a-11od\/","title":{"rendered":"Coltello a espulsione Microtech SOCOM ELITE STONEWASH 160A-11OD"},"content":{"rendered":"<p data-start=\"0\" data-end=\"84\"><strong data-start=\"0\" data-end=\"84\">icrotech SOCOM ELITE S\/E AUTO 160A-11OD &#8211; Verde OD \/ Stonewash parzialmente seghettato<\/strong><\/p>\n<p data-start=\"86\" data-end=\"436\">Non appena prenderai in mano il <strong data-start=\"109\" data-end=\"153\">Microtech SOCOM ELITE S\/E AUTO 160A-11OD<\/strong>, sentirai subito la robustezza della costruzione, la precisione del meccanismo e il carattere tattico tipico di questo modello. Questa variante combina una resistente superficie del manico verde OD con una lama parzialmente seghettata stonewashed: l&#8217;ideale per un uso tattico versatile e sul campo. <\/p>\n<p data-start=\"438\" data-end=\"517\">Progettata da Anthony (Tony) Marfion e completamente fabbricata e assemblata in \ud83c\uddfa\ud83c\uddf8 USA.<\/p>\n<p data-start=\"519\" data-end=\"547\">\ud83d\udd25 <strong data-start=\"522\" data-end=\"547\">Carattere e filosofia<\/strong><\/p>\n<p data-start=\"549\" data-end=\"818\">Il Microtech SOCOM ELITE \u00e8 stato progettato per essere il coltello automatico pi\u00f9 affidabile, robusto e potente per gli impieghi tattici professionali e l&#8217;EDC pi\u00f9 impegnativo. Il modello S\/E (Single Edge) con lama parzialmente seghettata offre la combinazione ideale di bordo liscio e seghettato per un taglio versatile. <\/p>\n<p data-start=\"820\" data-end=\"983\">Il meccanismo automatico con cursore laterale garantisce un&#8217;apertura e una retrazione della lama fluida e intuitiva, sia in situazioni di stress che nell&#8217;uso quotidiano.<\/p>\n<p data-start=\"985\" data-end=\"1001\"><strong data-start=\"988\" data-end=\"1001\">\ud83c\udfed Informazioni sul produttore<\/strong><\/p>\n<p data-start=\"1003\" data-end=\"1161\"><span class=\"hover:entity-accent entity-underline inline cursor-pointer align-baseline\"><span class=\"whitespace-normal\">Microtech Knives<\/span><\/span> \u00e8 un marchio americano con oltre 30 anni di tradizione nella produzione di coltelli automatici e OTF di alta gamma. Le caratteristiche tipiche includono: <\/p>\n<ul data-start=\"1163\" data-end=\"1317\">\n<li data-start=\"1163\" data-end=\"1188\">\n<p data-start=\"1165\" data-end=\"1188\">Lavorazione CNC di precisione<\/p>\n<\/li>\n<li data-start=\"1189\" data-end=\"1223\">\n<p data-start=\"1191\" data-end=\"1223\">Meccanismi interni brevettati<\/p>\n<\/li>\n<li data-start=\"1224\" data-end=\"1253\">\n<p data-start=\"1226\" data-end=\"1253\">Controllo qualit\u00e0 costante<\/p>\n<\/li>\n<li data-start=\"1254\" data-end=\"1287\">\n<p data-start=\"1256\" data-end=\"1287\">Soluzioni di design innovative<\/p>\n<\/li>\n<li data-start=\"1288\" data-end=\"1317\">\n<p data-start=\"1290\" data-end=\"1317\">Estetica tattica distintiva<\/p>\n<\/li>\n<\/ul>\n<p data-start=\"1319\" data-end=\"1416\">Ogni pezzo \u00e8 realizzato e assemblato a mano negli Stati Uniti sotto la direzione di <span class=\"hover:entity-accent entity-underline inline cursor-pointer align-baseline\"><span class=\"whitespace-normal\">Anthony Marfione<\/span><\/span>.<\/p>\n<p data-start=\"1418\" data-end=\"1464\">\ud83d\udde1\ufe0f <strong data-start=\"1422\" data-end=\"1464\">Lama &#8211; Stonewash Partial Serrated S\/E<\/strong><\/p>\n<p data-start=\"1466\" data-end=\"1500\">Questa configurazione di lame combina:<\/p>\n<ul data-start=\"1502\" data-end=\"1695\">\n<li data-start=\"1502\" data-end=\"1551\">\n<p data-start=\"1504\" data-end=\"1551\"><strong data-start=\"1504\" data-end=\"1526\">lama liscia (S\/E)<\/strong> per tagli puliti e precisi<\/p>\n<\/li>\n<li data-start=\"1552\" data-end=\"1695\">\n<p data-start=\"1554\" data-end=\"1695\"><strong data-start=\"1554\" data-end=\"1590\">sezione seghettata (seghettatura parziale)<\/strong> per lavorare in modo efficiente su materiali fibrosi o pi\u00f9 rigidi, come ad esempio corde, cinghie o fibre tessili<\/p>\n<\/li>\n<\/ul>\n<p data-start=\"1697\" data-end=\"1724\">Finitura stonewash:<\/p>\n<ul data-start=\"1726\" data-end=\"1825\">\n<li data-start=\"1726\" data-end=\"1745\">\n<p data-start=\"1728\" data-end=\"1745\">riduce l&#8217;abbagliamento<\/p>\n<\/li>\n<li data-start=\"1746\" data-end=\"1777\">\n<p data-start=\"1748\" data-end=\"1777\">maschere di usura visiva<\/p>\n<\/li>\n<li data-start=\"1778\" data-end=\"1825\">\n<p data-start=\"1780\" data-end=\"1825\">conferisce al coltello un aspetto opaco tattico poco appariscente<\/p>\n<\/li>\n<\/ul>\n<p data-start=\"1827\" data-end=\"1933\">Questo profilo \u00e8 ideale per gli utenti che desiderano una lama versatile con capacit\u00e0 di taglio combinate.<\/p>\n<p data-start=\"1935\" data-end=\"1971\"><strong data-start=\"1938\" data-end=\"1971\">\ud83d\udd2c Acciaio &#8211; Acciaio inox premium<\/strong><\/p>\n<p data-start=\"1973\" data-end=\"2045\">L&#8217;acciaio usato appartiene al segmento premium dei materiali per posate: offre:<\/p>\n<ul data-start=\"2047\" data-end=\"2142\">\n<li data-start=\"2047\" data-end=\"2072\">\n<p data-start=\"2049\" data-end=\"2072\">elevata ritenzione della lama<\/p>\n<\/li>\n<li data-start=\"2073\" data-end=\"2104\">\n<p data-start=\"2075\" data-end=\"2104\">buona resistenza alla corrosione<\/p>\n<\/li>\n<li data-start=\"2105\" data-end=\"2142\">\n<p data-start=\"2107\" data-end=\"2142\">elevata resistenza all&#8217;usura<\/p>\n<\/li>\n<\/ul>\n<p data-start=\"2144\" data-end=\"2262\">Questa combinazione garantisce prestazioni affidabili anche nei lavori pi\u00f9 impegnativi e una lunga durata della lama nell&#8217;uso quotidiano.<\/p>\n<p data-start=\"2264\" data-end=\"2298\">\ud83e\udde9 <strong data-start=\"2267\" data-end=\"2298\">Maniglia &#8211; Alluminio verde OD<\/strong><\/p>\n<p data-start=\"2300\" data-end=\"2500\">L&#8217;impugnatura \u00e8 in alluminio 6061-T6 anodizzato in <strong data-start=\"2362\" data-end=\"2374\">verde OD<\/strong>, che conferisce a questo modello un carattere tattico distintivo e una combinazione di colori pratica per l&#8217;impiego all&#8217;aperto e tattico.<\/p>\n<ul data-start=\"2502\" data-end=\"2714\">\n<li data-start=\"2502\" data-end=\"2543\">\n<p data-start=\"2504\" data-end=\"2543\">Texture antiscivolo fresata CNC 3D<\/p>\n<\/li>\n<li data-start=\"2544\" data-end=\"2572\">\n<p data-start=\"2546\" data-end=\"2572\">Cursore laterale incassato<\/p>\n<\/li>\n<li data-start=\"2573\" data-end=\"2600\">\n<p data-start=\"2575\" data-end=\"2600\">Jimping per una presa salda<\/p>\n<\/li>\n<li data-start=\"2601\" data-end=\"2657\">\n<p data-start=\"2603\" data-end=\"2657\">Clip da trasporto profonda ambidestra (destra\/sinistra, punta in gi\u00f9)<\/p>\n<\/li>\n<li data-start=\"2658\" data-end=\"2714\">\n<p data-start=\"2660\" data-end=\"2714\">Dettagli secondari come il numero di serie e la data di fabbricazione<\/p>\n<\/li>\n<\/ul>\n<p data-start=\"2716\" data-end=\"2811\">Il colore verde OD \u00e8 pratico ed elegante e aiuta a mascherare i piccoli graffi causati dalla normale usura.<\/p>\n<p data-start=\"2813\" data-end=\"2854\">\u2699\ufe0f <strong data-start=\"2816\" data-end=\"2854\">Specifiche tecniche (indicative)<\/strong><\/p>\n<p data-start=\"2856\" data-end=\"2905\"><em data-start=\"2856\" data-end=\"2905\">I parametri possono variare a seconda della serie specifica.<\/em><\/p>\n<div class=\"TyagGW_tableContainer\">\n<div class=\"group TyagGW_tableWrapper flex flex-col-reverse w-fit\" tabindex=\"-1\">\n<table class=\"w-fit min-w-(--thread-content-width)\" data-start=\"2907\" data-end=\"3469\">\n<thead data-start=\"2907\" data-end=\"2927\">\n<tr data-start=\"2907\" data-end=\"2927\">\n<th class=\"\" data-start=\"2907\" data-end=\"2916\" data-col-size=\"sm\">Parametro<\/th>\n<th class=\"\" data-start=\"2916\" data-end=\"2927\" data-col-size=\"sm\">Valore<\/th>\n<\/tr>\n<\/thead>\n<tbody data-start=\"2940\" data-end=\"3469\">\n<tr data-start=\"2940\" data-end=\"2970\">\n<td data-start=\"2940\" data-end=\"2946\" data-col-size=\"sm\">Modello<\/td>\n<td data-start=\"2946\" data-end=\"2970\" data-col-size=\"sm\">SOCOM ELITE S\/E AUTO<\/td>\n<\/tr>\n<tr data-start=\"2971\" data-end=\"3001\">\n<td data-start=\"2971\" data-end=\"2988\" data-col-size=\"sm\">Numero di prodotto<\/td>\n<td data-start=\"2988\" data-end=\"3001\" data-col-size=\"sm\">160A-11OD<\/td>\n<\/tr>\n<tr data-start=\"3002\" data-end=\"3034\">\n<td data-start=\"3002\" data-end=\"3016\" data-col-size=\"sm\">Lunghezza totale<\/td>\n<td data-start=\"3016\" data-end=\"3034\" data-col-size=\"sm\">circa 225-235 mm<\/td>\n<\/tr>\n<tr data-start=\"3035\" data-end=\"3065\">\n<td data-start=\"3035\" data-end=\"3048\" data-col-size=\"sm\">Lunghezza della lama<\/td>\n<td data-start=\"3048\" data-end=\"3065\" data-col-size=\"sm\">circa 95-100 mm<\/td>\n<\/tr>\n<tr data-start=\"3066\" data-end=\"3100\">\n<td data-start=\"3066\" data-end=\"3082\" data-col-size=\"sm\">Spessore della lama<\/td>\n<td data-start=\"3082\" data-end=\"3100\" data-col-size=\"sm\">circa 3,3-3,8 mm<\/td>\n<\/tr>\n<tr data-start=\"3101\" data-end=\"3134\">\n<td data-start=\"3101\" data-end=\"3116\" data-col-size=\"sm\">Lunghezza del manico<\/td>\n<td data-start=\"3116\" data-end=\"3134\" data-col-size=\"sm\">circa 125-135 mm<\/td>\n<\/tr>\n<tr data-start=\"3135\" data-end=\"3161\">\n<td data-start=\"3135\" data-end=\"3144\" data-col-size=\"sm\">Peso<\/td>\n<td data-start=\"3144\" data-end=\"3161\" data-col-size=\"sm\">circa 140-150 g<\/td>\n<\/tr>\n<tr data-start=\"3162\" data-end=\"3207\">\n<td data-start=\"3162\" data-end=\"3172\" data-col-size=\"sm\">Tipo di lama<\/td>\n<td data-start=\"3172\" data-end=\"3207\" data-col-size=\"sm\">Pietra lavata parziale seghettata, S\/E<\/td>\n<\/tr>\n<tr data-start=\"3208\" data-end=\"3237\">\n<td data-start=\"3208\" data-end=\"3222\" data-col-size=\"sm\">Superficie della lama<\/td>\n<td data-start=\"3222\" data-end=\"3237\" data-col-size=\"sm\">Lavorato a pietra<\/td>\n<\/tr>\n<tr data-start=\"3238\" data-end=\"3274\">\n<td data-start=\"3238\" data-end=\"3256\" data-col-size=\"sm\">Materiale dell&#8217;impugnatura<\/td>\n<td data-start=\"3256\" data-end=\"3274\" data-col-size=\"sm\">Alluminio 6061-T6<\/td>\n<\/tr>\n<tr data-start=\"3275\" data-end=\"3302\">\n<td data-start=\"3275\" data-end=\"3290\" data-col-size=\"sm\">Colore dell&#8217;impugnatura<\/td>\n<td data-start=\"3290\" data-end=\"3302\" data-col-size=\"sm\">Verde OD<\/td>\n<\/tr>\n<tr data-start=\"3303\" data-end=\"3347\">\n<td data-start=\"3303\" data-end=\"3315\" data-col-size=\"sm\">Meccanismo<\/td>\n<td data-start=\"3315\" data-end=\"3347\" data-col-size=\"sm\">Automatico &#8211; cursore laterale<\/td>\n<\/tr>\n<tr data-start=\"3348\" data-end=\"3384\">\n<td data-start=\"3348\" data-end=\"3358\" data-col-size=\"sm\">Apertura<\/td>\n<td data-start=\"3358\" data-end=\"3384\" data-col-size=\"sm\">Automatica &#8211; Blocco a scorrimento<\/td>\n<\/tr>\n<tr data-start=\"3385\" data-end=\"3419\">\n<td data-start=\"3385\" data-end=\"3390\" data-col-size=\"sm\">Clip<\/td>\n<td data-start=\"3390\" data-end=\"3419\" data-col-size=\"sm\">Ambidestro, per il trasporto profondo<\/td>\n<\/tr>\n<tr data-start=\"3420\" data-end=\"3449\">\n<td data-start=\"3420\" data-end=\"3429\" data-col-size=\"sm\">Designer<\/td>\n<td data-start=\"3429\" data-end=\"3449\" data-col-size=\"sm\">Anthony Marfione<\/td>\n<\/tr>\n<tr data-start=\"3450\" data-end=\"3469\">\n<td data-start=\"3450\" data-end=\"3462\" data-col-size=\"sm\">Paese di origine<\/td>\n<td data-start=\"3462\" data-end=\"3469\" data-col-size=\"sm\">STATI UNITI D&#8217;AMERICA<\/td>\n<\/tr>\n<\/tbody>\n<\/table>\n<\/div>\n<\/div>\n<p data-start=\"3471\" data-end=\"3490\">\u2705 <strong data-start=\"3473\" data-end=\"3490\">Principali vantaggi<\/strong><\/p>\n<ul data-start=\"3492\" data-end=\"3759\">\n<li data-start=\"3492\" data-end=\"3539\">\n<p data-start=\"3494\" data-end=\"3539\">Meccanismo automatico veloce e affidabile<\/p>\n<\/li>\n<li data-start=\"3540\" data-end=\"3583\">\n<p data-start=\"3542\" data-end=\"3583\">Lama universale con bordo combinato<\/p>\n<\/li>\n<li data-start=\"3584\" data-end=\"3634\">\n<p data-start=\"3586\" data-end=\"3634\">La superficie stonewash nasconde i riflessi e i graffi<\/p>\n<\/li>\n<li data-start=\"3635\" data-end=\"3677\">\n<p data-start=\"3637\" data-end=\"3677\">Acciaio di qualit\u00e0 superiore con un&#8217;eccellente ritenzione della lama<\/p>\n<\/li>\n<li data-start=\"3678\" data-end=\"3719\">\n<p data-start=\"3680\" data-end=\"3719\">Manico verde OD con aspetto tattico<\/p>\n<\/li>\n<li data-start=\"3720\" data-end=\"3759\">\n<p data-start=\"3722\" data-end=\"3759\">Struttura ergonomica per una presa salda<\/p>\n<\/li>\n<\/ul>\n<p data-start=\"3761\" data-end=\"3781\">\u26a0\ufe0f <strong data-start=\"3764\" data-end=\"3781\">Possibili restrizioni<\/strong><\/p>\n<ul data-start=\"3783\" data-end=\"3949\">\n<li data-start=\"3783\" data-end=\"3841\">\n<p data-start=\"3785\" data-end=\"3841\">La lama parzialmente seghettata richiede un&#8217;affilatura speciale<\/p>\n<\/li>\n<li data-start=\"3842\" data-end=\"3895\">\n<p data-start=\"3844\" data-end=\"3895\">Un livello di prezzo pi\u00f9 alto corrisponde a una produzione di qualit\u00e0 superiore<\/p>\n<\/li>\n<li data-start=\"3896\" data-end=\"3949\">\n<p data-start=\"3898\" data-end=\"3949\">Il meccanismo automatico richiede una manutenzione regolare<\/p>\n<\/li>\n<\/ul>\n<p data-start=\"3951\" data-end=\"3972\">\ud83d\udee0\ufe0f <strong data-start=\"3955\" data-end=\"3972\">Manutenzione e cura<\/strong><\/p>\n<ul data-start=\"3974\" data-end=\"4153\">\n<li data-start=\"3974\" data-end=\"4009\">\n<p data-start=\"3976\" data-end=\"4009\">Pulisci e asciuga la lama dopo l&#8217;uso<\/p>\n<\/li>\n<li data-start=\"4010\" data-end=\"4044\">\n<p data-start=\"4012\" data-end=\"4044\">Mantieni il manico asciutto e pulito<\/p>\n<\/li>\n<li data-start=\"4045\" data-end=\"4097\">\n<p data-start=\"4047\" data-end=\"4097\">Controlla regolarmente il meccanismo e rimuovi lo sporco<\/p>\n<\/li>\n<li data-start=\"4098\" data-end=\"4153\">\n<p data-start=\"4100\" data-end=\"4153\">Utilizza gli strumenti adatti per rettificare le parti dentellate<\/p>\n<\/li>\n<\/ul>\n<p data-start=\"4155\" data-end=\"4221\">Una cura adeguata garantisce l&#8217;affidabilit\u00e0 a lungo termine e le prestazioni elevate del coltello.<\/p>\n<p data-start=\"4223\" data-end=\"4244\">\ud83c\udfaf <strong data-start=\"4226\" data-end=\"4244\">Consigliato per<\/strong><\/p>\n<ul data-start=\"4246\" data-end=\"4403\">\n<li data-start=\"4246\" data-end=\"4280\">\n<p data-start=\"4248\" data-end=\"4280\">Uso tattico professionale<\/p>\n<\/li>\n<li data-start=\"4281\" data-end=\"4306\">\n<p data-start=\"4283\" data-end=\"4306\">Utenti esigenti del CED<\/p>\n<\/li>\n<li data-start=\"4307\" data-end=\"4359\">\n<p data-start=\"4309\" data-end=\"4359\">Attivit\u00e0 all&#8217;aperto che richiedono una lama universale<\/p>\n<\/li>\n<li data-start=\"4360\" data-end=\"4403\">\n<p data-start=\"4362\" data-end=\"4403\">Collezionisti di coltelli automatici di qualit\u00e0<\/p>\n<\/li>\n<\/ul>\n<p data-start=\"4405\" data-end=\"4430\">\u2b50 <strong data-start=\"4407\" data-end=\"4430\">Valutazione finale<\/strong><\/p>\n<p data-start=\"4432\" data-end=\"4761\"><strong data-start=\"4432\" data-end=\"4476\">Il Microtech SOCOM ELITE S\/E AUTO 160A-11OD<\/strong> in OD Green con lama parzialmente seghettata stonewash \u00e8 un coltello automatico versatile e di precisione che combina prestazioni tattiche, costruzione robusta e capacit\u00e0 di taglio versatili. \u00c8 una scelta eccellente per chi desidera prestazioni e affidabilit\u00e0 senza compromessi \ud83d\udd2a\ud83d\udd25 <\/p>\n","protected":false},"excerpt":{"rendered":"<p><strong>Il Microtech SOCOM ELITE S\/E AUTO 160A-11OD in OD Green con lama parzialmente seghettata stonewash \u00e8 un coltello automatico versatile e di precisione che combina prestazioni tattiche, costruzione robusta e capacit\u00e0 di taglio versatili. \u00c8 una scelta eccellente per chi desidera prestazioni e affidabilit\u00e0 senza compromessi \ud83d\udd2a\ud83d\udd25 <\/strong><\/p>\n<p><strong>Spedizione gratuita.<\/strong><\/p>\n","protected":false},"featured_media":437547,"comment_status":"open","ping_status":"closed","template":"","meta":[],"pwb-brand":[3753],"product_brand":[],"product_cat":[3748,3745],"product_tag":[],"class_list":{"0":"post-437667","1":"product","2":"type-product","3":"status-publish","4":"has-post-thumbnail","6":"pwb-brand-microtecnologia-it","7":"product_cat-coltelli-da-tiro","8":"product_cat-coltelli","10":"first","11":"instock","12":"taxable","13":"shipping-taxable","14":"purchasable","15":"product-type-simple"},"brands":[{"id":3753,"name":"Microtecnologia","slug":"microtecnologia-it"}],"_links":{"self":[{"href":"https:\/\/www.moskito.cz\/it\/wp-json\/wp\/v2\/product\/437667","targetHints":{"allow":["GET"]}}],"collection":[{"href":"https:\/\/www.moskito.cz\/it\/wp-json\/wp\/v2\/product"}],"about":[{"href":"https:\/\/www.moskito.cz\/it\/wp-json\/wp\/v2\/types\/product"}],"replies":[{"embeddable":true,"href":"https:\/\/www.moskito.cz\/it\/wp-json\/wp\/v2\/comments?post=437667"}],"wp:featuredmedia":[{"embeddable":true,"href":"https:\/\/www.moskito.cz\/it\/wp-json\/wp\/v2\/media\/437547"}],"wp:attachment":[{"href":"https:\/\/www.moskito.cz\/it\/wp-json\/wp\/v2\/media?parent=437667"}],"wp:term":[{"taxonomy":"pwb-brand","embeddable":true,"href":"https:\/\/www.moskito.cz\/it\/wp-json\/wp\/v2\/pwb-brand?post=437667"},{"taxonomy":"product_brand","embeddable":true,"href":"https:\/\/www.moskito.cz\/it\/wp-json\/wp\/v2\/product_brand?post=437667"},{"taxonomy":"product_cat","embeddable":true,"href":"https:\/\/www.moskito.cz\/it\/wp-json\/wp\/v2\/product_cat?post=437667"},{"taxonomy":"product_tag","embeddable":true,"href":"https:\/\/www.moskito.cz\/it\/wp-json\/wp\/v2\/product_tag?post=437667"}],"curies":[{"name":"wp","href":"https:\/\/api.w.org\/{rel}","templated":true}]}}