{"id":437670,"date":"2026-02-16T16:13:15","date_gmt":"2026-02-16T15:13:15","guid":{"rendered":"https:\/\/www.moskito.cz\/produkt\/coltello-a-espulsione-microtech-combat-troodon-gen-iii-bowie-apocalyptic-red-1146-10aprd\/"},"modified":"2026-02-16T18:30:58","modified_gmt":"2026-02-16T17:30:58","slug":"coltello-a-espulsione-microtech-combat-troodon-gen-iii-bowie-apocalyptic-red-1146-10aprd","status":"publish","type":"product","link":"https:\/\/www.moskito.cz\/it\/produkt\/coltello-a-espulsione-microtech-combat-troodon-gen-iii-bowie-apocalyptic-red-1146-10aprd\/","title":{"rendered":"Coltello a espulsione Microtech COMBAT TROODON GEN III BOWIE APOCALYPTIC RED 1146-10APRD"},"content":{"rendered":"<p data-start=\"0\" data-end=\"88\"><strong data-start=\"0\" data-end=\"88\">Microtech Combat Troodon Gen III Bowie Apocalyptic Standard 1146-10APRD &#8211; Impugnatura rossa<\/strong><\/p>\n<p data-start=\"90\" data-end=\"465\">Non appena prenderai in mano il <strong data-start=\"113\" data-end=\"188\">Troodon Gen III Bowie Apocalyptic Standard 1146-10APRD di Microtech Combat<\/strong>, sentirai subito la combinazione di costruzione robusta, meccanica precisa e carattere tattico distinto. Questa configurazione combina l&#8217;iconica lama Bowie con una finitura apocalittica e una caratteristica impugnatura rossa, creando un forte contrasto visivo e uno strumento funzionale di ultima generazione. <\/p>\n<p data-start=\"467\" data-end=\"576\">Progettato da Anthony (Tony) Marfion e prodotto e assemblato al 100% negli Stati Uniti. <span class=\"hover:entity-accent entity-underline inline cursor-pointer align-baseline\"><span class=\"whitespace-normal\">USA<\/span><\/span> \ud83c\uddfa\ud83c\uddf8.<\/p>\n<p data-start=\"578\" data-end=\"606\">\ud83d\udd25 <strong data-start=\"581\" data-end=\"606\">Carattere e filosofia<\/strong><\/p>\n<p data-start=\"608\" data-end=\"832\">Il Combat Troodon Gen III \u00e8 uno dei modelli OTF pi\u00f9 potenti del marchio <span class=\"hover:entity-accent entity-underline inline cursor-pointer align-baseline\"><span class=\"whitespace-normal\">Coltelli Microtech<\/span><\/span>. \u00c8 stato progettato per garantire la massima affidabilit\u00e0, alte prestazioni e versatilit\u00e0 tattica nell&#8217;uso professionale e quotidiano. <\/p>\n<p data-start=\"834\" data-end=\"1090\">Il cursore laterale incassato garantisce un utilizzo naturale e intuitivo. Il meccanismo D\/A (Double Action) permette di estendere e ritrarre la lama con un unico movimento del pollice. Il design Gen III \u00e8 ottimizzato per garantire un funzionamento fluido, resistenza e affidabilit\u00e0 a lungo termine.  <\/p>\n<p data-start=\"1092\" data-end=\"1108\"><strong data-start=\"1095\" data-end=\"1108\">\ud83c\udfed Informazioni sul produttore<\/strong><\/p>\n<p data-start=\"1110\" data-end=\"1243\">Microtech Knives \u00e8 un marchio americano con oltre 30 anni di tradizione nella produzione di coltelli automatici e OTF di alta gamma. Le caratteristiche tipiche sono: <\/p>\n<ul data-start=\"1245\" data-end=\"1402\">\n<li data-start=\"1245\" data-end=\"1270\">\n<p data-start=\"1247\" data-end=\"1270\">Lavorazione CNC di precisione<\/p>\n<\/li>\n<li data-start=\"1271\" data-end=\"1304\">\n<p data-start=\"1273\" data-end=\"1304\">Elementi di design brevettati<\/p>\n<\/li>\n<li data-start=\"1305\" data-end=\"1338\">\n<p data-start=\"1307\" data-end=\"1338\">Meccanismi interni innovativi<\/p>\n<\/li>\n<li data-start=\"1339\" data-end=\"1368\">\n<p data-start=\"1341\" data-end=\"1368\">Controllo qualit\u00e0 costante<\/p>\n<\/li>\n<li data-start=\"1369\" data-end=\"1402\">\n<p data-start=\"1371\" data-end=\"1402\">Assemblaggio a mano di ogni pezzo<\/p>\n<\/li>\n<\/ul>\n<p data-start=\"1404\" data-end=\"1471\">Ogni coltello viene creato sotto la guida di <span class=\"hover:entity-accent entity-underline inline cursor-pointer align-baseline\"><span class=\"whitespace-normal\">Anthony Marfione<\/span><\/span>.<\/p>\n<p data-start=\"1473\" data-end=\"1516\">\ud83d\udde1\ufe0f <strong data-start=\"1477\" data-end=\"1516\">Blade &#8211; Bowie, Standard Apocalittico<\/strong><\/p>\n<p data-start=\"1518\" data-end=\"1601\">Il profilo Bowie \u00e8 caratterizzato da una punta robusta e da una curva distintiva della lama. Offre: <\/p>\n<ul data-start=\"1603\" data-end=\"1683\">\n<li data-start=\"1603\" data-end=\"1625\">\n<p data-start=\"1605\" data-end=\"1625\">alta penetrazione<\/p>\n<\/li>\n<li data-start=\"1626\" data-end=\"1650\">\n<p data-start=\"1628\" data-end=\"1650\">prestazioni di taglio elevate<\/p>\n<\/li>\n<li data-start=\"1651\" data-end=\"1683\">\n<p data-start=\"1653\" data-end=\"1683\">uso tattico versatile<\/p>\n<\/li>\n<\/ul>\n<p data-start=\"1685\" data-end=\"1762\">La finitura apocalittica crea un aspetto opaco e leggermente &#8220;patinato&#8221;:<\/p>\n<ul data-start=\"1764\" data-end=\"1846\">\n<li data-start=\"1764\" data-end=\"1783\">\n<p data-start=\"1766\" data-end=\"1783\">riduce l&#8217;abbagliamento<\/p>\n<\/li>\n<li data-start=\"1784\" data-end=\"1813\">\n<p data-start=\"1786\" data-end=\"1813\">maschere di lieve usura<\/p>\n<\/li>\n<li data-start=\"1814\" data-end=\"1846\">\n<p data-start=\"1816\" data-end=\"1846\">sottolinea il carattere tattico<\/p>\n<\/li>\n<\/ul>\n<p data-start=\"1848\" data-end=\"1913\">La geometria della lama offre una combinazione di resistenza e taglio efficiente.<\/p>\n<p data-start=\"1915\" data-end=\"1951\"><strong data-start=\"1918\" data-end=\"1951\">\ud83d\udd2c Acciaio &#8211; Acciaio inox premium<\/strong><\/p>\n<p data-start=\"1953\" data-end=\"2030\">L&#8217;acciaio utilizzato appartiene alla classe premium dei moderni materiali da taglio e offre:<\/p>\n<ul data-start=\"2032\" data-end=\"2163\">\n<li data-start=\"2032\" data-end=\"2069\">\n<p data-start=\"2034\" data-end=\"2069\">elevata resistenza all&#8217;usura<\/p>\n<\/li>\n<li data-start=\"2070\" data-end=\"2095\">\n<p data-start=\"2072\" data-end=\"2095\">ritenzione della lama a lungo termine<\/p>\n<\/li>\n<li data-start=\"2096\" data-end=\"2123\">\n<p data-start=\"2098\" data-end=\"2123\">buona resistenza alla corrosione<\/p>\n<\/li>\n<li data-start=\"2124\" data-end=\"2163\">\n<p data-start=\"2126\" data-end=\"2163\">prestazioni stabili anche in caso di uso intenso<\/p>\n<\/li>\n<\/ul>\n<p data-start=\"2165\" data-end=\"2274\">Queste propriet\u00e0 sono tipiche dei moderni acciai da metallurgia delle polveri utilizzati nei modelli premium di Microtech.<\/p>\n<p data-start=\"2276\" data-end=\"2314\">\ud83e\udde9 <strong data-start=\"2279\" data-end=\"2314\">Manico &#8211; Alluminio anodizzato rosso<\/strong><\/p>\n<p data-start=\"2316\" data-end=\"2431\">Il manico \u00e8 realizzato in alluminio 6061-T6 anodizzato con una finitura rossa che ha un aspetto distintivo e tecnico allo stesso tempo.<\/p>\n<ul data-start=\"2433\" data-end=\"2697\">\n<li data-start=\"2433\" data-end=\"2474\">\n<p data-start=\"2435\" data-end=\"2474\">Texture antiscivolo fresata CNC 3D<\/p>\n<\/li>\n<li data-start=\"2475\" data-end=\"2505\">\n<p data-start=\"2477\" data-end=\"2505\">Jimping per un migliore controllo<\/p>\n<\/li>\n<li data-start=\"2506\" data-end=\"2534\">\n<p data-start=\"2508\" data-end=\"2534\">Cursore laterale incassato<\/p>\n<\/li>\n<li data-start=\"2535\" data-end=\"2563\">\n<p data-start=\"2537\" data-end=\"2563\">Profilo sottile ed ergonomico<\/p>\n<\/li>\n<li data-start=\"2564\" data-end=\"2606\">\n<p data-start=\"2566\" data-end=\"2606\">Clip per il trasporto profondo (destra\/sinistra, punta in gi\u00f9)<\/p>\n<\/li>\n<li data-start=\"2607\" data-end=\"2649\">\n<p data-start=\"2609\" data-end=\"2649\">Clip con numero di serie e data di fabbricazione<\/p>\n<\/li>\n<li data-start=\"2650\" data-end=\"2697\">\n<p data-start=\"2652\" data-end=\"2697\">Rompighiaccio con sfera in carburo di tungsteno<\/p>\n<\/li>\n<\/ul>\n<p data-start=\"2699\" data-end=\"2783\">L&#8217;anodizzazione rossa \u00e8 resistente e allo stesso tempo maschera bene le piccole abrasioni che si verificano durante la normale usura.<\/p>\n<p data-start=\"2785\" data-end=\"2813\">\u2699\ufe0f <strong data-start=\"2788\" data-end=\"2813\">Specifiche tecniche<\/strong><\/p>\n<p data-start=\"2815\" data-end=\"2887\"><em data-start=\"2815\" data-end=\"2887\">Nota: i valori sono approssimativi e possono variare a seconda della serie.<\/em><\/p>\n<div class=\"TyagGW_tableContainer\">\n<div class=\"group TyagGW_tableWrapper flex flex-col-reverse w-fit\" tabindex=\"-1\">\n<table class=\"w-fit min-w-(--thread-content-width)\" data-start=\"2889\" data-end=\"3402\">\n<thead data-start=\"2889\" data-end=\"2907\">\n<tr data-start=\"2889\" data-end=\"2907\">\n<th class=\"\" data-start=\"2889\" data-end=\"2898\" data-col-size=\"sm\">Parametro<\/th>\n<th class=\"\" data-start=\"2898\" data-end=\"2907\" data-col-size=\"sm\">Valore<\/th>\n<\/tr>\n<\/thead>\n<tbody data-start=\"2918\" data-end=\"3402\">\n<tr data-start=\"2918\" data-end=\"2954\">\n<td data-start=\"2918\" data-end=\"2924\" data-col-size=\"sm\">Modello<\/td>\n<td data-col-size=\"sm\" data-start=\"2924\" data-end=\"2954\">Combat Troodon Gen III Bowie<\/td>\n<\/tr>\n<tr data-start=\"2955\" data-end=\"2985\">\n<td data-start=\"2955\" data-end=\"2972\" data-col-size=\"sm\">Numero di prodotto<\/td>\n<td data-col-size=\"sm\" data-start=\"2972\" data-end=\"2985\">1146-10APRD<\/td>\n<\/tr>\n<tr data-start=\"2986\" data-end=\"3016\">\n<td data-start=\"2986\" data-end=\"3000\" data-col-size=\"sm\">Lunghezza totale<\/td>\n<td data-col-size=\"sm\" data-start=\"3000\" data-end=\"3016\">circa 230-240 mm<\/td>\n<\/tr>\n<tr data-start=\"3017\" data-end=\"3045\">\n<td data-start=\"3017\" data-end=\"3030\" data-col-size=\"sm\">Lunghezza della lama<\/td>\n<td data-col-size=\"sm\" data-start=\"3030\" data-end=\"3045\">circa 95-105 mm<\/td>\n<\/tr>\n<tr data-start=\"3046\" data-end=\"3078\">\n<td data-start=\"3046\" data-end=\"3062\" data-col-size=\"sm\">Spessore della lama<\/td>\n<td data-col-size=\"sm\" data-start=\"3062\" data-end=\"3078\">circa 3,0-3,5 mm<\/td>\n<\/tr>\n<tr data-start=\"3079\" data-end=\"3110\">\n<td data-start=\"3079\" data-end=\"3094\" data-col-size=\"sm\">Lunghezza dell&#8217;impugnatura<\/td>\n<td data-col-size=\"sm\" data-start=\"3094\" data-end=\"3110\">circa 135-140 mm<\/td>\n<\/tr>\n<tr data-start=\"3111\" data-end=\"3135\">\n<td data-start=\"3111\" data-end=\"3120\" data-col-size=\"sm\">Peso<\/td>\n<td data-start=\"3120\" data-end=\"3135\" data-col-size=\"sm\">circa 150-160 g<\/td>\n<\/tr>\n<tr data-start=\"3136\" data-end=\"3168\">\n<td data-start=\"3136\" data-end=\"3146\" data-col-size=\"sm\">Tipo di lama<\/td>\n<td data-col-size=\"sm\" data-start=\"3146\" data-end=\"3168\">Bowie, bordo standard<\/td>\n<\/tr>\n<tr data-start=\"3169\" data-end=\"3196\">\n<td data-start=\"3169\" data-end=\"3183\" data-col-size=\"sm\">Superficie della lama<\/td>\n<td data-col-size=\"sm\" data-start=\"3183\" data-end=\"3196\">Apocalittico<\/td>\n<\/tr>\n<tr data-start=\"3197\" data-end=\"3231\">\n<td data-start=\"3197\" data-end=\"3215\" data-col-size=\"sm\">Materiale dell&#8217;impugnatura<\/td>\n<td data-col-size=\"sm\" data-start=\"3215\" data-end=\"3231\">Alluminio 6061-T6<\/td>\n<\/tr>\n<tr data-start=\"3232\" data-end=\"3252\">\n<td data-start=\"3232\" data-end=\"3247\" data-col-size=\"sm\">Colore della maniglia<\/td>\n<td data-col-size=\"sm\" data-start=\"3247\" data-end=\"3252\">Rosso<\/td>\n<\/tr>\n<tr data-start=\"3253\" data-end=\"3287\">\n<td data-start=\"3253\" data-end=\"3265\" data-col-size=\"sm\">Meccanismo<\/td>\n<td data-col-size=\"sm\" data-start=\"3265\" data-end=\"3287\">D\/A OTF &#8211; Blocco scorrimento<\/td>\n<\/tr>\n<tr data-start=\"3288\" data-end=\"3328\">\n<td data-start=\"3288\" data-end=\"3298\" data-col-size=\"sm\">Apertura<\/td>\n<td data-col-size=\"sm\" data-start=\"3298\" data-end=\"3328\">Automatica &#8211; cursore laterale<\/td>\n<\/tr>\n<tr data-start=\"3329\" data-end=\"3356\">\n<td data-start=\"3329\" data-end=\"3334\" data-col-size=\"sm\">Clip<\/td>\n<td data-start=\"3334\" data-end=\"3356\" data-col-size=\"sm\">Destra\/sinistra, punta in basso<\/td>\n<\/tr>\n<tr data-start=\"3357\" data-end=\"3384\">\n<td data-start=\"3357\" data-end=\"3366\" data-col-size=\"sm\">Designer<\/td>\n<td data-start=\"3366\" data-end=\"3384\" data-col-size=\"sm\">Anthony Marfione<\/td>\n<\/tr>\n<tr data-start=\"3385\" data-end=\"3402\">\n<td data-start=\"3385\" data-end=\"3397\" data-col-size=\"sm\">Paese di origine<\/td>\n<td data-col-size=\"sm\" data-start=\"3397\" data-end=\"3402\">STATI UNITI D&#8217;AMERICA<\/td>\n<\/tr>\n<\/tbody>\n<\/table>\n<\/div>\n<\/div>\n<p data-start=\"3404\" data-end=\"3423\">\u2705 <strong data-start=\"3406\" data-end=\"3423\">Principali vantaggi<\/strong><\/p>\n<ul data-start=\"3425\" data-end=\"3649\">\n<li data-start=\"3425\" data-end=\"3465\">\n<p data-start=\"3427\" data-end=\"3465\">Meccanismo D\/A OTF potente e veloce<\/p>\n<\/li>\n<li data-start=\"3466\" data-end=\"3503\">\n<p data-start=\"3468\" data-end=\"3503\">Lama bowie ad alta penetrazione<\/p>\n<\/li>\n<li data-start=\"3504\" data-end=\"3544\">\n<p data-start=\"3506\" data-end=\"3544\">Superficie antiabbagliante apocalittica<\/p>\n<\/li>\n<li data-start=\"3545\" data-end=\"3586\">\n<p data-start=\"3547\" data-end=\"3586\">Acciaio di qualit\u00e0 superiore con lunga conservazione della lama<\/p>\n<\/li>\n<li data-start=\"3587\" data-end=\"3621\">\n<p data-start=\"3589\" data-end=\"3621\">Design ergonomico e robusto<\/p>\n<\/li>\n<li data-start=\"3622\" data-end=\"3649\">\n<p data-start=\"3624\" data-end=\"3649\">Impugnatura rossa distintiva<\/p>\n<\/li>\n<\/ul>\n<p data-start=\"3651\" data-end=\"3671\">\u26a0\ufe0f <strong data-start=\"3654\" data-end=\"3671\">Possibili restrizioni<\/strong><\/p>\n<ul data-start=\"3673\" data-end=\"3834\">\n<li data-start=\"3673\" data-end=\"3724\">\n<p data-start=\"3675\" data-end=\"3724\">Il formato pi\u00f9 grande potrebbe non essere adatto a tutti come EDC<\/p>\n<\/li>\n<li data-start=\"3725\" data-end=\"3780\">\n<p data-start=\"3727\" data-end=\"3780\">Il meccanismo automatico richiede una manutenzione regolare<\/p>\n<\/li>\n<li data-start=\"3781\" data-end=\"3834\">\n<p data-start=\"3783\" data-end=\"3834\">Il profilo robusto non \u00e8 ideale per i tagli molto fini<\/p>\n<\/li>\n<\/ul>\n<p data-start=\"3836\" data-end=\"3857\">\ud83d\udee0\ufe0f <strong data-start=\"3840\" data-end=\"3857\">Manutenzione e cura<\/strong><\/p>\n<ul data-start=\"3859\" data-end=\"4101\">\n<li data-start=\"3859\" data-end=\"3894\">\n<p data-start=\"3861\" data-end=\"3894\">Pulisci e asciuga la lama dopo l&#8217;uso<\/p>\n<\/li>\n<li data-start=\"3895\" data-end=\"3929\">\n<p data-start=\"3897\" data-end=\"3929\">Mantieni il manico pulito e asciutto<\/p>\n<\/li>\n<li data-start=\"3930\" data-end=\"3982\">\n<p data-start=\"3932\" data-end=\"3982\">Controlla regolarmente il meccanismo e rimuovi lo sporco<\/p>\n<\/li>\n<li data-start=\"3983\" data-end=\"4043\">\n<p data-start=\"3985\" data-end=\"4043\">Per una conservazione pi\u00f9 lunga, lubrifica leggermente la lama con un olio protettivo.<\/p>\n<\/li>\n<li data-start=\"4044\" data-end=\"4101\">\n<p data-start=\"4046\" data-end=\"4101\">Usa un sistema di buona qualit\u00e0 per un&#8217;affilatura uniforme<\/p>\n<\/li>\n<\/ul>\n<p data-start=\"4103\" data-end=\"4170\">Una cura regolare garantisce affidabilit\u00e0 a lungo termine e massime prestazioni.<\/p>\n<p data-start=\"4172\" data-end=\"4193\">\ud83c\udfaf <strong data-start=\"4175\" data-end=\"4193\">Consigliato per<\/strong><\/p>\n<ul data-start=\"4195\" data-end=\"4332\">\n<li data-start=\"4195\" data-end=\"4220\">\n<p data-start=\"4197\" data-end=\"4220\">Utenti esigenti del CED<\/p>\n<\/li>\n<li data-start=\"4221\" data-end=\"4255\">\n<p data-start=\"4223\" data-end=\"4255\">Uso tattico professionale<\/p>\n<\/li>\n<li data-start=\"4256\" data-end=\"4291\">\n<p data-start=\"4258\" data-end=\"4291\">Collezionisti di modelli OTF di alta qualit\u00e0<\/p>\n<\/li>\n<li data-start=\"4292\" data-end=\"4332\">\n<p data-start=\"4294\" data-end=\"4332\">Utenti che preferiscono un design distintivo<\/p>\n<\/li>\n<\/ul>\n<p data-start=\"4334\" data-end=\"4359\">\u2b50 <strong data-start=\"4336\" data-end=\"4359\">Valutazione finale<\/strong><\/p>\n<p data-start=\"4361\" data-end=\"4655\">Il Microtech Combat Troodon Gen III Bowie Apocalyptic Standard 1146-10APRD combina prestazioni robuste, produzione americana di precisione ed estetica distintiva in un unico coltello automatico tecnicamente avanzato. Il risultato \u00e8 uno strumento tattico affidabile per gli utenti che desiderano prestazioni e stile senza compromessi \ud83d\udd2a\ud83d\udd25. <\/p>\n","protected":false},"excerpt":{"rendered":"<p><strong>Il Microtech Combat Troodon Gen III Bowie Apocalyptic Standard 1146-10APRD combina prestazioni robuste, produzione americana di precisione ed estetica distintiva in un unico coltello automatico tecnicamente avanzato. Il risultato \u00e8 uno strumento tattico affidabile per gli utenti che desiderano prestazioni e stile senza compromessi \ud83d\udd2a\ud83d\udd25. <\/strong><\/p>\n<p><strong>Spedizione gratuita.<\/strong><\/p>\n","protected":false},"featured_media":437572,"comment_status":"open","ping_status":"closed","template":"","meta":[],"pwb-brand":[3753],"product_brand":[],"product_cat":[3748,3745],"product_tag":[],"class_list":{"0":"post-437670","1":"product","2":"type-product","3":"status-publish","4":"has-post-thumbnail","6":"pwb-brand-microtecnologia-it","7":"product_cat-coltelli-da-tiro","8":"product_cat-coltelli","10":"first","11":"instock","12":"taxable","13":"shipping-taxable","14":"purchasable","15":"product-type-simple"},"brands":[{"id":3753,"name":"Microtecnologia","slug":"microtecnologia-it"}],"_links":{"self":[{"href":"https:\/\/www.moskito.cz\/it\/wp-json\/wp\/v2\/product\/437670","targetHints":{"allow":["GET"]}}],"collection":[{"href":"https:\/\/www.moskito.cz\/it\/wp-json\/wp\/v2\/product"}],"about":[{"href":"https:\/\/www.moskito.cz\/it\/wp-json\/wp\/v2\/types\/product"}],"replies":[{"embeddable":true,"href":"https:\/\/www.moskito.cz\/it\/wp-json\/wp\/v2\/comments?post=437670"}],"wp:featuredmedia":[{"embeddable":true,"href":"https:\/\/www.moskito.cz\/it\/wp-json\/wp\/v2\/media\/437572"}],"wp:attachment":[{"href":"https:\/\/www.moskito.cz\/it\/wp-json\/wp\/v2\/media?parent=437670"}],"wp:term":[{"taxonomy":"pwb-brand","embeddable":true,"href":"https:\/\/www.moskito.cz\/it\/wp-json\/wp\/v2\/pwb-brand?post=437670"},{"taxonomy":"product_brand","embeddable":true,"href":"https:\/\/www.moskito.cz\/it\/wp-json\/wp\/v2\/product_brand?post=437670"},{"taxonomy":"product_cat","embeddable":true,"href":"https:\/\/www.moskito.cz\/it\/wp-json\/wp\/v2\/product_cat?post=437670"},{"taxonomy":"product_tag","embeddable":true,"href":"https:\/\/www.moskito.cz\/it\/wp-json\/wp\/v2\/product_tag?post=437670"}],"curies":[{"name":"wp","href":"https:\/\/api.w.org\/{rel}","templated":true}]}}