{"id":437680,"date":"2026-02-16T15:29:24","date_gmt":"2026-02-16T14:29:24","guid":{"rendered":"https:\/\/www.moskito.cz\/produkt\/coltello-da-espulsione-microtech-combat-troodon-iii-1142-3ta\/"},"modified":"2026-02-16T18:31:09","modified_gmt":"2026-02-16T17:31:09","slug":"coltello-da-espulsione-microtech-combat-troodon-iii-1142-3ta","status":"publish","type":"product","link":"https:\/\/www.moskito.cz\/it\/produkt\/coltello-da-espulsione-microtech-combat-troodon-iii-1142-3ta\/","title":{"rendered":"Coltello da espulsione Microtech Combat Troodon III 1142-3TA"},"content":{"rendered":"<p data-start=\"0\" data-end=\"83\"><strong data-start=\"0\" data-end=\"83\">Microtech Combat Troodon D\/E Gen III 1142-3TA &#8211; Manico nero a serramanico \/ Tan<\/strong><\/p>\n<p data-start=\"85\" data-end=\"435\">Non appena prenderai in mano il <strong data-start=\"108\" data-end=\"157\">Microtech Combat Troodon D\/E Gen III 1142-3TA<\/strong>, sentirai subito la meccanica precisa e il carattere tattico aggressivo che caratterizzano questo modello. Questa versione combina una lama nera completamente seghettata con un manico anodizzato color marrone, creando un forte contrasto visivo e uno strumento funzionale pronto per un&#8217;ampia gamma di compiti. <\/p>\n<p data-start=\"437\" data-end=\"516\">Progettata da Anthony (Tony) Marfion e completamente fabbricata e assemblata in \ud83c\uddfa\ud83c\uddf8 USA.<\/p>\n<p data-start=\"518\" data-end=\"546\">\ud83d\udd25 <strong data-start=\"521\" data-end=\"546\">Carattere e filosofia<\/strong><\/p>\n<p data-start=\"548\" data-end=\"931\">Il Combat Troodon \u00e8 uno dei modelli OTF pi\u00f9 potenti di Microtech e la sua variante Gen III migliora il design e le prestazioni. La lama dentellata a doppio taglio D\/E (Double Edge) garantisce la massima penetrazione ed eccelle nel taglio di materiali in cui il bordo dentellato \u00e8 vantaggioso, come corde, fettucce o tessuti rigidi. Questo modello \u00e8 stato progettato per le situazioni tattiche pi\u00f9 impegnative e per gli impieghi EDC pi\u00f9 impegnativi.  <\/p>\n<p data-start=\"933\" data-end=\"1082\">Il cursore laterale incassato offre un controllo naturale e intuitivo che consente un&#8217;estensione rapida e una retrazione sicura della lama con un unico movimento fluido.<\/p>\n<p data-start=\"1084\" data-end=\"1100\"><strong data-start=\"1087\" data-end=\"1100\">\ud83c\udfed Informazioni sul produttore<\/strong><\/p>\n<p data-start=\"1102\" data-end=\"1256\"><span class=\"hover:entity-accent entity-underline inline cursor-pointer align-baseline\"><span class=\"whitespace-normal\">Microtech Knives<\/span><\/span> \u00e8 un marchio americano con oltre 30 anni di tradizione nella produzione di coltelli OTF e automatici di alta qualit\u00e0. Le caratteristiche tipiche sono: <\/p>\n<ul data-start=\"1258\" data-end=\"1397\">\n<li data-start=\"1258\" data-end=\"1283\">\n<p data-start=\"1260\" data-end=\"1283\">Lavorazione CNC di precisione<\/p>\n<\/li>\n<li data-start=\"1284\" data-end=\"1318\">\n<p data-start=\"1286\" data-end=\"1318\">Meccanismi interni brevettati<\/p>\n<\/li>\n<li data-start=\"1319\" data-end=\"1340\">\n<p data-start=\"1321\" data-end=\"1340\">Design innovativo<\/p>\n<\/li>\n<li data-start=\"1341\" data-end=\"1367\">\n<p data-start=\"1343\" data-end=\"1367\">Forte controllo della qualit\u00e0<\/p>\n<\/li>\n<li data-start=\"1368\" data-end=\"1397\">\n<p data-start=\"1370\" data-end=\"1397\">Estetica tattica distintiva<\/p>\n<\/li>\n<\/ul>\n<p data-start=\"1399\" data-end=\"1490\">Ogni pezzo \u00e8 prodotto e assemblato negli Stati Uniti sotto la direzione di <span class=\"hover:entity-accent entity-underline inline cursor-pointer align-baseline\"><span class=\"whitespace-normal\">Anthony Marfione<\/span><\/span>.<\/p>\n<p data-start=\"1492\" data-end=\"1536\">\ud83d\udde1\ufe0f <strong data-start=\"1496\" data-end=\"1536\">Lama &#8211; D\/E Full Serrate Lama nera<\/strong><\/p>\n<p data-start=\"1538\" data-end=\"1619\">La lama con profilo completamente seghettato su entrambi i lati permette:<\/p>\n<ul data-start=\"1621\" data-end=\"1738\">\n<li data-start=\"1621\" data-end=\"1644\">\n<p data-start=\"1623\" data-end=\"1644\">estrema resistenza alle forature<\/p>\n<\/li>\n<li data-start=\"1645\" data-end=\"1692\">\n<p data-start=\"1647\" data-end=\"1692\">eccellente taglio di fibre e materiali rigidi<\/p>\n<\/li>\n<li data-start=\"1693\" data-end=\"1738\">\n<p data-start=\"1695\" data-end=\"1738\">prestazioni costanti indipendentemente dal tipo di taglio<\/p>\n<\/li>\n<\/ul>\n<p data-start=\"1740\" data-end=\"1812\">La finitura nera riduce i riflessi e aggiunge carattere tattico al coltello.<\/p>\n<p data-start=\"1814\" data-end=\"1951\">Una lama seghettata \u00e8 efficace nei casi in cui una lama liscia perde prestazioni, ad esempio nel taglio di corde, corde zavorrate o altri materiali abrasivi.<\/p>\n<p data-start=\"1953\" data-end=\"1989\"><strong data-start=\"1956\" data-end=\"1989\">\ud83d\udd2c Acciaio &#8211; Acciaio inox premium<\/strong><\/p>\n<p data-start=\"1991\" data-end=\"2069\">L&#8217;acciaio utilizzato appartiene al segmento premium dei materiali per posate: \u00e8 caratterizzato da:<\/p>\n<ul data-start=\"2071\" data-end=\"2164\">\n<li data-start=\"2071\" data-end=\"2109\">\n<p data-start=\"2073\" data-end=\"2109\">elevata resistenza all&#8217;usura<\/p>\n<\/li>\n<li data-start=\"2110\" data-end=\"2138\">\n<p data-start=\"2112\" data-end=\"2138\">buona resistenza alla corrosione<\/p>\n<\/li>\n<li data-start=\"2139\" data-end=\"2164\">\n<p data-start=\"2141\" data-end=\"2164\">ritenzione della lama a lungo termine<\/p>\n<\/li>\n<\/ul>\n<p data-start=\"2166\" data-end=\"2232\">Questa combinazione garantisce prestazioni affidabili anche nelle attivit\u00e0 pi\u00f9 impegnative.<\/p>\n<p data-start=\"2234\" data-end=\"2272\">\ud83e\udde9 <strong data-start=\"2237\" data-end=\"2272\">Manico &#8211; Alluminio anodizzato Tan<\/strong><\/p>\n<p data-start=\"2274\" data-end=\"2385\">Il manico \u00e8 realizzato in alluminio 6061-T6 anodizzato con finitura marrone, robusto e pratico allo stesso tempo.<\/p>\n<ul data-start=\"2387\" data-end=\"2602\">\n<li data-start=\"2387\" data-end=\"2428\">\n<p data-start=\"2389\" data-end=\"2428\">Texture antiscivolo fresata CNC 3D<\/p>\n<\/li>\n<li data-start=\"2429\" data-end=\"2459\">\n<p data-start=\"2431\" data-end=\"2459\">Jimping per un migliore controllo<\/p>\n<\/li>\n<li data-start=\"2460\" data-end=\"2488\">\n<p data-start=\"2462\" data-end=\"2488\">Cursore laterale incassato<\/p>\n<\/li>\n<li data-start=\"2489\" data-end=\"2545\">\n<p data-start=\"2491\" data-end=\"2545\">Clip da trasporto profonda ambidestra (destra\/sinistra, punta in gi\u00f9)<\/p>\n<\/li>\n<li data-start=\"2546\" data-end=\"2602\">\n<p data-start=\"2548\" data-end=\"2602\">Dettagli secondari come il numero di serie e la data di fabbricazione<\/p>\n<\/li>\n<\/ul>\n<p data-start=\"2604\" data-end=\"2699\">Il colore marrone \u00e8 pratico, si abbina bene all&#8217;abbigliamento tattico e maschera bene i piccoli graffi.<\/p>\n<p data-start=\"2701\" data-end=\"2742\">\u2699\ufe0f <strong data-start=\"2704\" data-end=\"2742\">Specifiche tecniche (indicative)<\/strong><\/p>\n<p data-start=\"2744\" data-end=\"2793\"><em data-start=\"2744\" data-end=\"2793\">I parametri possono variare a seconda della serie specifica.<\/em><\/p>\n<div class=\"TyagGW_tableContainer\">\n<div class=\"group TyagGW_tableWrapper flex flex-col-reverse w-fit\" tabindex=\"-1\">\n<table class=\"w-fit min-w-(--thread-content-width)\" data-start=\"2795\" data-end=\"3331\">\n<thead data-start=\"2795\" data-end=\"2813\">\n<tr data-start=\"2795\" data-end=\"2813\">\n<th class=\"\" data-start=\"2795\" data-end=\"2804\" data-col-size=\"sm\">Parametro<\/th>\n<th class=\"\" data-start=\"2804\" data-end=\"2813\" data-col-size=\"sm\">Valore<\/th>\n<\/tr>\n<\/thead>\n<tbody data-start=\"2824\" data-end=\"3331\">\n<tr data-start=\"2824\" data-end=\"2860\">\n<td data-start=\"2824\" data-end=\"2830\" data-col-size=\"sm\">Modello<\/td>\n<td data-start=\"2830\" data-end=\"2860\" data-col-size=\"sm\">Combat Troodon D\/E Gen III<\/td>\n<\/tr>\n<tr data-start=\"2861\" data-end=\"2890\">\n<td data-start=\"2861\" data-end=\"2878\" data-col-size=\"sm\">Numero di prodotto<\/td>\n<td data-start=\"2878\" data-end=\"2890\" data-col-size=\"sm\">1142-3TA<\/td>\n<\/tr>\n<tr data-start=\"2891\" data-end=\"2923\">\n<td data-start=\"2891\" data-end=\"2905\" data-col-size=\"sm\">Lunghezza totale<\/td>\n<td data-start=\"2905\" data-end=\"2923\" data-col-size=\"sm\">circa 230-240 mm<\/td>\n<\/tr>\n<tr data-start=\"2924\" data-end=\"2954\">\n<td data-start=\"2924\" data-end=\"2937\" data-col-size=\"sm\">Lunghezza della lama<\/td>\n<td data-start=\"2937\" data-end=\"2954\" data-col-size=\"sm\">circa 95-100 mm<\/td>\n<\/tr>\n<tr data-start=\"2955\" data-end=\"2989\">\n<td data-start=\"2955\" data-end=\"2971\" data-col-size=\"sm\">Spessore della lama<\/td>\n<td data-start=\"2971\" data-end=\"2989\" data-col-size=\"sm\">circa 3,0-3,5 mm<\/td>\n<\/tr>\n<tr data-start=\"2990\" data-end=\"3023\">\n<td data-start=\"2990\" data-end=\"3005\" data-col-size=\"sm\">Lunghezza dell&#8217;impugnatura<\/td>\n<td data-start=\"3005\" data-end=\"3023\" data-col-size=\"sm\">circa 135-140 mm<\/td>\n<\/tr>\n<tr data-start=\"3024\" data-end=\"3050\">\n<td data-start=\"3024\" data-end=\"3033\" data-col-size=\"sm\">Peso<\/td>\n<td data-start=\"3033\" data-end=\"3050\" data-col-size=\"sm\">circa 150-160 g<\/td>\n<\/tr>\n<tr data-start=\"3051\" data-end=\"3082\">\n<td data-start=\"3051\" data-end=\"3061\" data-col-size=\"sm\">Tipo di lama<\/td>\n<td data-start=\"3061\" data-end=\"3082\" data-col-size=\"sm\">D\/E Dentellato completo<\/td>\n<\/tr>\n<tr data-start=\"3083\" data-end=\"3106\">\n<td data-start=\"3083\" data-end=\"3097\" data-col-size=\"sm\">Superficie della lama<\/td>\n<td data-start=\"3097\" data-end=\"3106\" data-col-size=\"sm\">Nero<\/td>\n<\/tr>\n<tr data-start=\"3107\" data-end=\"3143\">\n<td data-start=\"3107\" data-end=\"3125\" data-col-size=\"sm\">Materiale dell&#8217;impugnatura<\/td>\n<td data-start=\"3125\" data-end=\"3143\" data-col-size=\"sm\">Alluminio 6061-T6<\/td>\n<\/tr>\n<tr data-start=\"3144\" data-end=\"3166\">\n<td data-start=\"3144\" data-end=\"3159\" data-col-size=\"sm\">Colore della maniglia<\/td>\n<td data-start=\"3159\" data-end=\"3166\" data-col-size=\"sm\">Colore marrone<\/td>\n<\/tr>\n<tr data-start=\"3167\" data-end=\"3203\">\n<td data-start=\"3167\" data-end=\"3179\" data-col-size=\"sm\">Meccanismo<\/td>\n<td data-start=\"3179\" data-end=\"3203\" data-col-size=\"sm\">D\/A OTF &#8211; Blocco scorrimento<\/td>\n<\/tr>\n<tr data-start=\"3204\" data-end=\"3246\">\n<td data-start=\"3204\" data-end=\"3214\" data-col-size=\"sm\">Apertura<\/td>\n<td data-start=\"3214\" data-end=\"3246\" data-col-size=\"sm\">Automatica &#8211; cursore laterale<\/td>\n<\/tr>\n<tr data-start=\"3247\" data-end=\"3281\">\n<td data-start=\"3247\" data-end=\"3252\" data-col-size=\"sm\">Clip<\/td>\n<td data-start=\"3252\" data-end=\"3281\" data-col-size=\"sm\">Ambidestro, per il trasporto profondo<\/td>\n<\/tr>\n<tr data-start=\"3282\" data-end=\"3311\">\n<td data-start=\"3282\" data-end=\"3291\" data-col-size=\"sm\">Designer<\/td>\n<td data-start=\"3291\" data-end=\"3311\" data-col-size=\"sm\">Anthony Marfione<\/td>\n<\/tr>\n<tr data-start=\"3312\" data-end=\"3331\">\n<td data-start=\"3312\" data-end=\"3324\" data-col-size=\"sm\">Paese di origine<\/td>\n<td data-start=\"3324\" data-end=\"3331\" data-col-size=\"sm\">STATI UNITI D&#8217;AMERICA<\/td>\n<\/tr>\n<\/tbody>\n<\/table>\n<\/div>\n<\/div>\n<p data-start=\"3333\" data-end=\"3352\">\u2705 <strong data-start=\"3335\" data-end=\"3352\">Principali vantaggi<\/strong><\/p>\n<ul data-start=\"3354\" data-end=\"3643\">\n<li data-start=\"3354\" data-end=\"3397\">\n<p data-start=\"3356\" data-end=\"3397\">Meccanismo D\/A OTF veloce e affidabile<\/p>\n<\/li>\n<li data-start=\"3398\" data-end=\"3447\">\n<p data-start=\"3400\" data-end=\"3447\">Lama D\/E completamente seghettata con elevata penetrazione<\/p>\n<\/li>\n<li data-start=\"3448\" data-end=\"3482\">\n<p data-start=\"3450\" data-end=\"3482\">Superficie nera per ridurre i riflessi<\/p>\n<\/li>\n<li data-start=\"3483\" data-end=\"3532\">\n<p data-start=\"3485\" data-end=\"3532\">Acciaio inossidabile di qualit\u00e0 superiore con buona tenuta della lama<\/p>\n<\/li>\n<li data-start=\"3533\" data-end=\"3580\">\n<p data-start=\"3535\" data-end=\"3580\">Impugnatura ergonomica con superficie strutturata<\/p>\n<\/li>\n<li data-start=\"3581\" data-end=\"3643\">\n<p data-start=\"3583\" data-end=\"3643\">Design robusto e leggero adatto all&#8217;uso quotidiano<\/p>\n<\/li>\n<\/ul>\n<p data-start=\"3645\" data-end=\"3665\">\u26a0\ufe0f <strong data-start=\"3648\" data-end=\"3665\">Possibili restrizioni<\/strong><\/p>\n<ul data-start=\"3667\" data-end=\"3828\">\n<li data-start=\"3667\" data-end=\"3718\">\n<p data-start=\"3669\" data-end=\"3718\">Le lame seghettate sono pi\u00f9 difficili da mantenere e da affilare<\/p>\n<\/li>\n<li data-start=\"3719\" data-end=\"3774\">\n<p data-start=\"3721\" data-end=\"3774\">La categoria di prezzo pi\u00f9 alta corrisponde alla produzione premium<\/p>\n<\/li>\n<li data-start=\"3775\" data-end=\"3828\">\n<p data-start=\"3777\" data-end=\"3828\">Il meccanismo automatico richiede una cura regolare<\/p>\n<\/li>\n<\/ul>\n<p data-start=\"3830\" data-end=\"3851\">\ud83d\udee0\ufe0f <strong data-start=\"3834\" data-end=\"3851\">Manutenzione e cura<\/strong><\/p>\n<ul data-start=\"3853\" data-end=\"4044\">\n<li data-start=\"3853\" data-end=\"3888\">\n<p data-start=\"3855\" data-end=\"3888\">Pulisci e asciuga la lama dopo l&#8217;uso<\/p>\n<\/li>\n<li data-start=\"3889\" data-end=\"3923\">\n<p data-start=\"3891\" data-end=\"3923\">Mantieni il manico asciutto e pulito<\/p>\n<\/li>\n<li data-start=\"3924\" data-end=\"3976\">\n<p data-start=\"3926\" data-end=\"3976\">Controlla regolarmente il meccanismo e rimuovi lo sporco<\/p>\n<\/li>\n<li data-start=\"3977\" data-end=\"4044\">\n<p data-start=\"3979\" data-end=\"4044\">Per l&#8217;affilatura delle lame seghettate ti consigliamo di utilizzare strumenti specializzati<\/p>\n<\/li>\n<\/ul>\n<p data-start=\"4046\" data-end=\"4112\">Una cura adeguata garantisce l&#8217;affidabilit\u00e0 a lungo termine e le prestazioni elevate del coltello.<\/p>\n<p data-start=\"4114\" data-end=\"4135\">\ud83c\udfaf <strong data-start=\"4117\" data-end=\"4135\">Consigliato per<\/strong><\/p>\n<ul data-start=\"4137\" data-end=\"4320\">\n<li data-start=\"4137\" data-end=\"4171\">\n<p data-start=\"4139\" data-end=\"4171\">Uso tattico professionale<\/p>\n<\/li>\n<li data-start=\"4172\" data-end=\"4232\">\n<p data-start=\"4174\" data-end=\"4232\">Utenti che hanno spesso a che fare con materiali rigidi o fibrosi<\/p>\n<\/li>\n<li data-start=\"4233\" data-end=\"4268\">\n<p data-start=\"4235\" data-end=\"4268\">Collezionisti di modelli OTF di alta qualit\u00e0<\/p>\n<\/li>\n<li data-start=\"4269\" data-end=\"4320\">\n<p data-start=\"4271\" data-end=\"4320\">Utenti che preferiscono combinazioni di colori audaci<\/p>\n<\/li>\n<\/ul>\n<p data-start=\"4322\" data-end=\"4347\">\u2b50 <strong data-start=\"4324\" data-end=\"4347\">Valutazione finale<\/strong><\/p>\n<p data-start=\"4349\" data-end=\"4625\">Il <strong data-start=\"4349\" data-end=\"4398\">Microtech Combat Troodon D\/E Gen III 1142-3TA<\/strong> in Black Full Serrate \/ Tan \u00e8 un coltello tattico OTF di prima qualit\u00e0 con un&#8217;aggressiva lama seghettata, una struttura robusta e una produzione americana di precisione. \u00c8 la scelta per chi vuole prestazioni, stile e funzionalit\u00e0 senza compromessi \ud83d\udd2a\ud83d\udd25 <\/p>\n","protected":false},"excerpt":{"rendered":"<p><strong>Il Microtech Combat Troodon D\/E Gen III 1142-3TA in Black Full Serrate \/ Tan \u00e8 un coltello tattico OTF di prima qualit\u00e0 con un&#8217;aggressiva lama seghettata, una struttura robusta e una produzione americana di precisione. \u00c8 la scelta per chi vuole prestazioni, stile e funzionalit\u00e0 senza compromessi \ud83d\udd2a\ud83d\udd25 <\/strong><\/p>\n<p><strong>Spedizione gratuita.<\/strong><\/p>\n","protected":false},"featured_media":437530,"comment_status":"open","ping_status":"closed","template":"","meta":[],"pwb-brand":[3753],"product_brand":[],"product_cat":[3748,3745],"product_tag":[],"class_list":{"0":"post-437680","1":"product","2":"type-product","3":"status-publish","4":"has-post-thumbnail","6":"pwb-brand-microtecnologia-it","7":"product_cat-coltelli-da-tiro","8":"product_cat-coltelli","10":"first","11":"instock","12":"taxable","13":"shipping-taxable","14":"purchasable","15":"product-type-simple"},"brands":[{"id":3753,"name":"Microtecnologia","slug":"microtecnologia-it"}],"_links":{"self":[{"href":"https:\/\/www.moskito.cz\/it\/wp-json\/wp\/v2\/product\/437680","targetHints":{"allow":["GET"]}}],"collection":[{"href":"https:\/\/www.moskito.cz\/it\/wp-json\/wp\/v2\/product"}],"about":[{"href":"https:\/\/www.moskito.cz\/it\/wp-json\/wp\/v2\/types\/product"}],"replies":[{"embeddable":true,"href":"https:\/\/www.moskito.cz\/it\/wp-json\/wp\/v2\/comments?post=437680"}],"wp:featuredmedia":[{"embeddable":true,"href":"https:\/\/www.moskito.cz\/it\/wp-json\/wp\/v2\/media\/437530"}],"wp:attachment":[{"href":"https:\/\/www.moskito.cz\/it\/wp-json\/wp\/v2\/media?parent=437680"}],"wp:term":[{"taxonomy":"pwb-brand","embeddable":true,"href":"https:\/\/www.moskito.cz\/it\/wp-json\/wp\/v2\/pwb-brand?post=437680"},{"taxonomy":"product_brand","embeddable":true,"href":"https:\/\/www.moskito.cz\/it\/wp-json\/wp\/v2\/product_brand?post=437680"},{"taxonomy":"product_cat","embeddable":true,"href":"https:\/\/www.moskito.cz\/it\/wp-json\/wp\/v2\/product_cat?post=437680"},{"taxonomy":"product_tag","embeddable":true,"href":"https:\/\/www.moskito.cz\/it\/wp-json\/wp\/v2\/product_tag?post=437680"}],"curies":[{"name":"wp","href":"https:\/\/api.w.org\/{rel}","templated":true}]}}