{"id":437700,"date":"2026-02-16T14:38:47","date_gmt":"2026-02-16T13:38:47","guid":{"rendered":"https:\/\/www.moskito.cz\/produkt\/coltello-a-espulsione-microtech-glykon-stonewashed-185-10\/"},"modified":"2026-02-16T18:31:35","modified_gmt":"2026-02-16T17:31:35","slug":"coltello-a-espulsione-microtech-glykon-stonewashed-185-10","status":"publish","type":"product","link":"https:\/\/www.moskito.cz\/it\/produkt\/coltello-a-espulsione-microtech-glykon-stonewashed-185-10\/","title":{"rendered":"Coltello a espulsione Microtech Glykon Stonewashed 185-10"},"content":{"rendered":"<p data-start=\"72\" data-end=\"376\">Non appena prendi in mano il Microtech Glykon T\/E OTF 185-10 &#8211; Manico nero \/ Lama stonewashed, percepisci immediatamente la combinazione di meccanica di precisione e design tattico robusto. Questa configurazione combina un manico nero opaco con una resistente lama stonewashed che risulta tecnica, discreta ed estremamente funzionale allo stesso tempo. <\/p>\n<p data-start=\"378\" data-end=\"487\">Progettato da Anthony (Tony) Marfion e prodotto e assemblato al 100% negli Stati Uniti. <span class=\"hover:entity-accent entity-underline inline cursor-pointer align-baseline\"><span class=\"whitespace-normal\">USA<\/span><\/span> \ud83c\uddfa\ud83c\uddf8.<\/p>\n<p data-start=\"489\" data-end=\"517\">\ud83d\udd25 <strong data-start=\"492\" data-end=\"517\">Carattere e filosofia<\/strong><\/p>\n<p data-start=\"519\" data-end=\"747\">Il Glykon \u00e8 un&#8217;interpretazione moderna di un coltello tattico OTF incentrato su affidabilit\u00e0, potenza e controllo intuitivo. Il cursore laterale incassato offre un appoggio naturale per il pollice e una manipolazione fluida quando si estende e si ritrae la lama. <\/p>\n<p data-start=\"749\" data-end=\"941\">Il modello funziona in modalit\u00e0 D\/A (Doppia Azione): la lama viene estesa e ritratta con un solo movimento del pollice. Il meccanismo \u00e8 veloce, dinamico e allo stesso tempo controllabile grazie a una resistenza a molla regolata con precisione. <\/p>\n<p data-start=\"943\" data-end=\"1043\">Il design complessivo offre uno strumento tattico completo che \u00e8 comunque comodo da portare come EDC.<\/p>\n<p data-start=\"1045\" data-end=\"1061\"><strong data-start=\"1048\" data-end=\"1061\">\ud83c\udfed Informazioni sul produttore<\/strong><\/p>\n<p data-start=\"1063\" data-end=\"1217\"><span class=\"hover:entity-accent entity-underline inline cursor-pointer align-baseline\"><span class=\"whitespace-normal\">Microtech Knives<\/span><\/span> \u00e8 un marchio americano con oltre 30 anni di tradizione nella produzione di coltelli automatici e OTF di alta gamma. Le caratteristiche tipiche sono: <\/p>\n<ul data-start=\"1219\" data-end=\"1370\">\n<li data-start=\"1219\" data-end=\"1244\">\n<p data-start=\"1221\" data-end=\"1244\">Lavorazione CNC di precisione<\/p>\n<\/li>\n<li data-start=\"1245\" data-end=\"1276\">\n<p data-start=\"1247\" data-end=\"1276\">Chiusure brevettate<\/p>\n<\/li>\n<li data-start=\"1277\" data-end=\"1310\">\n<p data-start=\"1279\" data-end=\"1310\">Meccanismi interni innovativi<\/p>\n<\/li>\n<li data-start=\"1311\" data-end=\"1340\">\n<p data-start=\"1313\" data-end=\"1340\">Rompivetro integrato<\/p>\n<\/li>\n<li data-start=\"1341\" data-end=\"1370\">\n<p data-start=\"1343\" data-end=\"1370\">Controllo qualit\u00e0 costante<\/p>\n<\/li>\n<\/ul>\n<p data-start=\"1372\" data-end=\"1463\">Ogni pezzo \u00e8 prodotto e assemblato negli Stati Uniti sotto la direzione di <span class=\"hover:entity-accent entity-underline inline cursor-pointer align-baseline\"><span class=\"whitespace-normal\">Anthony Marfione<\/span><\/span>.<\/p>\n<p data-start=\"1465\" data-end=\"1509\">\ud83d\udde1\ufe0f <strong data-start=\"1469\" data-end=\"1509\">Lama &#8211; T\/E (Tanto Edge) Stonewashed<\/strong><\/p>\n<p data-start=\"1511\" data-end=\"1662\">La lama T\/E (Tanto Edge) combina una punta affilata e un taglio dritto per la massima penetrazione e forza della punta, caratteristiche del profilo tanto.<\/p>\n<p data-start=\"1664\" data-end=\"1693\">Finitura stonewashed:<\/p>\n<ul data-start=\"1695\" data-end=\"1803\">\n<li data-start=\"1695\" data-end=\"1735\">\n<p data-start=\"1697\" data-end=\"1735\">maschera piccoli graffi dovuti all&#8217;uso<\/p>\n<\/li>\n<li data-start=\"1736\" data-end=\"1755\">\n<p data-start=\"1738\" data-end=\"1755\">riduce l&#8217;abbagliamento<\/p>\n<\/li>\n<li data-start=\"1756\" data-end=\"1803\">\n<p data-start=\"1758\" data-end=\"1803\">aumenta la resistenza all&#8217;usura visiva<\/p>\n<\/li>\n<\/ul>\n<p data-start=\"1805\" data-end=\"1836\">Il taglio alto e piatto assicura:<\/p>\n<ul data-start=\"1838\" data-end=\"1907\">\n<li data-start=\"1838\" data-end=\"1866\">\n<p data-start=\"1840\" data-end=\"1866\">eccellenti propriet\u00e0 di taglio<\/p>\n<\/li>\n<li data-start=\"1867\" data-end=\"1889\">\n<p data-start=\"1869\" data-end=\"1889\">alta penetrazione<\/p>\n<\/li>\n<li data-start=\"1890\" data-end=\"1907\">\n<p data-start=\"1892\" data-end=\"1907\">forza della punta<\/p>\n<\/li>\n<\/ul>\n<p data-start=\"1909\" data-end=\"1945\"><strong data-start=\"1912\" data-end=\"1945\">\ud83d\udd2c Acciaio &#8211; Acciaio inox premium<\/strong><\/p>\n<p data-start=\"1947\" data-end=\"2028\">L&#8217;acciaio utilizzato appartiene al segmento premium dei moderni materiali da taglio. Offre: <\/p>\n<ul data-start=\"2030\" data-end=\"2150\">\n<li data-start=\"2030\" data-end=\"2067\">\n<p data-start=\"2032\" data-end=\"2067\">elevata resistenza all&#8217;usura<\/p>\n<\/li>\n<li data-start=\"2068\" data-end=\"2097\">\n<p data-start=\"2070\" data-end=\"2097\">eccellente resistenza alla corrosione<\/p>\n<\/li>\n<li data-start=\"2098\" data-end=\"2123\">\n<p data-start=\"2100\" data-end=\"2123\">ritenzione della lama a lungo termine<\/p>\n<\/li>\n<li data-start=\"2124\" data-end=\"2150\">\n<p data-start=\"2126\" data-end=\"2150\">manutenzione ridotta<\/p>\n<\/li>\n<\/ul>\n<p data-start=\"2152\" data-end=\"2253\">Queste propriet\u00e0 sono tipiche degli acciai metallurgici in polvere utilizzati nei modelli premium di Microtech.<\/p>\n<p data-start=\"2255\" data-end=\"2286\">\ud83e\udde9 <strong data-start=\"2258\" data-end=\"2286\">Maniglia &#8211; Alluminio nero<\/strong><\/p>\n<p data-start=\"2288\" data-end=\"2418\">Il manico \u00e8 realizzato in alluminio 6061-T6 anodizzato nero, che conferisce al coltello un aspetto tattico pulito e un&#8217;elevata resistenza.<\/p>\n<ul data-start=\"2420\" data-end=\"2729\">\n<li data-start=\"2420\" data-end=\"2461\">\n<p data-start=\"2422\" data-end=\"2461\">Texture antiscivolo fresata CNC 3D<\/p>\n<\/li>\n<li data-start=\"2462\" data-end=\"2506\">\n<p data-start=\"2464\" data-end=\"2506\">Jimping sulla parte superiore e inferiore del manico<\/p>\n<\/li>\n<li data-start=\"2507\" data-end=\"2558\">\n<p data-start=\"2509\" data-end=\"2558\">Cursore laterale incassato per un controllo naturale<\/p>\n<\/li>\n<li data-start=\"2559\" data-end=\"2589\">\n<p data-start=\"2561\" data-end=\"2589\">Profilo sottile adatto all&#8217;EDC<\/p>\n<\/li>\n<li data-start=\"2590\" data-end=\"2632\">\n<p data-start=\"2592\" data-end=\"2632\">Clip per il trasporto profondo (destra\/sinistra, punta in gi\u00f9)<\/p>\n<\/li>\n<li data-start=\"2633\" data-end=\"2681\">\n<p data-start=\"2635\" data-end=\"2681\">Clip con logo, numero di serie e data di produzione<\/p>\n<\/li>\n<li data-start=\"2682\" data-end=\"2729\">\n<p data-start=\"2684\" data-end=\"2729\">Rompighiaccio con sfera in carburo di tungsteno<\/p>\n<\/li>\n<\/ul>\n<p data-start=\"2731\" data-end=\"2807\">La finitura nera opaca \u00e8 pratica, discreta e nasconde bene i segni dell&#8217;uso.<\/p>\n<p data-start=\"2809\" data-end=\"2837\">\u2699\ufe0f <strong data-start=\"2812\" data-end=\"2837\">Specifiche tecniche<\/strong><\/p>\n<p data-start=\"2839\" data-end=\"2911\"><em data-start=\"2839\" data-end=\"2911\">Nota: i valori sono approssimativi e possono variare a seconda della serie.<\/em><\/p>\n<div class=\"TyagGW_tableContainer\">\n<div class=\"group TyagGW_tableWrapper flex flex-col-reverse w-fit\" tabindex=\"-1\">\n<table class=\"w-fit min-w-(--thread-content-width)\" data-start=\"2913\" data-end=\"3404\">\n<thead data-start=\"2913\" data-end=\"2931\">\n<tr data-start=\"2913\" data-end=\"2931\">\n<th class=\"\" data-start=\"2913\" data-end=\"2922\" data-col-size=\"sm\">Parametro<\/th>\n<th class=\"\" data-start=\"2922\" data-end=\"2931\" data-col-size=\"sm\">Valore<\/th>\n<\/tr>\n<\/thead>\n<tbody data-start=\"2942\" data-end=\"3404\">\n<tr data-start=\"2942\" data-end=\"2964\">\n<td data-start=\"2942\" data-end=\"2948\" data-col-size=\"sm\">Modello<\/td>\n<td data-col-size=\"sm\" data-start=\"2948\" data-end=\"2964\">Glykon T\/E OTF<\/td>\n<\/tr>\n<tr data-start=\"2965\" data-end=\"2990\">\n<td data-start=\"2965\" data-end=\"2982\" data-col-size=\"sm\">Numero di prodotto<\/td>\n<td data-col-size=\"sm\" data-start=\"2982\" data-end=\"2990\">185-10<\/td>\n<\/tr>\n<tr data-start=\"2991\" data-end=\"3021\">\n<td data-start=\"2991\" data-end=\"3005\" data-col-size=\"sm\">Lunghezza totale<\/td>\n<td data-col-size=\"sm\" data-start=\"3005\" data-end=\"3021\">circa 220-230 mm<\/td>\n<\/tr>\n<tr data-start=\"3022\" data-end=\"3049\">\n<td data-start=\"3022\" data-end=\"3035\" data-col-size=\"sm\">Lunghezza della lama<\/td>\n<td data-col-size=\"sm\" data-start=\"3035\" data-end=\"3049\">circa 90-95 mm<\/td>\n<\/tr>\n<tr data-start=\"3050\" data-end=\"3082\">\n<td data-start=\"3050\" data-end=\"3066\" data-col-size=\"sm\">Spessore della lama<\/td>\n<td data-col-size=\"sm\" data-start=\"3066\" data-end=\"3082\">circa 3,0-3,5 mm<\/td>\n<\/tr>\n<tr data-start=\"3083\" data-end=\"3114\">\n<td data-start=\"3083\" data-end=\"3098\" data-col-size=\"sm\">Lunghezza del manico<\/td>\n<td data-col-size=\"sm\" data-start=\"3098\" data-end=\"3114\">circa 130-135 mm<\/td>\n<\/tr>\n<tr data-start=\"3115\" data-end=\"3139\">\n<td data-start=\"3115\" data-end=\"3124\" data-col-size=\"sm\">Peso<\/td>\n<td data-col-size=\"sm\" data-start=\"3124\" data-end=\"3139\">circa 130-140 g<\/td>\n<\/tr>\n<tr data-start=\"3140\" data-end=\"3168\">\n<td data-start=\"3140\" data-end=\"3150\" data-col-size=\"sm\">Tipo di lama<\/td>\n<td data-start=\"3150\" data-end=\"3168\" data-col-size=\"sm\">T\/E (Tanto Edge)<\/td>\n<\/tr>\n<tr data-start=\"3169\" data-end=\"3196\">\n<td data-start=\"3169\" data-end=\"3183\" data-col-size=\"sm\">Superficie della lama<\/td>\n<td data-col-size=\"sm\" data-start=\"3183\" data-end=\"3196\">Lavorato a pietra<\/td>\n<\/tr>\n<tr data-start=\"3197\" data-end=\"3231\">\n<td data-start=\"3197\" data-end=\"3215\" data-col-size=\"sm\">Materiale dell&#8217;impugnatura<\/td>\n<td data-col-size=\"sm\" data-start=\"3215\" data-end=\"3231\">Alluminio 6061-T6<\/td>\n<\/tr>\n<tr data-start=\"3232\" data-end=\"3254\">\n<td data-start=\"3232\" data-end=\"3247\" data-col-size=\"sm\">Colore della maniglia<\/td>\n<td data-col-size=\"sm\" data-start=\"3247\" data-end=\"3254\">Nero<\/td>\n<\/tr>\n<tr data-start=\"3255\" data-end=\"3289\">\n<td data-start=\"3255\" data-end=\"3267\" data-col-size=\"sm\">Meccanismo<\/td>\n<td data-col-size=\"sm\" data-start=\"3267\" data-end=\"3289\">D\/A OTF &#8211; Blocco scorrimento<\/td>\n<\/tr>\n<tr data-start=\"3290\" data-end=\"3330\">\n<td data-start=\"3290\" data-end=\"3300\" data-col-size=\"sm\">Apertura<\/td>\n<td data-col-size=\"sm\" data-start=\"3300\" data-end=\"3330\">Automatica &#8211; cursore laterale<\/td>\n<\/tr>\n<tr data-start=\"3331\" data-end=\"3358\">\n<td data-start=\"3331\" data-end=\"3336\" data-col-size=\"sm\">Clip<\/td>\n<td data-start=\"3336\" data-end=\"3358\" data-col-size=\"sm\">Destra\/sinistra, punta in basso<\/td>\n<\/tr>\n<tr data-start=\"3359\" data-end=\"3386\">\n<td data-start=\"3359\" data-end=\"3368\" data-col-size=\"sm\">Designer<\/td>\n<td data-col-size=\"sm\" data-start=\"3368\" data-end=\"3386\">Anthony Marfione<\/td>\n<\/tr>\n<tr data-start=\"3387\" data-end=\"3404\">\n<td data-start=\"3387\" data-end=\"3399\" data-col-size=\"sm\">Paese di origine<\/td>\n<td data-col-size=\"sm\" data-start=\"3399\" data-end=\"3404\">STATI UNITI D&#8217;AMERICA<\/td>\n<\/tr>\n<\/tbody>\n<\/table>\n<\/div>\n<\/div>\n<p data-start=\"3406\" data-end=\"3425\">\u2705 <strong data-start=\"3408\" data-end=\"3425\">Principali vantaggi<\/strong><\/p>\n<ul data-start=\"3427\" data-end=\"3675\">\n<li data-start=\"3427\" data-end=\"3466\">\n<p data-start=\"3429\" data-end=\"3466\">Meccanismo D\/A OTF estremamente veloce<\/p>\n<\/li>\n<li data-start=\"3467\" data-end=\"3508\">\n<p data-start=\"3469\" data-end=\"3508\">Lama T\/E tanto con alta penetrazione<\/p>\n<\/li>\n<li data-start=\"3509\" data-end=\"3554\">\n<p data-start=\"3511\" data-end=\"3554\">Superficie resistente all&#8217;usura, lavata a calce<\/p>\n<\/li>\n<li data-start=\"3555\" data-end=\"3605\">\n<p data-start=\"3557\" data-end=\"3605\">Acciaio inossidabile di prima qualit\u00e0 con una lunga conservazione della lama<\/p>\n<\/li>\n<li data-start=\"3606\" data-end=\"3636\">\n<p data-start=\"3608\" data-end=\"3636\">Cursore laterale ergonomico<\/p>\n<\/li>\n<li data-start=\"3637\" data-end=\"3675\">\n<p data-start=\"3639\" data-end=\"3675\">Struttura in alluminio resistente e leggera<\/p>\n<\/li>\n<\/ul>\n<p data-start=\"3677\" data-end=\"3697\">\u26a0\ufe0f <strong data-start=\"3680\" data-end=\"3697\">Possibili restrizioni<\/strong><\/p>\n<ul data-start=\"3699\" data-end=\"3865\">\n<li data-start=\"3699\" data-end=\"3754\">\n<p data-start=\"3701\" data-end=\"3754\">Il meccanismo automatico richiede una manutenzione regolare<\/p>\n<\/li>\n<li data-start=\"3755\" data-end=\"3810\">\n<p data-start=\"3757\" data-end=\"3810\">La categoria di prezzo pi\u00f9 alta corrisponde alla produzione premium<\/p>\n<\/li>\n<li data-start=\"3811\" data-end=\"3865\">\n<p data-start=\"3813\" data-end=\"3865\">La punta robusta non \u00e8 l&#8217;ideale per i tagli estremamente fini.<\/p>\n<\/li>\n<\/ul>\n<p data-start=\"3867\" data-end=\"3888\">\ud83d\udee0\ufe0f <strong data-start=\"3871\" data-end=\"3888\">Manutenzione e cura<\/strong><\/p>\n<ul data-start=\"3890\" data-end=\"4132\">\n<li data-start=\"3890\" data-end=\"3925\">\n<p data-start=\"3892\" data-end=\"3925\">Pulisci e asciuga la lama dopo l&#8217;uso<\/p>\n<\/li>\n<li data-start=\"3926\" data-end=\"3960\">\n<p data-start=\"3928\" data-end=\"3960\">Mantieni il manico pulito e asciutto<\/p>\n<\/li>\n<li data-start=\"3961\" data-end=\"4021\">\n<p data-start=\"3963\" data-end=\"4021\">Per una conservazione pi\u00f9 lunga, lubrifica leggermente la lama con un olio protettivo.<\/p>\n<\/li>\n<li data-start=\"4022\" data-end=\"4074\">\n<p data-start=\"4024\" data-end=\"4074\">Controlla regolarmente il meccanismo e rimuovi lo sporco<\/p>\n<\/li>\n<li data-start=\"4075\" data-end=\"4132\">\n<p data-start=\"4077\" data-end=\"4132\">Usa un sistema di buona qualit\u00e0 per un&#8217;affilatura uniforme<\/p>\n<\/li>\n<\/ul>\n<p data-start=\"4134\" data-end=\"4201\">Una cura regolare garantisce affidabilit\u00e0 a lungo termine e massime prestazioni.<\/p>\n<p data-start=\"4203\" data-end=\"4224\">\ud83c\udfaf <strong data-start=\"4206\" data-end=\"4224\">Consigliato per<\/strong><\/p>\n<ul data-start=\"4226\" data-end=\"4372\">\n<li data-start=\"4226\" data-end=\"4251\">\n<p data-start=\"4228\" data-end=\"4251\">Utenti esigenti del CED<\/p>\n<\/li>\n<li data-start=\"4252\" data-end=\"4286\">\n<p data-start=\"4254\" data-end=\"4286\">Uso tattico professionale<\/p>\n<\/li>\n<li data-start=\"4287\" data-end=\"4320\">\n<p data-start=\"4289\" data-end=\"4320\">Collezionisti di coltelli OTF di alta qualit\u00e0<\/p>\n<\/li>\n<li data-start=\"4321\" data-end=\"4372\">\n<p data-start=\"4323\" data-end=\"4372\">Gli utenti che preferiscono un look tattico poco invadente<\/p>\n<\/li>\n<\/ul>\n<p data-start=\"4374\" data-end=\"4399\">\u2b50 <strong data-start=\"4376\" data-end=\"4399\">Valutazione finale<\/strong><\/p>\n<p data-start=\"4401\" data-end=\"4719\">Il Microtech Glykon T\/E OTF 185-10 nella configurazione Manico nero \/ Lama stonewashed \u00e8 una combinazione perfettamente bilanciata di prestazioni aggressive, precisione di produzione americana e durata pratica per l&#8217;uso quotidiano. \u00c8 uno strumento tattico moderno che offre velocit\u00e0, affidabilit\u00e0 e carattere distintivo senza compromessi \ud83d\udd2a\ud83d\udd25 <\/p>\n","protected":false},"excerpt":{"rendered":"<p><strong>Il Microtech Glykon T\/E OTF 185-10 nella configurazione Manico nero \/ Lama stonewashed \u00e8 una combinazione perfettamente bilanciata di prestazioni aggressive, precisione di produzione americana e durata pratica per l&#8217;uso quotidiano. \u00c8 uno strumento tattico moderno che offre velocit\u00e0, affidabilit\u00e0 e carattere distintivo senza compromessi \ud83d\udd2a\ud83d\udd25 <\/strong><\/p>\n<p><strong>Spedizione gratuita.<\/strong><\/p>\n","protected":false},"featured_media":437438,"comment_status":"open","ping_status":"closed","template":"","meta":[],"pwb-brand":[3753],"product_brand":[],"product_cat":[3748,3745],"product_tag":[],"class_list":{"0":"post-437700","1":"product","2":"type-product","3":"status-publish","4":"has-post-thumbnail","6":"pwb-brand-microtecnologia-it","7":"product_cat-coltelli-da-tiro","8":"product_cat-coltelli","10":"first","11":"instock","12":"taxable","13":"shipping-taxable","14":"purchasable","15":"product-type-simple"},"brands":[{"id":3753,"name":"Microtecnologia","slug":"microtecnologia-it"}],"_links":{"self":[{"href":"https:\/\/www.moskito.cz\/it\/wp-json\/wp\/v2\/product\/437700","targetHints":{"allow":["GET"]}}],"collection":[{"href":"https:\/\/www.moskito.cz\/it\/wp-json\/wp\/v2\/product"}],"about":[{"href":"https:\/\/www.moskito.cz\/it\/wp-json\/wp\/v2\/types\/product"}],"replies":[{"embeddable":true,"href":"https:\/\/www.moskito.cz\/it\/wp-json\/wp\/v2\/comments?post=437700"}],"wp:featuredmedia":[{"embeddable":true,"href":"https:\/\/www.moskito.cz\/it\/wp-json\/wp\/v2\/media\/437438"}],"wp:attachment":[{"href":"https:\/\/www.moskito.cz\/it\/wp-json\/wp\/v2\/media?parent=437700"}],"wp:term":[{"taxonomy":"pwb-brand","embeddable":true,"href":"https:\/\/www.moskito.cz\/it\/wp-json\/wp\/v2\/pwb-brand?post=437700"},{"taxonomy":"product_brand","embeddable":true,"href":"https:\/\/www.moskito.cz\/it\/wp-json\/wp\/v2\/product_brand?post=437700"},{"taxonomy":"product_cat","embeddable":true,"href":"https:\/\/www.moskito.cz\/it\/wp-json\/wp\/v2\/product_cat?post=437700"},{"taxonomy":"product_tag","embeddable":true,"href":"https:\/\/www.moskito.cz\/it\/wp-json\/wp\/v2\/product_tag?post=437700"}],"curies":[{"name":"wp","href":"https:\/\/api.w.org\/{rel}","templated":true}]}}