{"id":439843,"date":"2022-04-17T12:44:58","date_gmt":"2022-04-17T11:44:58","guid":{"rendered":"https:\/\/www.moskito.cz\/produkt\/spada-da-samurai-boker-magnum-akito\/"},"modified":"2026-03-02T13:59:51","modified_gmt":"2026-03-02T12:59:51","slug":"spada-da-samurai-boker-magnum-akito","status":"publish","type":"product","link":"https:\/\/www.moskito.cz\/it\/produkt\/spada-da-samurai-boker-magnum-akito\/","title":{"rendered":"Spada da samurai B\u00f6ker Magnum Akito"},"content":{"rendered":"<p>Spada da samurai B\u00f6ker Magnum Akito<\/p>\n<p>La Magnum Akito \u00e8 una vera spada funzionale. \u00c8 adatta non solo per i kata (forme di esercizio) o gli Iaito (esercizi di disegno), ma anche per i tameshigiri (prove di taglio). Per eseguire prove di taglio, \u00e8 necessaria una lama affilata e di alta qualit\u00e0 che mantenga il filo. La lama Akito \u00e8 realizzata in acciaio al carbonio 1045 temprato in argilla con un vero hamon (linea di tempra). La costruzione complessiva \u00e8 molto robusta. La lama \u00e8 continua fino alla fine dell&#8217;impugnatura ed \u00e8 fissata con due mekugi. La spada funzionale viene fornita con un bellissimo fodero in legno laccato e con i tradizionali occhielli (Kurigata e Shito-Dome).      <\/p>\n<p>Lunghezza totale: 102 cm<br \/>\nLunghezza lama: 72,5 cm<br \/>\nPeso: 1120 g<br \/>\nSpessore lama: 7,6 mm<br \/>\nMateriale lama: acciaio al carbonio 1045<\/p>\n<p>La Magnum Akito \u00e8 una vera e propria spada funzionale. \u00c8 adatta non solo per i kata (forme di esercizio) o gli Iaito (esercizi di disegno), ma anche per i tameshigiri (prove di taglio). Per eseguire prove di taglio, \u00e8 necessaria una lama di altissima qualit\u00e0, affilata e che mantenga il filo. La lama Akito \u00e8 realizzata in acciaio al carbonio 1045 temprato in argilla con un vero hamon (linea di tempra). La struttura complessiva \u00e8 molto robusta. La lama \u00e8 continua fino alla fine dell&#8217;impugnatura ed \u00e8 fissata da due mekugis. La spada funzionale viene fornita con un fodero in legno splendidamente laccato, insieme agli occhi tradizionali (Kurigata e Shito-Dome).      <\/p>\n<p>Tipo:<br \/>\nFunktionsschwert<br \/>\nLunghezza totale:<br \/>\n102,00 cm<br \/>\nLunghezza della lama:<br \/>\n72,50 cm<br \/>\nSpessore della lama:<br \/>\n7,60 mm<br \/>\nPeso:<br \/>\n1120,00 g<br \/>\nMateriale lama:<br \/>\nAcciaio al carbonio<br \/>\nFatto in:<br \/>\nAsia<br \/>\nColore:<br \/>\nNero<br \/>\nColore lama:<br \/>\nNon rivestito<br \/>\nMateriale della guaina:<br \/>\nLegno<br \/>\nCodice articolo:<br \/>\n05ZS9126<\/p>\n","protected":false},"excerpt":{"rendered":"<p>Nel corso del tempo, la fabbrica di coltelli <strong>B\u00f6ker<\/strong> si \u00e8 trasformata in un leader globale dell&#8217;innovazione e nel pi\u00f9 grande produttore di coltelli sportivi, coltelli tattici e coltelli da collezione in Europa.<\/p>\n","protected":false},"featured_media":439844,"comment_status":"open","ping_status":"closed","template":"","meta":[],"pwb-brand":[3798],"product_brand":[],"product_cat":[3890,3891],"product_tag":[3755],"class_list":{"0":"post-439843","1":"product","2":"type-product","3":"status-publish","4":"has-post-thumbnail","6":"pwb-brand-boker-it","7":"product_cat-katana-e-spade","8":"product_cat-spade-pugnali-repliche","9":"product_tag-b2b-it","11":"first","12":"instock","13":"taxable","14":"shipping-taxable","15":"purchasable","16":"product-type-simple"},"brands":[{"id":3798,"name":"Boker","slug":"boker-it"}],"_links":{"self":[{"href":"https:\/\/www.moskito.cz\/it\/wp-json\/wp\/v2\/product\/439843","targetHints":{"allow":["GET"]}}],"collection":[{"href":"https:\/\/www.moskito.cz\/it\/wp-json\/wp\/v2\/product"}],"about":[{"href":"https:\/\/www.moskito.cz\/it\/wp-json\/wp\/v2\/types\/product"}],"replies":[{"embeddable":true,"href":"https:\/\/www.moskito.cz\/it\/wp-json\/wp\/v2\/comments?post=439843"}],"wp:featuredmedia":[{"embeddable":true,"href":"https:\/\/www.moskito.cz\/it\/wp-json\/wp\/v2\/media\/439844"}],"wp:attachment":[{"href":"https:\/\/www.moskito.cz\/it\/wp-json\/wp\/v2\/media?parent=439843"}],"wp:term":[{"taxonomy":"pwb-brand","embeddable":true,"href":"https:\/\/www.moskito.cz\/it\/wp-json\/wp\/v2\/pwb-brand?post=439843"},{"taxonomy":"product_brand","embeddable":true,"href":"https:\/\/www.moskito.cz\/it\/wp-json\/wp\/v2\/product_brand?post=439843"},{"taxonomy":"product_cat","embeddable":true,"href":"https:\/\/www.moskito.cz\/it\/wp-json\/wp\/v2\/product_cat?post=439843"},{"taxonomy":"product_tag","embeddable":true,"href":"https:\/\/www.moskito.cz\/it\/wp-json\/wp\/v2\/product_tag?post=439843"}],"curies":[{"name":"wp","href":"https:\/\/api.w.org\/{rel}","templated":true}]}}