{"id":439892,"date":"2022-07-07T21:10:38","date_gmt":"2022-07-07T20:10:38","guid":{"rendered":"https:\/\/www.moskito.cz\/produkt\/coltello-fisso-extrema-ratio-nk3-nero\/"},"modified":"2026-03-04T12:08:07","modified_gmt":"2026-03-04T11:08:07","slug":"coltello-fisso-extrema-ratio-nk3-nero","status":"publish","type":"product","link":"https:\/\/www.moskito.cz\/it\/produkt\/coltello-fisso-extrema-ratio-nk3-nero\/","title":{"rendered":"Coltello Fisso Extrema Ratio NK3 NERO"},"content":{"rendered":"<p>Coltello Fisso <strong>Extrema Ratio<\/strong> NK3 NERO<\/p>\n<p><strong>L&#8217;N.K.3<\/strong> \u00e8 un coltello pi\u00f9 piccolo che amplia la famiglia di coltelli da collo Extrema Ratio. L&#8217;N.K.3 \u00e8 pi\u00f9 grande dell&#8217;N.K.1 e dell&#8217;N.K.2, ha una lama tanto lunga 70 mm e un foro per il drenaggio del sangue.  Il design dell&#8217;impugnatura previene lesioni accidentali durante il disegno. La scanalatura sul retro della lama \u00e8 adatta per l&#8217;indice o il pollice dell&#8217;utente, a seconda dello stile di utilizzo. Grazie al suo design complessivo, l&#8217;N.K.3 \u00e8 sia offensivo, grazie a colpi di fendente molto efficaci, sia utile per lavorare con poca precisione. La fondina Kydex a sgancio rapido inclusa \u00e8 dotata di un cinturino in paracord da indossare al collo. Pu\u00f2 anche essere collegato tramite il sistema MOLLE ai gilet tattici o a qualsiasi guaina in cordura compatibile di Extrema Ratio. Disponibili ma non inclusi: BELT-CLIP (per agganciare la fondina alla cintura), UNDER SHIRT SYSTEM in polimero (per porto occulto). Versioni disponibili: N.K.3 NERO, N.K.3 DESERT WARFARE, N.K.3   LAVATO A PIETRA.<\/p>\n<p>PESO G.: 82<br \/>\nPESO OZ.: 2.8<br \/>\nLUNGHEZZA DELLA LAMA (MM): 70<br \/>\nLUNGHEZZA DELLA LAMA (IN): 2,75<br \/>\nLUNGHEZZA TOTALE (MM): 153<br \/>\nLUNGHEZZA TOTALE (IN): 6<br \/>\nSPESSORE DELLA LAMA (MM): 6,3<br \/>\nSPESSORE DELLA LAMA (IN): 0,25<br \/>\nMATERIALE DELLA LAMA: ACCIAIO B\u00d6HLER N690 (58HRC)<br \/>\nFINITURA DELLA LAMA: NERO<br \/>\nGRIGLIA PRINCIPALE: PIATTA<br \/>\nMATERIALE DEL MANICO: ACCIAIO B\u00d6HLER N690 (58HRC)<\/p>\n","protected":false},"excerpt":{"rendered":"<p>Con sede a Prato, in Italia, <strong>Extrema Ratio<\/strong> progetta e produce coltelli da combattimento, militari, da cucina, da caccia e tattici ad alte prestazioni dal 1997 e vanta una reputazione di eccellenza che non ha eguali nel settore dei coltelli militari e tattici.<\/p>\n","protected":false},"featured_media":439893,"comment_status":"open","ping_status":"closed","template":"","meta":[],"pwb-brand":[3768],"product_brand":[],"product_cat":[3746,3745],"product_tag":[3755],"class_list":{"0":"post-439892","1":"product","2":"type-product","3":"status-publish","4":"has-post-thumbnail","6":"pwb-brand-rapporto-estremo","7":"product_cat-coltelli-solidi","8":"product_cat-coltelli","9":"product_tag-b2b-it","11":"first","12":"outofstock","13":"taxable","14":"shipping-taxable","15":"purchasable","16":"product-type-simple"},"brands":[{"id":3768,"name":"Rapporto estremo","slug":"rapporto-estremo"}],"_links":{"self":[{"href":"https:\/\/www.moskito.cz\/it\/wp-json\/wp\/v2\/product\/439892","targetHints":{"allow":["GET"]}}],"collection":[{"href":"https:\/\/www.moskito.cz\/it\/wp-json\/wp\/v2\/product"}],"about":[{"href":"https:\/\/www.moskito.cz\/it\/wp-json\/wp\/v2\/types\/product"}],"replies":[{"embeddable":true,"href":"https:\/\/www.moskito.cz\/it\/wp-json\/wp\/v2\/comments?post=439892"}],"wp:featuredmedia":[{"embeddable":true,"href":"https:\/\/www.moskito.cz\/it\/wp-json\/wp\/v2\/media\/439893"}],"wp:attachment":[{"href":"https:\/\/www.moskito.cz\/it\/wp-json\/wp\/v2\/media?parent=439892"}],"wp:term":[{"taxonomy":"pwb-brand","embeddable":true,"href":"https:\/\/www.moskito.cz\/it\/wp-json\/wp\/v2\/pwb-brand?post=439892"},{"taxonomy":"product_brand","embeddable":true,"href":"https:\/\/www.moskito.cz\/it\/wp-json\/wp\/v2\/product_brand?post=439892"},{"taxonomy":"product_cat","embeddable":true,"href":"https:\/\/www.moskito.cz\/it\/wp-json\/wp\/v2\/product_cat?post=439892"},{"taxonomy":"product_tag","embeddable":true,"href":"https:\/\/www.moskito.cz\/it\/wp-json\/wp\/v2\/product_tag?post=439892"}],"curies":[{"name":"wp","href":"https:\/\/api.w.org\/{rel}","templated":true}]}}