{"id":440551,"date":"2026-03-28T12:23:31","date_gmt":"2026-03-28T11:23:31","guid":{"rendered":"https:\/\/www.moskito.cz\/?post_type=product&#038;p=440551"},"modified":"2026-04-13T15:11:40","modified_gmt":"2026-04-13T14:11:40","slug":"zaviraci-nuz-emerson-mx-200","status":"publish","type":"product","link":"https:\/\/www.moskito.cz\/it\/produkt\/zaviraci-nuz-emerson-mx-200\/","title":{"rendered":"Zav\u00edrac\u00ed N\u016f\u017e Emerson MX-200"},"content":{"rendered":"<div class=\"flex flex-col text-sm\">\n<section class=\"text-token-text-primary w-full focus:outline-none [--shadow-height:45px] has-data-writing-block:pointer-events-none has-data-writing-block:-mt-(--shadow-height) has-data-writing-block:pt-(--shadow-height) [&amp;:has([data-writing-block])&gt;*]:pointer-events-auto scroll-mt-[calc(var(--header-height)+min(200px,max(70px,20svh)))]\" dir=\"auto\" data-turn-id=\"request-WEB:84a5b5bc-a6e5-4f85-bc88-91f86c76cbc9-22\" data-testid=\"conversation-turn-42\" data-scroll-anchor=\"true\" data-turn=\"assistant\">\n<div class=\"text-base my-auto mx-auto pb-10 [--thread-content-margin:var(--thread-content-margin-xs,calc(var(--spacing)*4))] @w-sm\/main:[--thread-content-margin:var(--thread-content-margin-sm,calc(var(--spacing)*6))] @w-lg\/main:[--thread-content-margin:var(--thread-content-margin-lg,calc(var(--spacing)*16))] px-(--thread-content-margin)\">\n<div class=\"[--thread-content-max-width:40rem] @w-lg\/main:[--thread-content-max-width:48rem] mx-auto max-w-(--thread-content-max-width) flex-1 group\/turn-messages focus-visible:outline-hidden relative flex w-full min-w-0 flex-col agent-turn\">\n<div class=\"flex max-w-full flex-col gap-4 grow\">\n<div class=\"min-h-8 text-message relative flex w-full flex-col items-end gap-2 text-start break-words whitespace-normal outline-none keyboard-focused:focus-ring [.text-message+&amp;]:mt-1\" dir=\"auto\" tabindex=\"0\" data-message-author-role=\"assistant\" data-message-id=\"ff6cd4d2-72a6-44ce-8ad7-5fe6309ab0b9\" data-message-model-slug=\"gpt-5-3\" data-turn-start-message=\"true\">\n<div class=\"flex w-full flex-col gap-1 empty:hidden\">\n<div class=\"markdown prose dark:prose-invert w-full wrap-break-word light markdown-new-styling\">\n<p data-start=\"0\" data-end=\"169\">Zav\u00edrac\u00ed n\u016f\u017e <strong data-start=\"13\" data-end=\"31\">Emerson MX-200<\/strong> je unik\u00e1tn\u00ed taktick\u00fd n\u016f\u017e inspirovan\u00fd tradi\u010dn\u00ed \u010depel\u00ed khukuri, navr\u017een\u00fd pro maxim\u00e1ln\u00ed \u0159ezn\u00fd v\u00fdkon a re\u00e1ln\u00e9 pou\u017eit\u00ed v n\u00e1ro\u010dn\u00fdch podm\u00ednk\u00e1ch.<\/p>\n<p data-start=\"171\" data-end=\"454\">Design tohoto modelu vych\u00e1z\u00ed z historick\u00e9 nep\u00e1lsk\u00e9 \u010depele khukuri, kter\u00e1 je zn\u00e1m\u00e1 svou v\u00fdraznou vnit\u0159n\u00ed k\u0159ivkou a mimo\u0159\u00e1dnou efektivitou p\u0159i sek\u00e1n\u00ed i tahov\u00fdch \u0159ezech. MX-200 tuto koncepci p\u0159en\u00e1\u0161\u00ed do modern\u00edho zav\u00edrac\u00edho no\u017ee a kombinuje ji s taktickou ergonomi\u00ed typickou pro Emerson.<\/p>\n<p data-start=\"456\" data-end=\"704\">V\u00fdsledkem je n\u00e1stroj, kter\u00fd na prvn\u00ed pohled p\u016fsob\u00ed netradi\u010dn\u011b, ale p\u0159i pr\u00e1ci okam\u017eit\u011b ukazuje sv\u016fj smysl. Charakteristick\u00e1 k\u0159ivka \u010depele \u201evtahuje\u201c materi\u00e1l do \u0159ezu a v\u00fdrazn\u011b zvy\u0161uje efektivitu \u2014 zejm\u00e9na p\u0159i tahov\u00fdch \u0159ezech, kde tento tvar exceluje.<\/p>\n<p data-start=\"706\" data-end=\"836\">MX-200 nen\u00ed n\u016f\u017e do vitr\u00edny. Je navr\u017een jako pracovn\u00ed n\u00e1stroj, kter\u00fd obstoj\u00ed v re\u00e1ln\u00e9m nasazen\u00ed \u2014 p\u0159esn\u011b v duchu filozofie Emerson.<\/p>\n<p data-start=\"838\" data-end=\"1030\">\u010cepel je vyrobena z oceli 154CM, kter\u00e1 nab\u00edz\u00ed spolehlivou v\u00fddr\u017e ost\u0159\u00ed, odolnost a p\u0159edev\u0161\u00edm snadnou \u00fadr\u017ebu i v ter\u00e9nu. Tento materi\u00e1l je dlouhodob\u011b osv\u011bd\u010den\u00fd pro no\u017ee ur\u010den\u00e9 k tvrd\u00e9mu pou\u017eit\u00ed.<\/p>\n<p data-start=\"1032\" data-end=\"1219\">Rukoje\u0165 z G-10 je ergonomicky tvarovan\u00e1 pro maxim\u00e1ln\u00ed kontrolu. D\u00edky v\u00fdrazn\u00e9mu tvarov\u00e1n\u00ed a jist\u00e9mu \u00fachopu umo\u017e\u0148uje bezpe\u010dn\u00e9 pou\u017eit\u00ed i p\u0159i silov\u00e9m \u0159ez\u00e1n\u00ed nebo pr\u00e1ci v n\u00e1ro\u010dn\u00fdch podm\u00ednk\u00e1ch.<\/p>\n<p data-start=\"1221\" data-end=\"1309\">MX-200 je d\u016fkazem, \u017ee tradi\u010dn\u00ed tvary mohou b\u00fdt pln\u011b funk\u010dn\u00ed i v modern\u00edm taktick\u00e9m no\u017ei.<\/p>\n<hr data-start=\"1311\" data-end=\"1314\" \/>\n<h2 data-section-id=\"1baaq9y\" data-start=\"1316\" data-end=\"1340\">Charakter a filozofie<\/h2>\n<p data-start=\"1341\" data-end=\"1424\">MX-200 je navr\u017een jako v\u00fdkonn\u00fd pracovn\u00ed n\u016f\u017e s d\u016frazem na maxim\u00e1ln\u00ed efektivitu \u0159ezu.<\/p>\n<p data-start=\"1426\" data-end=\"1550\">Khukuri tvar \u010depele s hlubok\u00fdm b\u0159ichem a recurve v\u00fdrazn\u011b zvy\u0161uje \u0159ezn\u00fd v\u00fdkon a umo\u017e\u0148uje efektivn\u00ed pr\u00e1ci s minim\u00e1ln\u00ed n\u00e1mahou.<\/p>\n<p data-start=\"1552\" data-end=\"1656\">N\u016f\u017e vynik\u00e1 p\u0159edev\u0161\u00edm p\u0159i tahov\u00fdch \u0159ezech, kde dok\u00e1\u017ee materi\u00e1l \u201ezachytit\u201c a v\u00e9st \u0159ez s vysokou kontrolou.<\/p>\n<p data-start=\"1658\" data-end=\"1736\">Filozofie modelu je jednoduch\u00e1 \u2014 funkce na prvn\u00edm m\u00edst\u011b, bez zbyte\u010dn\u00fdch prvk\u016f.<\/p>\n<hr data-start=\"1738\" data-end=\"1741\" \/>\n<h2 data-section-id=\"z259b9\" data-start=\"1743\" data-end=\"1758\">\ud83c\udfed O v\u00fdrobci<\/h2>\n<p data-start=\"1759\" data-end=\"1864\">Emerson Knives je americk\u00e1 zna\u010dka zam\u011b\u0159en\u00e1 na v\u00fdrobu taktick\u00fdch no\u017e\u016f pro profesion\u00e1ln\u00ed i civiln\u00ed pou\u017eit\u00ed.<\/p>\n<p data-start=\"1866\" data-end=\"2008\">Model MX-200 navrhl Lucas Emerson, kter\u00fd navazuje na odkaz sv\u00e9ho otce Ernesta Emersona a p\u0159in\u00e1\u0161\u00ed modern\u00ed interpretaci klasick\u00fdch tvar\u016f \u010depel\u00ed.<\/p>\n<p data-start=\"2010\" data-end=\"2092\">No\u017ee Emerson jsou zn\u00e1m\u00e9 svou odolnost\u00ed, jednoduchost\u00ed a d\u016frazem na re\u00e1ln\u00e9 pou\u017eit\u00ed.<\/p>\n<hr data-start=\"2094\" data-end=\"2097\" \/>\n<h2 data-section-id=\"1qwgnog\" data-start=\"2099\" data-end=\"2126\">\u2699\ufe0f Technick\u00e9 specifikace<\/h2>\n<div class=\"TyagGW_tableContainer\">\n<div class=\"group TyagGW_tableWrapper flex flex-col-reverse w-fit\" tabindex=\"-1\">\n<table class=\"w-fit min-w-(--thread-content-width)\" data-start=\"2162\" data-end=\"2627\">\n<thead data-start=\"2162\" data-end=\"2184\">\n<tr data-start=\"2162\" data-end=\"2184\">\n<th class=\"\" data-start=\"2162\" data-end=\"2173\" data-col-size=\"sm\">Parametr<\/th>\n<th class=\"\" data-start=\"2173\" data-end=\"2184\" data-col-size=\"sm\">Hodnota<\/th>\n<\/tr>\n<\/thead>\n<tbody data-start=\"2207\" data-end=\"2627\">\n<tr data-start=\"2207\" data-end=\"2245\">\n<td data-start=\"2207\" data-end=\"2223\" data-col-size=\"sm\">Celkov\u00e1 d\u00e9lka<\/td>\n<td data-start=\"2223\" data-end=\"2245\" data-col-size=\"sm\"><strong data-start=\"2225\" data-end=\"2243\">8.7&#8243; (22,1 cm)<\/strong><\/td>\n<\/tr>\n<tr data-start=\"2246\" data-end=\"2282\">\n<td data-start=\"2246\" data-end=\"2261\" data-col-size=\"sm\">D\u00e9lka \u010depele<\/td>\n<td data-start=\"2261\" data-end=\"2282\" data-col-size=\"sm\"><strong data-start=\"2263\" data-end=\"2280\">3.7&#8243; (9,4 cm)<\/strong><\/td>\n<\/tr>\n<tr data-start=\"2283\" data-end=\"2324\">\n<td data-start=\"2283\" data-end=\"2301\" data-col-size=\"sm\">Tlou\u0161\u0165ka \u010depele<\/td>\n<td data-col-size=\"sm\" data-start=\"2301\" data-end=\"2324\"><strong data-start=\"2303\" data-end=\"2322\">0.125&#8243; (3,2 mm)<\/strong><\/td>\n<\/tr>\n<tr data-start=\"2325\" data-end=\"2356\">\n<td data-start=\"2325\" data-end=\"2343\" data-col-size=\"sm\">Materi\u00e1l \u010depele<\/td>\n<td data-col-size=\"sm\" data-start=\"2343\" data-end=\"2356\"><strong data-start=\"2345\" data-end=\"2354\">154CM<\/strong><\/td>\n<\/tr>\n<tr data-start=\"2357\" data-end=\"2396\">\n<td data-start=\"2357\" data-end=\"2371\" data-col-size=\"sm\">Tvar \u010depele<\/td>\n<td data-start=\"2371\" data-end=\"2396\" data-col-size=\"sm\"><strong data-start=\"2373\" data-end=\"2394\">Khukuri (recurve)<\/strong><\/td>\n<\/tr>\n<tr data-start=\"2397\" data-end=\"2426\">\n<td data-start=\"2397\" data-end=\"2406\" data-col-size=\"sm\">V\u00fdbrus<\/td>\n<td data-col-size=\"sm\" data-start=\"2406\" data-end=\"2426\"><strong data-start=\"2408\" data-end=\"2424\">Chisel grind<\/strong><\/td>\n<\/tr>\n<tr data-start=\"2427\" data-end=\"2459\">\n<td data-start=\"2427\" data-end=\"2447\" data-col-size=\"sm\">Materi\u00e1l rukojeti<\/td>\n<td data-start=\"2447\" data-end=\"2459\" data-col-size=\"sm\"><strong data-start=\"2449\" data-end=\"2457\">G-10<\/strong><\/td>\n<\/tr>\n<tr data-start=\"2460\" data-end=\"2489\">\n<td data-start=\"2460\" data-end=\"2471\" data-col-size=\"sm\">Pojistka<\/td>\n<td data-col-size=\"sm\" data-start=\"2471\" data-end=\"2489\"><strong data-start=\"2473\" data-end=\"2487\">Liner Lock<\/strong><\/td>\n<\/tr>\n<tr data-start=\"2490\" data-end=\"2511\">\n<td data-start=\"2490\" data-end=\"2497\" data-col-size=\"sm\">Klip<\/td>\n<td data-start=\"2497\" data-end=\"2511\" data-col-size=\"sm\"><strong data-start=\"2499\" data-end=\"2509\">Tip-Up<\/strong><\/td>\n<\/tr>\n<tr data-start=\"2512\" data-end=\"2557\">\n<td data-start=\"2512\" data-end=\"2524\" data-col-size=\"sm\">Otev\u00edr\u00e1n\u00ed<\/td>\n<td data-start=\"2524\" data-end=\"2557\" data-col-size=\"sm\"><strong data-start=\"2526\" data-end=\"2555\">Thumb disk \/ Wave feature<\/strong><\/td>\n<\/tr>\n<tr data-start=\"2558\" data-end=\"2606\">\n<td data-start=\"2558\" data-end=\"2569\" data-col-size=\"sm\">Typ no\u017ee<\/td>\n<td data-start=\"2569\" data-end=\"2606\" data-col-size=\"sm\"><strong data-start=\"2571\" data-end=\"2604\">Zav\u00edrac\u00ed (taktick\u00fd, pracovn\u00ed)<\/strong><\/td>\n<\/tr>\n<tr data-start=\"2607\" data-end=\"2627\">\n<td data-start=\"2607\" data-end=\"2616\" data-col-size=\"sm\">V\u00fdroba<\/td>\n<td data-start=\"2616\" data-end=\"2627\" data-col-size=\"sm\"><strong data-start=\"2618\" data-end=\"2625\">USA<\/strong><\/td>\n<\/tr>\n<\/tbody>\n<\/table>\n<\/div>\n<\/div>\n<hr data-start=\"2629\" data-end=\"2632\" \/>\n<h2 data-section-id=\"14b0e0x\" data-start=\"2634\" data-end=\"2652\">\u2705 Hlavn\u00ed v\u00fdhody<\/h2>\n<ul data-start=\"2653\" data-end=\"2889\">\n<li data-section-id=\"1gddxkc\" data-start=\"2653\" data-end=\"2711\">Khukuri \u010depel \u2013 extr\u00e9mn\u011b efektivn\u00ed p\u0159i tahov\u00fdch \u0159ezech<\/li>\n<li data-section-id=\"lm5yh1\" data-start=\"2712\" data-end=\"2755\">Vysok\u00fd \u0159ezn\u00fd v\u00fdkon p\u0159i minim\u00e1ln\u00ed n\u00e1maze<\/li>\n<li data-section-id=\"4qu5ht\" data-start=\"2756\" data-end=\"2801\">Ocel 154CM \u2013 snadn\u00e1 \u00fadr\u017eba a spolehlivost<\/li>\n<li data-section-id=\"8z7i2p\" data-start=\"2802\" data-end=\"2850\">Ergonomick\u00e1 rukoje\u0165 \u2013 bezpe\u010dn\u00fd a jist\u00fd \u00fachop<\/li>\n<li data-section-id=\"8uyr5n\" data-start=\"2851\" data-end=\"2889\">Unik\u00e1tn\u00ed design s re\u00e1ln\u00fdm vyu\u017eit\u00edm<\/li>\n<\/ul>\n<hr data-start=\"2891\" data-end=\"2894\" \/>\n<h2 data-section-id=\"1p6p4te\" data-start=\"2896\" data-end=\"2915\">\u26a0\ufe0f Mo\u017en\u00e1 omezen\u00ed<\/h2>\n<ul data-start=\"2916\" data-end=\"3032\">\n<li data-section-id=\"128fydz\" data-start=\"2916\" data-end=\"2955\">Netypick\u00fd tvar \u010depele vy\u017eaduje zvyk<\/li>\n<li data-section-id=\"1naec1v\" data-start=\"2956\" data-end=\"2994\">Hor\u0161\u00ed kontrola p\u0159i jemn\u00fdch prac\u00edch<\/li>\n<li data-section-id=\"ws69xn\" data-start=\"2995\" data-end=\"3032\">N\u00e1ro\u010dn\u011bj\u0161\u00ed brou\u0161en\u00ed recurve \u010d\u00e1sti<\/li>\n<\/ul>\n<hr data-start=\"3034\" data-end=\"3037\" \/>\n<h2 data-section-id=\"1fc2qpi\" data-start=\"3039\" data-end=\"3059\">\ud83d\udee0\ufe0f \u00dadr\u017eba a p\u00e9\u010de<\/h2>\n<ul data-start=\"3060\" data-end=\"3229\">\n<li data-section-id=\"1ih18cj\" data-start=\"3060\" data-end=\"3095\">Po pou\u017eit\u00ed \u010depel o\u010disti a osu\u0161\u00ed<\/li>\n<li data-section-id=\"srnj9c\" data-start=\"3096\" data-end=\"3126\">Pravideln\u011b kontroluj ost\u0159\u00ed<\/li>\n<li data-section-id=\"1mwuprr\" data-start=\"3127\" data-end=\"3156\">Promaz\u00e1vej \u010dep a pojistku<\/li>\n<li data-section-id=\"gb515n\" data-start=\"3157\" data-end=\"3179\">Udr\u017euj n\u016f\u017e v suchu<\/li>\n<li data-section-id=\"avn8pv\" data-start=\"3180\" data-end=\"3229\">P\u0159i brou\u0161en\u00ed v\u011bnuj pozornost zak\u0159iven\u00ed \u010depele<\/li>\n<\/ul>\n<hr data-start=\"3231\" data-end=\"3234\" \/>\n<h2 data-section-id=\"74672s\" data-start=\"3236\" data-end=\"3272\">\ud83d\udd2a Pro udr\u017een\u00ed ost\u0159\u00ed doporu\u010dujeme<\/h2>\n<p data-start=\"3273\" data-end=\"3419\">Pro zachov\u00e1n\u00ed maxim\u00e1ln\u00ed ostrosti nitrogenov\u00e9 oceli doporu\u010dujeme pou\u017e\u00edvat kvalitn\u00ed brusn\u00fd syst\u00e9m, kter\u00fd umo\u017en\u00ed rychlou a p\u0159esnou \u00fadr\u017ebu i v ter\u00e9nu.<\/p>\n<p data-start=\"3421\" data-end=\"3516\">Ide\u00e1ln\u00ed volbou je Spyderco Tri-Angle Sharpmaker Complete Sharpening System 204MF, kter\u00fd nab\u00edz\u00ed:<\/p>\n<ul data-start=\"3518\" data-end=\"3677\">\n<li data-section-id=\"3cyx38\" data-start=\"3518\" data-end=\"3564\">p\u0159esn\u00e9 a konzistentn\u00ed veden\u00ed \u00fahlu brou\u0161en\u00ed<\/li>\n<li data-section-id=\"1wd3cvn\" data-start=\"3565\" data-end=\"3614\">\u0161etrnou \u00fadr\u017ebu bez nadm\u011brn\u00e9ho \u00fab\u011bru materi\u00e1lu<\/li>\n<li data-section-id=\"1jcxbgp\" data-start=\"3615\" data-end=\"3677\">jednoduch\u00e9 a bezpe\u010dn\u00e9 pou\u017eit\u00ed i pro m\u00e9n\u011b zku\u0161en\u00e9 u\u017eivatele<\/li>\n<\/ul>\n<p data-start=\"3679\" data-end=\"3743\">D\u00edky tomu si \u010depel zachov\u00e1 spolehliv\u00fd v\u00fdkon a dlouhou \u017eivotnost.<\/p>\n<p data-start=\"3745\" data-end=\"3786\">\ud83d\uded2 Zakoup\u00edte na na\u0161ich str\u00e1nk\u00e1ch Moskito.<\/p>\n<hr data-start=\"3788\" data-end=\"3791\" \/>\n<h2 data-section-id=\"4dnjoh\" data-start=\"3793\" data-end=\"3813\">\ud83c\udfaf Doporu\u010deno pro<\/h2>\n<ul data-start=\"3814\" data-end=\"3939\">\n<li data-section-id=\"169fatq\" data-start=\"3814\" data-end=\"3834\">Taktick\u00e9 pou\u017eit\u00ed<\/li>\n<li data-section-id=\"12rqkjl\" data-start=\"3835\" data-end=\"3857\">Outdoor a survival<\/li>\n<li data-section-id=\"1xyqscu\" data-start=\"3858\" data-end=\"3885\">Tvrd\u00e9 pracovn\u00ed nasazen\u00ed<\/li>\n<li data-section-id=\"1yqja76\" data-start=\"3886\" data-end=\"3907\">Zku\u0161en\u00e9 u\u017eivatele<\/li>\n<li data-section-id=\"16g5qfx\" data-start=\"3908\" data-end=\"3939\">Sb\u011bratele netradi\u010dn\u00edch no\u017e\u016f<\/li>\n<\/ul>\n<hr data-start=\"3941\" data-end=\"3944\" \/>\n<h2 data-section-id=\"1b63n2x\" data-start=\"3946\" data-end=\"3970\">\u2b50 Z\u00e1v\u011bre\u010dn\u00e9 hodnocen\u00ed<\/h2>\n<p data-start=\"3971\" data-end=\"4057\">Emerson MX-200 je n\u016f\u017e s v\u00fdrazn\u00fdm charakterem, kter\u00fd stav\u00ed na funkci, ne na kompromisu.<\/p>\n<p data-start=\"4059\" data-end=\"4184\">Spojuje tradi\u010dn\u00ed tvar khukuri s modern\u00edm taktick\u00fdm designem a vytv\u00e1\u0159\u00ed n\u00e1stroj, kter\u00fd je extr\u00e9mn\u011b efektivn\u00ed v re\u00e1ln\u00e9m pou\u017eit\u00ed.<\/p>\n<p data-start=\"4186\" data-end=\"4252\" data-is-last-node=\"\" data-is-only-node=\"\">MX-200 \u2013 s\u00edla, kontrola a maxim\u00e1ln\u00ed \u0159ezn\u00fd v\u00fdkon bez kompromis\u016f. \ud83d\udd25<\/p>\n<\/div>\n<\/div>\n<\/div>\n<\/div>\n<\/div>\n<\/div>\n<\/section>\n<\/div>\n<div class=\"pointer-events-none h-px w-px absolute bottom-0\" aria-hidden=\"true\" data-edge=\"true\"><\/div>\n","protected":false},"excerpt":{"rendered":"<div class=\"flex flex-col text-sm\">\n<section class=\"text-token-text-primary w-full focus:outline-none [--shadow-height:45px] has-data-writing-block:pointer-events-none has-data-writing-block:-mt-(--shadow-height) has-data-writing-block:pt-(--shadow-height) [&amp;:has([data-writing-block])&gt;*]:pointer-events-auto scroll-mt-[calc(var(--header-height)+min(200px,max(70px,20svh)))]\" dir=\"auto\" data-turn-id=\"request-WEB:84a5b5bc-a6e5-4f85-bc88-91f86c76cbc9-22\" data-testid=\"conversation-turn-42\" data-scroll-anchor=\"true\" data-turn=\"assistant\">\n<div class=\"text-base my-auto mx-auto pb-10 [--thread-content-margin:var(--thread-content-margin-xs,calc(var(--spacing)*4))] @w-sm\/main:[--thread-content-margin:var(--thread-content-margin-sm,calc(var(--spacing)*6))] @w-lg\/main:[--thread-content-margin:var(--thread-content-margin-lg,calc(var(--spacing)*16))] px-(--thread-content-margin)\">\n<div class=\"[--thread-content-max-width:40rem] @w-lg\/main:[--thread-content-max-width:48rem] mx-auto max-w-(--thread-content-max-width) flex-1 group\/turn-messages focus-visible:outline-hidden relative flex w-full min-w-0 flex-col agent-turn\">\n<div class=\"flex max-w-full flex-col gap-4 grow\">\n<div class=\"min-h-8 text-message relative flex w-full flex-col items-end gap-2 text-start break-words whitespace-normal outline-none keyboard-focused:focus-ring [.text-message+&amp;]:mt-1\" dir=\"auto\" tabindex=\"0\" data-message-author-role=\"assistant\" data-message-id=\"ff6cd4d2-72a6-44ce-8ad7-5fe6309ab0b9\" data-message-model-slug=\"gpt-5-3\" data-turn-start-message=\"true\">\n<div class=\"flex w-full flex-col gap-1 empty:hidden\">\n<div class=\"markdown prose dark:prose-invert w-full wrap-break-word light markdown-new-styling\">\n<p data-start=\"3971\" data-end=\"4057\"><strong>Emerson MX-200 je n\u016f\u017e s v\u00fdrazn\u00fdm charakterem, kter\u00fd stav\u00ed na funkci, ne na kompromisu.<\/strong><\/p>\n<p data-start=\"4059\" data-end=\"4184\"><strong>Spojuje tradi\u010dn\u00ed tvar khukuri s modern\u00edm taktick\u00fdm designem a vytv\u00e1\u0159\u00ed n\u00e1stroj, kter\u00fd je extr\u00e9mn\u011b efektivn\u00ed v re\u00e1ln\u00e9m pou\u017eit\u00ed.<\/strong><\/p>\n<p data-start=\"4186\" data-end=\"4252\" data-is-last-node=\"\" data-is-only-node=\"\"><strong>MX-200 \u2013 s\u00edla, kontrola a maxim\u00e1ln\u00ed \u0159ezn\u00fd v\u00fdkon bez kompromis\u016f. \ud83d\udd25<\/strong><\/p>\n<\/div>\n<\/div>\n<\/div>\n<\/div>\n<\/div>\n<\/div>\n<\/section>\n<\/div>\n<div class=\"pointer-events-none h-px w-px absolute bottom-0\" aria-hidden=\"true\" data-edge=\"true\"><strong>Doprava zdarma.<\/strong><\/div>\n","protected":false},"featured_media":440552,"comment_status":"open","ping_status":"closed","template":"","meta":[],"pwb-brand":[248],"product_brand":[],"product_cat":[22,17],"product_tag":[],"class_list":{"0":"post-440551","1":"product","2":"type-product","3":"status-publish","4":"has-post-thumbnail","6":"pwb-brand-emerson","7":"product_cat-zaviraci-noze","8":"product_cat-noze","10":"first","11":"outofstock","12":"taxable","13":"shipping-taxable","14":"purchasable","15":"product-type-simple"},"brands":[{"id":248,"name":"Emerson","slug":"emerson"}],"_links":{"self":[{"href":"https:\/\/www.moskito.cz\/it\/wp-json\/wp\/v2\/product\/440551","targetHints":{"allow":["GET"]}}],"collection":[{"href":"https:\/\/www.moskito.cz\/it\/wp-json\/wp\/v2\/product"}],"about":[{"href":"https:\/\/www.moskito.cz\/it\/wp-json\/wp\/v2\/types\/product"}],"replies":[{"embeddable":true,"href":"https:\/\/www.moskito.cz\/it\/wp-json\/wp\/v2\/comments?post=440551"}],"wp:featuredmedia":[{"embeddable":true,"href":"https:\/\/www.moskito.cz\/it\/wp-json\/wp\/v2\/media\/440552"}],"wp:attachment":[{"href":"https:\/\/www.moskito.cz\/it\/wp-json\/wp\/v2\/media?parent=440551"}],"wp:term":[{"taxonomy":"pwb-brand","embeddable":true,"href":"https:\/\/www.moskito.cz\/it\/wp-json\/wp\/v2\/pwb-brand?post=440551"},{"taxonomy":"product_brand","embeddable":true,"href":"https:\/\/www.moskito.cz\/it\/wp-json\/wp\/v2\/product_brand?post=440551"},{"taxonomy":"product_cat","embeddable":true,"href":"https:\/\/www.moskito.cz\/it\/wp-json\/wp\/v2\/product_cat?post=440551"},{"taxonomy":"product_tag","embeddable":true,"href":"https:\/\/www.moskito.cz\/it\/wp-json\/wp\/v2\/product_tag?post=440551"}],"curies":[{"name":"wp","href":"https:\/\/api.w.org\/{rel}","templated":true}]}}