{"id":264370,"date":"2024-02-02T21:36:35","date_gmt":"2024-02-02T20:36:35","guid":{"rendered":"https:\/\/www.moskito.cz\/hurt\/"},"modified":"2025-03-31T10:34:10","modified_gmt":"2025-03-31T09:34:10","slug":"hurt","status":"publish","type":"page","link":"https:\/\/www.moskito.cz\/pl\/hurt\/","title":{"rendered":"Hurt"},"content":{"rendered":"\t\t<div data-elementor-type=\"wp-page\" data-elementor-id=\"264370\" class=\"elementor elementor-264370 elementor-258889\" data-elementor-post-type=\"page\">\n\t\t\t\t\t\t<section data-particle_enable=\"false\" data-particle-mobile-disabled=\"false\" class=\"elementor-section elementor-top-section elementor-element elementor-element-8df3e1f elementor-section-boxed elementor-section-height-default elementor-section-height-default\" data-id=\"8df3e1f\" data-element_type=\"section\" data-e-type=\"section\">\n\t\t\t\t\t\t<div class=\"elementor-container elementor-column-gap-default\">\n\t\t\t\t\t<div class=\"elementor-column elementor-col-100 elementor-top-column elementor-element elementor-element-259ec6e\" data-id=\"259ec6e\" data-element_type=\"column\" data-e-type=\"column\">\n\t\t\t<div class=\"elementor-widget-wrap elementor-element-populated\">\n\t\t\t\t\t\t<div class=\"elementor-element elementor-element-448f9ee elementor-widget elementor-widget-heading\" data-id=\"448f9ee\" data-element_type=\"widget\" data-e-type=\"widget\" data-widget_type=\"heading.default\">\n\t\t\t\t\t<h2 class=\"elementor-heading-title elementor-size-default\">Hurtownia Moskito<\/h2>\t\t\t\t<\/div>\n\t\t\t\t\t<\/div>\n\t\t<\/div>\n\t\t\t\t\t<\/div>\n\t\t<\/section>\n\t\t\t\t<section data-particle_enable=\"false\" data-particle-mobile-disabled=\"false\" class=\"elementor-section elementor-top-section elementor-element elementor-element-4626ff31 elementor-section-height-min-height elementor-section-items-top elementor-section-boxed elementor-section-height-default\" data-id=\"4626ff31\" data-element_type=\"section\" data-e-type=\"section\">\n\t\t\t\t\t\t<div class=\"elementor-container elementor-column-gap-default\">\n\t\t\t\t\t<div class=\"elementor-column elementor-col-50 elementor-top-column elementor-element elementor-element-4b65fae1\" data-id=\"4b65fae1\" data-element_type=\"column\" data-e-type=\"column\">\n\t\t\t<div class=\"elementor-widget-wrap elementor-element-populated\">\n\t\t\t\t\t\t<div class=\"elementor-element elementor-element-6832d76 elementor-widget elementor-widget-heading\" data-id=\"6832d76\" data-element_type=\"widget\" data-e-type=\"widget\" data-widget_type=\"heading.default\">\n\t\t\t\t\t<h4 class=\"elementor-heading-title elementor-size-default\">Zaloguj sie<\/h4>\t\t\t\t<\/div>\n\t\t\t\t<div class=\"elementor-element elementor-element-7c32c06 elementor-widget elementor-widget-shortcode\" data-id=\"7c32c06\" data-element_type=\"widget\" data-e-type=\"widget\" data-widget_type=\"shortcode.default\">\n\t\t\t\t\t\t\t<div class=\"elementor-shortcode\"><div class=\"woocommerce\"><form class=\"woocommerce-form woocommerce-form-login login\" method=\"post\" >\n\n\t\n\t\n\t<p class=\"form-row form-row-first\">\n\t\t<label for=\"username\">Nazwa u\u017cytkownika lub adres e-mail&nbsp;<span class=\"required\" aria-hidden=\"true\">*<\/span><span class=\"screen-reader-text\">Wymagane<\/span><\/label>\n\t\t<input type=\"text\" class=\"input-text\" name=\"username\" id=\"username\" autocomplete=\"username\" required aria-required=\"true\" \/>\n\t<\/p>\n\t<p class=\"form-row form-row-last\">\n\t\t<label for=\"password\">Has\u0142o&nbsp;<span class=\"required\" aria-hidden=\"true\">*<\/span><span class=\"screen-reader-text\">Wymagane<\/span><\/label>\n\t\t<input class=\"input-text woocommerce-Input\" type=\"password\" name=\"password\" id=\"password\" autocomplete=\"current-password\" required aria-required=\"true\" \/>\n\t<\/p>\n\t<div class=\"clear\"><\/div>\n\n\t\n\t<p class=\"form-row\">\n\t\t<label class=\"woocommerce-form__label woocommerce-form__label-for-checkbox woocommerce-form-login__rememberme\">\n\t\t\t<input class=\"woocommerce-form__input woocommerce-form__input-checkbox\" name=\"rememberme\" type=\"checkbox\" id=\"rememberme\" value=\"forever\" \/> <span>Zapami\u0119taj mnie<\/span>\n\t\t<\/label>\n\t\t<input type=\"hidden\" id=\"woocommerce-login-nonce\" name=\"woocommerce-login-nonce\" value=\"838ff3546c\" \/><input type=\"hidden\" name=\"_wp_http_referer\" value=\"\/pl\/wp-json\/wp\/v2\/pages\/264370\" \/>\t\t<input type=\"hidden\" name=\"redirect\" value=\"http:\/\/1\" \/>\n\t\t<button type=\"submit\" class=\"woocommerce-button button woocommerce-form-login__submit\" name=\"login\" value=\"Logowanie\">Logowanie<\/button>\n\t<\/p>\n\t<p class=\"lost_password\">\n\t\t<a href=\"https:\/\/www.moskito.cz\/pl\/moje-konto\/lost-password\/\">Nie pami\u0119tasz has\u0142a?<\/a>\n\t<\/p>\n\n\t<div class=\"clear\"><\/div>\n\n\t\n<input\n                    class=\"apbct_special_field apbct_email_id__elementor_form\"\n                    name=\"apbct__email_id__elementor_form\"\n                    aria-label=\"apbct__label_id__elementor_form\"\n                    type=\"text\" size=\"30\" maxlength=\"200\" autocomplete=\"off\"\n                    value=\"\"\n                \/><\/form>\n<\/div><\/div>\n\t\t\t\t\t\t<\/div>\n\t\t\t\t\t<\/div>\n\t\t<\/div>\n\t\t\t\t<div class=\"elementor-column elementor-col-50 elementor-top-column elementor-element elementor-element-396bcb0\" data-id=\"396bcb0\" data-element_type=\"column\" data-e-type=\"column\">\n\t\t\t<div class=\"elementor-widget-wrap elementor-element-populated\">\n\t\t\t\t\t\t<div class=\"elementor-element elementor-element-516a590 elementor-align-center elementor-widget elementor-widget-button\" data-id=\"516a590\" data-element_type=\"widget\" data-e-type=\"widget\" data-widget_type=\"button.default\">\n\t\t\t\t\t\t\t\t\t\t<a class=\"elementor-button elementor-size-sm\" role=\"button\">\n\t\t\t\t\t\t<span class=\"elementor-button-content-wrapper\">\n\t\t\t\t\t\t\t\t\t<span class=\"elementor-button-text\">ZAREJESTRUJ FIRM\u0118<\/span>\n\t\t\t\t\t<\/span>\n\t\t\t\t\t<\/a>\n\t\t\t\t\t\t\t\t<\/div>\n\t\t\t\t<div class=\"elementor-element elementor-element-ebc0a8a elementor-widget elementor-widget-text-editor\" data-id=\"ebc0a8a\" data-element_type=\"widget\" data-e-type=\"widget\" data-widget_type=\"text-editor.default\">\n\t\t\t\t\t\t\t\t\t<p><strong>Regulamin sprzeda\u017cy hurtowej:<\/strong><\/p><ol><li>wy\u015blij nam wyci\u0105g z OR na adres e-mail <span \n                data-original-string='Oljlrt2Gvr8ieEq6pS8HZg==54e5IDcz7NJXtWYdIVqq0tKwQ=='\n                class='apbct-email-encoder'\n                title='This contact has been encoded by Anti-Spam by CleanTalk. Click to decode. To finish the decoding make sure that JavaScript is enabled in your browser.'>in<span class=\"apbct-blur\">**<\/span>@<span class=\"apbct-blur\">*****<\/span>to.cz<\/span><\/li><li>zarejestruj si\u0119 poprzez nasz formularz<\/li><li>rejestracja musi zosta\u0107 przez nas zatwierdzona. O aktywacji konta VO poinformujemy Ci\u0119 e-mailem<\/li><\/ol><p> <\/p><p><strong>Inne warunki<\/strong><\/p><ul><li>wysy\u0142ka jest BEZP\u0141ATNA dla hurtownik\u00f3w przy zakupach powy\u017cej 5000 CZK bez VAT lub 230 \u20ac bez VAT<\/li><li>1. zam\u00f3wienie dla hurtownik\u00f3w wynosi ponad 5000 CZK bez VAT (magazynowanie)<\/li><\/ul><p><br>Kopiowanie zdj\u0119\u0107 i tekst\u00f3w ze sklepu internetowego www.moskito.cz jest zabronione. Naruszenie warunk\u00f3w sprzeda\u017cy hurtowej mo\u017ce skutkowa\u0107 zako\u0144czeniem wsp\u00f3\u0142pracy. Wszelkie zmiany, zmiany cen, b\u0142\u0119dy w sklepie internetowym s\u0105 zastrze\u017cone.<\/p><p> <\/p>\t\t\t\t\t\t\t\t<\/div>\n\t\t\t\t<div class=\"elementor-element elementor-element-d8fab36 elementor-widget elementor-widget-shortcode\" data-id=\"d8fab36\" data-element_type=\"widget\" data-e-type=\"widget\" data-widget_type=\"shortcode.default\">\n\t\t\t\t\t\t\t<div class=\"elementor-shortcode\">\t\t\t<h2 class=\"b2bking_b2bregistration_only_register_header\">\n\t\t\tZarejestruj si\u0119<\/h2>\n\t\t\t<div class=\"woocommerce\">\n\t\t\t\t<form method=\"post\" class=\"woocommerce-form woocommerce-form-register register\" enctype=\"multipart\/form-data\" >\n\n\t\t\t\t\t\n\t\t\t\t\t\n\t\t\t\t\t<p class=\"woocommerce-form-row woocommerce-form-row--wide form-row form-row-wide\">\n\t\t\t\t\t\t<label for=\"reg_email\">Adres e-mail&nbsp;<span class=\"required\">*<\/span><\/label>\n\t\t\t\t\t\t<input type=\"email\" class=\"woocommerce-Input woocommerce-Input--text input-text\" name=\"email\" id=\"reg_email\" autocomplete=\"email\" value=\"\" \/>\n\t\t\t\t\t<\/p>\n\n\t\t\t\t\t\n\t\t\t\t\t\t<p class=\"woocommerce-form-row woocommerce-form-row--wide form-row form-row-wide\">\n\t\t\t\t\t\t\t<label for=\"reg_password\">Has\u0142o&nbsp;<span class=\"required\">*<\/span><\/label>\n\t\t\t\t\t\t\t<input type=\"password\" class=\"woocommerce-Input woocommerce-Input--text input-text\" name=\"password\" id=\"reg_password\" autocomplete=\"new-password\" \/>\n\t\t\t\t\t\t<\/p>\n\n\t\t\t\t\t\n\t\t\t\t\t\t\t\t\t\t\t<p class=\"woocommerce-form-row woocommerce-form-row--wide form-row form-row-wide b2bking_registration_roles_dropdown_section b2bking_registration_roles_dropdown_section_hidden\">\n\t\t\t\t\t\t\t\t\t\t\t\t\t\t<label for=\"b2bking_registration_roles_dropdown\">\n\t\t\t\t\t\t\t\tTyp u\u017cytkownika&nbsp;<span class=\"required\">*<\/span>\n\t\t\t\t\t\t\t<\/label>\n\t\t\t\t\t\t\t<select id=\"b2bking_registration_roles_dropdown\" name=\"b2bking_registration_roles_dropdown\" required>\n\t\t\t\t\t\t\t\t<option value=\"\" >\u2013 \u2013 \u2013 Select User Role \u2013 \u2013 \u2013<\/option><option value=\"role_258876\" >Individual Customer<\/option><option value=\"role_258877\"  selected='selected'>B2B (vy\u017eaduje autorizaci)<\/option>\t\t\t\t\t\t\t<\/select>\n\t\t\t\t\t\t<\/p>\n\t\t\t\t\t\t<div class=\" b2bking_custom_registration_container b2bking_custom_registration_container_field_258878 b2bking_custom_registration_role_258877\"><p class=\"woocommerce-form-row woocommerce-form-row--wide form-row form-row-wide \"><label for=\"b2bking_field_258878\">Jm\u00e9no&nbsp;<span class=\"required\">*<\/span><\/label><input type=\"text\" id=\"b2bking_field_258878\" class=\"b2bking_custom_registration_field b2bking_custom_field_req_required\" name=\"b2bking_custom_field_258878\" value=\"\" placeholder=\"\" required><\/p><\/div><div class=\" b2bking_custom_registration_container b2bking_custom_registration_container_field_258879 b2bking_custom_registration_role_258877\"><p class=\"woocommerce-form-row woocommerce-form-row--wide form-row form-row-wide \"><label for=\"b2bking_field_258879\">P\u0159\u00edjmen\u00ed&nbsp;<span class=\"required\">*<\/span><\/label><input type=\"text\" id=\"b2bking_field_258879\" class=\"b2bking_custom_registration_field b2bking_custom_field_req_required\" name=\"b2bking_custom_field_258879\" value=\"\" placeholder=\"\" required><\/p><\/div><div class=\" b2bking_custom_registration_container b2bking_custom_registration_container_field_258886 b2bking_custom_registration_role_258877\"><p class=\"woocommerce-form-row woocommerce-form-row--wide form-row form-row-wide b2bking_country_or_state\"><label for=\"b2bking_custom_field_258886\">St\u00e1t&nbsp;<span class=\"required\">*<\/span><\/label><p class=\"form-row b2bking_country_field_selector b2bking_custom_registration_field b2bking_custom_field_req_required b2bking_country_field_req_required\" id=\"b2bking_custom_field_258886_field\" data-priority=\"\"><span class=\"woocommerce-input-wrapper\"><select name=\"b2bking_custom_field_258886\" id=\"b2bking_custom_field_258886\" class=\"country_to_state country_select \"  data-placeholder=\"Wybierz kraj\/region&hellip;\" ><option value=\"\">Wybierz kraj\/region&hellip;<\/option><option value=\"BE\" >Belgia<\/option><option value=\"BG\" >Bu\u0142garia<\/option><option value=\"HR\" >Chorwacja<\/option><option value=\"DK\" >Dania<\/option><option value=\"EE\" >Estonia<\/option><option value=\"FI\" >Finlandia<\/option><option value=\"FR\" >Francja<\/option><option value=\"IE\" >Irlandia<\/option><option value=\"IT\" >W\u0142ochy<\/option><option value=\"CY\" >Cypr<\/option><option value=\"LV\" >\u0141otwa<\/option><option value=\"LU\" >Luksemburg<\/option><option value=\"HU\" >W\u0119gry<\/option><option value=\"NL\" >Holandia<\/option><option value=\"NO\" >Norwegia<\/option><option value=\"DE\" >Niemcy<\/option><option value=\"PL\" >Polska<\/option><option value=\"PT\" >Portugalia<\/option><option value=\"AT\" >Austria<\/option><option value=\"RO\" >Rumunia<\/option><option value=\"SK\" >S\u0142owacja<\/option><option value=\"SI\" >S\u0142owenia<\/option><option value=\"US\" >Stany Zjednoczone<\/option><option value=\"CZ\" >Republika Czeska<\/option><option value=\"GR\" >Grecja<\/option><option value=\"ES\" >Hiszpania<\/option><option value=\"SE\" >Szwecja<\/option><option value=\"CH\" >Szwajcaria<\/option><\/select><noscript><button type=\"submit\" name=\"woocommerce_checkout_update_totals\" value=\"Zaktualizuj kraj \/ region\">Zaktualizuj kraj \/ region<\/button><\/noscript><\/span><\/p><p class=\"form-row b2bking_custom_registration_field b2bking_custom_field_req_required\" id=\"billing_state_field\" style=\"display: none\"><span class=\"woocommerce-input-wrapper\"><input type=\"hidden\" class=\"hidden\" name=\"billing_state\" id=\"billing_state\" value=\"\"  placeholder=\"Region \/ Wojew\u00f3dztwo\" readonly=\"readonly\" data-input-classes=\"\"\/><\/span><\/p><input type=\"hidden\" id=\"b2bking_country_registration_field_number\" name=\"b2bking_country_registration_field_number\" value=\"258886\"><\/p><\/div><div class=\" b2bking_custom_registration_container b2bking_custom_registration_container_field_258880 b2bking_custom_registration_role_258877\"><p class=\"woocommerce-form-row woocommerce-form-row--wide form-row form-row-wide \"><label for=\"b2bking_field_258880\">N\u00e1zev firmy&nbsp;<span class=\"required\">*<\/span><\/label><input type=\"text\" id=\"b2bking_field_258880\" class=\"b2bking_custom_registration_field b2bking_custom_field_req_required\" name=\"b2bking_custom_field_258880\" value=\"\" placeholder=\"Vypl\u0148te cel\u00fd n\u00e1zev firmy\" required><\/p><\/div><div class=\" b2bking_custom_registration_container b2bking_custom_registration_container_field_313079 b2bking_custom_registration_role_258877\"><p class=\"woocommerce-form-row woocommerce-form-row--wide form-row form-row-wide \"><label for=\"b2bking_field_313079\">I\u010cO&nbsp;<span class=\"required\">*<\/span><\/label><input type=\"text\" id=\"b2bking_field_313079\" class=\"b2bking_custom_registration_field b2bking_custom_field_req_required\" name=\"b2bking_custom_field_313079\" value=\"\" placeholder=\"\" required><\/p><\/div><div class=\"b2bking_vat_number_registration_field_container b2bking_custom_registration_container b2bking_custom_registration_container_field_258887 b2bking_custom_registration_role_258877\"><p class=\"woocommerce-form-row woocommerce-form-row--wide form-row form-row-wide \"><label for=\"b2bking_vat_number_registration_field\">DI\u010c&nbsp;<\/label><input type=\"text\" id=\"b2bking_vat_number_registration_field\" class=\"b2bking_custom_registration_field b2bking_custom_field_req_\" name=\"b2bking_custom_field_258887\" value=\"\" placeholder=\"vlo\u017ete DI\u010c, pokud jste pl\u00e1tci DPH\" ><input type=\"hidden\" id=\"b2bking_vat_number_registration_field_countries\" value=\"AT,BE,BG,HR,CY,CZ,DK,EE,FI,FR,DE,GR,HU,IE,IT,LV,LT,LU,MT,NL,PL,PT,RO,SK,SI,ES,SE\"><input type=\"hidden\" id=\"b2bking_vat_number_registration_field_number\" name=\"b2bking_vat_number_registration_field_number\" value=\"258887\"><\/p><\/div><div class=\" b2bking_custom_registration_container b2bking_custom_registration_container_field_258881 b2bking_custom_registration_role_258877\"><p class=\"woocommerce-form-row woocommerce-form-row--wide form-row form-row-wide \"><label for=\"b2bking_field_258881\">Ulice a \u010cP&nbsp;<span class=\"required\">*<\/span><\/label><input type=\"text\" id=\"b2bking_field_258881\" class=\"b2bking_custom_registration_field b2bking_custom_field_req_required\" name=\"b2bking_custom_field_258881\" value=\"\" placeholder=\"\" required><\/p><\/div><div class=\" b2bking_custom_registration_container b2bking_custom_registration_container_field_258883 b2bking_custom_registration_role_258877\"><p class=\"woocommerce-form-row woocommerce-form-row--wide form-row form-row-wide \"><label for=\"b2bking_field_258883\">Obec&nbsp;<span class=\"required\">*<\/span><\/label><input type=\"text\" id=\"b2bking_field_258883\" class=\"b2bking_custom_registration_field b2bking_custom_field_req_required\" name=\"b2bking_custom_field_258883\" value=\"\" placeholder=\"\" required><\/p><\/div><div class=\" b2bking_custom_registration_container b2bking_custom_registration_container_field_258884 b2bking_custom_registration_role_258877\"><p class=\"woocommerce-form-row woocommerce-form-row--wide form-row form-row-wide \"><label for=\"b2bking_field_258884\">PS\u010c&nbsp;<span class=\"required\">*<\/span><\/label><input type=\"text\" id=\"b2bking_field_258884\" class=\"b2bking_custom_registration_field b2bking_custom_field_req_required\" name=\"b2bking_custom_field_258884\" value=\"\" placeholder=\"\" required><\/p><\/div><div class=\" b2bking_custom_registration_container b2bking_custom_registration_container_field_258885 b2bking_custom_registration_role_258877\"><p class=\"woocommerce-form-row woocommerce-form-row--wide form-row form-row-wide \"><label for=\"b2bking_field_258885\">Telefon&nbsp;<span class=\"required\">*<\/span><\/label><input id=\"b2bking_field_258885\" type=\"tel\" class=\"b2bking_custom_registration_field b2bking_custom_field_req_required\" name=\"b2bking_custom_field_258885\" value=\"\" placeholder=\"Vlo\u017ete telefonn\u00ed \u010d\u00edslo...\" required><\/p><\/div><wc-order-attribution-inputs><\/wc-order-attribution-inputs><div class=\"woocommerce-privacy-policy-text\"><p>Va\u0161e osobn\u00ed \u00fadaje budou pou\u017eity ke zv\u00fd\u0161en\u00ed spokojenosti po celou dobu proch\u00e1zen\u00ed tohoto webu, ke spr\u00e1v\u011b p\u0159\u00edstupu do va\u0161eho \u00fa\u010dtu a k dal\u0161\u00edm \u00fa\u010del\u016fm popsan\u00fdm na str\u00e1nce <a href=\"https:\/\/www.moskito.cz\/pl\/zasady-ochrany-osobnich-udaju\/\" class=\"woocommerce-privacy-policy-link\" target=\"_blank\">polityka prywatno\u015bci<\/a>.<\/p>\n<\/div>\n\t\t\t\t\t<p class=\"woocommerce-form-row form-row\">\n\t\t\t\t\t\t<input type=\"hidden\" id=\"woocommerce-register-nonce\" name=\"woocommerce-register-nonce\" value=\"8cfbfebcdb\" \/><input type=\"hidden\" name=\"_wp_http_referer\" value=\"\/pl\/wp-json\/wp\/v2\/pages\/264370\" \/>\t\t\t\t\t\t<button type=\"submit\" class=\"woocommerce-Button woocommerce-button button woocommerce-form-register__submit\" name=\"register\" value=\"Zarejestruj si\u0119\">Zarejestruj si\u0119<\/button>\n\t\t\t\t\t<\/p>\n\n\t\t\t\t\t\n\t\t\t\t<input\n                    class=\"apbct_special_field apbct_email_id__elementor_form\"\n                    name=\"apbct__email_id__elementor_form\"\n                    aria-label=\"apbct__label_id__elementor_form\"\n                    type=\"text\" size=\"30\" maxlength=\"200\" autocomplete=\"off\"\n                    value=\"\"\n                \/><\/form>\n\t\t\t<\/div>\n\t\t\t<\/div>\n\t\t\t\t\t\t<\/div>\n\t\t\t\t\t<\/div>\n\t\t<\/div>\n\t\t\t\t\t<\/div>\n\t\t<\/section>\n\t\t\t\t<\/div>\n\t\t","protected":false},"excerpt":{"rendered":"<p>Hurtownia Moskito Zaloguj sie ZAREJESTRUJ FIRM\u0118 Regulamin sprzeda\u017cy hurtowej: wy\u015blij nam wyci\u0105g z OR na adres e-mail in**@*****to.cz zarejestruj si\u0119 poprzez nasz formularz rejestracja musi zosta\u0107 przez nas zatwierdzona. O aktywacji konta VO poinformujemy Ci\u0119 e-mailem Inne warunki wysy\u0142ka jest BEZP\u0141ATNA dla hurtownik\u00f3w przy zakupach powy\u017cej 5000 CZK bez VAT lub 230 \u20ac bez VAT [&hellip;]<\/p>\n","protected":false},"author":93,"featured_media":0,"parent":0,"menu_order":0,"comment_status":"closed","ping_status":"closed","template":"elementor_header_footer","meta":{"footnotes":""},"class_list":["post-264370","page","type-page","status-publish","hentry"],"_links":{"self":[{"href":"https:\/\/www.moskito.cz\/pl\/wp-json\/wp\/v2\/pages\/264370","targetHints":{"allow":["GET"]}}],"collection":[{"href":"https:\/\/www.moskito.cz\/pl\/wp-json\/wp\/v2\/pages"}],"about":[{"href":"https:\/\/www.moskito.cz\/pl\/wp-json\/wp\/v2\/types\/page"}],"author":[{"embeddable":true,"href":"https:\/\/www.moskito.cz\/pl\/wp-json\/wp\/v2\/users\/93"}],"replies":[{"embeddable":true,"href":"https:\/\/www.moskito.cz\/pl\/wp-json\/wp\/v2\/comments?post=264370"}],"version-history":[{"count":0,"href":"https:\/\/www.moskito.cz\/pl\/wp-json\/wp\/v2\/pages\/264370\/revisions"}],"wp:attachment":[{"href":"https:\/\/www.moskito.cz\/pl\/wp-json\/wp\/v2\/media?parent=264370"}],"curies":[{"name":"wp","href":"https:\/\/api.w.org\/{rel}","templated":true}]}}