{"id":162625,"date":"2019-02-02T16:11:48","date_gmt":"2019-02-02T15:11:48","guid":{"rendered":"https:\/\/www.moskito.cz\/?post_type=product&#038;p=162625"},"modified":"2025-07-11T07:48:06","modified_gmt":"2025-07-11T06:48:06","slug":"microtech-halo-vi-se-otf-automatic-knife-black-4-4-black-251-1","status":"publish","type":"product","link":"https:\/\/www.moskito.cz\/pl\/produkt\/microtech-halo-vi-se-otf-automatic-knife-black-4-4-black-251-1\/","title":{"rendered":"Vyst\u0159elovac\u00ed N\u016f\u017e Microtech Halo VI  251-1"},"content":{"rendered":"<p><span class=\"tlid-translation translation\"><span class=\"\" title=\"\">Vyst\u0159elovac\u00ed N\u016f\u017e Microtech Halo VI 251-1<\/span><\/span><\/p>\n<p>&nbsp;<\/p>\n<p><span class=\"tlid-translation translation\"><span class=\"\" title=\"\">Z p\u0159edu vyst\u0159elovac\u00ed n\u016f\u017e.<\/span><\/span><\/p>\n<p><span title=\"\">Vyst\u0159elovac\u00ed N\u016f\u017e Microtech Halo VI 251-1 spole\u010dnosti Microtech se odli\u0161uje od p\u0159edchoz\u00edch model\u016f s p\u0159idan\u00fdmi bezpe\u010dnostn\u00edmi prvky a zdokonalen\u00fdm mechanizmem nab\u00edjec\u00edch rukojet\u00ed.<\/span> <span class=\"\" title=\"\">Spou\u0161t\u011bc\u00ed tla\u010d\u00edtko bylo aktualizov\u00e1no s integrovanou bezpe\u010dnost\u00ed, aby nedo\u0161lo k n\u00e1hodn\u00e9mu nasazen\u00ed.<\/span> <span title=\"\">Vysu\u0148te mini-posuvn\u00edk a stisknut\u00edm tla\u010d\u00edtka jedn\u00edm jednoduch\u00fdm pohybem spus\u0165te ost\u0159\u00ed.<\/span> <span class=\"\" title=\"\">Jeho upgradovan\u00e1 rukoje\u0165 je vybudov\u00e1na s dvojit\u00fdmi oto\u010dn\u00fdmi z\u00e1padkami, kter\u00e9 v uzav\u0159en\u00e9 poloze vytv\u00e1\u0159ej\u00ed pevn\u00e9 t\u011bsn\u011bn\u00ed.<\/span><br \/>\n<span title=\"\">Funkce:<\/span><\/p>\n<p><span title=\"\">V\u011bt\u0161\u00ed, kompaktn\u00ed tla\u010d\u00edtko s integrovanou ochranou pro snadn\u00e9 pou\u017eit\u00ed a bezpe\u010dn\u00e9 no\u0161en\u00ed.<\/span><br \/>\n<span class=\"\" title=\"\">Dvojit\u00e9 oto\u010dn\u00e9 z\u00e1padky rukojeti zaji\u0161\u0165uj\u00ed bezpe\u010dn\u00e9 uzav\u0159en\u00ed a ut\u011bsn\u011bn\u00ed vnit\u0159n\u00edch \u010d\u00e1st\u00ed zbytk\u016f.<\/span><br \/>\n<span title=\"\">Hlin\u00edkov\u00fd trvanliv\u00fd eloxovan\u00fd povrche Mil-Spec.<\/span><\/p>\n<p><span class=\"tlid-translation translation\"><span title=\"\">Celkov\u00e1 d\u00e9lka: 26.25 cm<\/span><br \/>\n<span class=\"\" title=\"\">D\u00e9lka \u010depele: 10.93 cm<\/span><br \/>\n<span class=\"\" title=\"\">\u0158ezn\u00e1 hrana: 10 cm<\/span><br \/>\n<span class=\"\" title=\"\">\u0160\u00ed\u0159ka \u010depele: 1.87 cm<\/span><br \/>\n<span class=\"\" title=\"\">Tlou\u0161\u0165ka \u010depele: 0,42 cm<\/span><br \/>\n<span title=\"\">Materi\u00e1l \u010depele: Bohler M390<\/span><br \/>\n<span title=\"\">Styl \u010depel\u00ed: Drop Point<\/span><br \/>\n<span title=\"\">B\u0159itov\u00e9 desti\u010dky: Ploch\u00e9<\/span><br \/>\n<span title=\"\">Dokon\u010den\u00ed: \u010cern\u00e1<\/span><br \/>\n<span title=\"\">Typ okraje: oby\u010dejn\u00fd<\/span><br \/>\n<span title=\"\">D\u00e9lka rukojeti: 15.31 cm<\/span><br \/>\n<span title=\"\">\u0160\u00ed\u0159ka rukojeti: 3.1 cm<\/span><br \/>\n<span title=\"\">Tlou\u0161\u0165ka rukojeti: 1.27 cm<\/span><br \/>\n<span title=\"\">Materi\u00e1l rukojeti: hlin\u00edk<\/span><br \/>\n<span title=\"\">\u010cern\u00e1 barva<\/span><br \/>\n<span title=\"\">Hmotnost: 5,95 oz.<\/span><br \/>\n<span title=\"\">U\u017eivatel: Prav\u00e1 ruka<\/span><br \/>\n<span title=\"\">Typ no\u017ee: Single-Action OTF Automatic<\/span><br \/>\n<span title=\"\">Otv\u00edra\u010d: Tla\u010d\u00edtko<\/span><br \/>\n<span title=\"\">Zna\u010dka: Microtech<\/span><br \/>\n<span title=\"\">Model: Halo 6<\/span><br \/>\n<span title=\"\">\u010c\u00edslo modelu: 251-1<\/span><br \/>\n<span title=\"\">Zem\u011b p\u016fvodu: USA<\/span><br \/>\n<span title=\"\">Nejlep\u0161\u00ed vyu\u017eit\u00ed: Taktick\u00e9<\/span><\/span><\/p>\n<p>This Halo VI is equipped with a black finished drop point blade. Its handle is made from black Mil-Spec anodized alloy. The charging handle is bead blasted, and comes marked with the Microtech logo and date of creation.<\/p>\n<p>Microtech&#8217;s Halo VI sets itself apart from previous models with added safety features and an improved charging handle mechanism. The firing button has been upgraded with an integrated safety to prevent accidental deployment. Pull the mini-slider and press the button in one easy motion to fire the blade. Its upgraded charging handle is built with dual pivoting latches that create a secure seal in the closed position.<br \/>\nFeatures:<\/p>\n<p>Larger, textured firing button with integrated safety for easy use and secure carry.<br \/>\nDual pivoting charging handle latches ensure secure closure and seal internal components from debris.<br \/>\nAircraft grade aluminum chassis with durable Mil-Spec anodized finish.<\/p>\n","protected":false},"excerpt":{"rendered":"<p>VYst\u0159elovac\u00ed n\u016f\u017e.<\/p>\n","protected":false},"featured_media":164307,"comment_status":"open","ping_status":"closed","template":"","meta":[],"pwb-brand":[431],"product_brand":[],"product_cat":[2019,17],"product_tag":[],"class_list":{"0":"post-162625","1":"product","2":"type-product","3":"status-publish","4":"has-post-thumbnail","6":"pwb-brand-microtech","7":"product_cat-vystrelovaci-noze","8":"product_cat-noze","10":"first","11":"outofstock","12":"taxable","13":"shipping-taxable","14":"purchasable","15":"product-type-simple"},"brands":[{"id":431,"name":"Microtech","slug":"microtech"}],"_links":{"self":[{"href":"https:\/\/www.moskito.cz\/pl\/wp-json\/wp\/v2\/product\/162625","targetHints":{"allow":["GET"]}}],"collection":[{"href":"https:\/\/www.moskito.cz\/pl\/wp-json\/wp\/v2\/product"}],"about":[{"href":"https:\/\/www.moskito.cz\/pl\/wp-json\/wp\/v2\/types\/product"}],"replies":[{"embeddable":true,"href":"https:\/\/www.moskito.cz\/pl\/wp-json\/wp\/v2\/comments?post=162625"}],"wp:featuredmedia":[{"embeddable":true,"href":"https:\/\/www.moskito.cz\/pl\/wp-json\/wp\/v2\/media\/164307"}],"wp:attachment":[{"href":"https:\/\/www.moskito.cz\/pl\/wp-json\/wp\/v2\/media?parent=162625"}],"wp:term":[{"taxonomy":"pwb-brand","embeddable":true,"href":"https:\/\/www.moskito.cz\/pl\/wp-json\/wp\/v2\/pwb-brand?post=162625"},{"taxonomy":"product_brand","embeddable":true,"href":"https:\/\/www.moskito.cz\/pl\/wp-json\/wp\/v2\/product_brand?post=162625"},{"taxonomy":"product_cat","embeddable":true,"href":"https:\/\/www.moskito.cz\/pl\/wp-json\/wp\/v2\/product_cat?post=162625"},{"taxonomy":"product_tag","embeddable":true,"href":"https:\/\/www.moskito.cz\/pl\/wp-json\/wp\/v2\/product_tag?post=162625"}],"curies":[{"name":"wp","href":"https:\/\/api.w.org\/{rel}","templated":true}]}}