{"id":175418,"date":"2020-11-30T20:21:53","date_gmt":"2020-11-30T19:21:53","guid":{"rendered":"https:\/\/www.moskito.cz\/?post_type=product&#038;p=175418"},"modified":"2025-12-29T21:10:13","modified_gmt":"2025-12-29T20:10:13","slug":"lovecky-pevny-nuz-joker-bowie","status":"publish","type":"product","link":"https:\/\/www.moskito.cz\/pl\/produkt\/lovecky-pevny-nuz-joker-bowie\/","title":{"rendered":"Loveck\u00fd Pevn\u00fd N\u016f\u017e Joker BOWIE"},"content":{"rendered":"<p>Loveck\u00fd Pevn\u00fd N\u016f\u017e <strong>Joker <\/strong>BOWIE.<br \/>\nNo\u017ee Joker poch\u00e1zej\u00ed ze \u0160pan\u011blsk\u00e9ho m\u011bsta Albacete, kter\u00e9 je zn\u00e1m\u00e9 tradi\u010dn\u00ed v\u00fdrobou no\u017e\u016f a d\u00fdk.<br \/>\nJOKER BOWIE 20 Loveck\u00fd n\u016f\u017e<br \/>\n-Model: BOWIE 20<br \/>\n-Handle: jelen\u00ed paroh<br \/>\n-\u010cepel: nerezov\u00e1 ocel MOVA 1.4116<br \/>\n-Tvrdost: 55-57 HRC<br \/>\n-Str\u00e1\u017e: Nerezov\u00e1 ocel<br \/>\n-D\u00e9lka \u010depele: 20 cm<br \/>\n-Tlou\u0161\u0165ka \u010depele: 5 mm<br \/>\n-Tip \u010depele: Clip point<br \/>\n-\u0160\u00ed\u0159ka \u010depele: 5 cm<br \/>\n-Hmotnost: 400 gr<br \/>\n-Pouzdro: hn\u011bd\u00e1 k\u016f\u017ee<\/p>\n<p>STAG HORN JOKER BOWIE HUNTING KNIFE 20 CM STAINLESS STEEL BLADE LENGTH.<br \/>\nCC100<br \/>\nProduct characteristics:<\/p>\n<p>HUNTING KNIFE <strong>JOKER BOWIE<\/strong> 20<\/p>\n<p>-Item code: CC100<br \/>\n-Model: Bowie 20<br \/>\n-Handle: Hand carved stag horn<br \/>\n-Blade: Stainless Steel MOVA 1.4116<br \/>\n-Guard: Stainless steel<br \/>\n-Blade length: 20 cm<br \/>\n-Blade thickness: 5 mm<br \/>\n-Blade width: 5 cm<br \/>\n-Blade type: Clip point<br \/>\n-Weight: 400 gr<br \/>\n-Sheath: Leather<br \/>\n-Designed and hand crafted in Spain (Albacete)<\/p>\n","protected":false},"excerpt":{"rendered":"<p>No\u017ee <strong>Joker <\/strong>poch\u00e1zej\u00ed ze \u0160pan\u011blsk\u00e9ho m\u011bsta Albacete, kter\u00e9 je zn\u00e1m\u00e9 tradi\u010dn\u00ed v\u00fdrobou no\u017e\u016f a d\u00fdk.<br \/>\n<strong>Navr\u017eeno a vyrobeno ve \u0160pan\u011blsku (Albacete)<\/strong><br \/>\n<strong>Doprava zdarma<\/strong>.<\/p>\n","protected":false},"featured_media":192439,"comment_status":"open","ping_status":"closed","template":"","meta":[],"pwb-brand":[359],"product_brand":[],"product_cat":[23,17],"product_tag":[],"class_list":{"0":"post-175418","1":"product","2":"type-product","3":"status-publish","4":"has-post-thumbnail","6":"pwb-brand-joker","7":"product_cat-pevne-noze","8":"product_cat-noze","10":"first","11":"instock","12":"taxable","13":"shipping-taxable","14":"purchasable","15":"product-type-simple"},"brands":[{"id":359,"name":"Joker","slug":"joker"}],"_links":{"self":[{"href":"https:\/\/www.moskito.cz\/pl\/wp-json\/wp\/v2\/product\/175418","targetHints":{"allow":["GET"]}}],"collection":[{"href":"https:\/\/www.moskito.cz\/pl\/wp-json\/wp\/v2\/product"}],"about":[{"href":"https:\/\/www.moskito.cz\/pl\/wp-json\/wp\/v2\/types\/product"}],"replies":[{"embeddable":true,"href":"https:\/\/www.moskito.cz\/pl\/wp-json\/wp\/v2\/comments?post=175418"}],"wp:featuredmedia":[{"embeddable":true,"href":"https:\/\/www.moskito.cz\/pl\/wp-json\/wp\/v2\/media\/192439"}],"wp:attachment":[{"href":"https:\/\/www.moskito.cz\/pl\/wp-json\/wp\/v2\/media?parent=175418"}],"wp:term":[{"taxonomy":"pwb-brand","embeddable":true,"href":"https:\/\/www.moskito.cz\/pl\/wp-json\/wp\/v2\/pwb-brand?post=175418"},{"taxonomy":"product_brand","embeddable":true,"href":"https:\/\/www.moskito.cz\/pl\/wp-json\/wp\/v2\/product_brand?post=175418"},{"taxonomy":"product_cat","embeddable":true,"href":"https:\/\/www.moskito.cz\/pl\/wp-json\/wp\/v2\/product_cat?post=175418"},{"taxonomy":"product_tag","embeddable":true,"href":"https:\/\/www.moskito.cz\/pl\/wp-json\/wp\/v2\/product_tag?post=175418"}],"curies":[{"name":"wp","href":"https:\/\/api.w.org\/{rel}","templated":true}]}}