{"id":175451,"date":"2020-11-30T22:20:55","date_gmt":"2020-11-30T21:20:55","guid":{"rendered":"https:\/\/www.moskito.cz\/?post_type=product&#038;p=175451"},"modified":"2025-07-11T07:53:02","modified_gmt":"2025-07-11T06:53:02","slug":"pevny-nuz-bushcraft-joker","status":"publish","type":"product","link":"https:\/\/www.moskito.cz\/pl\/produkt\/pevny-nuz-bushcraft-joker\/","title":{"rendered":"Pevn\u00fd N\u016f\u017e Bushcraft Joker"},"content":{"rendered":"<p>Pevn\u00fd N\u016f\u017e Bushcraft Joker.<br \/>\nNo\u017ee Joker poch\u00e1zej\u00ed ze \u0160pan\u011blsk\u00e9ho m\u011bsta Albacete, kter\u00e9 je zn\u00e1m\u00e9 tradi\u010dn\u00ed v\u00fdrobou no\u017e\u016f a d\u00fdk.<br \/>\nOcel: Sandvik 14C28N<br \/>\nTvrdost: 58 &#8211; 60 HRC<br \/>\nRukoje\u0165: Kudrnat\u00e1 b\u0159\u00edza<br \/>\n\u0160pi\u010dka \u010depele: Rovn\u00e1 bedra<br \/>\n\u010cepel se sat\u00e9nov\u00fdm povrchem<br \/>\nD\u00e9lka \u010depele: 12,3 cm<br \/>\n\u0160\u00ed\u0159ka \u010depele: 2,3 cm<br \/>\nTlou\u0161\u0165ka \u010depele: 3,2 mm<br \/>\nHmotnost no\u017ee: 150 gram\u016f<br \/>\nHmotnost pouzdra: 100 gram\u016f<br \/>\nCelkov\u00e1 hmotnost: 250 gram\u016f<br \/>\nPouzdro: Hn\u011bd\u00e1 k\u016f\u017ee<\/p>\n<p><strong>JOKER<\/strong> SAMI BUSHCRAFT KNIFE CURLY BIRCH HANDLE<br \/>\nCL128<br \/>\nProduct characteristics:<\/p>\n<p>Joker Bushcraft knife<br \/>\nModel: Sami<br \/>\nReference: CL128<br \/>\nSteel: Sandvik 14C28N<br \/>\nHardness: 58 &#8211; 60 HRC<br \/>\nHandle: Curly Birch<br \/>\nBlade tip: Straight loin<br \/>\nSatin finish blade<br \/>\nBlade Length: 12,3 cms<br \/>\nBlade width: 2.3 cm<br \/>\nBlade thickness: 3.2mm<br \/>\nKnife weight: 150 grams<br \/>\nCase Weight: 100 grams<br \/>\nTotal weight: 250 grams<br \/>\nSheath: Brown leather<br \/>\nDesigned and Made in Spain (Albacete)<\/p>\n","protected":false},"excerpt":{"rendered":"<p>No\u017ee <strong>Joker <\/strong>poch\u00e1zej\u00ed ze \u0160pan\u011blsk\u00e9ho m\u011bsta Albacete, kter\u00e9 je zn\u00e1m\u00e9 tradi\u010dn\u00ed v\u00fdrobou no\u017e\u016f a d\u00fdk.<br \/>\n<strong>Navr\u017eeno a vyrobeno ve \u0160pan\u011blsku (Albacete)<\/strong><\/p>\n","protected":false},"featured_media":192426,"comment_status":"open","ping_status":"closed","template":"","meta":[],"pwb-brand":[359],"product_brand":[],"product_cat":[23,17],"product_tag":[],"class_list":{"0":"post-175451","1":"product","2":"type-product","3":"status-publish","4":"has-post-thumbnail","6":"pwb-brand-joker","7":"product_cat-pevne-noze","8":"product_cat-noze","10":"first","11":"instock","12":"taxable","13":"shipping-taxable","14":"purchasable","15":"product-type-simple"},"brands":[{"id":359,"name":"Joker","slug":"joker"}],"_links":{"self":[{"href":"https:\/\/www.moskito.cz\/pl\/wp-json\/wp\/v2\/product\/175451","targetHints":{"allow":["GET"]}}],"collection":[{"href":"https:\/\/www.moskito.cz\/pl\/wp-json\/wp\/v2\/product"}],"about":[{"href":"https:\/\/www.moskito.cz\/pl\/wp-json\/wp\/v2\/types\/product"}],"replies":[{"embeddable":true,"href":"https:\/\/www.moskito.cz\/pl\/wp-json\/wp\/v2\/comments?post=175451"}],"wp:featuredmedia":[{"embeddable":true,"href":"https:\/\/www.moskito.cz\/pl\/wp-json\/wp\/v2\/media\/192426"}],"wp:attachment":[{"href":"https:\/\/www.moskito.cz\/pl\/wp-json\/wp\/v2\/media?parent=175451"}],"wp:term":[{"taxonomy":"pwb-brand","embeddable":true,"href":"https:\/\/www.moskito.cz\/pl\/wp-json\/wp\/v2\/pwb-brand?post=175451"},{"taxonomy":"product_brand","embeddable":true,"href":"https:\/\/www.moskito.cz\/pl\/wp-json\/wp\/v2\/product_brand?post=175451"},{"taxonomy":"product_cat","embeddable":true,"href":"https:\/\/www.moskito.cz\/pl\/wp-json\/wp\/v2\/product_cat?post=175451"},{"taxonomy":"product_tag","embeddable":true,"href":"https:\/\/www.moskito.cz\/pl\/wp-json\/wp\/v2\/product_tag?post=175451"}],"curies":[{"name":"wp","href":"https:\/\/api.w.org\/{rel}","templated":true}]}}