{"id":182446,"date":"2021-01-31T14:18:26","date_gmt":"2021-01-31T13:18:26","guid":{"rendered":"https:\/\/www.moskito.cz\/produkt\/diamantova-ocilka-plocha-280-mm-17-mm\/"},"modified":"2026-01-03T18:36:17","modified_gmt":"2026-01-03T17:36:17","slug":"diamantova-ocilka-plocha-280-mm-17-mm","status":"publish","type":"product","link":"https:\/\/www.moskito.cz\/pl\/produkt\/diamantova-ocilka-plocha-280-mm-17-mm\/","title":{"rendered":"DIAMANTOV\u00c1 OC\u00cdLKA PLOCH\u00c1 280 mm \/ 17 mm"},"content":{"rendered":"<p>Oc\u00edlka je vyrobena z vysoce kvalitn\u00ed brus\u00ed\u0159sk\u00e9 oceli pota\u017eena vrstvou pr\u016fmyslov\u00fdch diamant\u016f a disponuje jemn\u00fdm tahem. Zaru\u010duje ty nejlep\u0161\u00ed vlastnosti. O\u010dko na konci umo\u017e\u0148uje oc\u00edlku zav\u011bsit.\u00a0<\/p>\n","protected":false},"excerpt":{"rendered":"<p>Materi\u00e1l \u010depele: \u00a0uhl\u00edkov\u00e1 ocel pota\u017eena pr\u016fmyslov\u00fdmi diamanty Materi\u00e1l rukojeti: \u00a0polypropylen Pou\u017eit\u00ed: \u00a0oc\u00edlky Barva: \u00a0\u010dern\u00e1 D\u00e9lka brusn\u00e9 \u010d\u00e1sti: \u00a0280 mm Pr\u016fm\u011br: 17 mm V\u00e1ha: \u00a0392 g<\/p>\n","protected":false},"featured_media":182447,"comment_status":"closed","ping_status":"closed","template":"","meta":[],"pwb-brand":[1950],"product_brand":[],"product_cat":[26],"product_tag":[],"class_list":{"0":"post-182446","1":"product","2":"type-product","3":"status-publish","4":"has-post-thumbnail","6":"pwb-brand-arcos","7":"product_cat-brousky-a-ocilky","9":"first","10":"outofstock","11":"purchasable","12":"product-type-simple"},"brands":[{"id":1950,"name":"Arcos","slug":"arcos"}],"_links":{"self":[{"href":"https:\/\/www.moskito.cz\/pl\/wp-json\/wp\/v2\/product\/182446","targetHints":{"allow":["GET"]}}],"collection":[{"href":"https:\/\/www.moskito.cz\/pl\/wp-json\/wp\/v2\/product"}],"about":[{"href":"https:\/\/www.moskito.cz\/pl\/wp-json\/wp\/v2\/types\/product"}],"replies":[{"embeddable":true,"href":"https:\/\/www.moskito.cz\/pl\/wp-json\/wp\/v2\/comments?post=182446"}],"wp:featuredmedia":[{"embeddable":true,"href":"https:\/\/www.moskito.cz\/pl\/wp-json\/wp\/v2\/media\/182447"}],"wp:attachment":[{"href":"https:\/\/www.moskito.cz\/pl\/wp-json\/wp\/v2\/media?parent=182446"}],"wp:term":[{"taxonomy":"pwb-brand","embeddable":true,"href":"https:\/\/www.moskito.cz\/pl\/wp-json\/wp\/v2\/pwb-brand?post=182446"},{"taxonomy":"product_brand","embeddable":true,"href":"https:\/\/www.moskito.cz\/pl\/wp-json\/wp\/v2\/product_brand?post=182446"},{"taxonomy":"product_cat","embeddable":true,"href":"https:\/\/www.moskito.cz\/pl\/wp-json\/wp\/v2\/product_cat?post=182446"},{"taxonomy":"product_tag","embeddable":true,"href":"https:\/\/www.moskito.cz\/pl\/wp-json\/wp\/v2\/product_tag?post=182446"}],"curies":[{"name":"wp","href":"https:\/\/api.w.org\/{rel}","templated":true}]}}