{"id":182473,"date":"2021-01-31T14:21:49","date_gmt":"2021-01-31T13:21:49","guid":{"rendered":"https:\/\/www.moskito.cz\/produkt\/krejcovske-nuzky-178-mm\/"},"modified":"2025-07-11T07:53:34","modified_gmt":"2025-07-11T06:53:34","slug":"krejcovske-nuzky-178-mm","status":"publish","type":"product","link":"https:\/\/www.moskito.cz\/pl\/produkt\/krejcovske-nuzky-178-mm\/","title":{"rendered":"KREJ\u010cOVSK\u00c9 N\u016e\u017dKY 178 mm"},"content":{"rendered":"<p>N\u016f\u017eky na \u0161it\u00ed \u0159ady Style jsou z kovan\u00e9 oceli a maji poniklovan\u00fd povrch. Jsou ur\u010deny pro u\u017eit\u00ed v krej\u010dovsk\u00e9m sv\u011bt\u011b a\u0165 u\u017e na profesion\u00e1ln\u00ed \u00farovni, \u010di pro dom\u00e1c\u00ed pou\u017eit\u00ed.\u00a0 Nab\u00edzej\u00ed velmi p\u0159esn\u00fd st\u0159ih, kter\u00fd z\u00e1rove\u0148 zachov\u00e1v\u00e1 l\u00e1tku bez po\u0161kozen\u00ed p\u0159i jej\u00edm st\u0159ih\u00e1n\u00ed. \u00a0 U n\u016f\u017eek na manik\u00faru se jejich \u0161pi\u010dka li\u0161\u00ed v z\u00e1vislosti na pou\u017eit\u00ed, kter\u00e9 jim chceme d\u00e1t, a m\u016f\u017ee b\u00fdt rovn\u00e1 nebo zaoblen\u00e1. Tvar rukojeti je navr\u017een pro jeho dokonal\u00e9 p\u0159izp\u016fsoben\u00ed prst\u016fm b\u011bhem pou\u017e\u00edv\u00e1n\u00ed.<\/p>\n","protected":false},"excerpt":{"rendered":"<p>\u0158ada: \u00a0Style\u00a0 Materi\u00e1l \u010depele: \u00a0kovan\u00e1 ocel \u00a0 Materi\u00e1l rukojeti: kovan\u00e1 ocel \u00a0 Celkov\u00e1 d\u00e9lka: \u00a0178 mm V\u00e1ha: 136 g<\/p>\n","protected":false},"featured_media":182474,"comment_status":"closed","ping_status":"closed","template":"","meta":[],"pwb-brand":[1950],"product_brand":[],"product_cat":[1167],"product_tag":[],"class_list":{"0":"post-182473","1":"product","2":"type-product","3":"status-publish","4":"has-post-thumbnail","6":"pwb-brand-arcos","7":"product_cat-nuzky","9":"first","10":"outofstock","11":"purchasable","12":"product-type-simple"},"brands":[{"id":1950,"name":"Arcos","slug":"arcos"}],"_links":{"self":[{"href":"https:\/\/www.moskito.cz\/pl\/wp-json\/wp\/v2\/product\/182473","targetHints":{"allow":["GET"]}}],"collection":[{"href":"https:\/\/www.moskito.cz\/pl\/wp-json\/wp\/v2\/product"}],"about":[{"href":"https:\/\/www.moskito.cz\/pl\/wp-json\/wp\/v2\/types\/product"}],"replies":[{"embeddable":true,"href":"https:\/\/www.moskito.cz\/pl\/wp-json\/wp\/v2\/comments?post=182473"}],"wp:featuredmedia":[{"embeddable":true,"href":"https:\/\/www.moskito.cz\/pl\/wp-json\/wp\/v2\/media\/182474"}],"wp:attachment":[{"href":"https:\/\/www.moskito.cz\/pl\/wp-json\/wp\/v2\/media?parent=182473"}],"wp:term":[{"taxonomy":"pwb-brand","embeddable":true,"href":"https:\/\/www.moskito.cz\/pl\/wp-json\/wp\/v2\/pwb-brand?post=182473"},{"taxonomy":"product_brand","embeddable":true,"href":"https:\/\/www.moskito.cz\/pl\/wp-json\/wp\/v2\/product_brand?post=182473"},{"taxonomy":"product_cat","embeddable":true,"href":"https:\/\/www.moskito.cz\/pl\/wp-json\/wp\/v2\/product_cat?post=182473"},{"taxonomy":"product_tag","embeddable":true,"href":"https:\/\/www.moskito.cz\/pl\/wp-json\/wp\/v2\/product_tag?post=182473"}],"curies":[{"name":"wp","href":"https:\/\/api.w.org\/{rel}","templated":true}]}}