{"id":183029,"date":"2021-02-04T11:04:50","date_gmt":"2021-02-04T10:04:50","guid":{"rendered":"https:\/\/www.moskito.cz\/?post_type=product&#038;p=183029"},"modified":"2025-07-11T07:53:34","modified_gmt":"2025-07-11T06:53:34","slug":"plynove-naboje-pv-s-9mm-pistole-10ks-supra-pepper","status":"publish","type":"product","link":"https:\/\/www.moskito.cz\/pl\/produkt\/plynove-naboje-pv-s-9mm-pistole-10ks-supra-pepper\/","title":{"rendered":"Plynov\u00e9 n\u00e1boje PV-S 9mm pistole 10ks Supra Pepper"},"content":{"rendered":"<p>Plynov\u00e9 n\u00e1boje PV-S 9mm pistole 10ks Supra Pepper.<br \/>\nPV pep\u0159ov\u00fd plynov\u00fd n\u00e1boj r\u00e1\u017ee 9 mm.<\/p>\n<p>Obsah: Nonivamid (technick\u00fd pep\u0159) &#8211; 45 mg v jedn\u00e9 n\u00e1bojce.<\/p>\n<p>Baleno po 10 kusech.<\/p>\n<p>Ur\u010deno pro plynov\u00e9 pistole cal. 9 mm.<br \/>\nR\u00e1\u017ee 9 mm PA Blanc<br \/>\nTyp zbran\u011b pistole<br \/>\nDruh st\u0159eliva obrann\u00e9<br \/>\nTyp n\u00e1pln\u011b super-pep\u0159ov\u00e1<br \/>\nBalen\u00ed [ks] 10<br \/>\nProdej od 18 let.<\/p>\n","protected":false},"excerpt":{"rendered":"<p><strong>Super Pep\u0159ov\u00e9 <\/strong>n\u00e1boje pro pistole cal. 9 mm s dvojitou d\u00e1vkou technick\u00e9ho pep\u0159e.<\/p>\n","protected":false},"featured_media":183031,"comment_status":"open","ping_status":"closed","template":"","meta":[],"pwb-brand":[],"product_brand":[],"product_cat":[1548,18],"product_tag":[],"class_list":{"0":"post-183029","1":"product","2":"type-product","3":"status-publish","4":"has-post-thumbnail","6":"product_cat-plynove-naboje","7":"product_cat-naboje-skupiny-d","9":"first","10":"instock","11":"taxable","12":"shipping-taxable","13":"purchasable","14":"product-type-simple"},"brands":[],"_links":{"self":[{"href":"https:\/\/www.moskito.cz\/pl\/wp-json\/wp\/v2\/product\/183029","targetHints":{"allow":["GET"]}}],"collection":[{"href":"https:\/\/www.moskito.cz\/pl\/wp-json\/wp\/v2\/product"}],"about":[{"href":"https:\/\/www.moskito.cz\/pl\/wp-json\/wp\/v2\/types\/product"}],"replies":[{"embeddable":true,"href":"https:\/\/www.moskito.cz\/pl\/wp-json\/wp\/v2\/comments?post=183029"}],"wp:featuredmedia":[{"embeddable":true,"href":"https:\/\/www.moskito.cz\/pl\/wp-json\/wp\/v2\/media\/183031"}],"wp:attachment":[{"href":"https:\/\/www.moskito.cz\/pl\/wp-json\/wp\/v2\/media?parent=183029"}],"wp:term":[{"taxonomy":"pwb-brand","embeddable":true,"href":"https:\/\/www.moskito.cz\/pl\/wp-json\/wp\/v2\/pwb-brand?post=183029"},{"taxonomy":"product_brand","embeddable":true,"href":"https:\/\/www.moskito.cz\/pl\/wp-json\/wp\/v2\/product_brand?post=183029"},{"taxonomy":"product_cat","embeddable":true,"href":"https:\/\/www.moskito.cz\/pl\/wp-json\/wp\/v2\/product_cat?post=183029"},{"taxonomy":"product_tag","embeddable":true,"href":"https:\/\/www.moskito.cz\/pl\/wp-json\/wp\/v2\/product_tag?post=183029"}],"curies":[{"name":"wp","href":"https:\/\/api.w.org\/{rel}","templated":true}]}}