{"id":195391,"date":"2021-03-24T22:42:38","date_gmt":"2021-03-24T21:42:38","guid":{"rendered":"https:\/\/www.moskito.cz\/?post_type=product&#038;p=195391"},"modified":"2025-07-11T07:54:03","modified_gmt":"2025-07-11T06:54:03","slug":"vystrelovaci-nuz-microtech-hawk-black-karambit-166-1dlctcfis","status":"publish","type":"product","link":"https:\/\/www.moskito.cz\/pl\/produkt\/vystrelovaci-nuz-microtech-hawk-black-karambit-166-1dlctcfis\/","title":{"rendered":"Vyst\u0159elovac\u00ed N\u016f\u017e Microtech Hawk Black Karambit 166-1DLCTCFIS"},"content":{"rendered":"<p>Vyst\u0159elovac\u00ed N\u016f\u017e <strong>Microtech Hawk<\/strong> Black Karambit 166-1DLCTCFIS.<\/p>\n<p>yst\u0159elovac\u00ed N\u016f\u017e\u00a0<strong>Microtech\u00a0<\/strong>Hawk je dob\u0159e promy\u0161len\u00fd n\u016f\u017e s rychlou, tvrdou akc\u00ed a pevn\u00fdm zamyk\u00e1n\u00edm.<\/p>\n<p>Tento model Hawk m\u00e1 \u010dernou karbonovou rukoje\u0165 a ost\u0159\u00ed s hladk\u00fdm okrajem. Ka\u017ed\u00fd model Proof Run je \u010d\u00edslov\u00e1n. N\u016f\u017e m\u00e1 tak\u00e9 hrot na konci rukojeti na rozb\u00edjen\u00ed skla a na sebeobranu. Eloxovan\u00e1 hlin\u00edkov\u00e1 rukoje\u0165 6061-T6 m\u00e1 \u010dern\u00e9 trak\u010dn\u00ed vlo\u017eky a pevnou sponu do kapsy.<\/p>\n<p>Specifikace:<br \/>\nCelkov\u00e1 d\u00e9lka: 22 cm<br \/>\nD\u00e9lka \u010depele: 10 cm<br \/>\nMateri\u00e1l \u010depele: CTS-204P<br \/>\nStyl \u010depele: Hawkbill<br \/>\nPovrchov\u00e1 \u00faprava: Stonewash<br \/>\nD\u00e9lka rukojeti: 12.2 cm<br \/>\nMateri\u00e1l rukojeti: Hlin\u00edk<br \/>\n\u010cern\u00e1 barva<\/p>\n<div class=\"description\">\n<p>2019 saw the rebirth of the classic Hawk push-button automatic knife. Originally released in 1996, this knife revisits the classic folder with updated aesthetic features redesigned for a sleeker finish and increased functionality. The streamlined <strong>Karambit<\/strong> blade and automatic firing mechanism make for a sturdy and modernized take on this iconic piece. Excellent ergonomics, a carbide glass breaker, and jimping right where you need it are readily apparent at first sight. But, it&#8217;s the incredible design of the spine, tight tolerances, and industry-leading action that you can&#8217;t see that make all the difference. This knife is simply amazing.<\/p>\n<\/div>\n<div class=\"specifications\">\n<div class=\"specs\">\n<h3 class=\"specificationsPDP\">Specifications<\/h3>\n<ul>\n<li>Blade Length: 3.95&#8243;<\/li>\n<li>Cutting Edge: 3.50&#8243;<\/li>\n<li>Closed Length: 5.0&#8243;<\/li>\n<li>Overall Length: 8.75&#8243;<\/li>\n<li>Blade Material: Blade steel for this year will be Carpenter CTS-204P &#8211; while metal supplies last, blades can also be M390 or Elmax<\/li>\n<li>Blade Thickness: 0.200&#8243;<\/li>\n<li>Blade Style: Karambit<\/li>\n<li>Blade Grind: Flat<\/li>\n<li>Blade Finish: Black DLC<\/li>\n<li>Handle Material: Black 6061-T6 Aluminum with Carbon Fiber Inserts<\/li>\n<li>Handle Thickness: 0.53&#8243;<\/li>\n<li>Locking Mechanism: Button<\/li>\n<li>Pocket Clip: Stainless Steel (Tip-Up, Right Carry)<\/li>\n<li>Weight: 4.7 oz.<\/li>\n<li>Designer: Tony Marfione<\/li>\n<li>Made in the USA<\/li>\n<\/ul>\n<\/div>\n<\/div>\n","protected":false},"excerpt":{"rendered":"<p>V pr\u016fb\u011bhu let\u00a0<strong>Microtech\u00ae\u00a0<\/strong>Knives naplnil v\u00e1\u0161n\u00ed a dovednost\u00ed v\u00fdrobu no\u017e\u016f, a\u017e z nich vytvo\u0159il t\u00e9m\u011b\u0159 um\u011bleck\u00e1 d\u00edla,kter\u00e9 jsou vrcholem funk\u010dnosti.V\u0161echny d\u00edly jsou vyrodeny v USA.<br \/>\n<strong>Na v\u0161echny no\u017ee Microtech je do\u017eivotn\u00ed z\u00e1ruka ( min. 80 000 cykl\u016f, otev\u0159en\u00ed a zav\u0159en\u00ed)<\/strong><\/p>\n","protected":false},"featured_media":211616,"comment_status":"open","ping_status":"closed","template":"","meta":[],"pwb-brand":[431],"product_brand":[],"product_cat":[2019,17],"product_tag":[3667],"class_list":{"0":"post-195391","1":"product","2":"type-product","3":"status-publish","4":"has-post-thumbnail","6":"pwb-brand-microtech","7":"product_cat-vystrelovaci-noze","8":"product_cat-noze","9":"product_tag-b2b","11":"first","12":"outofstock","13":"taxable","14":"shipping-taxable","15":"purchasable","16":"product-type-simple"},"brands":[{"id":431,"name":"Microtech","slug":"microtech"}],"_links":{"self":[{"href":"https:\/\/www.moskito.cz\/pl\/wp-json\/wp\/v2\/product\/195391","targetHints":{"allow":["GET"]}}],"collection":[{"href":"https:\/\/www.moskito.cz\/pl\/wp-json\/wp\/v2\/product"}],"about":[{"href":"https:\/\/www.moskito.cz\/pl\/wp-json\/wp\/v2\/types\/product"}],"replies":[{"embeddable":true,"href":"https:\/\/www.moskito.cz\/pl\/wp-json\/wp\/v2\/comments?post=195391"}],"wp:featuredmedia":[{"embeddable":true,"href":"https:\/\/www.moskito.cz\/pl\/wp-json\/wp\/v2\/media\/211616"}],"wp:attachment":[{"href":"https:\/\/www.moskito.cz\/pl\/wp-json\/wp\/v2\/media?parent=195391"}],"wp:term":[{"taxonomy":"pwb-brand","embeddable":true,"href":"https:\/\/www.moskito.cz\/pl\/wp-json\/wp\/v2\/pwb-brand?post=195391"},{"taxonomy":"product_brand","embeddable":true,"href":"https:\/\/www.moskito.cz\/pl\/wp-json\/wp\/v2\/product_brand?post=195391"},{"taxonomy":"product_cat","embeddable":true,"href":"https:\/\/www.moskito.cz\/pl\/wp-json\/wp\/v2\/product_cat?post=195391"},{"taxonomy":"product_tag","embeddable":true,"href":"https:\/\/www.moskito.cz\/pl\/wp-json\/wp\/v2\/product_tag?post=195391"}],"curies":[{"name":"wp","href":"https:\/\/api.w.org\/{rel}","templated":true}]}}