{"id":196624,"date":"2021-04-12T19:01:10","date_gmt":"2021-04-12T18:01:10","guid":{"rendered":"https:\/\/www.moskito.cz\/?post_type=product&#038;p=196624"},"modified":"2025-09-03T15:17:19","modified_gmt":"2025-09-03T14:17:19","slug":"pevny-nuz-kanetsune-subaru-kb-551","status":"publish","type":"product","link":"https:\/\/www.moskito.cz\/pl\/produkt\/pevny-nuz-kanetsune-subaru-kb-551\/","title":{"rendered":"Pevn\u00fd N\u016f\u017e Kanetsune SUBARU KB-551"},"content":{"rendered":"<p>Pevn\u00fd N\u016f\u017e <strong>Kanetsune SUBARU <\/strong>KB-551.<\/p>\n<p>No\u017ee <strong>Kanetsune<\/strong>, kter\u00e9 se nach\u00e1zej\u00ed v Seki City, m\u011bst\u011b v 800 let star\u00e9m hlavn\u00edm m\u011bst\u011b Orientu, jsou \u0161pi\u010dkov\u00e9 kvality. \u201eSeki-den\u201c je tajn\u00e1 metoda v\u00fdroby japonsk\u00fdch me\u010d\u016f, kter\u00e1 byla p\u0159ed\u00e1na do na\u0161\u00ed sou\u010dasn\u00e9 doby. <strong>Kanetsune Seki<\/strong>, jeden z nejlep\u0161\u00edch mistr\u016f v Japonsku, zachov\u00e1v\u00e1 starod\u00e1vn\u00e9 tradice. V\u0161echny uveden\u00e9 no\u017ee byly vyrobeny v Japonsku.<\/p>\n<p>N\u016f\u017e s pevnou \u010depel\u00ed Kanetsune Subaru je dokonal\u00fdm spole\u010dn\u00edkem pro va\u0161i dal\u0161\u00ed loveckou v\u00fdpravu. Vyrobeno je z 31vrstv\u00e9 dama\u0161kov\u00e9 oceli s j\u00e1drem z nerezov\u00e9 oceli VG-10, tato \u010depel v\u00e1m usnadn\u00ed zpracov\u00e1n\u00ed va\u0161\u00ed dal\u0161\u00ed trofeje. Mosazn\u00fd chr\u00e1ni\u010d prst\u016f je sp\u00e1rov\u00e1n s kr\u00e1snoui tvarovanou mahagonovou rukojet\u00ed. Pohodln\u011b jej budete pou\u017e\u00edvat po del\u0161\u00ed dobu s malou a\u017e \u017e\u00e1dnou \u00fanavou. Sou\u010d\u00e1st\u00ed balen\u00ed je reli\u00e9fn\u00ed hn\u011bd\u00e9 ko\u017een\u00e9 pouzdro na opasek pro pohodln\u00e9 no\u0161en\u00ed v ter\u00e9nu.<\/p>\n<p>Celkov\u00e1 d\u00e9lka: 20,5 cm<br \/>\nD\u00e9lka \u010depele: 10 cm<br \/>\nOcel: VG-10 \/ Dama\u0161ek 31 vrstev<br \/>\nTvrdost: 60-61 HRC<br \/>\nRukoje\u0165: Micarta Mahagon<br \/>\nPouzdro: ko\u017een\u00e9<br \/>\nMade in Japan<br \/>\nThe <strong>Kanetsune<\/strong> Subaru fixed blade knife is the perfect companion for your next hunting trip. Made from 31 layer Damascus steel with a VG-10 stainless steel core, the drop point blade makes short work of processing your next trophy. The brass finger guard is paired with beautiful contoured Mahogany scales. Comfortable in hand, you can use the Subaru for prolong periods with little to no fatigue. Included is an embossed brown leather belt sheath for convenient carry in the field.<\/p>\n","protected":false},"excerpt":{"rendered":"<p>Japonsk\u00fd loveck\u00fd n\u016f\u017e <strong>Kanetsune<\/strong> z dama\u0161kov\u00e9 ocele<span class=\"Y2IQFc\" lang=\"cs\"><strong>.<\/strong><\/span><\/p>\n<p><strong>Doprava zdarma<\/strong>.<\/p>\n<p>&nbsp;<\/p>\n","protected":false},"featured_media":196625,"comment_status":"open","ping_status":"closed","template":"","meta":[],"pwb-brand":[364],"product_brand":[],"product_cat":[23,17],"product_tag":[],"class_list":{"0":"post-196624","1":"product","2":"type-product","3":"status-publish","4":"has-post-thumbnail","6":"pwb-brand-kanetsune","7":"product_cat-pevne-noze","8":"product_cat-noze","10":"first","11":"instock","12":"taxable","13":"shipping-taxable","14":"purchasable","15":"product-type-simple"},"brands":[{"id":364,"name":"Kanetsune","slug":"kanetsune"}],"_links":{"self":[{"href":"https:\/\/www.moskito.cz\/pl\/wp-json\/wp\/v2\/product\/196624","targetHints":{"allow":["GET"]}}],"collection":[{"href":"https:\/\/www.moskito.cz\/pl\/wp-json\/wp\/v2\/product"}],"about":[{"href":"https:\/\/www.moskito.cz\/pl\/wp-json\/wp\/v2\/types\/product"}],"replies":[{"embeddable":true,"href":"https:\/\/www.moskito.cz\/pl\/wp-json\/wp\/v2\/comments?post=196624"}],"wp:featuredmedia":[{"embeddable":true,"href":"https:\/\/www.moskito.cz\/pl\/wp-json\/wp\/v2\/media\/196625"}],"wp:attachment":[{"href":"https:\/\/www.moskito.cz\/pl\/wp-json\/wp\/v2\/media?parent=196624"}],"wp:term":[{"taxonomy":"pwb-brand","embeddable":true,"href":"https:\/\/www.moskito.cz\/pl\/wp-json\/wp\/v2\/pwb-brand?post=196624"},{"taxonomy":"product_brand","embeddable":true,"href":"https:\/\/www.moskito.cz\/pl\/wp-json\/wp\/v2\/product_brand?post=196624"},{"taxonomy":"product_cat","embeddable":true,"href":"https:\/\/www.moskito.cz\/pl\/wp-json\/wp\/v2\/product_cat?post=196624"},{"taxonomy":"product_tag","embeddable":true,"href":"https:\/\/www.moskito.cz\/pl\/wp-json\/wp\/v2\/product_tag?post=196624"}],"curies":[{"name":"wp","href":"https:\/\/api.w.org\/{rel}","templated":true}]}}