{"id":196635,"date":"2021-04-12T20:02:32","date_gmt":"2021-04-12T19:02:32","guid":{"rendered":"https:\/\/www.moskito.cz\/?post_type=product&#038;p=196635"},"modified":"2025-07-11T07:54:14","modified_gmt":"2025-07-11T06:54:14","slug":"pevny-nuz-kanetsune-seseragi-drop-kb-266","status":"publish","type":"product","link":"https:\/\/www.moskito.cz\/pl\/produkt\/pevny-nuz-kanetsune-seseragi-drop-kb-266\/","title":{"rendered":"Pevn\u00fd N\u016f\u017e Kanetsune Seseragi Drop KB-266"},"content":{"rendered":"<p>Pevn\u00fd N\u016f\u017e <strong>Kanetsune<\/strong> Seseragi Drop KB-266.<\/p>\n<p>No\u017ee\u00a0<strong>Kanetsune<\/strong>, kter\u00e9 se nach\u00e1zej\u00ed v Seki City, m\u011bst\u011b v 800 let star\u00e9m hlavn\u00edm m\u011bst\u011b Orientu, jsou \u0161pi\u010dkov\u00e9 kvality. \u201eSeki-den\u201c je tajn\u00e1 metoda v\u00fdroby japonsk\u00fdch me\u010d\u016f, kter\u00e1 byla p\u0159ed\u00e1na do na\u0161\u00ed sou\u010dasn\u00e9 doby.\u00a0<strong>Kanetsune Seki<\/strong>, jeden z nejlep\u0161\u00edch mistr\u016f v Japonsku, zachov\u00e1v\u00e1 starod\u00e1vn\u00e9 tradice. V\u0161echny uveden\u00e9 no\u017ee byly vyrobeny v Japonsku.<\/p>\n<p>Celkov\u00e1 d\u00e9lka: 20 cm<br \/>\nD\u00e9lka \u010depele: 7 cm<br \/>\nOcel:\u00a0Blue Steel \/ dama\u0161ek 15 vrstev<br \/>\nTvrdost: 61 &#8211; 62 HRC<br \/>\nRukoje\u0165: d\u0159evo<br \/>\nHmotnost: 130 g<br \/>\nPouzdro:\u00a0 ko\u017een\u00e9<br \/>\nMade in\u00a0Japan<\/p>\n<p>8&#8243; overall. 3&#8243; Damascus steel drop point blade. Brown wood handle. Full, extended tang. Lanyard hole. Brown leather belt sheath. Boxed. Made in Japan.<\/p>\n","protected":false},"excerpt":{"rendered":"<p>Japonsk\u00fd n\u016f\u017e <strong>Kanetsune<\/strong>\u00a0z dama\u0161kov\u00e9 ocele<span class=\"Y2IQFc\" lang=\"cs\"><strong>.<\/strong><\/span><\/p>\n<p><strong>Doprava zdarma<\/strong>.<\/p>\n","protected":false},"featured_media":196636,"comment_status":"open","ping_status":"closed","template":"","meta":[],"pwb-brand":[364],"product_brand":[],"product_cat":[23,17],"product_tag":[],"class_list":{"0":"post-196635","1":"product","2":"type-product","3":"status-publish","4":"has-post-thumbnail","6":"pwb-brand-kanetsune","7":"product_cat-pevne-noze","8":"product_cat-noze","10":"first","11":"instock","12":"taxable","13":"shipping-taxable","14":"purchasable","15":"product-type-simple"},"brands":[{"id":364,"name":"Kanetsune","slug":"kanetsune"}],"_links":{"self":[{"href":"https:\/\/www.moskito.cz\/pl\/wp-json\/wp\/v2\/product\/196635","targetHints":{"allow":["GET"]}}],"collection":[{"href":"https:\/\/www.moskito.cz\/pl\/wp-json\/wp\/v2\/product"}],"about":[{"href":"https:\/\/www.moskito.cz\/pl\/wp-json\/wp\/v2\/types\/product"}],"replies":[{"embeddable":true,"href":"https:\/\/www.moskito.cz\/pl\/wp-json\/wp\/v2\/comments?post=196635"}],"wp:featuredmedia":[{"embeddable":true,"href":"https:\/\/www.moskito.cz\/pl\/wp-json\/wp\/v2\/media\/196636"}],"wp:attachment":[{"href":"https:\/\/www.moskito.cz\/pl\/wp-json\/wp\/v2\/media?parent=196635"}],"wp:term":[{"taxonomy":"pwb-brand","embeddable":true,"href":"https:\/\/www.moskito.cz\/pl\/wp-json\/wp\/v2\/pwb-brand?post=196635"},{"taxonomy":"product_brand","embeddable":true,"href":"https:\/\/www.moskito.cz\/pl\/wp-json\/wp\/v2\/product_brand?post=196635"},{"taxonomy":"product_cat","embeddable":true,"href":"https:\/\/www.moskito.cz\/pl\/wp-json\/wp\/v2\/product_cat?post=196635"},{"taxonomy":"product_tag","embeddable":true,"href":"https:\/\/www.moskito.cz\/pl\/wp-json\/wp\/v2\/product_tag?post=196635"}],"curies":[{"name":"wp","href":"https:\/\/api.w.org\/{rel}","templated":true}]}}