{"id":197077,"date":"2021-04-20T21:52:13","date_gmt":"2021-04-20T20:52:13","guid":{"rendered":"https:\/\/www.moskito.cz\/?post_type=product&#038;p=197077"},"modified":"2025-07-11T07:54:25","modified_gmt":"2025-07-11T06:54:25","slug":"vystrelovaci-nuz-heretic-hydra-tactical-h006-11-at","status":"publish","type":"product","link":"https:\/\/www.moskito.cz\/pl\/produkt\/vystrelovaci-nuz-heretic-hydra-tactical-h006-11-at\/","title":{"rendered":"Vyst\u0159elovac\u00ed N\u016f\u017e Heretic Hydra Tactical H006-11-AT"},"content":{"rendered":"<p>Vyst\u0159elovac\u00ed N\u016f\u017e <strong>Heretic Hydra<\/strong> Tactical H006-11-AT.<\/p>\n<p><strong>Hydra<\/strong> je jedno\u010dinn\u00fd OTF (zep\u0159edu) automatick\u00fd n\u016f\u017e a je prvn\u00ed sv\u00e9ho druhu, kter\u00fd m\u00e1 knofl\u00edkovou pojistku a dvojitou kapesn\u00ed sponu. Chcete-li n\u016f\u017e ovl\u00e1dat, jednodu\u0161e p\u0159esu\u0148te pojistku knofl\u00edku palcem a potom stiskn\u011bte tla\u010d\u00edtko. Chcete-li \u010depel zav\u0159\u00edt, stiskn\u011bte tla\u010d\u00edtko a sou\u010dasn\u011b vyt\u00e1hn\u011bte nab\u00edjec\u00ed rukoje\u0165 ze spodn\u00ed \u010d\u00e1sti no\u017ee. T\u00edm se dobije pru\u017eina uvnit\u0159 a RESETUJE se mechanismus, p\u0159ipraven\u00fd k dal\u0161\u00ed p\u016fsobiv\u00e9 aktivaci. Hrd\u011b vyrobeno v USA.<\/p>\n<p>Specifikace:<br \/>\nD\u00e9lka \u010depele: 9 cm<br \/>\nCelkov\u00e1 d\u00e9lka: 23 cm<br \/>\nMateri\u00e1l \u010depele: Elmax<br \/>\nStyl \u010depele: Tanto<br \/>\nBlade Grind: Dut\u00fd<br \/>\nMateri\u00e1l rukojeti: hlin\u00edk<br \/>\nUzamykac\u00ed mechanismus: Tla\u010d\u00edtko<br \/>\nKapesn\u00ed klip: Nerezov\u00e1 ocel Deep Carry (sklopn\u00e1, prav\u00e1)<br \/>\nHmotnost: 5,2 oz.<br \/>\nN\u00e1vrh\u00e1\u0159: Tony Marfione Jr.<br \/>\nVyrobeno v USA<\/p>\n<pre id=\"tw-target-text\" class=\"tw-data-text tw-text-large XcVN5d tw-ta\" dir=\"ltr\" data-placeholder=\"P\u0159eklad\"><span class=\"Y2IQFc\" lang=\"cs\"> https:\/\/www.youtube.com\/watch?v=7qUL5q7Cvgo\r\n\r\n<\/span><\/pre>\n","protected":false},"excerpt":{"rendered":"<p>V\u0161echny no\u017ee jsou vyr\u00e1b\u011bny v\u00a0<strong>USA<\/strong>\u00a0a bude to tak i nad\u00e1le. Ka\u017ed\u00fd n\u016f\u017e, kter\u00fd opust\u00ed v\u00fdrobnu, je bezvadn\u00fdm um\u011bleck\u00fdm d\u00edlem,\u00a0 kter\u00fd ur\u010dit\u011b zap\u016fsob\u00ed!<\/p>\n<p><strong>Doprava zdarma.<\/strong><\/p>\n","protected":false},"featured_media":197078,"comment_status":"open","ping_status":"closed","template":"","meta":[],"pwb-brand":[318],"product_brand":[],"product_cat":[2019,17],"product_tag":[],"class_list":{"0":"post-197077","1":"product","2":"type-product","3":"status-publish","4":"has-post-thumbnail","6":"pwb-brand-heretic-knives","7":"product_cat-vystrelovaci-noze","8":"product_cat-noze","10":"first","11":"outofstock","12":"taxable","13":"shipping-taxable","14":"purchasable","15":"product-type-simple"},"brands":[{"id":318,"name":"Heretic Knives","slug":"heretic-knives"}],"_links":{"self":[{"href":"https:\/\/www.moskito.cz\/pl\/wp-json\/wp\/v2\/product\/197077","targetHints":{"allow":["GET"]}}],"collection":[{"href":"https:\/\/www.moskito.cz\/pl\/wp-json\/wp\/v2\/product"}],"about":[{"href":"https:\/\/www.moskito.cz\/pl\/wp-json\/wp\/v2\/types\/product"}],"replies":[{"embeddable":true,"href":"https:\/\/www.moskito.cz\/pl\/wp-json\/wp\/v2\/comments?post=197077"}],"wp:featuredmedia":[{"embeddable":true,"href":"https:\/\/www.moskito.cz\/pl\/wp-json\/wp\/v2\/media\/197078"}],"wp:attachment":[{"href":"https:\/\/www.moskito.cz\/pl\/wp-json\/wp\/v2\/media?parent=197077"}],"wp:term":[{"taxonomy":"pwb-brand","embeddable":true,"href":"https:\/\/www.moskito.cz\/pl\/wp-json\/wp\/v2\/pwb-brand?post=197077"},{"taxonomy":"product_brand","embeddable":true,"href":"https:\/\/www.moskito.cz\/pl\/wp-json\/wp\/v2\/product_brand?post=197077"},{"taxonomy":"product_cat","embeddable":true,"href":"https:\/\/www.moskito.cz\/pl\/wp-json\/wp\/v2\/product_cat?post=197077"},{"taxonomy":"product_tag","embeddable":true,"href":"https:\/\/www.moskito.cz\/pl\/wp-json\/wp\/v2\/product_tag?post=197077"}],"curies":[{"name":"wp","href":"https:\/\/api.w.org\/{rel}","templated":true}]}}