{"id":197288,"date":"2021-04-26T20:48:32","date_gmt":"2021-04-26T19:48:32","guid":{"rendered":"https:\/\/www.moskito.cz\/?post_type=product&#038;p=197288"},"modified":"2026-04-27T13:27:47","modified_gmt":"2026-04-27T12:27:47","slug":"pevny-nuz-extrema-ratio-shrapnel-one","status":"publish","type":"product","link":"https:\/\/www.moskito.cz\/pl\/produkt\/pevny-nuz-extrema-ratio-shrapnel-one\/","title":{"rendered":"Pevn\u00fd N\u016f\u017e Extrema Ratio SHRAPNEL ONE"},"content":{"rendered":"<p>Pevn\u00fd N\u016f\u017e <strong>Extrema Ratio<\/strong> SHRAPNEL ONE.<\/p>\n<p>\u010cepel v\u011bnovan\u00e1 t\u011bm, kte\u0159\u00ed se r\u00e1di staraj\u00ed o styl a detaily &#8230;. ani\u017e by se vzdali typick\u00fdch v\u00fdkon\u016f Extrema Ratio.<\/p>\n<p>TECHNICK\u00dd LIST<br \/>\nHmotnost g.:285<br \/>\nHmotnost oz.: 10,05<br \/>\nD\u00e9lka \u010depele (mm): 157<br \/>\nD\u00e9lka \u010depele (v palc\u00edch): 6,18<br \/>\nCelkov\u00e1 d\u00e9lka (mm): 287<br \/>\nCelkov\u00e1 d\u00e9lka (v palc\u00edch): 11,29<br \/>\nTlou\u0161\u0165ka \u010depele (mm): 6.3<br \/>\nTlou\u0161\u0165ka \u010depele (v palc\u00edch): 0,24<br \/>\nMateri\u00e1l \u010depele: B\u00f6HLER STEEL N690 (58HRC)<br \/>\nDokon\u010den\u00ed \u010depele: VYH\u0158\u00cdV\u00c1N\u00cd MIL-C-13924<br \/>\nHlavn\u00ed m\u0159\u00ed\u017eka: FLAT<br \/>\nMateri\u00e1l rukojeti: FORPRENE<\/p>\n","protected":false},"excerpt":{"rendered":"<p>Spole\u010dnost\u00a0<strong>Extrema Ratio<\/strong>\u00a0se s\u00eddlem v italsk\u00e9m Pratu navrhuje a vyr\u00e1b\u00ed vysoce v\u00fdkonn\u00e9 bojov\u00e9, vojensk\u00e9, kuchy\u0148sk\u00e9, loveck\u00e9 a taktick\u00e9 no\u017ee od roku 1997 a m\u00e1 pov\u011bst vynikaj\u00edc\u00ed kvality, kter\u00e1 je v oboru vojensk\u00fdch a taktick\u00fdch no\u017e\u016f nep\u0159ekonateln\u00e1.\u00a0<strong>Doprava zdarma.<\/strong><\/p>\n","protected":false},"featured_media":245039,"comment_status":"open","ping_status":"closed","template":"","meta":[],"pwb-brand":[267],"product_brand":[],"product_cat":[23,17],"product_tag":[3667],"class_list":{"0":"post-197288","1":"product","2":"type-product","3":"status-publish","4":"has-post-thumbnail","6":"pwb-brand-extrema-ratio","7":"product_cat-pevne-noze","8":"product_cat-noze","9":"product_tag-b2b","11":"first","12":"instock","13":"taxable","14":"shipping-taxable","15":"purchasable","16":"product-type-simple"},"brands":[{"id":267,"name":"Extrema Ratio","slug":"extrema-ratio"}],"_links":{"self":[{"href":"https:\/\/www.moskito.cz\/pl\/wp-json\/wp\/v2\/product\/197288","targetHints":{"allow":["GET"]}}],"collection":[{"href":"https:\/\/www.moskito.cz\/pl\/wp-json\/wp\/v2\/product"}],"about":[{"href":"https:\/\/www.moskito.cz\/pl\/wp-json\/wp\/v2\/types\/product"}],"replies":[{"embeddable":true,"href":"https:\/\/www.moskito.cz\/pl\/wp-json\/wp\/v2\/comments?post=197288"}],"wp:featuredmedia":[{"embeddable":true,"href":"https:\/\/www.moskito.cz\/pl\/wp-json\/wp\/v2\/media\/245039"}],"wp:attachment":[{"href":"https:\/\/www.moskito.cz\/pl\/wp-json\/wp\/v2\/media?parent=197288"}],"wp:term":[{"taxonomy":"pwb-brand","embeddable":true,"href":"https:\/\/www.moskito.cz\/pl\/wp-json\/wp\/v2\/pwb-brand?post=197288"},{"taxonomy":"product_brand","embeddable":true,"href":"https:\/\/www.moskito.cz\/pl\/wp-json\/wp\/v2\/product_brand?post=197288"},{"taxonomy":"product_cat","embeddable":true,"href":"https:\/\/www.moskito.cz\/pl\/wp-json\/wp\/v2\/product_cat?post=197288"},{"taxonomy":"product_tag","embeddable":true,"href":"https:\/\/www.moskito.cz\/pl\/wp-json\/wp\/v2\/product_tag?post=197288"}],"curies":[{"name":"wp","href":"https:\/\/api.w.org\/{rel}","templated":true}]}}